{"id":296,"date":"2024-10-25T17:20:53","date_gmt":"2024-10-25T20:20:53","guid":{"rendered":"https:\/\/www.fafich.ufmg.br\/dcp\/?page_id=296"},"modified":"2024-10-25T17:21:07","modified_gmt":"2024-10-25T20:21:07","slug":"nucleos-de-pesquisa","status":"publish","type":"page","link":"https:\/\/www.fafich.ufmg.br\/dcp\/?page_id=296","title":{"rendered":"N\u00facleos de Pesquisa"},"content":{"rendered":"\n<p><strong><a href=\"https:\/\/www.facebook.com\/Cecomp-Centro-de-Estudos-do-Comportamento-Pol%C3%ADtico-388344701371963\/\">Centro de Estudos do Comportamento Pol\u00edtico<\/a>&nbsp;| CECOMP<\/strong><\/p>\n\n\n\n<p><strong><a href=\"http:\/\/www.centroestudoslegislativos.com.br\/\">Centros de Estudos Legislativos<\/a>&nbsp;| CEL&nbsp;<\/strong><\/p>\n\n\n\n<p><strong><a href=\"http:\/\/www.cerbras.org\/\">Centro de Estudos Republicanos<\/a>&nbsp;| CERBR\u00c1S<\/strong><\/p>\n\n\n\n<p><strong><a href=\"https:\/\/www.facebook.com\/CeppiUfmg\/\">Centro de Pesquisas em Pol\u00edtica e Internet<\/a>&nbsp;|&nbsp;CEPPI<\/strong><\/p>\n\n\n\n<p><strong>Grupo de Pesquisa em Democracia e Justi\u00e7a<\/strong>&nbsp;<strong>| MARGEM<\/strong><\/p>\n\n\n\n<p><strong><a href=\"http:\/\/www.fafich.ufmg.br\/nepem\/\">N\u00facleo de Estudos e Pesquisas sobre a Mulher<\/a>&nbsp;| NEPEM<\/strong><\/p>\n\n\n\n<p><a href=\"http:\/\/www.fafich.ufmg.br\/nesth\/\"><strong>N\u00facleo de Estudos Sobre o Trabalho Humano<\/strong><\/a> <strong>| NESTH<\/strong><\/p>\n\n\n\n<p><strong><a href=\"http:\/\/opiniaopublica.ufmg.br\/site\/\">Opini\u00e3o P\u00fablica, Marketing Pol\u00edtico e C. Eleitoral<\/a>&nbsp;| OPINI\u00c3O P\u00daBLICA<\/strong><\/p>\n\n\n\n<p><a href=\"https:\/\/www.projetodemocraciaparticipativa.org\/\"><strong>Projeto Democracia Participativa<\/strong><\/a>&nbsp;|&nbsp;<strong>PRODEP<\/strong><\/p>\n\n\n\n<p><strong>N\u00facleo de Estudos em Gest\u00e3o e Pol\u00edticas P\u00fablicas&nbsp;| PUBLICUS<\/strong><\/p>\n\n\n\n<p><strong><a href=\"https:\/\/politicaexterna2015.wordpress.com\/participantes\/\">Rede Interinstitucional de Pesquisa em Pol\u00edtica Externa e Regime Pol\u00edtico<\/a>&nbsp;| RIPPERP&nbsp;<\/strong><\/p>\n\n\n\n<p><strong>Centro de Estudos em Democracia Deliberativa<\/strong>&nbsp;<strong>| CEDE<\/strong><\/p>\n\n\n\n<p><strong>Grupo de Pesquisa de Metodologia em Ci\u00eancias Sociais&nbsp;<\/strong><\/p>\n\n\n\n<p><strong><a href=\"https:\/\/b-m.facebook.com\/ojbAL.UFMG\/\">Observat\u00f3rio da Justi\u00e7a no Brasil e na Am\u00e9rica Latina<\/a> | OJB-AL<\/strong><\/p>\n","protected":false},"excerpt":{"rendered":"<p>Centro de Estudos do Comportamento Pol\u00edtico&nbsp;| CECOMP Centros de Estudos Legislativos&nbsp;| CEL&nbsp; Centro de Estudos Republicanos&nbsp;| CERBR\u00c1S Centro de Pesquisas em Pol\u00edtica e Internet&nbsp;|&nbsp;CEPPI Grupo de Pesquisa em Democracia e Justi\u00e7a&nbsp;| MARGEM N\u00facleo de Estudos e Pesquisas sobre a Mulher&nbsp;| NEPEM N\u00facleo de Estudos Sobre o Trabalho Humano | NESTH Opini\u00e3o P\u00fablica, Marketing Pol\u00edtico e [&hellip;]<\/p>\n","protected":false},"author":2,"featured_media":0,"parent":0,"menu_order":0,"comment_status":"closed","ping_status":"closed","template":"","meta":{"_acf_changed":false,"footnotes":""},"class_list":["post-296","page","type-page","status-publish","hentry"],"acf":[],"_links":{"self":[{"href":"https:\/\/www.fafich.ufmg.br\/dcp\/index.php?rest_route=\/wp\/v2\/pages\/296"}],"collection":[{"href":"https:\/\/www.fafich.ufmg.br\/dcp\/index.php?rest_route=\/wp\/v2\/pages"}],"about":[{"href":"https:\/\/www.fafich.ufmg.br\/dcp\/index.php?rest_route=\/wp\/v2\/types\/page"}],"author":[{"embeddable":true,"href":"https:\/\/www.fafich.ufmg.br\/dcp\/index.php?rest_route=\/wp\/v2\/users\/2"}],"replies":[{"embeddable":true,"href":"https:\/\/www.fafich.ufmg.br\/dcp\/index.php?rest_route=%2Fwp%2Fv2%2Fcomments&post=296"}],"version-history":[{"count":1,"href":"https:\/\/www.fafich.ufmg.br\/dcp\/index.php?rest_route=\/wp\/v2\/pages\/296\/revisions"}],"predecessor-version":[{"id":297,"href":"https:\/\/www.fafich.ufmg.br\/dcp\/index.php?rest_route=\/wp\/v2\/pages\/296\/revisions\/297"}],"wp:attachment":[{"href":"https:\/\/www.fafich.ufmg.br\/dcp\/index.php?rest_route=%2Fwp%2Fv2%2Fmedia&parent=296"}],"curies":[{"name":"wp","href":"https:\/\/api.w.org\/{rel}","templated":true}]}}