{"id":25584,"date":"2025-12-12T13:05:29","date_gmt":"2025-12-12T13:05:29","guid":{"rendered":"https:\/\/www.fafich.ufmg.br\/dcs\/?page_id=25584"},"modified":"2025-12-30T17:09:31","modified_gmt":"2025-12-30T17:09:31","slug":"criacao-e-producao-de-imagem-e-som-no-campo-da-comunicacao","status":"publish","type":"page","link":"https:\/\/www.fafich.ufmg.br\/dcs\/?page_id=25584","title":{"rendered":"Cria\u00e7\u00e3o e produ\u00e7\u00e3o de imagem e som no campo da comunica\u00e7\u00e3o"},"content":{"rendered":"\n<p>Preenchimento de uma vaga de professor efetivo do Departamento de Comunica\u00e7\u00e3o Social.<\/p>\n\n\n\n<p><\/p>\n\n\n\n<p><\/p>\n\n\n\n<p><sub><sup><kbd>pdf<\/kbd><\/sup><\/sub> <a href=\"http:\/\/www.fafich.ufmg.br\/dcs\/wp-content\/uploads\/2025\/12\/edital-audiovisual-2026.pdf\" target=\"_blank\" rel=\"noreferrer noopener\"><strong>EDITAL N\u00ba 3.320, DE 4 DE DEZEMBRO DE 2025<\/strong><\/a><\/p>\n\n\n\n<p><sub><sup><kbd>pdf<\/kbd><\/sup><\/sub> <a href=\"http:\/\/www.fafich.ufmg.br\/dcs\/wp-content\/uploads\/2025\/12\/Programa-do-Concurso-Edital-3320-2025.pdf\"><strong>PROGRAMA DO CONCURSO &#8211; EDITAL N\u00ba 3.320, DE 4 DE DEZEMBRO DE 2025<\/strong><\/a><\/p>\n\n\n\n<p><\/p>\n\n\n\n<p>ou acesse pelo link:<\/p>\n\n\n\n<p><\/p>\n\n\n\n<p><a href=\"https:\/\/www2.ufmg.br\/concursos\/Concursos\/Professor-Assistente\/CONCURSO-PUBLICO-FACULDADE-DE-FILOSOFIA-E-CIENCIAS-HUMANAS-EDITAL-3320-PUBLICADO-EM-11-12-2025\" target=\"_blank\" rel=\"noreferrer noopener\">https:\/\/www2.ufmg.br\/concursos\/Concursos\/Professor-Assistente\/CONCURSO-PUBLICO-FACULDADE-DE-FILOSOFIA-E-CIENCIAS-HUMANAS-EDITAL-3320-PUBLICADO-EM-11-12-2025<\/a><\/p>\n\n\n\n<p><\/p>\n\n\n\n<p><\/p>\n\n\n\n<p><\/p>\n\n\n\n<p><strong><mark style=\"background-color:rgba(0, 0, 0, 0)\" class=\"has-inline-color has-vivid-green-cyan-color\"><kbd>INSCRI\u00c7\u00d5ES ATRAV\u00c9S DO ENDERE\u00c7O DE E-MAIL:<\/kbd><\/mark> <\/strong> <\/p>\n\n\n\n<p><strong><mark style=\"background-color:rgba(0, 0, 0, 0)\" class=\"has-inline-color has-vivid-red-color\">\u2709<\/mark><\/strong> <strong><em><kbd>concurso-prof-adjunto@fafich.ufmg.br<\/kbd><\/em><\/strong><\/p>\n\n\n\n<p><\/p>\n\n\n\n<p><\/p>\n\n\n\n<p><sub><sup><kbd>\ud83d\udc49<\/kbd><\/sup><\/sub> <a href=\"https:\/\/sisarc.ufmg.br\/sisarc\/emissaogru\/gerir\/geriremissaogru.seam?codigo=StApUMMZm\" target=\"_blank\" rel=\"noreferrer noopener\">Emiss\u00e3o GRU \u2013 Guia de Recolhimento da Uni\u00e3o<\/a><\/p>\n\n\n\n<p><\/p>\n\n\n\n<p><\/p>\n\n\n\n<p><\/p>\n\n\n\n<p><\/p>\n\n\n\n<p><\/p>\n\n\n\n<p><\/p>\n\n\n\n<p><\/p>\n\n\n\n<p><\/p>\n\n\n\n<p><\/p>\n\n\n\n<p><\/p>\n\n\n\n<p><\/p>\n\n\n\n<p><\/p>\n","protected":false},"excerpt":{"rendered":"<p>Preenchimento de uma vaga de professor efetivo do Departamento de Comunica\u00e7\u00e3o Social. pdf EDITAL N\u00ba 3.320, DE 4 DE DEZEMBRO DE 2025 pdf PROGRAMA DO CONCURSO &#8211; EDITAL N\u00ba 3.320, DE 4 DE DEZEMBRO DE 2025 ou acesse pelo link: https:\/\/www2.ufmg.br\/concursos\/Concursos\/Professor-Assistente\/CONCURSO-PUBLICO-FACULDADE-DE-FILOSOFIA-E-CIENCIAS-HUMANAS-EDITAL-3320-PUBLICADO-EM-11-12-2025 INSCRI\u00c7\u00d5ES ATRAV\u00c9S DO ENDERE\u00c7O DE E-MAIL: \u2709 concurso-prof-adjunto@fafich.ufmg.br \ud83d\udc49 Emiss\u00e3o GRU \u2013 Guia de [&hellip;]<\/p>\n","protected":false},"author":1,"featured_media":0,"parent":0,"menu_order":0,"comment_status":"closed","ping_status":"closed","template":"","meta":[],"_links":{"self":[{"href":"https:\/\/www.fafich.ufmg.br\/dcs\/index.php?rest_route=\/wp\/v2\/pages\/25584"}],"collection":[{"href":"https:\/\/www.fafich.ufmg.br\/dcs\/index.php?rest_route=\/wp\/v2\/pages"}],"about":[{"href":"https:\/\/www.fafich.ufmg.br\/dcs\/index.php?rest_route=\/wp\/v2\/types\/page"}],"author":[{"embeddable":true,"href":"https:\/\/www.fafich.ufmg.br\/dcs\/index.php?rest_route=\/wp\/v2\/users\/1"}],"replies":[{"embeddable":true,"href":"https:\/\/www.fafich.ufmg.br\/dcs\/index.php?rest_route=%2Fwp%2Fv2%2Fcomments&post=25584"}],"version-history":[{"count":10,"href":"https:\/\/www.fafich.ufmg.br\/dcs\/index.php?rest_route=\/wp\/v2\/pages\/25584\/revisions"}],"predecessor-version":[{"id":25608,"href":"https:\/\/www.fafich.ufmg.br\/dcs\/index.php?rest_route=\/wp\/v2\/pages\/25584\/revisions\/25608"}],"wp:attachment":[{"href":"https:\/\/www.fafich.ufmg.br\/dcs\/index.php?rest_route=%2Fwp%2Fv2%2Fmedia&parent=25584"}],"curies":[{"name":"wp","href":"https:\/\/api.w.org\/{rel}","templated":true}]}}