{"id":495,"date":"2021-08-19T01:38:22","date_gmt":"2021-08-19T04:38:22","guid":{"rendered":"http:\/\/www.fafich.ufmg.br\/labtrab\/?page_id=495"},"modified":"2021-09-10T00:03:22","modified_gmt":"2021-09-10T03:03:22","slug":"cartilha","status":"publish","type":"page","link":"https:\/\/www.fafich.ufmg.br\/labtrab\/?page_id=495","title":{"rendered":"Cartilha"},"content":{"rendered":"\n<p>Esta cartilha traz informa\u00e7\u00f5es que podem ajudar voc\u00ea, que tem algum familiar ou amigo(a) na pris\u00e3o e\/ou \u00e9 egresso(a) prisional, a conhecer melhor o Sistema \u00danico de Assist\u00eancia Social (SUAS) e seus direitos junto a essa pol\u00edtica p\u00fablica.<\/p>\n","protected":false},"excerpt":{"rendered":"<p>Esta cartilha traz informa\u00e7\u00f5es que podem ajudar voc\u00ea, que tem algum familiar ou amigo(a) na pris\u00e3o e\/ou \u00e9 egresso(a) prisional, a conhecer melhor o Sistema \u00danico de Assist\u00eancia Social (SUAS) e seus direitos junto a essa pol\u00edtica p\u00fablica.<\/p>\n","protected":false},"author":1,"featured_media":0,"parent":487,"menu_order":0,"comment_status":"closed","ping_status":"closed","template":"page-suas.php","meta":[],"acf":[],"_links":{"self":[{"href":"https:\/\/www.fafich.ufmg.br\/labtrab\/index.php?rest_route=\/wp\/v2\/pages\/495"}],"collection":[{"href":"https:\/\/www.fafich.ufmg.br\/labtrab\/index.php?rest_route=\/wp\/v2\/pages"}],"about":[{"href":"https:\/\/www.fafich.ufmg.br\/labtrab\/index.php?rest_route=\/wp\/v2\/types\/page"}],"author":[{"embeddable":true,"href":"https:\/\/www.fafich.ufmg.br\/labtrab\/index.php?rest_route=\/wp\/v2\/users\/1"}],"replies":[{"embeddable":true,"href":"https:\/\/www.fafich.ufmg.br\/labtrab\/index.php?rest_route=%2Fwp%2Fv2%2Fcomments&post=495"}],"version-history":[{"count":6,"href":"https:\/\/www.fafich.ufmg.br\/labtrab\/index.php?rest_route=\/wp\/v2\/pages\/495\/revisions"}],"predecessor-version":[{"id":651,"href":"https:\/\/www.fafich.ufmg.br\/labtrab\/index.php?rest_route=\/wp\/v2\/pages\/495\/revisions\/651"}],"up":[{"embeddable":true,"href":"https:\/\/www.fafich.ufmg.br\/labtrab\/index.php?rest_route=\/wp\/v2\/pages\/487"}],"wp:attachment":[{"href":"https:\/\/www.fafich.ufmg.br\/labtrab\/index.php?rest_route=%2Fwp%2Fv2%2Fmedia&parent=495"}],"curies":[{"name":"wp","href":"https:\/\/api.w.org\/{rel}","templated":true}]}}