{"id":623,"date":"2021-09-08T15:36:36","date_gmt":"2021-09-08T18:36:36","guid":{"rendered":"http:\/\/www.fafich.ufmg.br\/labtrab\/?page_id=623"},"modified":"2023-05-08T11:49:23","modified_gmt":"2023-05-08T14:49:23","slug":"plataforma-colaborativa","status":"publish","type":"page","link":"https:\/\/www.fafich.ufmg.br\/labtrab\/?page_id=623","title":{"rendered":"Plataforma Colaborativa"},"content":{"rendered":"\n<p>A Plataforma Colaborativa &#8211; COVID-19 e direitos humanos: sistematiza\u00e7\u00e3o de dados acerca do Sistema Prisional e Ref\u00fagio e Migra\u00e7\u00e3o \u00e9 uma iniciativa que visa reunir e sistematizar informa\u00e7\u00f5es relevantes que foram produzidas durante a pandemia da COVID-19 acerca do Sistema Prisional e sobre a tem\u00e1tica de Ref\u00fagio e Migra\u00e7\u00e3o. A plataforma re\u00fane documentos, publica\u00e7\u00f5es, eventos e outras produ\u00e7\u00f5es que ocorreram durante a pandemia, tendo ou n\u00e3o, rela\u00e7\u00e3o com esta. Com o objetivo de ser colaborativa, qualquer pessoa pode incluir materiais acerca dos temas tratados, contribuindo para a constru\u00e7\u00e3o de um acervo atualizado sobre o assunto.<\/p>\n","protected":false},"excerpt":{"rendered":"<p>A Plataforma Colaborativa &#8211; COVID-19 e direitos humanos: sistematiza\u00e7\u00e3o de dados acerca do Sistema Prisional e Ref\u00fagio e Migra\u00e7\u00e3o \u00e9 uma iniciativa que visa reunir e sistematizar informa\u00e7\u00f5es relevantes que foram produzidas durante a pandemia da COVID-19 acerca do Sistema Prisional e sobre a tem\u00e1tica de Ref\u00fagio e Migra\u00e7\u00e3o. A plataforma re\u00fane documentos, publica\u00e7\u00f5es, eventos [&hellip;]<\/p>\n","protected":false},"author":1,"featured_media":0,"parent":0,"menu_order":0,"comment_status":"closed","ping_status":"closed","template":"page-colab.php","meta":[],"acf":[],"_links":{"self":[{"href":"https:\/\/www.fafich.ufmg.br\/labtrab\/index.php?rest_route=\/wp\/v2\/pages\/623"}],"collection":[{"href":"https:\/\/www.fafich.ufmg.br\/labtrab\/index.php?rest_route=\/wp\/v2\/pages"}],"about":[{"href":"https:\/\/www.fafich.ufmg.br\/labtrab\/index.php?rest_route=\/wp\/v2\/types\/page"}],"author":[{"embeddable":true,"href":"https:\/\/www.fafich.ufmg.br\/labtrab\/index.php?rest_route=\/wp\/v2\/users\/1"}],"replies":[{"embeddable":true,"href":"https:\/\/www.fafich.ufmg.br\/labtrab\/index.php?rest_route=%2Fwp%2Fv2%2Fcomments&post=623"}],"version-history":[{"count":5,"href":"https:\/\/www.fafich.ufmg.br\/labtrab\/index.php?rest_route=\/wp\/v2\/pages\/623\/revisions"}],"predecessor-version":[{"id":729,"href":"https:\/\/www.fafich.ufmg.br\/labtrab\/index.php?rest_route=\/wp\/v2\/pages\/623\/revisions\/729"}],"wp:attachment":[{"href":"https:\/\/www.fafich.ufmg.br\/labtrab\/index.php?rest_route=%2Fwp%2Fv2%2Fmedia&parent=623"}],"curies":[{"name":"wp","href":"https:\/\/api.w.org\/{rel}","templated":true}]}}