{"id":625,"date":"2021-09-08T15:38:00","date_gmt":"2021-09-08T18:38:00","guid":{"rendered":"http:\/\/www.fafich.ufmg.br\/labtrab\/?page_id=625"},"modified":"2024-08-13T10:24:33","modified_gmt":"2024-08-13T13:24:33","slug":"sobre","status":"publish","type":"page","link":"https:\/\/www.fafich.ufmg.br\/labtrab\/?page_id=625","title":{"rendered":"Sobre o Projeto"},"content":{"rendered":"\n<p>A Plataforma Colaborativa &#8211; COVID-19 e direitos humanos: sistematiza\u00e7\u00e3o de dados acerca do Sistema Prisional e Ref\u00fagio e Migra\u00e7\u00e3o \u00e9 uma iniciativa que busca reunir e sistematizar informa\u00e7\u00f5es relevantes que foram produzidas durante a pandemia da COVID-19 sobre o Sistema Prisional e a tem\u00e1tica de Ref\u00fagio e Migra\u00e7\u00e3o. Criada em um contexto em que a pandemia afeta o mundo todo, esta plataforma foi desenvolvida com o objetivo de ser uma ferramenta colaborativa e acess\u00edvel para qualquer pessoa que esteja interessada em estudar e entender a sobre a tem\u00e1tica carcer\u00e1ria e sobre as pessoas em situa\u00e7\u00e3o de ref\u00fagio e migra\u00e7\u00e3o e compilar o que foi produzido durante a pandemia.&nbsp;<\/p>\n\n\n\n<p>A plataforma conta com uma vasta sele\u00e7\u00e3o de documentos, publica\u00e7\u00f5es, eventos e outras produ\u00e7\u00f5es que ocorreram durante a pandemia, tendo ou n\u00e3o, rela\u00e7\u00e3o direta com a pandemia. Al\u00e9m disso, por ser uma plataforma colaborativa, qualquer pessoa pode incluir materiais acerca dos temas tratados, contribuindo para a constru\u00e7\u00e3o de um acervo completo e atualizado sobre o assunto. Portanto, o uso da Plataforma permite que essas informa\u00e7\u00f5es possam ser utilizadas para promover a defesa dos direitos humanos e a luta contra as viola\u00e7\u00f5es que ocorrem no Sistema Prisional e no contexto da tem\u00e1tica de Ref\u00fagio e Migra\u00e7\u00e3o.<\/p>\n","protected":false},"excerpt":{"rendered":"<p>A Plataforma Colaborativa &#8211; COVID-19 e direitos humanos: sistematiza\u00e7\u00e3o de dados acerca do Sistema Prisional e Ref\u00fagio e Migra\u00e7\u00e3o \u00e9 uma iniciativa que busca reunir e sistematizar informa\u00e7\u00f5es relevantes que foram produzidas durante a pandemia da COVID-19 sobre o Sistema Prisional e a tem\u00e1tica de Ref\u00fagio e Migra\u00e7\u00e3o. Criada em um contexto em que a [&hellip;]<\/p>\n","protected":false},"author":1,"featured_media":0,"parent":623,"menu_order":0,"comment_status":"closed","ping_status":"closed","template":"page-colab.php","meta":[],"acf":[],"_links":{"self":[{"href":"https:\/\/www.fafich.ufmg.br\/labtrab\/index.php?rest_route=\/wp\/v2\/pages\/625"}],"collection":[{"href":"https:\/\/www.fafich.ufmg.br\/labtrab\/index.php?rest_route=\/wp\/v2\/pages"}],"about":[{"href":"https:\/\/www.fafich.ufmg.br\/labtrab\/index.php?rest_route=\/wp\/v2\/types\/page"}],"author":[{"embeddable":true,"href":"https:\/\/www.fafich.ufmg.br\/labtrab\/index.php?rest_route=\/wp\/v2\/users\/1"}],"replies":[{"embeddable":true,"href":"https:\/\/www.fafich.ufmg.br\/labtrab\/index.php?rest_route=%2Fwp%2Fv2%2Fcomments&post=625"}],"version-history":[{"count":11,"href":"https:\/\/www.fafich.ufmg.br\/labtrab\/index.php?rest_route=\/wp\/v2\/pages\/625\/revisions"}],"predecessor-version":[{"id":921,"href":"https:\/\/www.fafich.ufmg.br\/labtrab\/index.php?rest_route=\/wp\/v2\/pages\/625\/revisions\/921"}],"up":[{"embeddable":true,"href":"https:\/\/www.fafich.ufmg.br\/labtrab\/index.php?rest_route=\/wp\/v2\/pages\/623"}],"wp:attachment":[{"href":"https:\/\/www.fafich.ufmg.br\/labtrab\/index.php?rest_route=%2Fwp%2Fv2%2Fmedia&parent=625"}],"curies":[{"name":"wp","href":"https:\/\/api.w.org\/{rel}","templated":true}]}}