{"id":629,"date":"2021-09-08T23:29:14","date_gmt":"2021-09-09T02:29:14","guid":{"rendered":"http:\/\/www.fafich.ufmg.br\/labtrab\/?page_id=629"},"modified":"2021-09-09T00:00:25","modified_gmt":"2021-09-09T03:00:25","slug":"migracao-e-refugio","status":"publish","type":"page","link":"https:\/\/www.fafich.ufmg.br\/labtrab\/?page_id=629","title":{"rendered":"Migra\u00e7\u00e3o e Ref\u00fagio"},"content":{"rendered":"","protected":false},"excerpt":{"rendered":"","protected":false},"author":1,"featured_media":0,"parent":623,"menu_order":0,"comment_status":"closed","ping_status":"closed","template":"page-colab.php","meta":[],"acf":[],"_links":{"self":[{"href":"https:\/\/www.fafich.ufmg.br\/labtrab\/index.php?rest_route=\/wp\/v2\/pages\/629"}],"collection":[{"href":"https:\/\/www.fafich.ufmg.br\/labtrab\/index.php?rest_route=\/wp\/v2\/pages"}],"about":[{"href":"https:\/\/www.fafich.ufmg.br\/labtrab\/index.php?rest_route=\/wp\/v2\/types\/page"}],"author":[{"embeddable":true,"href":"https:\/\/www.fafich.ufmg.br\/labtrab\/index.php?rest_route=\/wp\/v2\/users\/1"}],"replies":[{"embeddable":true,"href":"https:\/\/www.fafich.ufmg.br\/labtrab\/index.php?rest_route=%2Fwp%2Fv2%2Fcomments&post=629"}],"version-history":[{"count":1,"href":"https:\/\/www.fafich.ufmg.br\/labtrab\/index.php?rest_route=\/wp\/v2\/pages\/629\/revisions"}],"predecessor-version":[{"id":630,"href":"https:\/\/www.fafich.ufmg.br\/labtrab\/index.php?rest_route=\/wp\/v2\/pages\/629\/revisions\/630"}],"up":[{"embeddable":true,"href":"https:\/\/www.fafich.ufmg.br\/labtrab\/index.php?rest_route=\/wp\/v2\/pages\/623"}],"wp:attachment":[{"href":"https:\/\/www.fafich.ufmg.br\/labtrab\/index.php?rest_route=%2Fwp%2Fv2%2Fmedia&parent=629"}],"curies":[{"name":"wp","href":"https:\/\/api.w.org\/{rel}","templated":true}]}}