{"id":9,"date":"2016-06-13T14:29:19","date_gmt":"2016-06-13T17:29:19","guid":{"rendered":"http:\/\/www.fafich.ufmg.br\/labtrab\/?page_id=9"},"modified":"2024-08-14T09:23:40","modified_gmt":"2024-08-14T12:23:40","slug":"integrantes","status":"publish","type":"page","link":"https:\/\/www.fafich.ufmg.br\/labtrab\/?page_id=9","title":{"rendered":"Integrantes"},"content":{"rendered":"\n<div class=\"wp-block-columns alignfull are-vertically-aligned-top has-primary-color has-subtle-background-background-color has-text-color has-background is-layout-flex wp-container-8\">\n<div class=\"wp-block-column is-layout-flow\"><\/div>\n\n\n\n<div class=\"wp-block-column is-layout-flow\"><\/div>\n\n\n\n<div class=\"wp-block-column is-vertically-aligned-top is-layout-flow\" style=\"flex-basis:25.8%\">\n<h5 class=\"wp-block-heading\">Professoras Coordenadoras<\/h5>\n\n\n\n<p><a rel=\"noreferrer noopener\" href=\"http:\/\/lattes.cnpq.br\/9424099396583777\" target=\"_blank\">Carolyne Reis Barros<br><\/a><a rel=\"noreferrer noopener\" href=\"http:\/\/lattes.cnpq.br\/5196908774560885\" target=\"_blank\">Vanessa Andrade Barros<\/a><\/p>\n\n\n\n<h5 class=\"wp-block-heading\">Pesquisadoras Mobilizadoras<\/h5>\n\n\n\n<p><a rel=\"noreferrer noopener\" href=\"http:\/\/lattes.cnpq.br\/6284049871419810\" data-type=\"URL\" data-id=\"http:\/\/lattes.cnpq.br\/6284049871419810\" target=\"_blank\">Maria Constantina C. da Silva<\/a><br><a rel=\"noreferrer noopener\" href=\"http:\/\/lattes.cnpq.br\/5288890362999262\" data-type=\"URL\" data-id=\"http:\/\/lattes.cnpq.br\/5288890362999262\" target=\"_blank\">Maria Tereza dos Santos<\/a><br><a rel=\"noreferrer noopener\" href=\"http:\/\/lattes.cnpq.br\/4994705821391716\" data-type=\"URL\" data-id=\"http:\/\/lattes.cnpq.br\/4994705821391716\" target=\"_blank\">Rosemeire Pereira<\/a><\/p>\n\n\n\n<h5 class=\"wp-block-heading\">Pesquisadoras(es) Doutoras(es)<\/h5>\n\n\n\n<p><a rel=\"noreferrer noopener\" href=\"http:\/\/lattes.cnpq.br\/8075501543571601\" target=\"_blank\">Andrea Pujol<\/a><br><a rel=\"noreferrer noopener\" href=\"http:\/\/lattes.cnpq.br\/2520691001919236\" target=\"_blank\">Dominique Lhuilier<\/a><br><a rel=\"noreferrer noopener\" href=\"http:\/\/lattes.cnpq.br\/8769472578927409\" target=\"_blank\">Jo\u00e3o Batista Moreira Pinto<\/a><br><a rel=\"noreferrer noopener\" href=\"http:\/\/lattes.cnpq.br\/2851575149476103\" data-type=\"URL\" data-id=\"http:\/\/lattes.cnpq.br\/2851575149476103\" target=\"_blank\">Tha\u00edsa Vilela Fonseca Amaral<\/a><\/p>\n<\/div>\n\n\n\n<div class=\"wp-block-column is-vertically-aligned-top is-layout-flow\" style=\"flex-basis:25%\">\n<h5 class=\"wp-block-heading\">Doutorandas(os)<\/h5>\n\n\n\n<p><a rel=\"noreferrer noopener\" href=\"http:\/\/lattes.cnpq.br\/6456453375527387\" data-type=\"URL\" data-id=\"http:\/\/lattes.cnpq.br\/6456453375527387\" target=\"_blank\">Maryana Pereira J\u00e1come<\/a><br><a rel=\"noreferrer noopener\" href=\"http:\/\/lattes.cnpq.br\/8007943082301247\" data-type=\"URL\" data-id=\"http:\/\/lattes.cnpq.br\/8007943082301247\" target=\"_blank\">Rafael Nascimento Castro<\/a><\/p>\n\n\n\n<h5 class=\"wp-block-heading\">Pesquisadoras Mestras<\/h5>\n\n\n\n<p><a rel=\"noreferrer noopener\" href=\"http:\/\/lattes.cnpq.br\/3776351080506980\" data-type=\"URL\" data-id=\"http:\/\/lattes.cnpq.br\/3776351080506980\" target=\"_blank\">Aiezha Fl\u00e1via P. M. Guabiraba<\/a><br><a rel=\"noreferrer noopener\" href=\"http:\/\/lattes.cnpq.br\/5252385893958475\" target=\"_blank\">Fernanda Silva de Assis Ribeiro<\/a><\/p>\n\n\n\n<h5 class=\"wp-block-heading\">Mestrandas(os)<\/h5>\n\n\n\n<p class=\"has-text-align-left\"><a rel=\"noreferrer noopener\" href=\"http:\/\/lattes.cnpq.br\/0702254700181151\" target=\"_blank\">Barbara A. da S. Faria<\/a><br><a rel=\"noreferrer noopener\" href=\"http:\/\/lattes.cnpq.br\/8466357632936428\" target=\"_blank\">Guilherme dos S. de A. Cardoso<\/a><br><a rel=\"noreferrer noopener\" href=\"http:\/\/lattes.cnpq.br\/6432386003973563\" target=\"_blank\">Guilherme F. Melo<\/a><\/p>\n<\/div>\n\n\n\n<div class=\"wp-block-column is-vertically-aligned-top is-layout-flow\" style=\"flex-basis:20%\">\n<h5 class=\"wp-block-heading\">Pesquisadoras Graduadas<\/h5>\n\n\n\n<p><a rel=\"noreferrer noopener\" href=\"http:\/\/lattes.cnpq.br\/5175040270459311\" data-type=\"URL\" data-id=\"http:\/\/lattes.cnpq.br\/5175040270459311\" target=\"_blank\">Cec\u00edlia Sep\u00falveda Del Rio Hamacek<\/a><br><a rel=\"noreferrer noopener\" href=\"http:\/\/lattes.cnpq.br\/0906134979127798\" target=\"_blank\">Larissa V. de Carvalho<\/a><br><a href=\"http:\/\/lattes.cnpq.br\/2371388745034290\" data-type=\"URL\" data-id=\"http:\/\/lattes.cnpq.br\/2371388745034290\" target=\"_blank\" rel=\"noreferrer noopener\">Mariana Luisa de Oliveira Ferreira<\/a><\/p>\n\n\n\n<h5 class=\"wp-block-heading\">Graduandas(os)<\/h5>\n\n\n\n<p><a rel=\"noreferrer noopener\" href=\"http:\/\/lattes.cnpq.br\/7609831298604557\" data-type=\"URL\" data-id=\"http:\/\/lattes.cnpq.br\/7609831298604557\" target=\"_blank\">Ana Carolina Vieira Pires<\/a><br><a href=\"http:\/\/lattes.cnpq.br\/5594458236647008\">Ana Luisa Anjos Concei\u00e7\u00e3o<\/a><br><a rel=\"noreferrer noopener\" href=\"http:\/\/lattes.cnpq.br\/2986856970150932\" data-type=\"URL\" data-id=\"http:\/\/lattes.cnpq.br\/2986856970150932\" target=\"_blank\">Beatriz Carneiro Silva Gon\u00e7alves<\/a><br><a rel=\"noreferrer noopener\" href=\"http:\/\/lattes.cnpq.br\/4439828137170542\" data-type=\"URL\" data-id=\"http:\/\/lattes.cnpq.br\/4439828137170542\" target=\"_blank\">Camilla de Souza Lopes<\/a><br><a rel=\"noreferrer noopener\" href=\"http:\/\/lattes.cnpq.br\/0365277514243672\" target=\"_blank\">Diego Santos de Oliveira<\/a><br><a rel=\"noreferrer noopener\" href=\"http:\/\/lattes.cnpq.br\/3415644416379757\" data-type=\"URL\" data-id=\"http:\/\/lattes.cnpq.br\/3415644416379757\" target=\"_blank\">Elen Schittini Paradela Ferraz<\/a><br><a href=\"http:\/\/lattes.cnpq.br\/7347345894499521\" target=\"_blank\" rel=\"noreferrer noopener\">Felipe Rodrigues dos Santos<\/a><br><a rel=\"noreferrer noopener\" href=\"http:\/\/lattes.cnpq.br\/1688605354404284\" target=\"_blank\">Gabrielli dos Santos Pietsch<\/a><br><a rel=\"noreferrer noopener\" href=\"http:\/\/lattes.cnpq.br\/9287628675672836\" data-type=\"URL\" data-id=\"http:\/\/lattes.cnpq.br\/9287628675672836\" target=\"_blank\">Isaac Freitas de Andrade<\/a><br><a rel=\"noreferrer noopener\" href=\"http:\/\/lattes.cnpq.br\/5890351257020069\" data-type=\"URL\" data-id=\"http:\/\/lattes.cnpq.br\/5890351257020069\" target=\"_blank\">Matheus Silva Oliveira<\/a><br><a rel=\"noreferrer noopener\" href=\"http:\/\/lattes.cnpq.br\/6246198626922737\" target=\"_blank\">Rodrigo Cavalheiro Pereira<\/a><br><a rel=\"noreferrer noopener\" href=\"http:\/\/lattes.cnpq.br\/6723853297334701\" target=\"_blank\">Thayane A. A. Gon\u00e7alves<\/a><br><a rel=\"noreferrer noopener\" href=\"http:\/\/lattes.cnpq.br\/7347601690388392\" target=\"_blank\">Vict\u00f3ria Matias Santos<\/a><br><a rel=\"noreferrer noopener\" href=\"http:\/\/lattes.cnpq.br\/8530968172628250\" data-type=\"URL\" data-id=\"http:\/\/lattes.cnpq.br\/8530968172628250\" target=\"_blank\">Vin\u00edcius Sousa de Oliveira<\/a><\/p>\n<\/div>\n\n\n\n<div class=\"wp-block-column is-layout-flow\"><\/div>\n\n\n\n<div class=\"wp-block-column is-layout-flow\"><\/div>\n<\/div>\n\n\n\n<div class=\"wp-duotone-5a5a5a-ffffff-14 wp-block-cover alignfull is-light\"><span aria-hidden=\"true\" class=\"wp-block-cover__background has-background-dim\"><\/span><img decoding=\"async\" loading=\"lazy\" width=\"2560\" height=\"1707\" class=\"wp-block-cover__image-background wp-image-892\" alt=\"\" src=\"https:\/\/www.fafich.ufmg.br\/labtrab\/wp-content\/uploads\/2024\/08\/IMG_0509-scaled.jpg\" data-object-fit=\"cover\" srcset=\"https:\/\/www.fafich.ufmg.br\/labtrab\/wp-content\/uploads\/2024\/08\/IMG_0509-scaled.jpg 2560w, https:\/\/www.fafich.ufmg.br\/labtrab\/wp-content\/uploads\/2024\/08\/IMG_0509-300x200.jpg 300w, https:\/\/www.fafich.ufmg.br\/labtrab\/wp-content\/uploads\/2024\/08\/IMG_0509-1024x683.jpg 1024w, https:\/\/www.fafich.ufmg.br\/labtrab\/wp-content\/uploads\/2024\/08\/IMG_0509-768x512.jpg 768w, https:\/\/www.fafich.ufmg.br\/labtrab\/wp-content\/uploads\/2024\/08\/IMG_0509-1536x1024.jpg 1536w, https:\/\/www.fafich.ufmg.br\/labtrab\/wp-content\/uploads\/2024\/08\/IMG_0509-2048x1365.jpg 2048w, https:\/\/www.fafich.ufmg.br\/labtrab\/wp-content\/uploads\/2024\/08\/IMG_0509-1200x800.jpg 1200w, https:\/\/www.fafich.ufmg.br\/labtrab\/wp-content\/uploads\/2024\/08\/IMG_0509-1980x1320.jpg 1980w\" sizes=\"(max-width: 2560px) 100vw, 2560px\" \/><div class=\"wp-block-cover__inner-container\">\n<div class=\"wp-block-columns alignfull is-layout-flex wp-container-13\">\n<div class=\"wp-block-column is-layout-flow\" style=\"flex-basis:100%\">\n<h6 class=\"wp-block-heading has-text-align-center\"><mark style=\"background-color:rgba(0, 0, 0, 0)\" class=\"has-inline-color has-background-color\">ONDE NOS ENCONTRAR<\/mark><\/h6>\n\n\n\n<p class=\"has-text-align-center\"><mark style=\"background-color:rgba(0, 0, 0, 0)\" class=\"has-inline-color has-background-color\">Universidade Federal de Minas Gerais<br>Faculdade de Filosofia e Ci\u00eancias Humanas<br>Av. Pres. Ant\u00f4nio Carlos, 6627, Pampulha<br>Belo Horizonte \u2013 MG, 31270-901<br>Sala: 4102<\/mark><\/p>\n\n\n\n<p class=\"has-text-align-center\"><mark style=\"background-color:rgba(0, 0, 0, 0)\" class=\"has-inline-color has-background-color\"><strong>Contato:<\/strong><br>E-mail: ufmglabtrab@gmail.com<br>Telefone: (31) 3409-6288<\/mark><\/p>\n\n\n\n<h6 class=\"wp-block-heading has-text-align-center\"><strong><mark style=\"background-color:rgba(0, 0, 0, 0)\" class=\"has-inline-color has-background-color\">ACOMPANHE AS REDES SOCIAIS<\/mark><\/strong><\/h6>\n\n\n\n<ul class=\"wp-block-social-links is-content-justification-center is-layout-flex wp-container-9\"><li class=\"wp-social-link wp-social-link-instagram wp-block-social-link\"><a href=\"https:\/\/www.instagram.com\/labtrab_ufmg\/\" class=\"wp-block-social-link-anchor\"><svg width=\"24\" height=\"24\" viewBox=\"0 0 24 24\" version=\"1.1\" xmlns=\"http:\/\/www.w3.org\/2000\/svg\" aria-hidden=\"true\" focusable=\"false\"><path d=\"M12,4.622c2.403,0,2.688,0.009,3.637,0.052c0.877,0.04,1.354,0.187,1.671,0.31c0.42,0.163,0.72,0.358,1.035,0.673 c0.315,0.315,0.51,0.615,0.673,1.035c0.123,0.317,0.27,0.794,0.31,1.671c0.043,0.949,0.052,1.234,0.052,3.637 s-0.009,2.688-0.052,3.637c-0.04,0.877-0.187,1.354-0.31,1.671c-0.163,0.42-0.358,0.72-0.673,1.035 c-0.315,0.315-0.615,0.51-1.035,0.673c-0.317,0.123-0.794,0.27-1.671,0.31c-0.949,0.043-1.233,0.052-3.637,0.052 s-2.688-0.009-3.637-0.052c-0.877-0.04-1.354-0.187-1.671-0.31c-0.42-0.163-0.72-0.358-1.035-0.673 c-0.315-0.315-0.51-0.615-0.673-1.035c-0.123-0.317-0.27-0.794-0.31-1.671C4.631,14.688,4.622,14.403,4.622,12 s0.009-2.688,0.052-3.637c0.04-0.877,0.187-1.354,0.31-1.671c0.163-0.42,0.358-0.72,0.673-1.035 c0.315-0.315,0.615-0.51,1.035-0.673c0.317-0.123,0.794-0.27,1.671-0.31C9.312,4.631,9.597,4.622,12,4.622 M12,3 C9.556,3,9.249,3.01,8.289,3.054C7.331,3.098,6.677,3.25,6.105,3.472C5.513,3.702,5.011,4.01,4.511,4.511 c-0.5,0.5-0.808,1.002-1.038,1.594C3.25,6.677,3.098,7.331,3.054,8.289C3.01,9.249,3,9.556,3,12c0,2.444,0.01,2.751,0.054,3.711 c0.044,0.958,0.196,1.612,0.418,2.185c0.23,0.592,0.538,1.094,1.038,1.594c0.5,0.5,1.002,0.808,1.594,1.038 c0.572,0.222,1.227,0.375,2.185,0.418C9.249,20.99,9.556,21,12,21s2.751-0.01,3.711-0.054c0.958-0.044,1.612-0.196,2.185-0.418 c0.592-0.23,1.094-0.538,1.594-1.038c0.5-0.5,0.808-1.002,1.038-1.594c0.222-0.572,0.375-1.227,0.418-2.185 C20.99,14.751,21,14.444,21,12s-0.01-2.751-0.054-3.711c-0.044-0.958-0.196-1.612-0.418-2.185c-0.23-0.592-0.538-1.094-1.038-1.594 c-0.5-0.5-1.002-0.808-1.594-1.038c-0.572-0.222-1.227-0.375-2.185-0.418C14.751,3.01,14.444,3,12,3L12,3z M12,7.378 c-2.552,0-4.622,2.069-4.622,4.622S9.448,16.622,12,16.622s4.622-2.069,4.622-4.622S14.552,7.378,12,7.378z M12,15 c-1.657,0-3-1.343-3-3s1.343-3,3-3s3,1.343,3,3S13.657,15,12,15z M16.804,6.116c-0.596,0-1.08,0.484-1.08,1.08 s0.484,1.08,1.08,1.08c0.596,0,1.08-0.484,1.08-1.08S17.401,6.116,16.804,6.116z\"><\/path><\/svg><span class=\"wp-block-social-link-label screen-reader-text\">Instagram: LABTRAB<\/span><\/a><\/li>\n\n<li class=\"wp-social-link wp-social-link-youtube wp-block-social-link\"><a href=\"https:\/\/www.youtube.com\/channel\/UCj9SyurojQRdO8T8-EdPCKA?view_as=subscriber\" class=\"wp-block-social-link-anchor\"><svg width=\"24\" height=\"24\" viewBox=\"0 0 24 24\" version=\"1.1\" xmlns=\"http:\/\/www.w3.org\/2000\/svg\" aria-hidden=\"true\" focusable=\"false\"><path d=\"M21.8,8.001c0,0-0.195-1.378-0.795-1.985c-0.76-0.797-1.613-0.801-2.004-0.847c-2.799-0.202-6.997-0.202-6.997-0.202 h-0.009c0,0-4.198,0-6.997,0.202C4.608,5.216,3.756,5.22,2.995,6.016C2.395,6.623,2.2,8.001,2.2,8.001S2,9.62,2,11.238v1.517 c0,1.618,0.2,3.237,0.2,3.237s0.195,1.378,0.795,1.985c0.761,0.797,1.76,0.771,2.205,0.855c1.6,0.153,6.8,0.201,6.8,0.201 s4.203-0.006,7.001-0.209c0.391-0.047,1.243-0.051,2.004-0.847c0.6-0.607,0.795-1.985,0.795-1.985s0.2-1.618,0.2-3.237v-1.517 C22,9.62,21.8,8.001,21.8,8.001z M9.935,14.594l-0.001-5.62l5.404,2.82L9.935,14.594z\"><\/path><\/svg><span class=\"wp-block-social-link-label screen-reader-text\">Youtube: LABTRAB<\/span><\/a><\/li>\n\n<li class=\"wp-social-link wp-social-link-instagram wp-block-social-link\"><a href=\"https:\/\/www.instagram.com\/culthis_ufmg\/\" class=\"wp-block-social-link-anchor\"><svg width=\"24\" height=\"24\" viewBox=\"0 0 24 24\" version=\"1.1\" xmlns=\"http:\/\/www.w3.org\/2000\/svg\" aria-hidden=\"true\" focusable=\"false\"><path d=\"M12,4.622c2.403,0,2.688,0.009,3.637,0.052c0.877,0.04,1.354,0.187,1.671,0.31c0.42,0.163,0.72,0.358,1.035,0.673 c0.315,0.315,0.51,0.615,0.673,1.035c0.123,0.317,0.27,0.794,0.31,1.671c0.043,0.949,0.052,1.234,0.052,3.637 s-0.009,2.688-0.052,3.637c-0.04,0.877-0.187,1.354-0.31,1.671c-0.163,0.42-0.358,0.72-0.673,1.035 c-0.315,0.315-0.615,0.51-1.035,0.673c-0.317,0.123-0.794,0.27-1.671,0.31c-0.949,0.043-1.233,0.052-3.637,0.052 s-2.688-0.009-3.637-0.052c-0.877-0.04-1.354-0.187-1.671-0.31c-0.42-0.163-0.72-0.358-1.035-0.673 c-0.315-0.315-0.51-0.615-0.673-1.035c-0.123-0.317-0.27-0.794-0.31-1.671C4.631,14.688,4.622,14.403,4.622,12 s0.009-2.688,0.052-3.637c0.04-0.877,0.187-1.354,0.31-1.671c0.163-0.42,0.358-0.72,0.673-1.035 c0.315-0.315,0.615-0.51,1.035-0.673c0.317-0.123,0.794-0.27,1.671-0.31C9.312,4.631,9.597,4.622,12,4.622 M12,3 C9.556,3,9.249,3.01,8.289,3.054C7.331,3.098,6.677,3.25,6.105,3.472C5.513,3.702,5.011,4.01,4.511,4.511 c-0.5,0.5-0.808,1.002-1.038,1.594C3.25,6.677,3.098,7.331,3.054,8.289C3.01,9.249,3,9.556,3,12c0,2.444,0.01,2.751,0.054,3.711 c0.044,0.958,0.196,1.612,0.418,2.185c0.23,0.592,0.538,1.094,1.038,1.594c0.5,0.5,1.002,0.808,1.594,1.038 c0.572,0.222,1.227,0.375,2.185,0.418C9.249,20.99,9.556,21,12,21s2.751-0.01,3.711-0.054c0.958-0.044,1.612-0.196,2.185-0.418 c0.592-0.23,1.094-0.538,1.594-1.038c0.5-0.5,0.808-1.002,1.038-1.594c0.222-0.572,0.375-1.227,0.418-2.185 C20.99,14.751,21,14.444,21,12s-0.01-2.751-0.054-3.711c-0.044-0.958-0.196-1.612-0.418-2.185c-0.23-0.592-0.538-1.094-1.038-1.594 c-0.5-0.5-1.002-0.808-1.594-1.038c-0.572-0.222-1.227-0.375-2.185-0.418C14.751,3.01,14.444,3,12,3L12,3z M12,7.378 c-2.552,0-4.622,2.069-4.622,4.622S9.448,16.622,12,16.622s4.622-2.069,4.622-4.622S14.552,7.378,12,7.378z M12,15 c-1.657,0-3-1.343-3-3s1.343-3,3-3s3,1.343,3,3S13.657,15,12,15z M16.804,6.116c-0.596,0-1.08,0.484-1.08,1.08 s0.484,1.08,1.08,1.08c0.596,0,1.08-0.484,1.08-1.08S17.401,6.116,16.804,6.116z\"><\/path><\/svg><span class=\"wp-block-social-link-label screen-reader-text\">Instagram: CULTHIS<\/span><\/a><\/li>\n\n<li class=\"wp-social-link wp-social-link-chain wp-block-social-link\"><a href=\"https:\/\/desencarcera.com\/\" class=\"wp-block-social-link-anchor\"><svg width=\"24\" height=\"24\" viewBox=\"0 0 24 24\" version=\"1.1\" xmlns=\"http:\/\/www.w3.org\/2000\/svg\" aria-hidden=\"true\" focusable=\"false\"><path d=\"M19.647,16.706a1.134,1.134,0,0,0-.343-.833l-2.549-2.549a1.134,1.134,0,0,0-.833-.343,1.168,1.168,0,0,0-.883.392l.233.226q.2.189.264.264a2.922,2.922,0,0,1,.184.233.986.986,0,0,1,.159.312,1.242,1.242,0,0,1,.043.337,1.172,1.172,0,0,1-1.176,1.176,1.237,1.237,0,0,1-.337-.043,1,1,0,0,1-.312-.159,2.76,2.76,0,0,1-.233-.184q-.073-.068-.264-.264l-.226-.233a1.19,1.19,0,0,0-.4.895,1.134,1.134,0,0,0,.343.833L15.837,19.3a1.13,1.13,0,0,0,.833.331,1.18,1.18,0,0,0,.833-.318l1.8-1.789a1.12,1.12,0,0,0,.343-.821Zm-8.615-8.64a1.134,1.134,0,0,0-.343-.833L8.163,4.7a1.134,1.134,0,0,0-.833-.343,1.184,1.184,0,0,0-.833.331L4.7,6.473a1.12,1.12,0,0,0-.343.821,1.134,1.134,0,0,0,.343.833l2.549,2.549a1.13,1.13,0,0,0,.833.331,1.184,1.184,0,0,0,.883-.38L8.728,10.4q-.2-.189-.264-.264A2.922,2.922,0,0,1,8.28,9.9a.986.986,0,0,1-.159-.312,1.242,1.242,0,0,1-.043-.337A1.172,1.172,0,0,1,9.254,8.079a1.237,1.237,0,0,1,.337.043,1,1,0,0,1,.312.159,2.761,2.761,0,0,1,.233.184q.073.068.264.264l.226.233a1.19,1.19,0,0,0,.4-.895ZM22,16.706a3.343,3.343,0,0,1-1.042,2.488l-1.8,1.789a3.536,3.536,0,0,1-4.988-.025l-2.525-2.537a3.384,3.384,0,0,1-1.017-2.488,3.448,3.448,0,0,1,1.078-2.561l-1.078-1.078a3.434,3.434,0,0,1-2.549,1.078,3.4,3.4,0,0,1-2.5-1.029L3.029,9.794A3.4,3.4,0,0,1,2,7.294,3.343,3.343,0,0,1,3.042,4.806l1.8-1.789A3.384,3.384,0,0,1,7.331,2a3.357,3.357,0,0,1,2.5,1.042l2.525,2.537a3.384,3.384,0,0,1,1.017,2.488,3.448,3.448,0,0,1-1.078,2.561l1.078,1.078a3.551,3.551,0,0,1,5.049-.049l2.549,2.549A3.4,3.4,0,0,1,22,16.706Z\"><\/path><\/svg><span class=\"wp-block-social-link-label screen-reader-text\">Plataforma Desencarcera<\/span><\/a><\/li>\n\n<li class=\"wp-social-link wp-social-link-facebook wp-block-social-link\"><a href=\"https:\/\/www.facebook.com\/desencarcera\/\" class=\"wp-block-social-link-anchor\"><svg width=\"24\" height=\"24\" viewBox=\"0 0 24 24\" version=\"1.1\" xmlns=\"http:\/\/www.w3.org\/2000\/svg\" aria-hidden=\"true\" focusable=\"false\"><path d=\"M12 2C6.5 2 2 6.5 2 12c0 5 3.7 9.1 8.4 9.9v-7H7.9V12h2.5V9.8c0-2.5 1.5-3.9 3.8-3.9 1.1 0 2.2.2 2.2.2v2.5h-1.3c-1.2 0-1.6.8-1.6 1.6V12h2.8l-.4 2.9h-2.3v7C18.3 21.1 22 17 22 12c0-5.5-4.5-10-10-10z\"><\/path><\/svg><span class=\"wp-block-social-link-label screen-reader-text\">Facebook: Plataforma Desencarcera<\/span><\/a><\/li>\n\n<li class=\"wp-social-link wp-social-link-instagram wp-block-social-link\"><a href=\"https:\/\/www.instagram.com\/desencarcera\/\" class=\"wp-block-social-link-anchor\"><svg width=\"24\" height=\"24\" viewBox=\"0 0 24 24\" version=\"1.1\" xmlns=\"http:\/\/www.w3.org\/2000\/svg\" aria-hidden=\"true\" focusable=\"false\"><path d=\"M12,4.622c2.403,0,2.688,0.009,3.637,0.052c0.877,0.04,1.354,0.187,1.671,0.31c0.42,0.163,0.72,0.358,1.035,0.673 c0.315,0.315,0.51,0.615,0.673,1.035c0.123,0.317,0.27,0.794,0.31,1.671c0.043,0.949,0.052,1.234,0.052,3.637 s-0.009,2.688-0.052,3.637c-0.04,0.877-0.187,1.354-0.31,1.671c-0.163,0.42-0.358,0.72-0.673,1.035 c-0.315,0.315-0.615,0.51-1.035,0.673c-0.317,0.123-0.794,0.27-1.671,0.31c-0.949,0.043-1.233,0.052-3.637,0.052 s-2.688-0.009-3.637-0.052c-0.877-0.04-1.354-0.187-1.671-0.31c-0.42-0.163-0.72-0.358-1.035-0.673 c-0.315-0.315-0.51-0.615-0.673-1.035c-0.123-0.317-0.27-0.794-0.31-1.671C4.631,14.688,4.622,14.403,4.622,12 s0.009-2.688,0.052-3.637c0.04-0.877,0.187-1.354,0.31-1.671c0.163-0.42,0.358-0.72,0.673-1.035 c0.315-0.315,0.615-0.51,1.035-0.673c0.317-0.123,0.794-0.27,1.671-0.31C9.312,4.631,9.597,4.622,12,4.622 M12,3 C9.556,3,9.249,3.01,8.289,3.054C7.331,3.098,6.677,3.25,6.105,3.472C5.513,3.702,5.011,4.01,4.511,4.511 c-0.5,0.5-0.808,1.002-1.038,1.594C3.25,6.677,3.098,7.331,3.054,8.289C3.01,9.249,3,9.556,3,12c0,2.444,0.01,2.751,0.054,3.711 c0.044,0.958,0.196,1.612,0.418,2.185c0.23,0.592,0.538,1.094,1.038,1.594c0.5,0.5,1.002,0.808,1.594,1.038 c0.572,0.222,1.227,0.375,2.185,0.418C9.249,20.99,9.556,21,12,21s2.751-0.01,3.711-0.054c0.958-0.044,1.612-0.196,2.185-0.418 c0.592-0.23,1.094-0.538,1.594-1.038c0.5-0.5,0.808-1.002,1.038-1.594c0.222-0.572,0.375-1.227,0.418-2.185 C20.99,14.751,21,14.444,21,12s-0.01-2.751-0.054-3.711c-0.044-0.958-0.196-1.612-0.418-2.185c-0.23-0.592-0.538-1.094-1.038-1.594 c-0.5-0.5-1.002-0.808-1.594-1.038c-0.572-0.222-1.227-0.375-2.185-0.418C14.751,3.01,14.444,3,12,3L12,3z M12,7.378 c-2.552,0-4.622,2.069-4.622,4.622S9.448,16.622,12,16.622s4.622-2.069,4.622-4.622S14.552,7.378,12,7.378z M12,15 c-1.657,0-3-1.343-3-3s1.343-3,3-3s3,1.343,3,3S13.657,15,12,15z M16.804,6.116c-0.596,0-1.08,0.484-1.08,1.08 s0.484,1.08,1.08,1.08c0.596,0,1.08-0.484,1.08-1.08S17.401,6.116,16.804,6.116z\"><\/path><\/svg><span class=\"wp-block-social-link-label screen-reader-text\">Instagram: Plataforma Desencarcera<\/span><\/a><\/li><\/ul>\n<\/div>\n\n\n\n<div class=\"wp-block-column is-layout-flow\" style=\"flex-basis:100%\">\n<h6 class=\"wp-block-heading has-text-align-center\"><strong><mark style=\"background-color:rgba(0, 0, 0, 0)\" class=\"has-inline-color has-background-color\">FINANCIADORES E PARCEIROS<\/mark><\/strong><\/h6>\n\n\n\n<p class=\"has-text-align-center\" style=\"font-size:15px\"><mark style=\"background-color:rgba(0, 0, 0, 0)\" class=\"has-inline-color has-background-color\">O LABTRAB\/UFMG \u00e9 certificado pelo Diret\u00f3rio dos<br>Grupos de Pesquisa no Brasil do Conselho Nacional <br>de Desenvolvimento Cient\u00edfico e Tecnol\u00f3gico \u2013 CNPq.\u00a0<br><a rel=\"noreferrer noopener\" href=\"http:\/\/dgp.cnpq.br\/dgp\/espelhogrupo\/185376\" data-type=\"URL\" data-id=\"http:\/\/dgp.cnpq.br\/dgp\/espelhogrupo\/185376\" target=\"_blank\">Acesse aqui<\/a>.<\/mark><\/p>\n<\/div>\n\n\n\n<div class=\"wp-block-column is-layout-flow\" style=\"flex-basis:100%\"><div class=\"wp-block-image\">\n<figure class=\"aligncenter size-large\"><img decoding=\"async\" loading=\"lazy\" width=\"367\" height=\"179\" src=\"http:\/\/www.fafich.ufmg.br\/labtrab\/wp-content\/uploads\/2021\/09\/2.png\" alt=\"\" class=\"wp-image-531\" srcset=\"https:\/\/www.fafich.ufmg.br\/labtrab\/wp-content\/uploads\/2021\/09\/2.png 367w, https:\/\/www.fafich.ufmg.br\/labtrab\/wp-content\/uploads\/2021\/09\/2-300x146.png 300w\" sizes=\"(max-width: 367px) 100vw, 367px\" \/><\/figure><\/div>\n\n<div class=\"wp-block-image\">\n<figure class=\"aligncenter size-large is-resized\"><img decoding=\"async\" loading=\"lazy\" src=\"http:\/\/www.fafich.ufmg.br\/labtrab\/wp-content\/uploads\/2021\/09\/1.png\" alt=\"\" class=\"wp-image-529\" width=\"317\" height=\"147\" srcset=\"https:\/\/www.fafich.ufmg.br\/labtrab\/wp-content\/uploads\/2021\/09\/1.png 386w, https:\/\/www.fafich.ufmg.br\/labtrab\/wp-content\/uploads\/2021\/09\/1-300x139.png 300w\" sizes=\"(max-width: 317px) 100vw, 317px\" \/><\/figure><\/div><\/div>\n<\/div>\n<\/div><\/div>\n","protected":false},"excerpt":{"rendered":"<p>Professoras Coordenadoras Carolyne Reis BarrosVanessa Andrade Barros Pesquisadoras Mobilizadoras Maria Constantina C. da SilvaMaria Tereza dos SantosRosemeire Pereira Pesquisadoras(es) Doutoras(es) Andrea PujolDominique LhuilierJo\u00e3o Batista Moreira PintoTha\u00edsa Vilela Fonseca Amaral Doutorandas(os) Maryana Pereira J\u00e1comeRafael Nascimento Castro Pesquisadoras Mestras Aiezha Fl\u00e1via P. M. GuabirabaFernanda Silva de Assis Ribeiro Mestrandas(os) Barbara A. da S. FariaGuilherme dos S. de [&hellip;]<\/p>\n","protected":false},"author":1,"featured_media":0,"parent":0,"menu_order":0,"comment_status":"closed","ping_status":"closed","template":"","meta":[],"acf":[],"_links":{"self":[{"href":"https:\/\/www.fafich.ufmg.br\/labtrab\/index.php?rest_route=\/wp\/v2\/pages\/9"}],"collection":[{"href":"https:\/\/www.fafich.ufmg.br\/labtrab\/index.php?rest_route=\/wp\/v2\/pages"}],"about":[{"href":"https:\/\/www.fafich.ufmg.br\/labtrab\/index.php?rest_route=\/wp\/v2\/types\/page"}],"author":[{"embeddable":true,"href":"https:\/\/www.fafich.ufmg.br\/labtrab\/index.php?rest_route=\/wp\/v2\/users\/1"}],"replies":[{"embeddable":true,"href":"https:\/\/www.fafich.ufmg.br\/labtrab\/index.php?rest_route=%2Fwp%2Fv2%2Fcomments&post=9"}],"version-history":[{"count":29,"href":"https:\/\/www.fafich.ufmg.br\/labtrab\/index.php?rest_route=\/wp\/v2\/pages\/9\/revisions"}],"predecessor-version":[{"id":1013,"href":"https:\/\/www.fafich.ufmg.br\/labtrab\/index.php?rest_route=\/wp\/v2\/pages\/9\/revisions\/1013"}],"wp:attachment":[{"href":"https:\/\/www.fafich.ufmg.br\/labtrab\/index.php?rest_route=%2Fwp%2Fv2%2Fmedia&parent=9"}],"curies":[{"name":"wp","href":"https:\/\/api.w.org\/{rel}","templated":true}]}}