{"id":11,"date":"2020-02-10T21:29:52","date_gmt":"2020-02-11T00:29:52","guid":{"rendered":"http:\/\/www.fafich.ufmg.br\/lacs\/?page_id=11"},"modified":"2021-12-01T13:13:25","modified_gmt":"2021-12-01T16:13:25","slug":"pagina-inicial","status":"publish","type":"page","link":"https:\/\/www.fafich.ufmg.br\/lacs\/","title":{"rendered":"In\u00edcio"},"content":{"rendered":"\n<p>O Laborat\u00f3rio de Antropologia das Controv\u00e9rsias Sociot\u00e9cnicas (LACS) \u00e9 vinculado ao Departamento de Antropologia e Arqueologia da Faculdade de Filosofia e Ci\u00eancias Humanas da Universidade Federal de Minas Gerais. Constitu\u00eddo por quatro Linhas de Pesquisa, o LACS enfatiza discuss\u00f5es multidisciplinares em di\u00e1logo com a antropologia social e cultural, e tamb\u00e9m participa da Rede de Antropologia da Ci\u00eancia e da Tecnologia (ReACT). <\/p>\n\n\n\n<p>Entre em contato conosco: lacs.fafich.ufmg@gmail.com<\/p>\n\n\n\n<p>Conhe\u00e7a tamb\u00e9m o nosso canal do YouTube e acompanhe os eventos do LACS!  <\/p>\n","protected":false},"excerpt":{"rendered":"<p>O Laborat\u00f3rio de Antropologia das Controv\u00e9rsias Sociot\u00e9cnicas (LACS) \u00e9 vinculado ao Departamento de Antropologia e Arqueologia da Faculdade de Filosofia e Ci\u00eancias Humanas da Universidade Federal de Minas Gerais. Constitu\u00eddo por quatro Linhas de Pesquisa, o LACS enfatiza discuss\u00f5es multidisciplinares em di\u00e1logo com a antropologia social e cultural, e tamb\u00e9m participa da Rede de Antropologia [&hellip;]<\/p>\n","protected":false},"author":1,"featured_media":0,"parent":0,"menu_order":0,"comment_status":"closed","ping_status":"closed","template":"","meta":[],"_links":{"self":[{"href":"https:\/\/www.fafich.ufmg.br\/lacs\/index.php?rest_route=\/wp\/v2\/pages\/11"}],"collection":[{"href":"https:\/\/www.fafich.ufmg.br\/lacs\/index.php?rest_route=\/wp\/v2\/pages"}],"about":[{"href":"https:\/\/www.fafich.ufmg.br\/lacs\/index.php?rest_route=\/wp\/v2\/types\/page"}],"author":[{"embeddable":true,"href":"https:\/\/www.fafich.ufmg.br\/lacs\/index.php?rest_route=\/wp\/v2\/users\/1"}],"replies":[{"embeddable":true,"href":"https:\/\/www.fafich.ufmg.br\/lacs\/index.php?rest_route=%2Fwp%2Fv2%2Fcomments&post=11"}],"version-history":[{"count":4,"href":"https:\/\/www.fafich.ufmg.br\/lacs\/index.php?rest_route=\/wp\/v2\/pages\/11\/revisions"}],"predecessor-version":[{"id":333,"href":"https:\/\/www.fafich.ufmg.br\/lacs\/index.php?rest_route=\/wp\/v2\/pages\/11\/revisions\/333"}],"wp:attachment":[{"href":"https:\/\/www.fafich.ufmg.br\/lacs\/index.php?rest_route=%2Fwp%2Fv2%2Fmedia&parent=11"}],"curies":[{"name":"wp","href":"https:\/\/api.w.org\/{rel}","templated":true}]}}