{"id":12,"date":"2020-02-10T21:29:52","date_gmt":"2020-02-11T00:29:52","guid":{"rendered":"http:\/\/www.fafich.ufmg.br\/lacs\/?page_id=12"},"modified":"2022-05-10T15:20:39","modified_gmt":"2022-05-10T18:20:39","slug":"sobre","status":"publish","type":"page","link":"https:\/\/www.fafich.ufmg.br\/lacs\/?page_id=12","title":{"rendered":"Linhas de Pesquisa"},"content":{"rendered":"<p><b>Antropologia da Ci\u00eancia e da Tecnologia (ACT)\u00a0<\/b><\/p>\n<p>Esta linha contempla pesquisas interessadas em investigar fatos e artefatos t\u00e9cnicos e cient\u00edficos etnogr\u00e1fica e simetricamente, isto \u00e9, em realizar etnografias nas quais os aspectos pol\u00edticos e sociais e os t\u00e9cnico-cient\u00edficos da inova\u00e7\u00e3o, do conhecimento ou da pr\u00e1tica em quest\u00e3o s\u00e3o considerados conjuntamente.<\/p>\n<p><strong>Ag\u00eancias Humanas e Extra-humanas (AHE)<\/strong><\/p>\n<p>Esta linha contempla pesquisas interessadas em refletir sobre o problema da ag\u00eancia, ou da produ\u00e7\u00e3o da diferen\u00e7a ou da associa\u00e7\u00e3o, em situa\u00e7\u00f5es ou contextos que mobilizam humanos e n\u00e3o humanos, como em um laborat\u00f3rio cient\u00edfico, um templo religioso, uma pra\u00e7a p\u00fablica, um s\u00edtio ecol\u00f3gico, no meio da floresta, de um parque, de um deserto ou entre os escombros dos tempos presentes.<\/p>\n<p><strong>Grafias e Pr\u00e1ticas de Conhecimento (GPC)<\/strong><\/p>\n<p>Esta linha contempla pesquisas interessadas em refletir sobre os potenciais e os limites das grafias \u2013 entendidas em sentido amplo como inscri\u00e7\u00f5es (desenhos, escritas, imagens fotossens\u00edveis, obras de arte, mas tamb\u00e9m as coisas e seus rastros) \u2013 na produ\u00e7\u00e3o do conhecimento antropol\u00f3gico, bem como sobre as rela\u00e7\u00f5es entre diferentes modalidades de grafias e diferentes pr\u00e1ticas de conhecimento.<\/p>\n<p><strong>Pr\u00e1ticas Etnogr\u00e1ficas Sim\u00e9tricas (PES)<\/strong><\/p>\n<p>Esta linha contempla pesquisas interessadas em problematizar o fazer antropol\u00f3gico contempor\u00e2neo a partir de uma perspectiva sim\u00e9trica, como pr\u00e1tica de conhecimento fundada em rela\u00e7\u00f5es de alteridade que exigem a coloca\u00e7\u00e3o em co-presen\u00e7a de perspectivas reversas e que considere os potenciais e os limites da autoantropologia, da antropologia compartilhada, da antropologia multisituada e da antropologia engajada; da etnografia no campo e nas redes; da etnografia on e off-line e da relev\u00e2ncia ou n\u00e3o desta distin\u00e7\u00e3o.<\/p>\n","protected":false},"excerpt":{"rendered":"<p>Antropologia da Ci\u00eancia e da Tecnologia (ACT)\u00a0 Esta linha contempla pesquisas interessadas em investigar fatos e artefatos t\u00e9cnicos e cient\u00edficos etnogr\u00e1fica e simetricamente, isto \u00e9, em realizar etnografias nas quais os aspectos pol\u00edticos e sociais e os t\u00e9cnico-cient\u00edficos da inova\u00e7\u00e3o, do conhecimento ou da pr\u00e1tica em quest\u00e3o s\u00e3o considerados conjuntamente. Ag\u00eancias Humanas e Extra-humanas (AHE) [&hellip;]<\/p>\n","protected":false},"author":1,"featured_media":0,"parent":0,"menu_order":0,"comment_status":"closed","ping_status":"closed","template":"","meta":[],"_links":{"self":[{"href":"https:\/\/www.fafich.ufmg.br\/lacs\/index.php?rest_route=\/wp\/v2\/pages\/12"}],"collection":[{"href":"https:\/\/www.fafich.ufmg.br\/lacs\/index.php?rest_route=\/wp\/v2\/pages"}],"about":[{"href":"https:\/\/www.fafich.ufmg.br\/lacs\/index.php?rest_route=\/wp\/v2\/types\/page"}],"author":[{"embeddable":true,"href":"https:\/\/www.fafich.ufmg.br\/lacs\/index.php?rest_route=\/wp\/v2\/users\/1"}],"replies":[{"embeddable":true,"href":"https:\/\/www.fafich.ufmg.br\/lacs\/index.php?rest_route=%2Fwp%2Fv2%2Fcomments&post=12"}],"version-history":[{"count":4,"href":"https:\/\/www.fafich.ufmg.br\/lacs\/index.php?rest_route=\/wp\/v2\/pages\/12\/revisions"}],"predecessor-version":[{"id":357,"href":"https:\/\/www.fafich.ufmg.br\/lacs\/index.php?rest_route=\/wp\/v2\/pages\/12\/revisions\/357"}],"wp:attachment":[{"href":"https:\/\/www.fafich.ufmg.br\/lacs\/index.php?rest_route=%2Fwp%2Fv2%2Fmedia&parent=12"}],"curies":[{"name":"wp","href":"https:\/\/api.w.org\/{rel}","templated":true}]}}