{"id":14,"date":"2020-02-10T21:29:52","date_gmt":"2020-02-11T00:29:52","guid":{"rendered":"http:\/\/www.fafich.ufmg.br\/lacs\/?page_id=14"},"modified":"2022-03-16T10:25:48","modified_gmt":"2022-03-16T13:25:48","slug":"blog","status":"publish","type":"page","link":"https:\/\/www.fafich.ufmg.br\/lacs\/?page_id=14","title":{"rendered":"Conhe\u00e7a os pesquisadores e pesquisadoras do LACS"},"content":{"rendered":"\n<p><strong>Componentes Efetivos<\/strong><\/p>\n\n\n\n<p><a href=\"http:\/\/www.somos.ufmg.br\/professor\/eduardo-viana-vargas\">Eduardo Viana Vargas<\/a><\/p>\n\n\n\n<p>Professor Associado de Antropologia na FAFICH, UFMG, onde coordena o Laborat\u00f3rio de Antropologia das Controv\u00e9rsias Sociot\u00e9cnicas. Foi editor da revista Teoria e Sociedade e \u00e9 membro do comit\u00ea editorial das revistas Teoria e Sociedade, Devires (Cinema e Humanidades) e Tr\u00eas Pontos. \u00c9 autor de Antes Tarde do que nunca: Gabriel Tarde e a emerg\u00eancia das ci\u00eancias sociais (2000) e organizador de Gabriel Tarde ? Monadologia e Sociologia e outros ensaios (2007 e 2018), tendo publicado ainda v\u00e1rios artigos sobre uso de drogas l\u00edcitas e il\u00edcitas. Suas \u00e1reas de atua\u00e7\u00e3o dentro da antropologia envolvem Teoria Antropol\u00f3gica, Antropologia da Ci\u00eancia e da Tecnologia, Antropologia Visual, Antropologia Sim\u00e9trica e Antropologia do Corpo e da Sa\u00fade. Atualmente pesquisa controv\u00e9rsias sociot\u00e9cnicas no norte de Mo\u00e7ambique.<\/p>\n\n\n\n<p><a href=\"http:\/\/www.somos.ufmg.br\/professor\/erica-renata-de-souza\">Erica Souza<\/a><\/p>\n\n\n\n<p>Professora Associada I do Departamento de Antropologia e Arqueologia da Faculdade de Filosofia e Ci\u00eancias Humanas (FAFICH), Universidade Federal de Minas Gerais (UFMG), coordenadora do Grupo de Pesquisa G\u00eanero e Sexualidades (GESEX-FAFICH\/UFMG) e vinculada ao N\u00facleo de Direitos Humanos e Cidadania LGBT (NUH), FAFICH\/UFMG). Pesquisadora do Laborat\u00f3rio das Controv\u00e9risas Sociot\u00e9cnicas (LACS-FAFICH\/UFMG) e do Grupo de Estudos Interdisciplinares em Ci\u00eancia e Tecnologia (GEICT) do Instituto de Geoci\u00eancias da UNICAMP. Sua \u00e1rea de concentra\u00e7\u00e3o \u00e9 Antropologia, tendo atuado principalmente nos temas de g\u00eanero, corpo, sexualidades, fam\u00edlia e maternidade.  Atualmente desenvolve pesquisas sobre a interface entre a Antropologia do G\u00eanero e a Antropologia da Ci\u00eancia.<strong>&nbsp;<\/strong><\/p>\n\n\n\n<p><a href=\"http:\/\/www.somos.ufmg.br\/professor\/magda-dos-santos-ribeiro\">Magda S. Ribeiro<\/a><\/p>\n\n\n\n<p>Professora adjunta do Departamento de Antropologia e Arqueologia da Universidade Federal de Minas Gerais e pesquisadora associada ao Laborat\u00f3rio de Antropologia das Controv\u00e9rsias Sociot\u00e9cnicas &#8211; LACS\/UFMG.  Realiza pesquisa de campo com povos castanheiros na regi\u00e3o do Jar\u00ed, Amap\u00e1, Amaz\u00f4nia oriental. Suas pesquisas buscam compreender as rela\u00e7\u00f5es entre os chamados conhecimentos tradicionais e pr\u00e1ticas euro-americanas de conhecimento por meio de uma perspectiva comparada, com \u00eanfase nos seguintes temas: economias da troca; cultura material e consumo; imagem e conhecimento, meio ambiente e capitalismo. Sua pesquisa atual centra-se na produ\u00e7\u00e3o de conhecimento tradicional (povos castanheiros) e a produ\u00e7\u00e3o de conhecimento cient\u00edfico relacionado \u00e0 biologia sint\u00e9tica, com foco nas muitas facetas que envolvem os regimes de apropria\u00e7\u00e3o e propriedade, seja enquanto pr\u00e1ticas de colabora\u00e7\u00e3o e criatividade ou como exerc\u00edcio de poder e domina\u00e7\u00e3o. <\/p>\n\n\n\n<p><a href=\"http:\/\/www.somos.ufmg.br\/professor\/rogerio-brittes-wanderley-pires\">Rog\u00e9rio Brittes W. Pires<\/a><\/p>\n\n\n\n<p>Professor do departamento de Antropologia e Arqueologia da Universidade Federal de Minas Gerais. Vinculado ao LACS desde 2004 (direta ou indiretamente, de m\u00faltiplas formas). Desde 2010, concentro a maior parte de meus interesses de pesquisa em torno dos Saamaka, povo businenge (ou quilombola) do Suriname. Foco nos temas da religi\u00e3o e da pol\u00edtica, pensando sobretudo em universos afro-americanos e caribenhos; sempre com um profundo fasc\u00ednio pelo m\u00e9todo etnogr\u00e1fico e pelas teorias antropol\u00f3gicas, tanto cl\u00e1ssicas quanto contempor\u00e2neas. No passado, trabalhei com antropologia do corpo e da sexualidade (focando em pr\u00e1ticas fetichistas e sadomasoquistas), com pesquisas em arquivos (acerca das fronteiras das Guianas) e com a hist\u00f3ria da filosofia e das ci\u00eancias da religi\u00e3o (sobretudo o conceito de fetiche religioso). Esses seguem sendo temas de interesse paralelo.<\/p>\n\n\n\n<p><a href=\"http:\/\/lattes.cnpq.br\/9151772508155518\">Flora Villas Carvalho<\/a><\/p>\n\n\n\n<p>Mestranda no programa de Mestrado em Divulga\u00e7\u00e3o Cient\u00edfica e Cultural &#8211; Labjor, pela Unicamp. Graduada em Antropologia com habilita\u00e7\u00e3o em Antropologia Social pela Universidade Federal de Minas Gerais (UFMG) e graduanda da habilita\u00e7\u00e3o em Arqueologia. Associada \u00e0 Esocite.Br e membro do Grupo de Pesquisa G\u00eanero e Sexualidade (GESEX) e do Laborat\u00f3rio de Antropologia das Controv\u00e9rsias Sociot\u00e9cnicas (REACT), ambos do Departamento de Antropologia e Arqueologia da Universidade Federal de Minas Gerais. \u00c9 tamb\u00e9m participante do Laborat\u00f3rio de estudos socioantropol\u00f3gicos sobre tecnologias da vida (Labirinto &#8211; Labjor\/Unicamp). Trabalha nas \u00e1reas de Antropologia e Arqueologia, com \u00eanfase em antropologia e arqueologia do g\u00eanero e da sexualidade e antropologia da ci\u00eancia e da tecnologia.<\/p>\n\n\n\n<p><a href=\"http:\/\/lattes.cnpq.br\/2310642507156194\">Mariana Vilas B\u00f4as<\/a><\/p>\n\n\n\n<p>Possui gradua\u00e7\u00e3o em Ci\u00eancias Sociais pela Universidade Federal de Minas Gerais (2001) e mestrado em Sociologia pela Universidade Federal de Minas Gerais (2007), mestrado em Antropologia Social pela UFMG (2019). Cursando doutorado no PPGAN\/UFMG. Tem experi\u00eancia na \u00e1rea de Antropologia, atuando principalmente nos seguintes temas: territ\u00f3rios existenciais, controv\u00e9rsias sociot\u00e9cnicas, antropologia social, cosmopol\u00edtica, conflitos ontol\u00f3gicos, direitos dos povos ind\u00edgenas.<\/p>\n\n\n\n<p><strong>Componentes Colaboradores<\/strong><\/p>\n\n\n\n<p><a href=\"http:\/\/lattes.cnpq.br\/4006392997846061\">\u00cdtalo Cassimiro Costa<\/a><\/p>\n\n\n\n<p>Mestrando em Antropologia Social pelo Programa de P\u00f3s-Gradua\u00e7\u00e3o em Antropologia do Departamento de Antropologia e Arqueologia da Universidade Federal de Minas Gerais (PPGAn\/DAA\/UFMG). Possui gradua\u00e7\u00e3o (bacharelado e licenciatura) em Ci\u00eancias Sociais pela mesma institui\u00e7\u00e3o. Foi bolsista de Extens\u00e3o Universit\u00e1ria no Centro de Mem\u00f3ria da Medicina da UFMG (Cememor &#8211; UFMG). Durante a gradua\u00e7\u00e3o realizou interc\u00e2mbio nacional na Universidade Federal do Rio Grande do Sul (UFRGS), onde concentrou estudos na linha de Antropologia do Corpo e da Sa\u00fade. Atualmente, com base nos estudos sociais da ci\u00eancia, sua pesquisa busca compreender pr\u00e1ticas terap\u00eauticas, processos de tratamento\/cura e as socialidades em sa\u00fade na contemporaneidade por meio de di\u00e1logo com redes sociot\u00e9cnicas compostas por movimentos sociais, institui\u00e7\u00f5es p\u00fablicas e privadas, saberes e conhecimentos coletivos humanos e n\u00e3o-humanos.<\/p>\n\n\n\n<p><a href=\"http:\/\/lattes.cnpq.br\/8304248878327235\">Ricardo Alexandre Pereira de Oliveira<\/a><\/p>\n\n\n\n<p>Doutorando em Antropologia Social pelo PPGAS &#8211; UnB. Tem bacharelado e mestrado em Antropologia Social pela UFMG (2014, 2017). Fez parte do Programa Cidade e Alteridade: Conviv\u00eancia Multicultural e Justi\u00e7a Urbana (UFMG) e do Programa Mapeamento de Povos e Comunidades Tradicionais de Minas Gerais: visibiliza\u00e7\u00e3o e inclus\u00e3o sociopol\u00edtica (UFMG). Atualmente \u00e9 membro do Laborat\u00f3rio de Antropologia da Ci\u00eancia e da T\u00e9cnica (LACT-UnB). Seus principais temas de interesse s\u00e3o antropologia do meio ambiente, antropologia das ci\u00eancias, povos ind\u00edgenas e comunidades tradicionais, conserva\u00e7\u00e3o ambiental, Antropoceno.<\/p>\n\n\n\n<p><a href=\"http:\/\/lattes.cnpq.br\/8223270425956809\">Amanda Bartolomeu Santos<\/a><\/p>\n\n\n\n<p>Doutoranda no Programa de P\u00f3s-Gradua\u00e7\u00e3o em Antropologia Social da Universidade de Bras\u00edlia (UnB). Fiz mestrado em Antropologia Social na Universidade Federal do Rio Grande do Sul (UFRGS) e gradua\u00e7\u00e3o em Antropologia na Universidade Federal de Minas Gerais (UFMG). Trabalho como indigenista especializada na Funda\u00e7\u00e3o Nacional do \u00cdndio (Funai).<\/p>\n\n\n\n<p><a href=\"http:\/\/lattes.cnpq.br\/1204760973935396\">Ruth Danielle Beirigo Lopes<\/a><\/p>\n\n\n\n<p>Chefe do Servi\u00e7o de Antropologia, na Coordena\u00e7\u00e3o Geral de Identifica\u00e7\u00e3o e Delimita\u00e7\u00e3o da Diretoria de Prote\u00e7\u00e3o Territorial da Funda\u00e7\u00e3o Nacional do \u00cdndio (Funai). Graduei em ci\u00eancias sociais pela UFMG com uma monografia desenvolvida no \u00e2mbito das atividades de pesquisa do LACS. Desde de 2008, tenho me dedicado \u00e0 etnologia amer\u00edndia, sobretudo ao grupo de l\u00edngua Pano Noke Koi e seus regimes ontol\u00f3gicos e sociais, que foram objeto da minha disserta\u00e7\u00e3o de mestrado e posteriormente da tese de doutorado. Nos \u00faltimos anos tenho me dedicado a estudar sistemas sociocosmol\u00f3gicos amer\u00edndios, com especial aten\u00e7\u00e3o aos modos de rela\u00e7\u00e3o amer\u00edndios envolvendo territorialidades, mobilidade, cultivos, parentesco e rela\u00e7\u00f5es multiesp\u00e9cies de plantas e humanos.<\/p>\n\n\n\n<p><strong>Componentes Discentes<\/strong><\/p>\n\n\n\n<p><strong>Componentes antigos<\/strong><\/p>\n\n\n\n<p><a href=\"http:\/\/lattes.cnpq.br\/9050416327462007\">Flora Rodrigues Gon\u00e7alves<\/a><\/p>\n\n\n\n<p>Possui gradua\u00e7\u00e3o em Ci\u00eancias Sociais pela Universidade Federal de Minas Gerais (2007), Mestrado (2010) e Doutorado em Antropologia Social pela Universidade Federal de Minas Gerais (2019). \u00c9 autora da Tese intitulada: &#8220;Autorias em contexto: estudos antropol\u00f3gicos sobre cria\u00e7\u00e3o e propriedade, premiada pelo Pr\u00eamio UFMG de Teses em 2020 como melhor Tese do Programa de P\u00f3s-Gradua\u00e7\u00e3o em Antropologia e ganhadora da men\u00e7\u00e3o honrosa do Pr\u00eamio ESOCITE.BR de Melhor Tese de Doutorado na \u00e1rea de Estudos Sociais da Ci\u00eancia e da Tecnologia, no bi\u00eanio 2019-2021. \u00c9 pesquisadora vinculada do Grupo de pesquisa GESEX &#8211; Grupo de Pesquisa G\u00eanero e Sexualidade\/UFMG e do LACS &#8211; Laborat\u00f3rio de Antropologia das Controv\u00e9rsias S\u00f3cio T\u00e9cnicas\/UFMG. Atualmente, \u00e9 p\u00f3s-doutoranda em Sa\u00fade Coletiva pelo Instituto Ren\u00e9 Rachou &#8211; Fiocruz Minas Gerais. \u00c9 m\u00e3e do Bernardo e do Ravi.<\/p>\n\n\n\n<p><a href=\"http:\/\/lattes.cnpq.br\/7633293202529238\">Camila de Caux<\/a><\/p>\n\n\n\n<p>Camila \u00e9 antrop\u00f3loga e escritora. Concluiu o seu doutorado em Antropologia Social no Museu Nacional em 2015. Os seus interesses, formados na conflu\u00eancia entre a est\u00e9tica liter\u00e1ria e o questionamento antropol\u00f3gico, concentram-se principalmente na reflex\u00e3o sobre corpos, meio e rela\u00e7\u00f5es, e suas reverbera\u00e7\u00f5es nas pol\u00edticas de g\u00eanero.<\/p>\n\n\n\n<p><a href=\"http:\/\/lattes.cnpq.br\/1739568929755835\">Lu\u00edsa Reis Castro<\/a><\/p>\n\n\n\n<p>Lu\u00edsa Reis-Castro \u00e9 pesquisadora p\u00f3s-doutora na Society of Fellows in the Humanities da Universidade do Sul da Calif\u00f3rnia (USC). Ela obteve seu doutorado em Hist\u00f3ria, Antropologia e Ci\u00eancia, Tecnologia e Sociedade (HASTS) pelo Instituto de Tecnologia de Massachusetts (MIT). Sua pesquisa centra-se nas rela\u00e7\u00f5es entre sa\u00fade, ci\u00eancia e ambiente num mundo interdependente e desigual cada vez mais afetado pelas atividades antropog\u00eanicas.<\/p>\n\n\n\n<p><\/p>\n\n\n\n<p><\/p>\n","protected":false},"excerpt":{"rendered":"<p>Componentes Efetivos Eduardo Viana Vargas Professor Associado de Antropologia na FAFICH, UFMG, onde coordena o Laborat\u00f3rio de Antropologia das Controv\u00e9rsias Sociot\u00e9cnicas. Foi editor da revista Teoria e Sociedade e \u00e9 membro do comit\u00ea editorial das revistas Teoria e Sociedade, Devires (Cinema e Humanidades) e Tr\u00eas Pontos. \u00c9 autor de Antes Tarde do que nunca: Gabriel [&hellip;]<\/p>\n","protected":false},"author":1,"featured_media":0,"parent":0,"menu_order":0,"comment_status":"closed","ping_status":"closed","template":"","meta":[],"_links":{"self":[{"href":"https:\/\/www.fafich.ufmg.br\/lacs\/index.php?rest_route=\/wp\/v2\/pages\/14"}],"collection":[{"href":"https:\/\/www.fafich.ufmg.br\/lacs\/index.php?rest_route=\/wp\/v2\/pages"}],"about":[{"href":"https:\/\/www.fafich.ufmg.br\/lacs\/index.php?rest_route=\/wp\/v2\/types\/page"}],"author":[{"embeddable":true,"href":"https:\/\/www.fafich.ufmg.br\/lacs\/index.php?rest_route=\/wp\/v2\/users\/1"}],"replies":[{"embeddable":true,"href":"https:\/\/www.fafich.ufmg.br\/lacs\/index.php?rest_route=%2Fwp%2Fv2%2Fcomments&post=14"}],"version-history":[{"count":12,"href":"https:\/\/www.fafich.ufmg.br\/lacs\/index.php?rest_route=\/wp\/v2\/pages\/14\/revisions"}],"predecessor-version":[{"id":354,"href":"https:\/\/www.fafich.ufmg.br\/lacs\/index.php?rest_route=\/wp\/v2\/pages\/14\/revisions\/354"}],"wp:attachment":[{"href":"https:\/\/www.fafich.ufmg.br\/lacs\/index.php?rest_route=%2Fwp%2Fv2%2Fmedia&parent=14"}],"curies":[{"name":"wp","href":"https:\/\/api.w.org\/{rel}","templated":true}]}}