{"id":63,"date":"2020-02-11T21:12:56","date_gmt":"2020-02-12T00:12:56","guid":{"rendered":"http:\/\/www.fafich.ufmg.br\/lacs\/?page_id=63"},"modified":"2023-05-02T13:44:00","modified_gmt":"2023-05-02T16:44:00","slug":"conheca-o-lacs-2","status":"publish","type":"page","link":"https:\/\/www.fafich.ufmg.br\/lacs\/?page_id=63","title":{"rendered":"Apresenta\u00e7\u00e3o"},"content":{"rendered":"\n<p><\/p>\n\n\n\n<div class=\"wp-block-image\"><figure class=\"alignleft size-full is-resized\"><img loading=\"lazy\" src=\"http:\/\/www.fafich.ufmg.br\/lacs\/wp-content\/uploads\/2021\/05\/Logo-LACS-Fundo-preto.jpg\" alt=\"\" class=\"wp-image-178\" width=\"169\" height=\"169\" srcset=\"https:\/\/www.fafich.ufmg.br\/lacs\/wp-content\/uploads\/2021\/05\/Logo-LACS-Fundo-preto.jpg 618w, https:\/\/www.fafich.ufmg.br\/lacs\/wp-content\/uploads\/2021\/05\/Logo-LACS-Fundo-preto-150x150.jpg 150w, https:\/\/www.fafich.ufmg.br\/lacs\/wp-content\/uploads\/2021\/05\/Logo-LACS-Fundo-preto-300x300.jpg 300w, https:\/\/www.fafich.ufmg.br\/lacs\/wp-content\/uploads\/2021\/05\/Logo-LACS-Fundo-preto-100x100.jpg 100w\" sizes=\"(max-width: 169px) 100vw, 169px\" \/><\/figure><\/div>\n\n\n\n<p><\/p>\n\n\n\n<p class=\"has-text-align-left\">O Laborat\u00f3rio de Antropologia das Controv\u00e9rsias Sociot\u00e9cnicas (LACS) \u00e9 vinculado ao Departamento de Antropologia e Arqueologia da Faculdade de Filosofia e Ci\u00eancias Humanas da Universidade Federal de Minas Gerais. Com \u00eanfase de atua\u00e7\u00e3o no campo da antropologia social e cultural, possui um car\u00e1ter pluridisciplinar e interinstitucional.<br> O Laborat\u00f3rio de Antropologia das Controv\u00e9rsias Sociot\u00e9cnicas deu continuidade, substituindo em 2008, o Laborat\u00f3rio de Antropologia do Corpo e da Sa\u00fade (LACS) criado em 1997 como Grupo de Pesquisa do CNPq e institucionalmente vinculado ao ent\u00e3o Departamento de Sociologia e Antropologia da FAFICH\/UFMG para desenvolver, com o apoio da FAPEMIG, uma pesquisa interinstitucional de grande porte realizada em parceria com o Instituto de Pesquisas Sociais da UFJF sobre uso de medicamentos e drogas il\u00edcitas em Juiz de Fora, Minas Gerais.<br> Com \u00eanfase em pesquisas de car\u00e1ter etnogr\u00e1fico que envolvem situa\u00e7\u00f5es de controv\u00e9rsias sociot\u00e9cnicas onde n\u00e3o \u00e9 poss\u00edvel estabelecer de antem\u00e3o o que conta e o que n\u00e3o conta como social, o LACS tem especial interesse no estudo de grafias e pr\u00e1ticas de conhecimento e de ag\u00eancias humanas e extra-humanas, bem como na reflex\u00e3o e pr\u00e1tica sim\u00e9trica do fazer antropol\u00f3gico contempor\u00e2neo. <\/p>\n\n\n\n<p>O LACS faz parte do diret\u00f3rio de grupos do CNPq <\/p>\n\n\n\n<p><a href=\"http:\/\/dgp.cnpq.br\/dgp\/espelhogrupo\/742414\" data-type=\"URL\" data-id=\"http:\/\/dgp.cnpq.br\/dgp\/espelhogrupo\/742414\">ACESSE O GRUPO no diret\u00f3rio do CNPq<\/a><\/p>\n\n\n\n<p><\/p>\n","protected":false},"excerpt":{"rendered":"<p>O Laborat\u00f3rio de Antropologia das Controv\u00e9rsias Sociot\u00e9cnicas (LACS) \u00e9 vinculado ao Departamento de Antropologia e Arqueologia da Faculdade de Filosofia e Ci\u00eancias Humanas da Universidade Federal de Minas Gerais. Com \u00eanfase de atua\u00e7\u00e3o no campo da antropologia social e cultural, possui um car\u00e1ter pluridisciplinar e interinstitucional. O Laborat\u00f3rio de Antropologia das Controv\u00e9rsias Sociot\u00e9cnicas deu continuidade, [&hellip;]<\/p>\n","protected":false},"author":1,"featured_media":0,"parent":0,"menu_order":0,"comment_status":"closed","ping_status":"closed","template":"","meta":[],"_links":{"self":[{"href":"https:\/\/www.fafich.ufmg.br\/lacs\/index.php?rest_route=\/wp\/v2\/pages\/63"}],"collection":[{"href":"https:\/\/www.fafich.ufmg.br\/lacs\/index.php?rest_route=\/wp\/v2\/pages"}],"about":[{"href":"https:\/\/www.fafich.ufmg.br\/lacs\/index.php?rest_route=\/wp\/v2\/types\/page"}],"author":[{"embeddable":true,"href":"https:\/\/www.fafich.ufmg.br\/lacs\/index.php?rest_route=\/wp\/v2\/users\/1"}],"replies":[{"embeddable":true,"href":"https:\/\/www.fafich.ufmg.br\/lacs\/index.php?rest_route=%2Fwp%2Fv2%2Fcomments&post=63"}],"version-history":[{"count":21,"href":"https:\/\/www.fafich.ufmg.br\/lacs\/index.php?rest_route=\/wp\/v2\/pages\/63\/revisions"}],"predecessor-version":[{"id":418,"href":"https:\/\/www.fafich.ufmg.br\/lacs\/index.php?rest_route=\/wp\/v2\/pages\/63\/revisions\/418"}],"wp:attachment":[{"href":"https:\/\/www.fafich.ufmg.br\/lacs\/index.php?rest_route=%2Fwp%2Fv2%2Fmedia&parent=63"}],"curies":[{"name":"wp","href":"https:\/\/api.w.org\/{rel}","templated":true}]}}