{"id":512,"date":"2017-01-24T10:43:33","date_gmt":"2017-01-24T10:43:33","guid":{"rendered":"https:\/\/themepalacedemo.com\/graduate-pro\/?page_id=512"},"modified":"2019-07-15T03:58:23","modified_gmt":"2019-07-15T06:58:23","slug":"quem-somos","status":"publish","type":"page","link":"https:\/\/www.fafich.ufmg.br\/lhtp\/quem-somos\/","title":{"rendered":"Quem Somos"},"content":{"rendered":"<p>&nbsp;<\/p>\n<p><img loading=\"lazy\" decoding=\"async\" width=\"1920\" height=\"1080\" class=\"alignnone wp-image-841 size-full\" style=\"width: 100%;\" src=\"http:\/\/www.fafich.ufmg.br\/lhtp\/wp-content\/uploads\/2019\/07\/quem-somos.jpg\" alt=\"\" srcset=\"https:\/\/www.fafich.ufmg.br\/lhtp\/wp-content\/uploads\/2019\/07\/quem-somos.jpg 1920w, https:\/\/www.fafich.ufmg.br\/lhtp\/wp-content\/uploads\/2019\/07\/quem-somos-300x169.jpg 300w, https:\/\/www.fafich.ufmg.br\/lhtp\/wp-content\/uploads\/2019\/07\/quem-somos-768x432.jpg 768w, https:\/\/www.fafich.ufmg.br\/lhtp\/wp-content\/uploads\/2019\/07\/quem-somos-1024x576.jpg 1024w\" sizes=\"(max-width: 1920px) 100vw, 1920px\" \/><\/p>\n<div>\n<p>O LHTP resulta da aproxima\u00e7\u00e3o entre dois n\u00facleos de pesquisa que t\u00eam atua\u00e7\u00e3o consolidada no Departamento de Hist\u00f3ria e na Faculdade de Filosofia e Ci\u00eancias Humanas da UFMG: o N\u00facleo de Hist\u00f3ria Oral e o Grupo de Pesquisa Hist\u00f3ria Pol\u00edtica \u2013 Culturas Pol\u00edticas na Hist\u00f3ria, que agora passam a se abrigar no interior deste Laborat\u00f3rio. Com isso ser\u00e3o reunidos os acervos documentais produzidos em decorr\u00eancia das atividades dos dois grupos e, da mesma maneira, ser\u00e3o conjugadas as respectivas experi\u00eancias de pesquisa e de organiza\u00e7\u00e3o de eventos acad\u00eamicos.<\/p>\n<p>Entendemos que a Hist\u00f3ria do Tempo Presente (HTP) fornece uma ligadura adequada para os dois grupos, j\u00e1 que tem a hist\u00f3ria pol\u00edtica e a hist\u00f3ria oral como marcos essenciais. Por outro lado, a HTP incorpora outros objetos e abordagens, como as rela\u00e7\u00f5es sociais, culturais e econ\u00f4micas, o que nos estimula a abrir novos horizontes de pesquisa no futuro.<\/p>\n<p>A forma\u00e7\u00e3o do conceito da HTP, que passa a instituir um novo campo de pesquisas, remonta aos impactos da Segunda Grande Guerra na Europa, notadamente a partir de iniciativas de historiadores franceses e alem\u00e3es. O impulso para que historiadores se voltassem para temporalidades mais recentes veio do trauma da guerra, situa\u00e7\u00e3o que se repetiria em outros quadrantes e contextos. De fato, a historiografia dedicada aos per\u00edodos mais recentes \u00e9 resultado de demandas sociais pela compreens\u00e3o de eventos marcantes pr\u00f3ximos no tempo, o que trouxe novos desafios aos historiadores, anteriormente habituados a investigar apenas fen\u00f4menos mais recuados, com os quais eles pr\u00f3prios n\u00e3o tivessem experi\u00eancia (direta ou pr\u00f3xima). O aprofundamento do debate te\u00f3rico e metodol\u00f3gico levou a que fossem contornadas obje\u00e7\u00f5es tradicionais, sobretudo relativas aos temas da objetividade (que exigiria grande recuo temporal) e da dificuldade com acervos documentais. No segundo caso, ao contr\u00e1rio do que se imaginou de in\u00edcio, os pesquisadores da HTP t\u00eam se deparado com abund\u00e2ncia de fontes, que cada vez mais se ampliam, gerando novas quest\u00f5es \u2013 referentes, por exemplo, \u00e0s condi\u00e7\u00f5es de acesso e de organiza\u00e7\u00e3o de documentos de diferentes tipologias, que n\u00e3o raro referem-se a sujeitos ainda vivos. J\u00e1 a quest\u00e3o da objetividade tem sido pensada em outros termos, tanto na hist\u00f3ria e nas ci\u00eancias sociais como nas ci\u00eancias naturais. Todo pesquisador \u00e9 influenciado pelo contexto social e seu trabalho \u00e9 impactado por seus interesses e preocupa\u00e7\u00f5es, que podem trazer contribui\u00e7\u00e3o positiva ao conhecimento. Por\u00e9m, isso n\u00e3o significa abrir m\u00e3o do compromisso \u00e9tico e cient\u00edfico de colocar em perspectiva cr\u00edtica as pr\u00f3prias opini\u00f5es e valores, cotejando-as com as evid\u00eancias documentais e a pr\u00f3pria historiografia.<\/p>\n<p>Talvez esteja menos bem resolvida a quest\u00e3o dos limites \u2013 temporais, mas tamb\u00e9m em termos te\u00f3rico-metodol\u00f3gicos \u2013 da Hist\u00f3ria do Tempo Presente. Tais limites esbarram at\u00e9 mesmo em sua denomina\u00e7\u00e3o, j\u00e1 que \u00e9 comum tamb\u00e9m historiadores usarem a express\u00e3o Hist\u00f3ria Recente e\/ou questionarem a validade de \u201cTempo Presente\u201d para se pensar em eventos que, embora pr\u00f3ximos temporalmente, n\u00e3o s\u00e3o necessariamente \u201cpresentes\u201d contemporaneamente.<\/p>\n<p>Quanto aos limites cronol\u00f3gicos, h\u00e1 o entendimento predominante de que s\u00e3o fluidos e movedi\u00e7os, j\u00e1 que se trabalha com o crit\u00e9rio, basicamente, da exist\u00eancia de testemunhas vivas dos processos ou eventos em foco. De qualquer modo, a discuss\u00e3o sobre os marcos cronol\u00f3gicos tem como base, necessariamente, a nossa pr\u00f3pria temporalidade, ou seja, o fim da segunda d\u00e9cada do s\u00e9culo XXI.<\/p>\n<p>Por sua vez, a dimens\u00e3o do presente \u00e9 fundamental para pensar os marcos iniciais da hist\u00f3ria recente, pois, trata-se de enfocar quest\u00f5es do passado pr\u00f3ximo, que incidem com maior for\u00e7a na constru\u00e7\u00e3o da nossa pr\u00f3pria experi\u00eancia no tempo. Ademais, evita-se pensar o tempo de maneira linear, com base no entendimento de que a temporalidade \u00e9 um fen\u00f4meno plural, com alguns autores falando na exist\u00eancia de tempos co-presentes. A singularidade da Hist\u00f3ria do Tempo Presente reside em alguns elementos referentes a essa n\u00e3o linearidade, tais como a contemporaneidade do n\u00e3o contempor\u00e2neo, o presente do passado incorporado e a espessura temporal do \u201cespa\u00e7o de experi\u00eancia\u201d. Caracter\u00edsticas fundamentais quando se trabalha com hist\u00f3ria pol\u00edtica e hist\u00f3ria oral, buscando compreender a produ\u00e7\u00e3o de mem\u00f3rias, representa\u00e7\u00f5es e valores que constituem sujeitos individuais e coletivos.<\/p>\n<p>Ainda que conscientes do car\u00e1ter provis\u00f3rio de qualquer tentativa de delimita\u00e7\u00e3o, nossa proposta \u00e9 privilegiar a hist\u00f3ria recente do Brasil a partir dos anos 1960. \u00c9 fato que, nos anos 1940\/1950, come\u00e7aram a desenrolar-se conflitos e processos que se radicalizariam na d\u00e9cada de 1960, como o incremento de movimentos sociais nas cidades e nos campos, as mobiliza\u00e7\u00f5es em torno do nacionalismo e das demandas por reformas sociais e o crescimento da sensibilidade de direita que se expressou no anticomunismo, no conservadorismo e no liberalismo autorit\u00e1rio. Entretanto, tais processos e tend\u00eancias manifestaram-se com maior for\u00e7a nos anos 1960, quando os conflitos se tornaram mais agudos e contribu\u00edram para o golpe militar (com participa\u00e7\u00e3o civil) de 1964. A ditadura da\u00ed resultante tornou-se um horizonte inescap\u00e1vel nos estudos da hist\u00f3ria recente do Brasil, inclusive por seu lugar chave nos debates pol\u00edticos atuais.<\/p>\n<p>Ressalte-se, por\u00e9m, que n\u00e3o se pretende resumir a HTP a tem\u00e1ticas cl\u00e1ssicas da pol\u00edtica, afinal, importantes fen\u00f4menos sociais, culturais e econ\u00f4micos transbordam os marcos pol\u00edticos tradicionais, como a organiza\u00e7\u00e3o e\/ou fortalecimento dos movimentos de mulheres, dos negros, dos ind\u00edgenas e das pessoas LGBT, ou os processos de crescimento (e de retra\u00e7\u00e3o) da economia brasileira. Al\u00e9m de alguns destes temas j\u00e1 estarem contemplados pelo acervo que ora constitui os dois n\u00facleos de pesquisa que se re\u00fanem no Laborat\u00f3rio, temos a inten\u00e7\u00e3o, como anteriormente mencionado, de abrir os horizontes de pesquisa para novas tem\u00e1ticas e abordagens, contemplando o amplo espectro de possibilidades que a HTP oferece.<\/p>\n<h2>Objetivos:<\/h2>\n<p>O principal objetivo da forma\u00e7\u00e3o do LHTP \u00e9 fomentar e reunir pesquisas e atividades acad\u00eamicas vinculadas ao campo da Hist\u00f3ria do Tempo Presente, a partir das experi\u00eancias j\u00e1 constitu\u00eddas nos N\u00facleos de Hist\u00f3ria Oral e Hist\u00f3ria Pol\u00edtica (antigos N\u00facleo de Hist\u00f3ria Oral e o Grupo de Pesquisa Hist\u00f3ria Pol\u00edtica \u2013 Culturas Pol\u00edticas na Hist\u00f3ria). Nessa dire\u00e7\u00e3o, o prop\u00f3sito \u00e9 tanto o de aproximar pesquisadores de diferentes unidades da UFMG, como o de aprofundar a coopera\u00e7\u00e3o com centros de pesquisa estrangeiros.<\/p>\n<\/div>\n<div>\n<p>Considerando o escopo mais preciso das atividades do LHTP, as principais iniciativas ser\u00e3o as seguintes: orientar pesquisas acad\u00eamicas; produzir e organizar acervos documentais; dar acesso aos acervos documentais constitu\u00eddos (via web e no pr\u00f3prio LHTP); organizar eventos acad\u00eamicos; preparar publica\u00e7\u00f5es; coordenar grupos de discuss\u00e3o.<\/p>\n<\/div>\n","protected":false},"excerpt":{"rendered":"<p>&nbsp; O LHTP resulta da aproxima\u00e7\u00e3o entre dois n\u00facleos de pesquisa que t\u00eam atua\u00e7\u00e3o consolidada&#8230;<\/p>\n","protected":false},"author":2,"featured_media":841,"parent":0,"menu_order":0,"comment_status":"closed","ping_status":"closed","template":"","meta":{"footnotes":""},"_links":{"self":[{"href":"https:\/\/www.fafich.ufmg.br\/lhtp\/wp-json\/wp\/v2\/pages\/512"}],"collection":[{"href":"https:\/\/www.fafich.ufmg.br\/lhtp\/wp-json\/wp\/v2\/pages"}],"about":[{"href":"https:\/\/www.fafich.ufmg.br\/lhtp\/wp-json\/wp\/v2\/types\/page"}],"author":[{"embeddable":true,"href":"https:\/\/www.fafich.ufmg.br\/lhtp\/wp-json\/wp\/v2\/users\/2"}],"replies":[{"embeddable":true,"href":"https:\/\/www.fafich.ufmg.br\/lhtp\/wp-json\/wp\/v2\/comments?post=512"}],"version-history":[{"count":3,"href":"https:\/\/www.fafich.ufmg.br\/lhtp\/wp-json\/wp\/v2\/pages\/512\/revisions"}],"predecessor-version":[{"id":808,"href":"https:\/\/www.fafich.ufmg.br\/lhtp\/wp-json\/wp\/v2\/pages\/512\/revisions\/808"}],"wp:featuredmedia":[{"embeddable":true,"href":"https:\/\/www.fafich.ufmg.br\/lhtp\/wp-json\/wp\/v2\/media\/841"}],"wp:attachment":[{"href":"https:\/\/www.fafich.ufmg.br\/lhtp\/wp-json\/wp\/v2\/media?parent=512"}],"curies":[{"name":"wp","href":"https:\/\/api.w.org\/{rel}","templated":true}]}}