{"id":1400,"date":"2018-01-16T11:46:14","date_gmt":"2018-01-16T13:46:14","guid":{"rendered":"http:\/\/184.107.12.153\/~pospsicologia\/?page_id=1400"},"modified":"2022-06-21T19:05:13","modified_gmt":"2022-06-21T22:05:13","slug":"mestrado","status":"publish","type":"page","link":"https:\/\/www.fafich.ufmg.br\/pospsicologia\/mestrado\/","title":{"rendered":"Mestrado"},"content":{"rendered":"<p>[vc_row][vc_column][vc_custom_heading text=&#8221;Do Curso:&#8221; font_container=&#8221;tag:h1|text_align:left&#8221; use_theme_fonts=&#8221;yes&#8221;][vc_column_text]Criado em 1989, o curso de Mestrado do Programa de P\u00f3s-gradua\u00e7\u00e3o em Psicologia da UFMG \u00e9 organizado em torno de duas \u00e1reas de concentra\u00e7\u00e3o e suas respectivas linhas de pesquisa.[\/vc_column_text][vc_empty_space height=&#8221;60px&#8221;][\/vc_column][\/vc_row][vc_row][vc_column][vc_custom_heading text=&#8221;Da Orienta\u00e7\u00e3o: &#8221; font_container=&#8221;tag:h1|text_align:left&#8221; use_theme_fonts=&#8221;yes&#8221;][vc_column_text]Todo estudante admitido no curso recebe a orienta\u00e7\u00e3o e supervis\u00e3o de um(a) professor(a)credenciado ao Programa de P\u00f3s-gradua\u00e7\u00e3o em Psicologia da UFMG. Antes de matricular-se em disciplinas a cada per\u00edodo\/semestre letivo, o aluno dever\u00e1 organizar o seu programa de estudos, de comum acordo com o seu professor orientador. Por proposta do orientador e a ju\u00edzo do Colegiado, poder\u00e1 haver co-orienta\u00e7\u00e3o ou co-tutela. O orientador\/co-orientador dever\u00e1 ter o t\u00edtulo de doutor ou equivalente, dedicar-se \u00e0 pesquisa, ser aprovado pelo Colegiado e homologado pela C\u00e2mara de P\u00f3s-Gradua\u00e7\u00e3o.<br \/>\nNo caso da Co-orienta\u00e7\u00e3o \u00e9 preciso da anu\u00eancia do orientador, do co-orientador e no caso do co-orientador vinculado a programas de p\u00f3s-gradua\u00e7\u00e3o de Universidades Federais, a aprova\u00e7\u00e3o da co-orienta\u00e7\u00e3o pela C\u00e2mara de Departamento (Na universidade onde o professor tem vinculo).[\/vc_column_text][vc_empty_space height=&#8221;60px&#8221;][\/vc_column][\/vc_row][vc_row][vc_column][vc_custom_heading text=&#8221;Pr\u00e9-Requisitos: &#8221; font_container=&#8221;tag:h1|text_align:left&#8221; use_theme_fonts=&#8221;yes&#8221;][vc_column_text]Para a obten\u00e7\u00e3o do t\u00edtulo de Mestre, o aluno dever\u00e1 cursar e obter um m\u00ednimo 24 cr\u00e9ditos, antes do exame de qualifica\u00e7\u00e3o no Mestrado, e fazer defesa p\u00fablica da disserta\u00e7\u00e3o.<\/p>\n<p>Os cr\u00e9ditos ficam assim distribu\u00eddos:<\/p>\n<ul>\n<li>16 cr\u00e9ditos em disciplinas\/atividades obrigat\u00f3rias<\/li>\n<li>8 cr\u00e9ditos em disciplinas optativas ( linhas\/\u00e1rea; Comuns) \/Atividades Especiais<\/li>\n<\/ul>\n<p>[\/vc_column_text][vc_empty_space height=&#8221;60px&#8221;][\/vc_column][\/vc_row][vc_row][vc_column][vc_custom_heading text=&#8221;Do Aproveitamento de Cr\u00e9ditos: &#8221; font_container=&#8221;tag:h1|text_align:left&#8221; use_theme_fonts=&#8221;yes&#8221;][vc_column_text]O Aluno poder\u00e1 integralizar at\u00e9 12 cr\u00e9ditos obtidos em disciplinas do Mestrado em Psicologia ou em \u00e1reas afins, a crit\u00e9rio do colegiado do PPGPSI. [\/vc_column_text][vc_empty_space height=&#8221;60px&#8221;][\/vc_column][\/vc_row][vc_row][vc_column][vc_custom_heading text=&#8221;Dos Prazos:&#8221; font_container=&#8221;tag:h1|text_align:left&#8221; use_theme_fonts=&#8221;yes&#8221;][vc_column_text]<strong>Exame de qualifica\u00e7\u00e3o:<\/strong><\/p>\n<p>v\u00a0\u00a0\u00a0\u00a0\u00a0\u00a0\u00a0A qualifica\u00e7\u00e3o do projeto de disserta\u00e7\u00e3o deve ser realizada ao final de doze meses ap\u00f3s o\u00a0ingresso do aluno no curso de Mestrado do PPGPSI. <strong>O projeto deve ser escrito utilizando as normas da APA<br \/>\n<\/strong><\/p>\n<p><strong>Defesa de disserta\u00e7\u00e3o: \u00a0<\/strong><\/p>\n<p>v\u00a0\u00a0\u00a0\u00a0\u00a0\u00a0\u00a0A defesa p\u00fablica da disserta\u00e7\u00e3o de mestrado deve ser realizada ao final de\u00a0vinte e quatro meses. <strong>A disserta\u00e7\u00e3o deve ser escrita utilizando as normas da APA.<br \/>\n<\/strong>[\/vc_column_text][vc_empty_space height=&#8221;60px&#8221;][\/vc_column][\/vc_row][vc_row][vc_column][vc_custom_heading text=&#8221;Estrutura Curricular do Mestrado: &#8221; font_container=&#8221;tag:h1|text_align:left&#8221; use_theme_fonts=&#8221;yes&#8221;][vc_column_text]A estrutura curricular est\u00e1 organizada em disciplinas e atividades que ser\u00e3o cursadas pelos alunos do Mestrado. As disciplinas est\u00e3o agrupadas em categorias: disciplinas obrigat\u00f3rias de n\u00facleo comum, metodol\u00f3gicas comuns, obrigat\u00f3rias de \u00e1rea e disciplinas optativas comuns a todas as \u00e1reas e optativas da linha\/\u00e1rea de concentra\u00e7\u00e3o.<br \/>\nExiste ainda a possibilidade de o aluno cursar disciplinas eletivas* em outros cursos de P\u00f3s-gradua\u00e7\u00e3o da UFMG e atividades como os Estudos Especiais no Mestrado, dependendo de aprova\u00e7\u00e3o do Colegiado do PPG-Psicologia e do Colegiado da disciplina (no caso de disciplina eletiva). [\/vc_column_text][vc_empty_space height=&#8221;20px&#8221;][vc_custom_heading text=&#8221;Grade Curricular Simplificada:&#8221; font_container=&#8221;tag:h4|text_align:left&#8221; use_theme_fonts=&#8221;yes&#8221;][vc_column_text]<\/p>\n<table border=\"0\" cellspacing=\"0\">\n<colgroup width=\"46\"><\/colgroup>\n<colgroup width=\"178\"><\/colgroup>\n<colgroup width=\"76\"><\/colgroup>\n<colgroup width=\"75\"><\/colgroup>\n<colgroup width=\"208\"><\/colgroup>\n<tbody>\n<tr>\n<td colspan=\"5\" align=\"CENTER\" valign=\"MIDDLE\" height=\"41\">DISTRIBUI\u00c7\u00c3O DOS CREDITOS ENTRE OS GRUPOS DE DISCIPLINAS E ATIVIDADES<\/td>\n<\/tr>\n<tr>\n<td colspan=\"2\" rowspan=\"2\" align=\"CENTER\" valign=\"MIDDLE\" height=\"48\"><\/td>\n<td colspan=\"2\" align=\"CENTER\" valign=\"MIDDLE\"><strong>Cr\u00e9ditos<\/strong><\/td>\n<td rowspan=\"2\" align=\"CENTER\" valign=\"MIDDLE\"><strong>C\u00f3digos Disciplinas e Atividades do Grupo<\/strong><\/td>\n<\/tr>\n<tr>\n<td align=\"CENTER\" valign=\"MIDDLE\"><strong>M\u00ednimo<\/strong><\/td>\n<td align=\"CENTER\" valign=\"MIDDLE\"><strong>M\u00e1ximo<\/strong><\/td>\n<\/tr>\n<tr>\n<td align=\"CENTER\" valign=\"MIDDLE\" height=\"41\"><strong>1<\/strong><\/td>\n<td align=\"CENTER\" valign=\"MIDDLE\">N\u00facleo de disciplinas obrigat\u00f3rias comuns<\/td>\n<td align=\"CENTER\" valign=\"MIDDLE\">10<\/td>\n<td align=\"CENTER\" valign=\"MIDDLE\">10<\/td>\n<td align=\"LEFT\" valign=\"MIDDLE\">PSI922, PSI923, PSI924, PSI963<\/td>\n<\/tr>\n<tr>\n<td align=\"CENTER\" valign=\"MIDDLE\" height=\"41\"><strong>2<\/strong><\/td>\n<td align=\"CENTER\" valign=\"MIDDLE\">N\u00facleo de disciplinas obrigat\u00f3rias da \u00e1rea<\/td>\n<td align=\"CENTER\" valign=\"MIDDLE\">4<\/td>\n<td align=\"CENTER\" valign=\"MIDDLE\">4<\/td>\n<td align=\"LEFT\" valign=\"MIDDLE\">PSI879, PSI904, PSI929<\/td>\n<\/tr>\n<tr>\n<td align=\"CENTER\" valign=\"MIDDLE\" height=\"114\"><strong>3<\/strong><\/td>\n<td align=\"CENTER\" valign=\"MIDDLE\">N\u00facleo de disciplinas optativas da linha\/\u00e1rea<\/td>\n<td align=\"CENTER\" valign=\"MIDDLE\">4<\/td>\n<td align=\"CENTER\" valign=\"MIDDLE\">8<\/td>\n<td align=\"LEFT\" valign=\"MIDDLE\">DH\u00a0(PSI930, PSI931, PSI932, PSI933, PSI934, PSI935, PSI936, PSI937).<br \/>\nEP\u00a0(PSI895, PSI938, PSI939, PSI940, PSI941, PSI942, PSI943, PSI944, PSI945, PSI946).<br \/>\nPS\u00a0(PSI947, PSI948, PSI949, PSI950, PSI951, PSI952, PSI953, PSI954, PSI955, PSI956, PSI957).<\/td>\n<\/tr>\n<tr>\n<td align=\"CENTER\" valign=\"MIDDLE\" height=\"41\"><strong>4<\/strong><\/td>\n<td align=\"CENTER\" valign=\"MIDDLE\">N\u00facleo de disciplinas optativas comuns<\/td>\n<td align=\"CENTER\" valign=\"MIDDLE\">0<\/td>\n<td align=\"CENTER\" valign=\"MIDDLE\">4<\/td>\n<td align=\"LEFT\" valign=\"MIDDLE\">PSI926, PSI927, PSI969<\/td>\n<\/tr>\n<tr>\n<td align=\"CENTER\" valign=\"MIDDLE\" height=\"41\"><strong>5<\/strong><\/td>\n<td align=\"CENTER\" valign=\"MIDDLE\">N\u00facleo de atividades especiais<\/td>\n<td align=\"CENTER\" valign=\"MIDDLE\">2<\/td>\n<td align=\"CENTER\" valign=\"MIDDLE\">2<\/td>\n<td align=\"LEFT\" valign=\"MIDDLE\">PSI009<\/td>\n<\/tr>\n<tr>\n<td align=\"CENTER\" valign=\"MIDDLE\" height=\"41\"><strong>6<\/strong><\/td>\n<td align=\"CENTER\" valign=\"MIDDLE\">N\u00facleo de atividades especiais<\/td>\n<td align=\"CENTER\" valign=\"MIDDLE\">0<\/td>\n<td align=\"CENTER\" valign=\"MIDDLE\">4<\/td>\n<td align=\"LEFT\" valign=\"MIDDLE\">PSI000<\/td>\n<\/tr>\n<tr>\n<td align=\"CENTER\" valign=\"MIDDLE\" height=\"41\"><strong>7<\/strong><\/td>\n<td align=\"CENTER\" valign=\"MIDDLE\">N\u00facleo de prepara\u00e7\u00e3o e elabora\u00e7\u00e3o de tese<\/td>\n<td align=\"CENTER\" valign=\"MIDDLE\">0<\/td>\n<td align=\"CENTER\" valign=\"MIDDLE\">0<\/td>\n<td align=\"LEFT\" valign=\"MIDDLE\">EQP PSI005, TFP PSI004<\/td>\n<\/tr>\n<\/tbody>\n<\/table>\n<p>[\/vc_column_text][vc_empty_space height=&#8221;60px&#8221;][\/vc_column][\/vc_row][vc_row][vc_column][vc_custom_heading text=&#8221;Atividades e disciplinas do Mestrado:&#8221; font_container=&#8221;tag:h1|text_align:left&#8221; use_theme_fonts=&#8221;yes&#8221;][vc_column_text]<\/p>\n<table border=\"0\" cellspacing=\"0\">\n<colgroup width=\"511\"><\/colgroup>\n<colgroup width=\"85\"><\/colgroup>\n<tbody>\n<tr>\n<td align=\"CENTER\" bgcolor=\"#FFFFFF\" height=\"16\"><strong>Atividade<\/strong><\/td>\n<td align=\"CENTER\" bgcolor=\"#FFFFFF\"><strong>Natureza<\/strong><\/td>\n<\/tr>\n<tr>\n<td align=\"LEFT\" bgcolor=\"#FFFFFF\" height=\"16\">DIP PSI922 &#8211; SEMINARIO DE PESQUISA<\/td>\n<td align=\"LEFT\" bgcolor=\"#FFFFFF\"><em>OB<\/em><\/td>\n<\/tr>\n<tr>\n<td align=\"LEFT\" bgcolor=\"#FFFFFF\" height=\"16\">DIP PSI923 &#8211; METODOLOGIA DE PESQUISA<\/td>\n<td align=\"LEFT\" bgcolor=\"#FFFFFF\"><em>OB<\/em><\/td>\n<\/tr>\n<tr>\n<td align=\"LEFT\" bgcolor=\"#FFFFFF\" height=\"16\">DIP PSI924 &#8211; SEMINARIO DE DISSERTACAO<\/td>\n<td align=\"LEFT\" bgcolor=\"#FFFFFF\"><em>OB<\/em><\/td>\n<\/tr>\n<tr>\n<td align=\"LEFT\" bgcolor=\"#FFFFFF\" height=\"16\">DIP PSI963 &#8211; ESTAGIO EM DOCENCIA A<\/td>\n<td align=\"LEFT\" bgcolor=\"#FFFFFF\"><em>OB<\/em><\/td>\n<\/tr>\n<tr>\n<td align=\"LEFT\" bgcolor=\"#FFFFFF\" height=\"16\">DIP PSI904 &#8211; HISTORIA E TEORIA EM PSICOLOGIA SOCIAL<\/td>\n<td align=\"LEFT\" bgcolor=\"#FFFFFF\"><em>OB<\/em><\/td>\n<\/tr>\n<tr>\n<td align=\"LEFT\" bgcolor=\"#FFFFFF\" height=\"16\">DIP PSI879 &#8211; TEORIA DO INCONSCIENTE<\/td>\n<td align=\"LEFT\" bgcolor=\"#FFFFFF\"><em>OB<\/em><\/td>\n<\/tr>\n<tr>\n<td align=\"LEFT\" bgcolor=\"#FFFFFF\" height=\"16\">DIP PSI929 &#8211; TEORIAS E METODOS PSICOL.DESENVOLVIMENTO<\/td>\n<td align=\"LEFT\" bgcolor=\"#FFFFFF\"><em>OB<\/em><\/td>\n<\/tr>\n<tr>\n<td align=\"LEFT\" bgcolor=\"#FFFFFF\" height=\"16\"><strong>PRP PSI009 &#8211; PR\u00c1TICA DE PESQUISA<\/strong><\/td>\n<td align=\"LEFT\" bgcolor=\"#FFFFFF\"><strong><em>OB<\/em><\/strong><\/td>\n<\/tr>\n<tr>\n<td align=\"LEFT\" bgcolor=\"#FFFFFF\" height=\"16\"><strong>EQP PSI005 &#8211; EXAME DE QUALIFICA\u00c7\u00c3O<\/strong><\/td>\n<td align=\"LEFT\" bgcolor=\"#FFFFFF\"><strong><em>OB<\/em><\/strong><\/td>\n<\/tr>\n<tr>\n<td align=\"LEFT\" bgcolor=\"#FFFFFF\" height=\"16\"><strong>TFP PSI004 &#8211; DEFESA DE DISSERTA\u00c7\u00c3O<\/strong><\/td>\n<td align=\"LEFT\" bgcolor=\"#FFFFFF\"><strong><em>OB<\/em><\/strong><\/td>\n<\/tr>\n<tr>\n<td align=\"LEFT\" bgcolor=\"#FFFFFF\" height=\"16\">DIP PSI947 &#8211; CULTURA E PROCESSOS DE SUBJETIVACAO<\/td>\n<td align=\"LEFT\" bgcolor=\"#FFFFFF\"><em>OP<\/em><\/td>\n<\/tr>\n<tr>\n<td align=\"LEFT\" bgcolor=\"#FFFFFF\" height=\"16\">DIP PSI948 &#8211; GENEROS, DIFEREN. PROC.DE SINGULARIZACAO<\/td>\n<td align=\"LEFT\" bgcolor=\"#FFFFFF\"><em>OP<\/em><\/td>\n<\/tr>\n<tr>\n<td align=\"LEFT\" bgcolor=\"#FFFFFF\" height=\"16\">DIP PSI949 &#8211; SUJEITO, PRAT. SOCIAIS PROC.INSTITUCION.<\/td>\n<td align=\"LEFT\" bgcolor=\"#FFFFFF\"><em>OP<\/em><\/td>\n<\/tr>\n<tr>\n<td align=\"LEFT\" bgcolor=\"#FFFFFF\" height=\"16\">DIP PSI950 &#8211; PSICOLOGIA POLITICA<\/td>\n<td align=\"LEFT\" bgcolor=\"#FFFFFF\"><em>OP<\/em><\/td>\n<\/tr>\n<tr>\n<td align=\"LEFT\" bgcolor=\"#FFFFFF\" height=\"16\">DIP PSI951 &#8211; POLITICAS E PRATICAS DE SAUDE<\/td>\n<td align=\"LEFT\" bgcolor=\"#FFFFFF\"><em>OP<\/em><\/td>\n<\/tr>\n<tr>\n<td align=\"LEFT\" bgcolor=\"#FFFFFF\" height=\"16\">DIP PSI952 &#8211; AVALIACAO DE POLITICAS PUBLICAS<\/td>\n<td align=\"LEFT\" bgcolor=\"#FFFFFF\"><em>OP<\/em><\/td>\n<\/tr>\n<tr>\n<td align=\"LEFT\" bgcolor=\"#FFFFFF\" height=\"16\">DIP PSI953 &#8211; IDENTIDADE COLETIVA E MOVIMENTOS SOCIAIS<\/td>\n<td align=\"LEFT\" bgcolor=\"#FFFFFF\"><em>OP<\/em><\/td>\n<\/tr>\n<tr>\n<td align=\"LEFT\" bgcolor=\"#FFFFFF\" height=\"16\">DIP PSI954 &#8211; TRABALHO E SOCIABILIDADE<\/td>\n<td align=\"LEFT\" bgcolor=\"#FFFFFF\"><em>OP<\/em><\/td>\n<\/tr>\n<tr>\n<td align=\"LEFT\" bgcolor=\"#FFFFFF\" height=\"16\">DIP PSI955 &#8211; HISTORIA DE VIDA E EXPERIENCIA<\/td>\n<td align=\"LEFT\" bgcolor=\"#FFFFFF\"><em>OP<\/em><\/td>\n<\/tr>\n<tr>\n<td align=\"LEFT\" bgcolor=\"#FFFFFF\" height=\"16\">DIP PSI956 &#8211; SAUDE MENTAL E TRABALHO<\/td>\n<td align=\"LEFT\" bgcolor=\"#FFFFFF\"><em>OP<\/em><\/td>\n<\/tr>\n<tr>\n<td align=\"LEFT\" bgcolor=\"#FFFFFF\" height=\"16\">DIP PSI957 &#8211; A CLINICA DO TRABALHO<\/td>\n<td align=\"LEFT\" bgcolor=\"#FFFFFF\"><em>OP<\/em><\/td>\n<\/tr>\n<tr>\n<td align=\"LEFT\" bgcolor=\"#FFFFFF\" height=\"16\">DIP PSI947 &#8211; CULTURA E PROCESSOS DE SUBJETIVACAO<\/td>\n<td align=\"LEFT\" bgcolor=\"#FFFFFF\"><em>OP<\/em><\/td>\n<\/tr>\n<tr>\n<td align=\"LEFT\" bgcolor=\"#FFFFFF\" height=\"16\">DIP PSI948 &#8211; GENEROS, DIFEREN. PROC.DE SINGULARIZACAO<\/td>\n<td align=\"LEFT\" bgcolor=\"#FFFFFF\"><em>OP<\/em><\/td>\n<\/tr>\n<tr>\n<td align=\"LEFT\" bgcolor=\"#FFFFFF\" height=\"16\">DIP PSI949 &#8211; SUJEITO, PRAT. SOCIAIS PROC.INSTITUCION.<\/td>\n<td align=\"LEFT\" bgcolor=\"#FFFFFF\"><em>OP<\/em><\/td>\n<\/tr>\n<tr>\n<td align=\"LEFT\" bgcolor=\"#FFFFFF\" height=\"16\">DIP PSI950 &#8211; PSICOLOGIA POLITICA<\/td>\n<td align=\"LEFT\" bgcolor=\"#FFFFFF\"><em>OP<\/em><\/td>\n<\/tr>\n<tr>\n<td align=\"LEFT\" bgcolor=\"#FFFFFF\" height=\"16\">DIP PSI951 &#8211; POLITICAS E PRATICAS DE SAUDE<\/td>\n<td align=\"LEFT\" bgcolor=\"#FFFFFF\"><em>OP<\/em><\/td>\n<\/tr>\n<tr>\n<td align=\"LEFT\" bgcolor=\"#FFFFFF\" height=\"16\">DIP PSI952 &#8211; AVALIACAO DE POLITICAS PUBLICAS<\/td>\n<td align=\"LEFT\" bgcolor=\"#FFFFFF\"><em>OP<\/em><\/td>\n<\/tr>\n<tr>\n<td align=\"LEFT\" bgcolor=\"#FFFFFF\" height=\"16\">DIP PSI953 &#8211; IDENTIDADE COLETIVA E MOVIMENTOS SOCIAIS<\/td>\n<td align=\"LEFT\" bgcolor=\"#FFFFFF\"><em>OP<\/em><\/td>\n<\/tr>\n<tr>\n<td align=\"LEFT\" bgcolor=\"#FFFFFF\" height=\"16\">DIP PSI954 &#8211; TRABALHO E SOCIABILIDADE<\/td>\n<td align=\"LEFT\" bgcolor=\"#FFFFFF\"><em>OP<\/em><\/td>\n<\/tr>\n<tr>\n<td align=\"LEFT\" bgcolor=\"#FFFFFF\" height=\"16\">DIP PSI955 &#8211; HISTORIA DE VIDA E EXPERIENCIA<\/td>\n<td align=\"LEFT\" bgcolor=\"#FFFFFF\"><em>OP<\/em><\/td>\n<\/tr>\n<tr>\n<td align=\"LEFT\" bgcolor=\"#FFFFFF\" height=\"16\">DIP PSI956 &#8211; SAUDE MENTAL E TRABALHO<\/td>\n<td align=\"LEFT\" bgcolor=\"#FFFFFF\"><em>OP<\/em><\/td>\n<\/tr>\n<tr>\n<td align=\"LEFT\" bgcolor=\"#FFFFFF\" height=\"16\">DIP PSI957 &#8211; A CLINICA DO TRABALHO<\/td>\n<td align=\"LEFT\" bgcolor=\"#FFFFFF\"><em>OP<\/em><\/td>\n<\/tr>\n<tr>\n<td align=\"LEFT\" bgcolor=\"#FFFFFF\" height=\"16\">DIP PSI947 &#8211; CULTURA E PROCESSOS DE SUBJETIVACAO<\/td>\n<td align=\"LEFT\" bgcolor=\"#FFFFFF\"><em>OP<\/em><\/td>\n<\/tr>\n<tr>\n<td align=\"LEFT\" bgcolor=\"#FFFFFF\" height=\"16\">DIP PSI948 &#8211; GENEROS, DIFEREN. PROC.DE SINGULARIZACAO<\/td>\n<td align=\"LEFT\" bgcolor=\"#FFFFFF\"><em>OP<\/em><\/td>\n<\/tr>\n<tr>\n<td align=\"LEFT\" bgcolor=\"#FFFFFF\" height=\"16\">DIP PSI949 &#8211; SUJEITO, PRAT. SOCIAIS PROC.INSTITUCION.<\/td>\n<td align=\"LEFT\" bgcolor=\"#FFFFFF\"><em>OP<\/em><\/td>\n<\/tr>\n<tr>\n<td align=\"LEFT\" bgcolor=\"#FFFFFF\" height=\"16\">DIP PSI950 &#8211; PSICOLOGIA POLITICA<\/td>\n<td align=\"LEFT\" bgcolor=\"#FFFFFF\"><em>OP<\/em><\/td>\n<\/tr>\n<tr>\n<td align=\"LEFT\" bgcolor=\"#FFFFFF\" height=\"16\">DIP PSI951 &#8211; POLITICAS E PRATICAS DE SAUDE<\/td>\n<td align=\"LEFT\" bgcolor=\"#FFFFFF\"><em>OP<\/em><\/td>\n<\/tr>\n<tr>\n<td align=\"LEFT\" bgcolor=\"#FFFFFF\" height=\"16\">DIP PSI952 &#8211; AVALIACAO DE POLITICAS PUBLICAS<\/td>\n<td align=\"LEFT\" bgcolor=\"#FFFFFF\"><em>OP<\/em><\/td>\n<\/tr>\n<tr>\n<td align=\"LEFT\" bgcolor=\"#FFFFFF\" height=\"16\">DIP PSI953 &#8211; IDENTIDADE COLETIVA E MOVIMENTOS SOCIAIS<\/td>\n<td align=\"LEFT\" bgcolor=\"#FFFFFF\"><em>OP<\/em><\/td>\n<\/tr>\n<tr>\n<td align=\"LEFT\" bgcolor=\"#FFFFFF\" height=\"16\">DIP PSI954 &#8211; TRABALHO E SOCIABILIDADE<\/td>\n<td align=\"LEFT\" bgcolor=\"#FFFFFF\"><em>OP<\/em><\/td>\n<\/tr>\n<tr>\n<td align=\"LEFT\" bgcolor=\"#FFFFFF\" height=\"16\">DIP PSI955 &#8211; HISTORIA DE VIDA E EXPERIENCIA<\/td>\n<td align=\"LEFT\" bgcolor=\"#FFFFFF\"><em>OP<\/em><\/td>\n<\/tr>\n<tr>\n<td align=\"LEFT\" bgcolor=\"#FFFFFF\" height=\"16\">DIP PSI956 &#8211; SAUDE MENTAL E TRABALHO<\/td>\n<td align=\"LEFT\" bgcolor=\"#FFFFFF\"><em>OP<\/em><\/td>\n<\/tr>\n<tr>\n<td align=\"LEFT\" bgcolor=\"#FFFFFF\" height=\"16\">DIP PSI957 &#8211; A CLINICA DO TRABALHO<\/td>\n<td align=\"LEFT\" bgcolor=\"#FFFFFF\"><em>OP<\/em><\/td>\n<\/tr>\n<tr>\n<td align=\"LEFT\" bgcolor=\"#FFFFFF\" height=\"16\">DIP PSI895 &#8211; PSICANALISE E LACO SOCIAL<\/td>\n<td align=\"LEFT\" bgcolor=\"#FFFFFF\"><em>OP<\/em><\/td>\n<\/tr>\n<tr>\n<td align=\"LEFT\" bgcolor=\"#FFFFFF\" height=\"16\">DIP PSI938 &#8211; PSICANALISE E IDENTIFICACAO<\/td>\n<td align=\"LEFT\" bgcolor=\"#FFFFFF\"><em>OP<\/em><\/td>\n<\/tr>\n<tr>\n<td align=\"LEFT\" bgcolor=\"#FFFFFF\" height=\"16\">DIP PSI939 &#8211; ETICA E EPISTEMOLOGIA DA PSICANALISE<\/td>\n<td align=\"LEFT\" bgcolor=\"#FFFFFF\"><em>OP<\/em><\/td>\n<\/tr>\n<tr>\n<td align=\"LEFT\" bgcolor=\"#FFFFFF\" height=\"16\">DIP PSI940 &#8211; FREUD E A MORAL<\/td>\n<td align=\"LEFT\" bgcolor=\"#FFFFFF\"><em>OP<\/em><\/td>\n<\/tr>\n<tr>\n<td align=\"LEFT\" bgcolor=\"#FFFFFF\" height=\"16\">DIP PSI941 &#8211; PSICANALISE E GENERO<\/td>\n<td align=\"LEFT\" bgcolor=\"#FFFFFF\"><em>OP<\/em><\/td>\n<\/tr>\n<tr>\n<td align=\"LEFT\" bgcolor=\"#FFFFFF\" height=\"16\">DIP PSI942 &#8211; A ESCRITA NA PSICANALISE<\/td>\n<td align=\"LEFT\" bgcolor=\"#FFFFFF\"><em>OP<\/em><\/td>\n<\/tr>\n<tr>\n<td align=\"LEFT\" bgcolor=\"#FFFFFF\" height=\"16\">DIP PSI943 &#8211; PSICANALISE E PSICOSES<\/td>\n<td align=\"LEFT\" bgcolor=\"#FFFFFF\"><em>OP<\/em><\/td>\n<\/tr>\n<tr>\n<td align=\"LEFT\" bgcolor=\"#FFFFFF\" height=\"16\">DIP PSI944 &#8211; PULSAO E SUBLIMACAO<\/td>\n<td align=\"LEFT\" bgcolor=\"#FFFFFF\"><em>OP<\/em><\/td>\n<\/tr>\n<tr>\n<td align=\"LEFT\" bgcolor=\"#FFFFFF\" height=\"16\">DIP PSI945 &#8211; PSICANALISE E DIRECAO DO TRATAMENTO<\/td>\n<td align=\"LEFT\" bgcolor=\"#FFFFFF\"><em>OP<\/em><\/td>\n<\/tr>\n<tr>\n<td align=\"LEFT\" bgcolor=\"#FFFFFF\" height=\"16\">DIP PSI946 &#8211; PSICANALISE DA CRIANCA E DO ADOLESCENTE<\/td>\n<td align=\"LEFT\" bgcolor=\"#FFFFFF\"><em>OP<\/em><\/td>\n<\/tr>\n<tr>\n<td align=\"LEFT\" bgcolor=\"#FFFFFF\" height=\"16\">DIP PSI930 &#8211; DESENVOLVIMENTO COGNITIVO<\/td>\n<td align=\"LEFT\" bgcolor=\"#FFFFFF\"><em>OP<\/em><\/td>\n<\/tr>\n<tr>\n<td align=\"LEFT\" bgcolor=\"#FFFFFF\" height=\"16\">DIP PSI931 &#8211; AQUISICAO DA LINGUAGEM<\/td>\n<td align=\"LEFT\" bgcolor=\"#FFFFFF\"><em>OP<\/em><\/td>\n<\/tr>\n<tr>\n<td align=\"LEFT\" bgcolor=\"#FFFFFF\" height=\"16\">DIP PSI932 &#8211; LEITURA E ESCRITA: PROC. DESENVOLVIMENTO<\/td>\n<td align=\"LEFT\" bgcolor=\"#FFFFFF\"><em>OP<\/em><\/td>\n<\/tr>\n<tr>\n<td align=\"LEFT\" bgcolor=\"#FFFFFF\" height=\"16\">DIP PSI933 &#8211; DESENVOLVIMENTO SOCIOAFETIVO<\/td>\n<td align=\"LEFT\" bgcolor=\"#FFFFFF\"><em>OP<\/em><\/td>\n<\/tr>\n<tr>\n<td align=\"LEFT\" bgcolor=\"#FFFFFF\" height=\"16\">DIP PSI934 &#8211; CONTEXTOS DE DESENVOLVIMENTO<\/td>\n<td align=\"LEFT\" bgcolor=\"#FFFFFF\"><em>OP<\/em><\/td>\n<\/tr>\n<tr>\n<td align=\"LEFT\" bgcolor=\"#FFFFFF\" height=\"16\">DIP PSI935 &#8211; TRANSTORNOS DO DESENVOLVIMENTO<\/td>\n<td align=\"LEFT\" bgcolor=\"#FFFFFF\"><em>OP<\/em><\/td>\n<\/tr>\n<tr>\n<td align=\"LEFT\" bgcolor=\"#FFFFFF\" height=\"16\">DIP PSI936 &#8211; DIFEREN.INDIV.INTELIG.:DESENV.MENSURACAO<\/td>\n<td align=\"LEFT\" bgcolor=\"#FFFFFF\"><em>OP<\/em><\/td>\n<\/tr>\n<tr>\n<td align=\"LEFT\" bgcolor=\"#FFFFFF\" height=\"16\">DIP PSI937 &#8211; DIFEREN.INDIV. PERSON.:DESENV.MENSURACAO<\/td>\n<td align=\"LEFT\" bgcolor=\"#FFFFFF\"><em>OP<\/em><\/td>\n<\/tr>\n<tr>\n<td align=\"LEFT\" bgcolor=\"#FFFFFF\" height=\"16\">DIP PSI930 &#8211; DESENVOLVIMENTO COGNITIVO<\/td>\n<td align=\"LEFT\" bgcolor=\"#FFFFFF\"><em>OP<\/em><\/td>\n<\/tr>\n<\/tbody>\n<\/table>\n<p>[\/vc_column_text][vc_empty_space height=&#8221;20px&#8221;][vc_column_text]Sele\u00e7\u00e3o: O curso tem apenas uma entrada por ano. aguarde a publica\u00e7\u00e3o do edital, Nele ser\u00e3o informados: datas \u00a0e etapas para a sele\u00e7\u00e3o.<\/p>\n<p>Anexos:<\/p>\n<ul>\n<li><a href=\"http:\/\/www.fafich.ufmg.br\/ppgpsicologia\/arquivos_anexos\/grade_curricular_1_2010_mestrado.pdf\" target=\"_blank\" rel=\"noopener\">Grade Curricular 2010<\/a><\/li>\n<\/ul>\n<p>[\/vc_column_text][vc_empty_space height=&#8221;20px&#8221;][\/vc_column][\/vc_row][vc_row][vc_column][vc_empty_space height=&#8221;60px&#8221;][\/vc_column][\/vc_row]<\/p>\n","protected":false},"excerpt":{"rendered":"<p>[vc_row][vc_column][vc_custom_heading text=&#8221;Do Curso:&#8221; font_container=&#8221;tag:h1|text_align:left&#8221; use_theme_fonts=&#8221;yes&#8221;][vc_column_text]Criado em 1989, o curso de Mestrado do Programa de P\u00f3s-gradua\u00e7\u00e3o em Psicologia da UFMG \u00e9 organizado em torno de duas \u00e1reas de concentra\u00e7\u00e3o e suas respectivas linhas de pesquisa.[\/vc_column_text][vc_empty_space height=&#8221;60px&#8221;][\/vc_column][\/vc_row][vc_row][vc_column][vc_custom_heading text=&#8221;Da Orienta\u00e7\u00e3o: &#8221; font_container=&#8221;tag:h1|text_align:left&#8221; use_theme_fonts=&#8221;yes&#8221;][vc_column_text]Todo estudante admitido no curso recebe a orienta\u00e7\u00e3o e supervis\u00e3o de um(a) professor(a)credenciado ao Programa de<\/p>\n","protected":false},"author":1,"featured_media":0,"parent":0,"menu_order":0,"comment_status":"closed","ping_status":"closed","template":"","meta":{"footnotes":""},"_links":{"self":[{"href":"https:\/\/www.fafich.ufmg.br\/pospsicologia\/wp-json\/wp\/v2\/pages\/1400"}],"collection":[{"href":"https:\/\/www.fafich.ufmg.br\/pospsicologia\/wp-json\/wp\/v2\/pages"}],"about":[{"href":"https:\/\/www.fafich.ufmg.br\/pospsicologia\/wp-json\/wp\/v2\/types\/page"}],"author":[{"embeddable":true,"href":"https:\/\/www.fafich.ufmg.br\/pospsicologia\/wp-json\/wp\/v2\/users\/1"}],"replies":[{"embeddable":true,"href":"https:\/\/www.fafich.ufmg.br\/pospsicologia\/wp-json\/wp\/v2\/comments?post=1400"}],"version-history":[{"count":12,"href":"https:\/\/www.fafich.ufmg.br\/pospsicologia\/wp-json\/wp\/v2\/pages\/1400\/revisions"}],"predecessor-version":[{"id":4184,"href":"https:\/\/www.fafich.ufmg.br\/pospsicologia\/wp-json\/wp\/v2\/pages\/1400\/revisions\/4184"}],"wp:attachment":[{"href":"https:\/\/www.fafich.ufmg.br\/pospsicologia\/wp-json\/wp\/v2\/media?parent=1400"}],"curies":[{"name":"wp","href":"https:\/\/api.w.org\/{rel}","templated":true}]}}