{"id":1403,"date":"2018-01-16T11:52:52","date_gmt":"2018-01-16T13:52:52","guid":{"rendered":"http:\/\/184.107.12.153\/~pospsicologia\/?page_id=1403"},"modified":"2020-02-18T09:25:39","modified_gmt":"2020-02-18T12:25:39","slug":"seminarios-de-qualificacao","status":"publish","type":"page","link":"https:\/\/www.fafich.ufmg.br\/pospsicologia\/mestrado\/seminarios-de-qualificacao\/","title":{"rendered":"Semin\u00e1rios de Qualifica\u00e7\u00e3o"},"content":{"rendered":"<p>[vc_row][vc_column][vc_empty_space height=&#8221;60px&#8221;][cms_table_position values=&#8221;%5B%7B%22link%22%3A%22url%3Ahttp%253A%252F%252Fwww.fafich.ufmg.br%252Fpospsicologia%252Fseminario-de-qualificacao-2019%252F%7C%7C%7C%22%2C%22table_content1%22%3A%22Semin%C3%A1rio%20de%20Qualifica%C3%A7%C3%A3o%202019%22%2C%22table_content2%22%3A%22De%2004%20a%2006%20de%20dezembro%20de%202019%22%7D%2C%7B%22link%22%3A%22url%3Ahttp%253A%252F%252Fwww.fafich.ufmg.br%252Fpospsicologia%252Fmestrado%252Fseminarios-de-qualificacao%252Fseminario-de-qualificacao-2018%252F%7C%7C%7C%22%2C%22table_content1%22%3A%22Semin%C3%A1rio%20de%20Qualifica%C3%A7%C3%A3o%202018%22%2C%22table_content2%22%3A%22De%2003%20a%2005%20de%20Dezembro%20de%202018%22%7D%2C%7B%22link%22%3A%22url%3Ahttp%253A%252F%252Fwww.fafich.ufmg.br%252Fpospsicologia%252F%253Fpage_id%253D1455%7C%7C%7C%22%2C%22table_content1%22%3A%22Semin%C3%A1rio%20de%20Qualifica%C3%A7%C3%A3o%202017%22%2C%22table_content2%22%3A%22De%2005%20a%2007%20de%20dezembro%20de%202017%22%7D%2C%7B%22link%22%3A%22url%3Ahttp%253A%252F%252Fwww.fafich.ufmg.br%252Fpospsicologia%252F%253Fpage_id%253D1410%7C%7C%7C%22%2C%22table_content1%22%3A%22Semin%C3%A1rio%20de%20Qualifica%C3%A7%C3%A3o%202016%22%2C%22table_content2%22%3A%22De%2002%20a%2003%20de%20dezembro%20de%202016%22%7D%2C%7B%22link%22%3A%22url%3Ahttp%253A%252F%252Fwww.fafich.ufmg.br%252Fpospsicologia%252F%253Fpage_id%253D1473%7C%7C%7C%22%2C%22table_content1%22%3A%22Semin%C3%A1rio%20de%20Qualifica%C3%A7%C3%A3o%202015%22%2C%22table_content2%22%3A%22De%2002%20a%2004%20de%20dezembro%20de%202015%22%7D%2C%7B%22link%22%3A%22url%3Ahttp%253A%252F%252Fwww.fafich.ufmg.br%252Fpospsicologia%252F%253Fpage_id%253D1471%7C%7C%7C%22%2C%22table_content1%22%3A%22Semin%C3%A1rio%20de%20Qualifica%C3%A7%C3%A3o%202014%22%2C%22table_content2%22%3A%22De%2003%20a%2005%20de%20dezembro%20de%202014%22%7D%5D&#8221;][vc_empty_space height=&#8221;60px&#8221;][\/vc_column][\/vc_row]<\/p>\n","protected":false},"excerpt":{"rendered":"<p>[vc_row][vc_column][vc_empty_space height=&#8221;60px&#8221;][cms_table_position values=&#8221;%5B%7B%22link%22%3A%22url%3Ahttp%253A%252F%252Fwww.fafich.ufmg.br%252Fpospsicologia%252Fseminario-de-qualificacao-2019%252F%7C%7C%7C%22%2C%22table_content1%22%3A%22Semin%C3%A1rio%20de%20Qualifica%C3%A7%C3%A3o%202019%22%2C%22table_content2%22%3A%22De%2004%20a%2006%20de%20dezembro%20de%202019%22%7D%2C%7B%22link%22%3A%22url%3Ahttp%253A%252F%252Fwww.fafich.ufmg.br%252Fpospsicologia%252Fmestrado%252Fseminarios-de-qualificacao%252Fseminario-de-qualificacao-2018%252F%7C%7C%7C%22%2C%22table_content1%22%3A%22Semin%C3%A1rio%20de%20Qualifica%C3%A7%C3%A3o%202018%22%2C%22table_content2%22%3A%22De%2003%20a%2005%20de%20Dezembro%20de%202018%22%7D%2C%7B%22link%22%3A%22url%3Ahttp%253A%252F%252Fwww.fafich.ufmg.br%252Fpospsicologia%252F%253Fpage_id%253D1455%7C%7C%7C%22%2C%22table_content1%22%3A%22Semin%C3%A1rio%20de%20Qualifica%C3%A7%C3%A3o%202017%22%2C%22table_content2%22%3A%22De%2005%20a%2007%20de%20dezembro%20de%202017%22%7D%2C%7B%22link%22%3A%22url%3Ahttp%253A%252F%252Fwww.fafich.ufmg.br%252Fpospsicologia%252F%253Fpage_id%253D1410%7C%7C%7C%22%2C%22table_content1%22%3A%22Semin%C3%A1rio%20de%20Qualifica%C3%A7%C3%A3o%202016%22%2C%22table_content2%22%3A%22De%2002%20a%2003%20de%20dezembro%20de%202016%22%7D%2C%7B%22link%22%3A%22url%3Ahttp%253A%252F%252Fwww.fafich.ufmg.br%252Fpospsicologia%252F%253Fpage_id%253D1473%7C%7C%7C%22%2C%22table_content1%22%3A%22Semin%C3%A1rio%20de%20Qualifica%C3%A7%C3%A3o%202015%22%2C%22table_content2%22%3A%22De%2002%20a%2004%20de%20dezembro%20de%202015%22%7D%2C%7B%22link%22%3A%22url%3Ahttp%253A%252F%252Fwww.fafich.ufmg.br%252Fpospsicologia%252F%253Fpage_id%253D1471%7C%7C%7C%22%2C%22table_content1%22%3A%22Semin%C3%A1rio%20de%20Qualifica%C3%A7%C3%A3o%202014%22%2C%22table_content2%22%3A%22De%2003%20a%2005%20de%20dezembro%20de%202014%22%7D%5D&#8221;][vc_empty_space height=&#8221;60px&#8221;][\/vc_column][\/vc_row]<\/p>\n","protected":false},"author":1,"featured_media":0,"parent":1400,"menu_order":0,"comment_status":"closed","ping_status":"closed","template":"","meta":{"footnotes":""},"_links":{"self":[{"href":"https:\/\/www.fafich.ufmg.br\/pospsicologia\/wp-json\/wp\/v2\/pages\/1403"}],"collection":[{"href":"https:\/\/www.fafich.ufmg.br\/pospsicologia\/wp-json\/wp\/v2\/pages"}],"about":[{"href":"https:\/\/www.fafich.ufmg.br\/pospsicologia\/wp-json\/wp\/v2\/types\/page"}],"author":[{"embeddable":true,"href":"https:\/\/www.fafich.ufmg.br\/pospsicologia\/wp-json\/wp\/v2\/users\/1"}],"replies":[{"embeddable":true,"href":"https:\/\/www.fafich.ufmg.br\/pospsicologia\/wp-json\/wp\/v2\/comments?post=1403"}],"version-history":[{"count":31,"href":"https:\/\/www.fafich.ufmg.br\/pospsicologia\/wp-json\/wp\/v2\/pages\/1403\/revisions"}],"predecessor-version":[{"id":3298,"href":"https:\/\/www.fafich.ufmg.br\/pospsicologia\/wp-json\/wp\/v2\/pages\/1403\/revisions\/3298"}],"up":[{"embeddable":true,"href":"https:\/\/www.fafich.ufmg.br\/pospsicologia\/wp-json\/wp\/v2\/pages\/1400"}],"wp:attachment":[{"href":"https:\/\/www.fafich.ufmg.br\/pospsicologia\/wp-json\/wp\/v2\/media?parent=1403"}],"curies":[{"name":"wp","href":"https:\/\/api.w.org\/{rel}","templated":true}]}}