{"id":1477,"date":"2018-01-18T10:50:51","date_gmt":"2018-01-18T12:50:51","guid":{"rendered":"http:\/\/184.107.12.153\/~pospsicologia\/?page_id=1477"},"modified":"2022-06-21T19:04:29","modified_gmt":"2022-06-21T22:04:29","slug":"doutorado","status":"publish","type":"page","link":"https:\/\/www.fafich.ufmg.br\/pospsicologia\/doutorado\/","title":{"rendered":"Doutorado"},"content":{"rendered":"<p>[vc_row][vc_column][vc_custom_heading text=&#8221;Do Curso:&#8221; font_container=&#8221;tag:h1|text_align:left&#8221; use_theme_fonts=&#8221;yes&#8221;][vc_column_text]Criado no 2\u00b0 semestre de 2008, o curso de Doutorado do Programa de P\u00f3s-gradua\u00e7\u00e3o em Psicologia da UFMG, \u00e9 organizado em torno de duas \u00e1reas de concentra\u00e7\u00e3o e respectivas linhas de pesquisa.[\/vc_column_text][vc_empty_space height=&#8221;60px&#8221;][\/vc_column][\/vc_row][vc_row][vc_column][vc_custom_heading text=&#8221;Da Orienta\u00e7\u00e3o: &#8221; font_container=&#8221;tag:h1|text_align:left&#8221; use_theme_fonts=&#8221;yes&#8221;][vc_column_text]Todo estudante admitido no curso elaborar\u00e1 tese sob a orienta\u00e7\u00e3o e supervis\u00e3o de um(a) professor(a) orientador(a), escolhido entre os professores do curso. Antes de se matricular nas disciplinas de cada per\u00edodo ou semestre letivo, o aluno dever\u00e1 organizar o seu programa de estudos, de comum acordo com o seu professor orientador, por proposta do orientador e a ju\u00edzo do Colegiado, poder\u00e1 haver co-orienta\u00e7\u00e3o ou co-tutela. O orientador\/co-orientador de tese dever\u00e1 ter o t\u00edtulo de doutor ou equivalente, dedicar-se \u00e0 pesquisa, ser aprovado pelo Colegiado e homologado pela C\u00e2mara de P\u00f3s-Gradua\u00e7\u00e3o.[\/vc_column_text][vc_empty_space height=&#8221;60px&#8221;][\/vc_column][\/vc_row][vc_row][vc_column][vc_custom_heading text=&#8221;Pr\u00e9-Requisitos:&#8221; font_container=&#8221;tag:h1|text_align:left&#8221; use_theme_fonts=&#8221;yes&#8221;][vc_column_text]Para a obten\u00e7\u00e3o do t\u00edtulo de DOUTOR, o aluno dever\u00e1 cursar e obter um m\u00ednimo 44 cr\u00e9ditos, antes do exame de qualifica\u00e7\u00e3o no Doutorado. Os cr\u00e9ditos ficam assim distribu\u00eddos:<br \/>\n8 cr\u00e9ditos em disciplinas obrigat\u00f3rias do n\u00facleo comum<br \/>\n4 cr\u00e9ditos em disciplina obrigat\u00f3ria da \u00e1rea de concentra\u00e7\u00e3o<br \/>\n4 cr\u00e9ditos em disciplinas metodol\u00f3gicas comuns<br \/>\n28 cr\u00e9ditos em disciplinas optativas ( linhas\/\u00e1rea; Comuns) [\/vc_column_text][vc_empty_space height=&#8221;60px&#8221;][\/vc_column][\/vc_row][vc_row][vc_column][vc_custom_heading text=&#8221;Do Aproveitamento de Cr\u00e9ditos:&#8221; font_container=&#8221;tag:h1|text_align:left&#8221; use_theme_fonts=&#8221;yes&#8221;][vc_column_text]O Aluno poder\u00e1 integralizar at\u00e9 22 cr\u00e9ditos obtidos em Mestrado em psicologia ou em \u00e1reas afins, a crit\u00e9rio do colegiado do PPGPSI. [\/vc_column_text][vc_empty_space height=&#8221;60px&#8221;][\/vc_column][\/vc_row][vc_row][vc_column][vc_custom_heading text=&#8221;Dos Prazos:&#8221; font_container=&#8221;tag:h1|text_align:left&#8221; use_theme_fonts=&#8221;yes&#8221;][vc_column_text]<strong>Exame de qualifica\u00e7\u00e3o:<\/strong><br \/>\nv A qualifica\u00e7\u00e3o do projeto de tese deve ser realizada ao final de vinte e quatro meses ap\u00f3s o ingresso do aluno no curso de Doutorado do PPGPSI. <strong>O projeto de tese deve ser escrito utilizando as normas da APA.<br \/>\n<\/strong><\/p>\n<p><strong>Defesa de tese: <\/strong><br \/>\nv A defesa p\u00fablica da tese de doutorado deve ser realizada ao final de quarenta e oito meses. <strong>A tese deve ser escrita utilizando as normas da APA.<br \/>\n<\/strong>[\/vc_column_text][vc_empty_space height=&#8221;60px&#8221;][\/vc_column][\/vc_row][vc_row][vc_column][vc_custom_heading text=&#8221;Estrutura Curricular do Doutorado&#8221; font_container=&#8221;tag:h1|text_align:left&#8221; use_theme_fonts=&#8221;yes&#8221;][vc_column_text]A estrutura curricular est\u00e1 organizada em disciplinas e atividades que ser\u00e3o cursadas pelos alunos do Doutorado. As disciplinas est\u00e3o agrupadas em categorias: disciplinas obrigat\u00f3rias de n\u00facleo comum, metodol\u00f3gicas comuns, obrigat\u00f3rias de \u00e1rea e disciplinas optativas comuns a todas as \u00e1reas e optativas da linha\/\u00e1rea de concentra\u00e7\u00e3o. Existe ainda a possibilidade de o aluno cursar disciplinas eletivas* em outros cursos de P\u00f3s-gradua\u00e7\u00e3o da UFMG e atividades como os Estudos Especiais no Doutorado, dependendo de aprova\u00e7\u00e3o do colegiado.[\/vc_column_text][vc_empty_space height=&#8221;20px&#8221;][\/vc_column][\/vc_row][vc_row][vc_column][vc_custom_heading text=&#8221;Grade Curricular Simplificada&#8221; font_container=&#8221;tag:h4|text_align:left&#8221; use_theme_fonts=&#8221;yes&#8221;][vc_column_text]<\/p>\n<table border=\"0\" cellspacing=\"0\">\n<colgroup width=\"46\"><\/colgroup>\n<colgroup width=\"178\"><\/colgroup>\n<colgroup width=\"76\"><\/colgroup>\n<colgroup width=\"75\"><\/colgroup>\n<colgroup width=\"208\"><\/colgroup>\n<tbody>\n<tr>\n<td colspan=\"5\" align=\"CENTER\" valign=\"MIDDLE\" height=\"41\"><strong>DISTRIBUI\u00c7\u00c3O DOS CREDITOS ENTRE OS GRUPOS DE DISCIPLINAS E ATIVIDADES<\/strong><\/td>\n<\/tr>\n<tr>\n<td colspan=\"2\" rowspan=\"2\" align=\"CENTER\" valign=\"MIDDLE\" height=\"48\"><\/td>\n<td colspan=\"2\" align=\"CENTER\" valign=\"MIDDLE\"><strong>Cr\u00e9ditos<\/strong><\/td>\n<td rowspan=\"2\" align=\"CENTER\" valign=\"MIDDLE\"><strong>C\u00f3digos Disciplinas e Atividades do Grupo<\/strong><\/td>\n<\/tr>\n<tr>\n<td align=\"CENTER\" valign=\"MIDDLE\"><strong>M\u00ednimo<\/strong><\/td>\n<td align=\"CENTER\" valign=\"MIDDLE\"><strong>M\u00e1ximo<\/strong><\/td>\n<\/tr>\n<tr>\n<td align=\"CENTER\" valign=\"MIDDLE\" bgcolor=\"#FFFFFF\" height=\"41\">1<\/td>\n<td align=\"CENTER\" valign=\"MIDDLE\" bgcolor=\"#FFFFFF\">N\u00daCLEO DE DISCIPLINAS OBRIGAT\u00d3RIAS COMUNS<\/td>\n<td align=\"CENTER\" valign=\"MIDDLE\" bgcolor=\"#FFFFFF\">8<\/td>\n<td align=\"CENTER\" valign=\"MIDDLE\" bgcolor=\"#FFFFFF\">8<\/td>\n<td align=\"LEFT\" valign=\"MIDDLE\" bgcolor=\"#FFFFFF\">PSI961, PSI962, PSI964, PSI965<\/td>\n<\/tr>\n<tr>\n<td align=\"CENTER\" valign=\"MIDDLE\" bgcolor=\"#FFFFFF\" height=\"41\">2<\/td>\n<td align=\"CENTER\" valign=\"MIDDLE\" bgcolor=\"#FFFFFF\">N\u00daCLEO DE DISCIPLINAS METODOL\u00d3GICAS COMUNS<\/td>\n<td align=\"CENTER\" valign=\"MIDDLE\" bgcolor=\"#FFFFFF\">4<\/td>\n<td align=\"CENTER\" valign=\"MIDDLE\" bgcolor=\"#FFFFFF\">4<\/td>\n<td align=\"LEFT\" valign=\"MIDDLE\" bgcolor=\"#FFFFFF\">PSI958, PSI959, PSI960<\/td>\n<\/tr>\n<tr>\n<td align=\"CENTER\" valign=\"MIDDLE\" bgcolor=\"#FFFFFF\" height=\"39\">3<\/td>\n<td align=\"CENTER\" valign=\"MIDDLE\" bgcolor=\"#FFFFFF\">N\u00daCLEO DE DISCIPLINAS OBRIGAT\u00d3RIAS DE \u00c1REA<\/td>\n<td align=\"CENTER\" valign=\"MIDDLE\" bgcolor=\"#FFFFFF\">4<\/td>\n<td align=\"CENTER\" valign=\"MIDDLE\" bgcolor=\"#FFFFFF\">4<\/td>\n<td align=\"LEFT\" valign=\"MIDDLE\" bgcolor=\"#FFFFFF\">PSI966, PSI967, PSI968<\/td>\n<\/tr>\n<tr>\n<td align=\"CENTER\" valign=\"MIDDLE\" bgcolor=\"#FFFFFF\" height=\"107\">4<\/td>\n<td align=\"CENTER\" valign=\"MIDDLE\" bgcolor=\"#FFFFFF\">N\u00daCLEO DE DISCIPLINAS OPTATIVAS DA LINHA\/\u00c1REA<\/td>\n<td align=\"CENTER\" valign=\"MIDDLE\" bgcolor=\"#FFFFFF\">0<\/td>\n<td align=\"CENTER\" valign=\"MIDDLE\" bgcolor=\"#FFFFFF\">28<\/td>\n<td align=\"LEFT\" valign=\"MIDDLE\" bgcolor=\"#FFFFFF\">EP(PSI895, PSI938, PSI939, PSI940, PSI941, PSI942, PSI943, PSI944, PSI945, PSI946).<br \/>\nDH\u00a0(PSI930, PSI931, PSI932, PSI933, PSI934, PSI935, PSI936, PSI937).<br \/>\nPS\u00a0(PSI947, PSI948, PSI949, PSI950, PSI951, PSI952, PSI953, PSI954, PSI955, PSI956, PSI957)<\/td>\n<\/tr>\n<tr>\n<td align=\"CENTER\" valign=\"MIDDLE\" bgcolor=\"#FFFFFF\" height=\"41\">5<\/td>\n<td align=\"CENTER\" valign=\"MIDDLE\" bgcolor=\"#FFFFFF\">N\u00daCLEO DE DISCIPLINAS OPTATIVAS COMUNS<\/td>\n<td align=\"CENTER\" valign=\"MIDDLE\" bgcolor=\"#FFFFFF\">0<\/td>\n<td align=\"CENTER\" valign=\"MIDDLE\" bgcolor=\"#FFFFFF\">28<\/td>\n<td align=\"LEFT\" valign=\"MIDDLE\" bgcolor=\"#FFFFFF\">PSI926, PSI927, PSI969<\/td>\n<\/tr>\n<tr>\n<td align=\"CENTER\" valign=\"MIDDLE\" bgcolor=\"#FFFFFF\" height=\"41\">6<\/td>\n<td align=\"CENTER\" valign=\"MIDDLE\" bgcolor=\"#FFFFFF\">N\u00daCLEO DE ATIVIDADES ESPECIAIS<\/td>\n<td align=\"CENTER\" valign=\"MIDDLE\" bgcolor=\"#FFFFFF\">0<\/td>\n<td align=\"CENTER\" valign=\"MIDDLE\" bgcolor=\"#FFFFFF\">11<\/td>\n<td align=\"LEFT\" valign=\"MIDDLE\" bgcolor=\"#FFFFFF\">PSI001<\/td>\n<\/tr>\n<tr>\n<td align=\"CENTER\" valign=\"MIDDLE\" bgcolor=\"#FFFFFF\" height=\"41\">7<\/td>\n<td align=\"CENTER\" valign=\"MIDDLE\" bgcolor=\"#FFFFFF\">N\u00daCLEO DE PREPARA\u00c7\u00c3O E ELABORA\u00c7\u00c3O DE TESE<\/td>\n<td align=\"CENTER\" valign=\"MIDDLE\" bgcolor=\"#FFFFFF\">0<\/td>\n<td align=\"CENTER\" valign=\"MIDDLE\" bgcolor=\"#FFFFFF\">0<\/td>\n<td align=\"LEFT\" valign=\"MIDDLE\" bgcolor=\"#FFFFFF\">EQP PSI005, TFP PSI006<\/td>\n<\/tr>\n<\/tbody>\n<\/table>\n<p><strong>\u00a0<\/strong>[\/vc_column_text][vc_empty_space height=&#8221;20px&#8221;][\/vc_column][\/vc_row][vc_row][vc_column][vc_empty_space height=&#8221;60px&#8221;][\/vc_column][\/vc_row]<\/p>\n","protected":false},"excerpt":{"rendered":"<p>[vc_row][vc_column][vc_custom_heading text=&#8221;Do Curso:&#8221; font_container=&#8221;tag:h1|text_align:left&#8221; use_theme_fonts=&#8221;yes&#8221;][vc_column_text]Criado no 2\u00b0 semestre de 2008, o curso de Doutorado do Programa de P\u00f3s-gradua\u00e7\u00e3o em Psicologia da UFMG, \u00e9 organizado em torno de duas \u00e1reas de concentra\u00e7\u00e3o e respectivas linhas de pesquisa.[\/vc_column_text][vc_empty_space height=&#8221;60px&#8221;][\/vc_column][\/vc_row][vc_row][vc_column][vc_custom_heading text=&#8221;Da Orienta\u00e7\u00e3o: &#8221; font_container=&#8221;tag:h1|text_align:left&#8221; use_theme_fonts=&#8221;yes&#8221;][vc_column_text]Todo estudante admitido no curso elaborar\u00e1 tese sob a orienta\u00e7\u00e3o e supervis\u00e3o de um(a)<\/p>\n","protected":false},"author":1,"featured_media":0,"parent":0,"menu_order":0,"comment_status":"closed","ping_status":"closed","template":"","meta":{"footnotes":""},"_links":{"self":[{"href":"https:\/\/www.fafich.ufmg.br\/pospsicologia\/wp-json\/wp\/v2\/pages\/1477"}],"collection":[{"href":"https:\/\/www.fafich.ufmg.br\/pospsicologia\/wp-json\/wp\/v2\/pages"}],"about":[{"href":"https:\/\/www.fafich.ufmg.br\/pospsicologia\/wp-json\/wp\/v2\/types\/page"}],"author":[{"embeddable":true,"href":"https:\/\/www.fafich.ufmg.br\/pospsicologia\/wp-json\/wp\/v2\/users\/1"}],"replies":[{"embeddable":true,"href":"https:\/\/www.fafich.ufmg.br\/pospsicologia\/wp-json\/wp\/v2\/comments?post=1477"}],"version-history":[{"count":12,"href":"https:\/\/www.fafich.ufmg.br\/pospsicologia\/wp-json\/wp\/v2\/pages\/1477\/revisions"}],"predecessor-version":[{"id":4183,"href":"https:\/\/www.fafich.ufmg.br\/pospsicologia\/wp-json\/wp\/v2\/pages\/1477\/revisions\/4183"}],"wp:attachment":[{"href":"https:\/\/www.fafich.ufmg.br\/pospsicologia\/wp-json\/wp\/v2\/media?parent=1477"}],"curies":[{"name":"wp","href":"https:\/\/api.w.org\/{rel}","templated":true}]}}