{"id":1485,"date":"2018-01-18T11:20:47","date_gmt":"2018-01-18T13:20:47","guid":{"rendered":"http:\/\/184.107.12.153\/~pospsicologia\/?page_id=1485"},"modified":"2024-04-26T11:05:29","modified_gmt":"2024-04-26T14:05:29","slug":"dissertacoes-mestrado","status":"publish","type":"page","link":"https:\/\/www.fafich.ufmg.br\/pospsicologia\/egressos\/dissertacoes-mestrado\/","title":{"rendered":"Disserta\u00e7\u00f5es (mestrado)"},"content":{"rendered":"<p>[vc_row][vc_column][vc_custom_heading text=&#8221;Rela\u00e7\u00e3o de Disserta\u00e7\u00f5es defendidas no PPG Psicologia&#8221; font_container=&#8221;tag:h1|text_align:left&#8221; use_theme_fonts=&#8221;yes&#8221;][vc_empty_space height=&#8221;20px&#8221;][vc_custom_heading text=&#8221;Para acesso aos textos, consulte o Reposit\u00f3rio Institucional da UFMG (https:\/\/repositorio.ufmg.br\/)&#8221; font_container=&#8221;tag:h4|text_align:left&#8221; use_theme_fonts=&#8221;yes&#8221; link=&#8221;url:https%3A%2F%2Frepositorio.ufmg.br%2F||target:%20_blank|&#8221;][vc_empty_space height=&#8221;20px&#8221;][\/vc_column][\/vc_row]<\/p>\n","protected":false},"excerpt":{"rendered":"<p>[vc_row][vc_column][vc_custom_heading text=&#8221;Rela\u00e7\u00e3o de Disserta\u00e7\u00f5es defendidas no PPG Psicologia&#8221; font_container=&#8221;tag:h1|text_align:left&#8221; use_theme_fonts=&#8221;yes&#8221;][vc_empty_space height=&#8221;20px&#8221;][vc_custom_heading text=&#8221;Para acesso aos textos, consulte o Reposit\u00f3rio Institucional da UFMG (https:\/\/repositorio.ufmg.br\/)&#8221; font_container=&#8221;tag:h4|text_align:left&#8221; use_theme_fonts=&#8221;yes&#8221; link=&#8221;url:https%3A%2F%2Frepositorio.ufmg.br%2F||target:%20_blank|&#8221;][vc_empty_space height=&#8221;20px&#8221;][\/vc_column][\/vc_row]<\/p>\n","protected":false},"author":1,"featured_media":0,"parent":1522,"menu_order":0,"comment_status":"closed","ping_status":"closed","template":"","meta":{"footnotes":""},"_links":{"self":[{"href":"https:\/\/www.fafich.ufmg.br\/pospsicologia\/wp-json\/wp\/v2\/pages\/1485"}],"collection":[{"href":"https:\/\/www.fafich.ufmg.br\/pospsicologia\/wp-json\/wp\/v2\/pages"}],"about":[{"href":"https:\/\/www.fafich.ufmg.br\/pospsicologia\/wp-json\/wp\/v2\/types\/page"}],"author":[{"embeddable":true,"href":"https:\/\/www.fafich.ufmg.br\/pospsicologia\/wp-json\/wp\/v2\/users\/1"}],"replies":[{"embeddable":true,"href":"https:\/\/www.fafich.ufmg.br\/pospsicologia\/wp-json\/wp\/v2\/comments?post=1485"}],"version-history":[{"count":12,"href":"https:\/\/www.fafich.ufmg.br\/pospsicologia\/wp-json\/wp\/v2\/pages\/1485\/revisions"}],"predecessor-version":[{"id":3273,"href":"https:\/\/www.fafich.ufmg.br\/pospsicologia\/wp-json\/wp\/v2\/pages\/1485\/revisions\/3273"}],"up":[{"embeddable":true,"href":"https:\/\/www.fafich.ufmg.br\/pospsicologia\/wp-json\/wp\/v2\/pages\/1522"}],"wp:attachment":[{"href":"https:\/\/www.fafich.ufmg.br\/pospsicologia\/wp-json\/wp\/v2\/media?parent=1485"}],"curies":[{"name":"wp","href":"https:\/\/api.w.org\/{rel}","templated":true}]}}