{"id":1518,"date":"2018-01-19T10:26:51","date_gmt":"2018-01-19T12:26:51","guid":{"rendered":"http:\/\/184.107.12.153\/~pospsicologia\/?page_id=1518"},"modified":"2023-05-09T04:01:55","modified_gmt":"2023-05-09T07:01:55","slug":"areas-de-concentracao","status":"publish","type":"page","link":"https:\/\/www.fafich.ufmg.br\/pospsicologia\/areas-de-concentracao\/","title":{"rendered":"\u00c1reas de Concentra\u00e7\u00e3o"},"content":{"rendered":"<p>[vc_row][vc_column][cms_table_position values=&#8221;%5B%7B%22link%22%3A%22url%3Ahttp%253A%252F%252F184.107.12.153%252F~pospsicologia%252Festudos-psicanaliticos%252F%7C%7C%7C%22%2C%22table_content1%22%3A%22Estudos%20Psicanal%C3%ADticos%22%7D%2C%7B%22link%22%3A%22url%3Ahttp%253A%252F%252F184.107.12.153%252F~pospsicologia%252Fpsicologia-social%252F%7C%7C%7C%22%2C%22table_content1%22%3A%22Psicologia%20Social%22%7D%5D&#8221;][vc_empty_space height=&#8221;60px&#8221;][\/vc_column][\/vc_row]<\/p>\n","protected":false},"excerpt":{"rendered":"<p>[vc_row][vc_column][cms_table_position values=&#8221;%5B%7B%22link%22%3A%22url%3Ahttp%253A%252F%252F184.107.12.153%252F~pospsicologia%252Festudos-psicanaliticos%252F%7C%7C%7C%22%2C%22table_content1%22%3A%22Estudos%20Psicanal%C3%ADticos%22%7D%2C%7B%22link%22%3A%22url%3Ahttp%253A%252F%252F184.107.12.153%252F~pospsicologia%252Fpsicologia-social%252F%7C%7C%7C%22%2C%22table_content1%22%3A%22Psicologia%20Social%22%7D%5D&#8221;][vc_empty_space height=&#8221;60px&#8221;][\/vc_column][\/vc_row]<\/p>\n","protected":false},"author":1,"featured_media":0,"parent":0,"menu_order":0,"comment_status":"closed","ping_status":"closed","template":"","meta":{"footnotes":""},"_links":{"self":[{"href":"https:\/\/www.fafich.ufmg.br\/pospsicologia\/wp-json\/wp\/v2\/pages\/1518"}],"collection":[{"href":"https:\/\/www.fafich.ufmg.br\/pospsicologia\/wp-json\/wp\/v2\/pages"}],"about":[{"href":"https:\/\/www.fafich.ufmg.br\/pospsicologia\/wp-json\/wp\/v2\/types\/page"}],"author":[{"embeddable":true,"href":"https:\/\/www.fafich.ufmg.br\/pospsicologia\/wp-json\/wp\/v2\/users\/1"}],"replies":[{"embeddable":true,"href":"https:\/\/www.fafich.ufmg.br\/pospsicologia\/wp-json\/wp\/v2\/comments?post=1518"}],"version-history":[{"count":4,"href":"https:\/\/www.fafich.ufmg.br\/pospsicologia\/wp-json\/wp\/v2\/pages\/1518\/revisions"}],"predecessor-version":[{"id":4461,"href":"https:\/\/www.fafich.ufmg.br\/pospsicologia\/wp-json\/wp\/v2\/pages\/1518\/revisions\/4461"}],"wp:attachment":[{"href":"https:\/\/www.fafich.ufmg.br\/pospsicologia\/wp-json\/wp\/v2\/media?parent=1518"}],"curies":[{"name":"wp","href":"https:\/\/api.w.org\/{rel}","templated":true}]}}