{"id":1541,"date":"2018-01-19T11:29:29","date_gmt":"2018-01-19T13:29:29","guid":{"rendered":"http:\/\/184.107.12.153\/~pospsicologia\/?page_id=1541"},"modified":"2024-03-01T07:58:24","modified_gmt":"2024-03-01T10:58:24","slug":"ementas","status":"publish","type":"page","link":"https:\/\/www.fafich.ufmg.br\/pospsicologia\/ementas\/","title":{"rendered":"Ementas"},"content":{"rendered":"<p>[vc_row][vc_column][vc_column_text]<\/p>\n<h4>Disponibilizamos, na tabela abaixo, as ementas das disciplinas da p\u00f3s-gradua\u00e7\u00e3o em Psicologia.<\/h4>\n\n<table id=\"tablepress-9\" class=\"tablepress tablepress-id-9\">\n<thead>\n<tr class=\"row-1 odd\">\n\t<th class=\"column-1\">C\u00f3digo<\/th><th class=\"column-2\">Grupo<\/th><th class=\"column-3\">N\u00edvel<\/th><th class=\"column-4\">Nome da Disciplina<\/th><th class=\"column-5\">Ementa<\/th><th class=\"column-6\">Cr\u00e9ditos<\/th>\n<\/tr>\n<\/thead>\n<tbody class=\"row-hover\">\n<tr class=\"row-2 even\">\n\t<td class=\"column-1\">PSI879<\/td><td class=\"column-2\">2<\/td><td class=\"column-3\">M<\/td><td class=\"column-4\">TEORIA DO INCONSCIENTE<\/td><td class=\"column-5\">A teoria freudiana do aparelho ps\u00edquico desde as suas primeiras formula\u00e7\u00f5es at\u00e9 a segunda t\u00f3pica. A rela\u00e7\u00e3o fundamental entre inconsciente, recalcamento e sexualidade infantil.<\/td><td class=\"column-6\">4<\/td>\n<\/tr>\n<tr class=\"row-3 odd\">\n\t<td class=\"column-1\">PSI895<\/td><td class=\"column-2\">3 (M); 4 (D)<\/td><td class=\"column-3\">M<\/td><td class=\"column-4\">PSICAN\u00c1LISE E LACO SOCIAL<\/td><td class=\"column-5\">Articula\u00e7\u00f5es entre a subjetividade em seu sentido individual e seu sentido coletivo; o la\u00e7o social.<\/td><td class=\"column-6\">4<\/td>\n<\/tr>\n<tr class=\"row-4 even\">\n\t<td class=\"column-1\">PSI904<\/td><td class=\"column-2\">2<\/td><td class=\"column-3\">M<\/td><td class=\"column-4\">HIST\u00d3RIA E TEORIA EM PSICOLOGIA SOCIAL<\/td><td class=\"column-5\">Principais correntes te\u00f3rico-metodol\u00f3gicas na Psicologia Social contempor\u00e2nea: evolucionismo, funcionalismo, psican\u00e1lise, gestalt, teoria cr\u00edtica, cognitivismo, teoria das representa\u00e7\u00f5es sociais, subjetivismo, interacionismo simb\u00f3lico<\/td><td class=\"column-6\">4<\/td>\n<\/tr>\n<tr class=\"row-5 odd\">\n\t<td class=\"column-1\">PSI922<\/td><td class=\"column-2\">1<\/td><td class=\"column-3\">M<\/td><td class=\"column-4\">SEMIN\u00c1RIO DE PESQUISA<\/td><td class=\"column-5\">Semin\u00e1rio multidisciplinar organizado em conjunto pelas tr\u00eas \u00e1reas de concentra\u00e7\u00e3o. Tem o objetivo de apresentar e discutir quest\u00f5es contempor\u00e2neas em cada uma das linhas de pesquisa contempladas no programa de p\u00f3s-gradua\u00e7\u00e3o<\/td><td class=\"column-6\">2<\/td>\n<\/tr>\n<tr class=\"row-6 even\">\n\t<td class=\"column-1\">PSI923<\/td><td class=\"column-2\">1<\/td><td class=\"column-3\">M<\/td><td class=\"column-4\">METODOLOGIA DE PESQUISA<\/td><td class=\"column-5\">Natureza da pesquisa quantitativa e qualitativa. Amostragem e sele\u00e7\u00e3o de sujeitos. Principais estrat\u00e9gias e m\u00e9todos de coleta de dados: survey, observa\u00e7\u00e3o, testes psicol\u00f3gicos, an\u00e1lise de conte\u00fado, uso de dados secund\u00e1rios, etnografia e observa\u00e7\u00e3o participante, entrevista, grupos focais, an\u00e1lise conversacional e an\u00e1lise de discurso, an\u00e1lise de documentos. Triangula\u00e7\u00e3o de pesquisa qualitativa e quantitativa.<\/td><td class=\"column-6\">4<\/td>\n<\/tr>\n<tr class=\"row-7 odd\">\n\t<td class=\"column-1\">PSI924<\/td><td class=\"column-2\">1<\/td><td class=\"column-3\">M<\/td><td class=\"column-4\">SEMIN\u00c1RIO DE DISSERTACAO<\/td><td class=\"column-5\">Estrutura e desenvolvimento de projetos de pesquisa. Discuss\u00e3o dos projetos de disserta\u00e7\u00e3o, elabora\u00e7\u00e3o e desenvolvimento.<\/td><td class=\"column-6\">2<\/td>\n<\/tr>\n<tr class=\"row-8 even\">\n\t<td class=\"column-1\">PSI926<\/td><td class=\"column-2\">4 (M) ; 5 (D)<\/td><td class=\"column-3\">M\/D<\/td><td class=\"column-4\">T\u00d3PICOS ESPECIAIS EM PSICOLOGIA A<\/td><td class=\"column-5\">Abordagem te\u00f3rica ou metodol\u00f3gica de temas espec\u00edficos em uma \u00e1rea da psicologia. A cada vez que a disciplina \u00e9 oferecida, o professor deve especificar a tem\u00e1tica a ser trabalhada como, por exemplo, \"T\u00f3picos Especiais em Psicologia: Cogni\u00e7\u00e3o e Linguagem\". A disciplina toma, portanto, a forma de disciplinas diferentes, sempre vinculadas \u00e0s linhas de pesquisa do programa.<\/td><td class=\"column-6\">1<\/td>\n<\/tr>\n<tr class=\"row-9 odd\">\n\t<td class=\"column-1\">PSI927<\/td><td class=\"column-2\">4 (M) ; 5 (D)<\/td><td class=\"column-3\">M\/D<\/td><td class=\"column-4\">T\u00d3PICOS ESPECIAIS EM PSICOLOGIA B<\/td><td class=\"column-5\">Abordagem te\u00f3rica ou metodol\u00f3gica de temas espec\u00edficos em uma \u00e1rea da psicologia. A cada vez que a disciplina \u00e9 oferecida, o professor deve especificar a tem\u00e1tica a ser trabalhada como, por exemplo, \"T\u00f3picos Especiais em Psicologia: Cogni\u00e7\u00e3o e Linguagem\". A disciplina toma, portanto, a forma de disciplinas diferentes, sempre vinculadas \u00e0s linhas de pesquisa do programa.<\/td><td class=\"column-6\">2<\/td>\n<\/tr>\n<tr class=\"row-10 even\">\n\t<td class=\"column-1\">PSI938<\/td><td class=\"column-2\">3 (M); 4 (D)<\/td><td class=\"column-3\">M\/D<\/td><td class=\"column-4\">PSICAN\u00c1LISE E IDENTIFICA\u00c7\u00c3O<\/td><td class=\"column-5\">Estudo das teorias psicanal\u00edticas da identifica\u00e7\u00e3o. Discuss\u00e3o dos conceitos de identifica\u00e7\u00e3o prim\u00e1ria e secund\u00e1ria. Estudo da teoria psicanal\u00edtica do narcisismo, focalizando sua rela\u00e7\u00e3o com as identifica\u00e7\u00f5es e a constitui\u00e7\u00e3o do eu.<\/td><td class=\"column-6\">4<\/td>\n<\/tr>\n<tr class=\"row-11 odd\">\n\t<td class=\"column-1\">PSI939<\/td><td class=\"column-2\">3 (M); 4 (D)<\/td><td class=\"column-3\">M\/D<\/td><td class=\"column-4\">ETICA E EPISTEMOLOGIA DA PSICAN\u00c1LISE<\/td><td class=\"column-5\">Estudo te\u00f3rico e cl\u00ednico acerca das condi\u00e7\u00f5es epistemol\u00f3gicas da pr\u00e1tica psicanal\u00edtica, assim como das conseq\u00fc\u00eancias \u00e9ticas de sua orienta\u00e7\u00e3o.<\/td><td class=\"column-6\">4<\/td>\n<\/tr>\n<tr class=\"row-12 even\">\n\t<td class=\"column-1\">PSI940<\/td><td class=\"column-2\">3 (M); 4 (D)<\/td><td class=\"column-3\">M\/D<\/td><td class=\"column-4\">FREUD E A MORAL<\/td><td class=\"column-5\">Estudo hist\u00f3rico-sistem\u00e1tico das concep\u00e7\u00f5es freudianas sobre moral e \u00e9tica, e suas implica\u00e7\u00f5es para a filosofia e pr\u00e1tica clinica.<\/td><td class=\"column-6\">4<\/td>\n<\/tr>\n<tr class=\"row-13 odd\">\n\t<td class=\"column-1\">PSI941<\/td><td class=\"column-2\">3 (M); 4 (D)<\/td><td class=\"column-3\">M\/D<\/td><td class=\"column-4\">PSICAN\u00c1LISE E G\u00caNERO<\/td><td class=\"column-5\">Estudo das principais teorias psicanal\u00edticas e psicol\u00f3gicas sobre identidade de g\u00eanero. Discuss\u00e3o dos aspectos inconscientes da designa\u00e7\u00e3o de g\u00eanero. Principais patologias e transtornos relacionados \u00e0 parti\u00e7\u00e3o masculino\/feminino<\/td><td class=\"column-6\">4<\/td>\n<\/tr>\n<tr class=\"row-14 even\">\n\t<td class=\"column-1\">PSI942<\/td><td class=\"column-2\">3 (M); 4 (D)<\/td><td class=\"column-3\">M\/D<\/td><td class=\"column-4\">A ESCRITA NA PSICAN\u00c1LISE<\/td><td class=\"column-5\">Experimentar o processo de elabora\u00e7\u00e3o de textos psicanal\u00edticos. Escrita e estilo: impasses na dire\u00e7\u00e3o de uma singularidade. Aspectos formais da escrita. Diversidade e especificidade da escrita psicanal\u00edtica. O texto acad\u00eamico psicanal\u00edtico: da delimita\u00e7\u00e3o do tema \u00e0 pesquisa e \u00e0 escrita final.<\/td><td class=\"column-6\">4<\/td>\n<\/tr>\n<tr class=\"row-15 odd\">\n\t<td class=\"column-1\">PSI943<\/td><td class=\"column-2\">3 (M); 4 (D)<\/td><td class=\"column-3\">M\/D<\/td><td class=\"column-4\">PSICAN\u00c1LISE E PSICOSES<\/td><td class=\"column-5\">Estudo das concep\u00e7\u00f5es psicanal\u00edticas sobre as psicoses, abordando os fen\u00f4menos cl\u00ednicos do ponto de vista da estrutura. Tratamento poss\u00edvel de suas diversas manifesta\u00e7\u00f5es cl\u00ednicas. No\u00e7\u00f5es de realidade ps\u00edquica e fen\u00f4menos de perda da realidade na psicose.<\/td><td class=\"column-6\">4<\/td>\n<\/tr>\n<tr class=\"row-16 even\">\n\t<td class=\"column-1\">PSI944<\/td><td class=\"column-2\">3 (M); 4 (D)<\/td><td class=\"column-3\">M\/D<\/td><td class=\"column-4\">PULS\u00c3O E SUBLIMA\u00c7\u00c3O<\/td><td class=\"column-5\">O conceito de puls\u00e3o na teoria freudiana e suas rela\u00e7\u00f5es com outros conceitos fundamentais, como sexualidade, inconsciente e repeti\u00e7\u00e3o. O conceito de sublima\u00e7\u00e3o e seus desdobramentos na cultura.<\/td><td class=\"column-6\">4<\/td>\n<\/tr>\n<tr class=\"row-17 odd\">\n\t<td class=\"column-1\">PSI945<\/td><td class=\"column-2\">3 (M); 4 (D)<\/td><td class=\"column-3\">M\/D<\/td><td class=\"column-4\">PSICAN\u00c1LISE E DIRE\u00c7\u00c3O DO TRATAMENTO<\/td><td class=\"column-5\">Condi\u00e7\u00f5es, subst\u00e2ncia e finalidade do tratamento psicanal\u00edtico. O desenrolar do tratamento psicanal\u00edtico: transfer\u00eancia, contratransfer\u00eancia, interpreta\u00e7\u00e3o, sess\u00e3o anal\u00edtica, setting, indica\u00e7\u00f5es e contra-indica\u00e7\u00f5es, etc.<\/td><td class=\"column-6\">4<\/td>\n<\/tr>\n<tr class=\"row-18 even\">\n\t<td class=\"column-1\">PSI946<\/td><td class=\"column-2\">3 (M); 4 (D)<\/td><td class=\"column-3\">M\/D<\/td><td class=\"column-4\">PSICANALISE DA CRIANCA E DO ADOLESCENTE<\/td><td class=\"column-5\">A psican\u00e1lise de crian\u00e7as e adolescentes: teoria, pesquisa e clinica.<\/td><td class=\"column-6\">4<\/td>\n<\/tr>\n<tr class=\"row-19 odd\">\n\t<td class=\"column-1\">PSI947<\/td><td class=\"column-2\">3 (M); 4 (D)<\/td><td class=\"column-3\">M\/D<\/td><td class=\"column-4\">CULTURA E PROCESSOS DE SUBJETIVACAO<\/td><td class=\"column-5\">Processos de subjetiva\u00e7\u00e3o na contemporaneidade. Abordagem fenomenol\u00f3gica da experi\u00eancia pessoal, interpessoal e coletiva em manifesta\u00e7\u00f5es culturais e psicossociais significativas.<\/td><td class=\"column-6\">4<\/td>\n<\/tr>\n<tr class=\"row-20 even\">\n\t<td class=\"column-1\">PSI948<\/td><td class=\"column-2\">3 (M); 4 (D)<\/td><td class=\"column-3\">M\/D<\/td><td class=\"column-4\">G\u00caNEROS, DIFERENEN\u00c7AS E PROCESSOS DE SINGULARIZA\u00c7\u00c3O<\/td><td class=\"column-5\">Discuss\u00e3o do conceito de diferen\u00e7a, relacionando ao de preconceito. Teoria feminista: conceitos de g\u00eanero, identidade, sujeito, subjetividade e experi\u00eancia. Estudo de como tem sido constru\u00eddo o conceito de mulher na filosofia e na teoria feminista.<\/td><td class=\"column-6\">4<\/td>\n<\/tr>\n<tr class=\"row-21 odd\">\n\t<td class=\"column-1\">PSI949<\/td><td class=\"column-2\">3 (M); 4 (D)<\/td><td class=\"column-3\">M\/D<\/td><td class=\"column-4\">SUJEITO, PR\u00c1TICAS SOCIAIS E PROCESSOS INSTITUCIONAIS<\/td><td class=\"column-5\">A rela\u00e7\u00e3o entre pr\u00e1ticas discursivas, processos institucionais e modos de subjetiva\u00e7\u00e3o na sociedade moderna e contempor\u00e2nea. An\u00e1lise das institui\u00e7\u00f5es sociais. O movimento institucionalista e as pr\u00e1ticas de interven\u00e7\u00e3o psicossocial: da analise institucional a esquizoan\u00e1lise.<\/td><td class=\"column-6\">4<\/td>\n<\/tr>\n<tr class=\"row-22 even\">\n\t<td class=\"column-1\">PSI950<\/td><td class=\"column-2\">3 (M); 4 (D)<\/td><td class=\"column-3\">M\/D<\/td><td class=\"column-4\">PSICOLOGIA POL\u00cdTICA<\/td><td class=\"column-5\">Introdu\u00e7\u00e3o ao campo da psicologia pol\u00edtica. Antecedentes e introdu\u00e7\u00e3o hist\u00f3rica \u00e0 forma\u00e7\u00e3o dessa \u00e1rea das ci\u00eancias humanas. Principais contribui\u00e7\u00f5es advindas da psicologia, das ci\u00eancias sociais e da filosofia. Principais temas e categorias estudadas internacionalmente no campo da psicologia pol\u00edtica como, por exemplo, movimentos sociais e a\u00e7\u00f5es coletivas; emo\u00e7\u00e3o e pol\u00edtica; ideologia e engajamento pol\u00edtico; comportamento eleitoral, nacionalismo, populismo e autoritarismo; preconceito e minorias sociais.<\/td><td class=\"column-6\">4<\/td>\n<\/tr>\n<tr class=\"row-23 odd\">\n\t<td class=\"column-1\">PSI951<\/td><td class=\"column-2\">3 (M); 4 (D)<\/td><td class=\"column-3\">M\/D<\/td><td class=\"column-4\">POLITICAS E PR\u00c1TICAS DE SAUDE<\/td><td class=\"column-5\">Analise da historia de pol\u00edticas de sa\u00fade, enquanto pol\u00edticas p\u00fablicas expressas atrav\u00e9s de rela\u00e7\u00f5es entre atores sociais cristalizadas em modelos t\u00e9cnico-assistenciais de interven\u00e7\u00e3o na sa\u00fade individual e coletiva.<\/td><td class=\"column-6\">4<\/td>\n<\/tr>\n<tr class=\"row-24 even\">\n\t<td class=\"column-1\">PSI952<\/td><td class=\"column-2\">3 (M); 4 (D)<\/td><td class=\"column-3\">M\/D<\/td><td class=\"column-4\">AVALIA\u00c7\u00c3O DE POL\u00cdTICAS P\u00daBLICAS<\/td><td class=\"column-5\">An\u00e1lise do processo de formula\u00e7\u00e3o, implementa\u00e7\u00e3o e avalia\u00e7\u00e3o de pol\u00edticas p\u00fablicas com \u00eanfase na avalia\u00e7\u00e3o. Principais abordagens e m\u00e9todos de avalia\u00e7\u00e3o. Constru\u00e7\u00e3o de indicadores. Avalia\u00e7\u00e3o por objetivos e avalia\u00e7\u00e3o por resultados. Avalia\u00e7\u00e3o formativa e sumativa. A abordagem construtivista de avalia\u00e7\u00e3o. Avalia\u00e7\u00e3o participativa. A triangula\u00e7\u00e3o de m\u00e9todos qualitativos e quantitativos como abordagem privilegiada na pesquisa avaliativa. Avalia\u00e7\u00e3o como pr\u00e1tica interdisciplinar ou transdisciplinar.<\/td><td class=\"column-6\">4<\/td>\n<\/tr>\n<tr class=\"row-25 odd\">\n\t<td class=\"column-1\">PSI953<\/td><td class=\"column-2\">3 (M); 4 (D)<\/td><td class=\"column-3\">M\/D<\/td><td class=\"column-4\">IDENTIDADE COLETIVA E MOVIMENTOS SOCIAIS<\/td><td class=\"column-5\">Analises psicossociol\u00f3gicas dos movimentos sociais de a\u00e7\u00e3o coletiva na contemporaneidade. Identidade social, identidade coletiva e identidade pol\u00edtica como ferramentas anal\u00edticas do processo psicossocial de constru\u00e7\u00e3o das a\u00e7\u00f5es de protesto. Comportamento coletivo nas a\u00e7\u00f5es de mudan\u00e7a social; a din\u00e2mica interna dessas a\u00e7\u00f5es. Os sentidos do trabalho e sua fun\u00e7\u00e3o psicossocial. O papel do trabalho enquanto transformador do homem e da sociedade.<\/td><td class=\"column-6\">4<\/td>\n<\/tr>\n<tr class=\"row-26 even\">\n\t<td class=\"column-1\">PSI954<\/td><td class=\"column-2\">3 (M); 4 (D)<\/td><td class=\"column-3\">M\/D<\/td><td class=\"column-4\">TRABALHO E SOCIABILIDADE<\/td><td class=\"column-5\">Por meio de um paralelo entre as teses que prop\u00f5em a perda da centralidade do trabalho para o homem contempor\u00e2neo e aquelas que reafirmam a perman\u00eancia dessa centralidade, o curso analisa: os sentidos do trabalho, sua fun\u00e7\u00e3o psicossocial, sua realiza\u00e7\u00e3o e repercuss\u00f5es em espa\u00e7os e atividades marginalizadas e seu papel transformador do homem e da sociedade.<\/td><td class=\"column-6\">4<\/td>\n<\/tr>\n<tr class=\"row-27 odd\">\n\t<td class=\"column-1\">PSI955<\/td><td class=\"column-2\">3 (M); 4 (D)<\/td><td class=\"column-3\">M\/D<\/td><td class=\"column-4\">HIST\u00d3RIA DE VIDA E EXPERI\u00caNCIA<\/td><td class=\"column-5\">O m\u00e9todo de historia de vida na perspectiva da sociologia cl\u00ednica; entre hist\u00f3ria e mem\u00f3ria; da experi\u00eancia ao saber sociol\u00f3gico; experi\u00eancia e subjetividade. A disciplina visa oferecer ao aluno base te\u00f3rica necess\u00e1ria para a compreens\u00e3o e utiliza\u00e7\u00e3o do m\u00e9todo de hist\u00f3ria de vida na pesquisa em psicologia e para a an\u00e1lise de rela\u00e7\u00e3o hist\u00f3ria de vida\/experi\u00eancia.<\/td><td class=\"column-6\">4<\/td>\n<\/tr>\n<tr class=\"row-28 even\">\n\t<td class=\"column-1\">PSI956<\/td><td class=\"column-2\">3 (M); 4 (D)<\/td><td class=\"column-3\">M\/D<\/td><td class=\"column-4\">SAUDE MENTAL E TRABALHO<\/td><td class=\"column-5\">Teorias, diagn\u00f3stico e interven\u00e7\u00e3o em sa\u00fade mental e trabalho.<\/td><td class=\"column-6\">4<\/td>\n<\/tr>\n<tr class=\"row-29 odd\">\n\t<td class=\"column-1\">PSI957<\/td><td class=\"column-2\">3 (M); 4 (D)<\/td><td class=\"column-3\">M\/D<\/td><td class=\"column-4\">A CL\u00cdNICA DO TRABALHO<\/td><td class=\"column-5\">Estudo da tem\u00e1tica trabalho e subjetividade com \u00eanfase em uma cl\u00ednica da atividade e na an\u00e1lise das rela\u00e7\u00f5es entre modos de vida e de trabalho.<\/td><td class=\"column-6\">4<\/td>\n<\/tr>\n<tr class=\"row-30 even\">\n\t<td class=\"column-1\">PSI959<\/td><td class=\"column-2\">2<\/td><td class=\"column-3\">D<\/td><td class=\"column-4\">SEMIN\u00c1RIO AVANCADO EM METODOLOGIA DE PESQUISA B: PESQUISA QUALITATIVA<\/td><td class=\"column-5\">Aberta<\/td><td class=\"column-6\">4<\/td>\n<\/tr>\n<tr class=\"row-31 odd\">\n\t<td class=\"column-1\">PSI960<\/td><td class=\"column-2\">2<\/td><td class=\"column-3\">D<\/td><td class=\"column-4\">SEMIN\u00c1RIO AVANCADO EM METODOLOGIA DE PESQUISA C.: M\u00c9TODOS. CL\u00cdNICOS<\/td><td class=\"column-5\">Aberta<\/td><td class=\"column-6\">4<\/td>\n<\/tr>\n<tr class=\"row-32 even\">\n\t<td class=\"column-1\">PSI961<\/td><td class=\"column-2\">1<\/td><td class=\"column-3\">D<\/td><td class=\"column-4\">SEMIN\u00c1RIO DE TESE A<\/td><td class=\"column-5\">Aberta<\/td><td class=\"column-6\">2<\/td>\n<\/tr>\n<tr class=\"row-33 odd\">\n\t<td class=\"column-1\">PSI962<\/td><td class=\"column-2\">1<\/td><td class=\"column-3\">D<\/td><td class=\"column-4\">SEMIN\u00c1RIO DE TESE B<\/td><td class=\"column-5\">Aberta<\/td><td class=\"column-6\">2<\/td>\n<\/tr>\n<tr class=\"row-34 even\">\n\t<td class=\"column-1\">PSI963<\/td><td class=\"column-2\">1<\/td><td class=\"column-3\">M<\/td><td class=\"column-4\">EST\u00c1GIO EM DOC\u00caNCIA A<\/td><td class=\"column-5\">Participa\u00e7\u00e3o em atividades de ensino no curso de gradua\u00e7\u00e3o do departamento de psicologia, sob a supervis\u00e3o de um dos professores do programa de p\u00f3s-gradua\u00e7\u00e3o.<\/td><td class=\"column-6\">2<\/td>\n<\/tr>\n<tr class=\"row-35 odd\">\n\t<td class=\"column-1\">PSI964<\/td><td class=\"column-2\">1<\/td><td class=\"column-3\">D<\/td><td class=\"column-4\">EST\u00c1GIO EM DOC\u00caNCIA B<\/td><td class=\"column-5\">Participa\u00e7\u00e3o em atividades de ensino no curso de gradua\u00e7\u00e3o do departamento de psicologia, sob a supervis\u00e3o de um dos professores do programa de p\u00f3s-gradua\u00e7\u00e3o.<\/td><td class=\"column-6\">2<\/td>\n<\/tr>\n<tr class=\"row-36 even\">\n\t<td class=\"column-1\">PSI965<\/td><td class=\"column-2\">1<\/td><td class=\"column-3\">D<\/td><td class=\"column-4\">EST\u00c1GIO EM DOC\u00caNCIA C<\/td><td class=\"column-5\">Participa\u00e7\u00e3o em atividades de ensino no curso de gradua\u00e7\u00e3o do departamento de psicologia, sob a supervis\u00e3o de um dos professores do programa de p\u00f3s-gradua\u00e7\u00e3o.<\/td><td class=\"column-6\">2<\/td>\n<\/tr>\n<tr class=\"row-37 odd\">\n\t<td class=\"column-1\">PSI967<\/td><td class=\"column-2\">3<\/td><td class=\"column-3\">D<\/td><td class=\"column-4\">SEXUALIDADE E INCONSCIENTE<\/td><td class=\"column-5\">Participa\u00e7\u00e3o em atividades de ensino no curso de gradua\u00e7\u00e3o do departamento de psicologia, sob a supervis\u00e3o de um dos professores do programa de p\u00f3s-gradua\u00e7\u00e3o.<\/td><td class=\"column-6\">4<\/td>\n<\/tr>\n<tr class=\"row-38 even\">\n\t<td class=\"column-1\">PSI968<\/td><td class=\"column-2\">3<\/td><td class=\"column-3\">D<\/td><td class=\"column-4\">SUJEITOS E SOCIEDADES: TEORIAS CONTEMPOR\u00c2NEAS EM PSICOLOGIA SOCIAL<\/td><td class=\"column-5\">Investiga\u00e7\u00e3o das principais teorias da Psicologia Social e das Ci\u00eancias Sociaiscujas an\u00e1lises focalizam as media\u00e7\u00f5es explicativas da rela\u00e7\u00e3o sujeito e sociedade.<\/td><td class=\"column-6\">4<\/td>\n<\/tr>\n<tr class=\"row-39 odd\">\n\t<td class=\"column-1\">PSI969<\/td><td class=\"column-2\">4 (M) ; 5 (D)<\/td><td class=\"column-3\">M\/D<\/td><td class=\"column-4\">T\u00d3PICOS ESPECIAIS EM PSICOLOGIA C<\/td><td class=\"column-5\">Abordagem te\u00f3rica ou metodol\u00f3gica de temas espec\u00edficos em uma \u00e1rea da psicologia. A cada vez que a disciplina \u00e9 oferecida, o professor deve especificar a tem\u00e1tica a ser trabalhada como, por exemplo, \"T\u00f3picos Especiais em Psicologia: Cogni\u00e7\u00e3o e Linguagem\". A disciplina toma, portanto, a forma de disciplinas diferentes, sempre vinculadas \u00e0s linhas de pesquisa do programa.<\/td><td class=\"column-6\">4<\/td>\n<\/tr>\n<\/tbody>\n<\/table>\n<!-- #tablepress-9 from cache -->\n","protected":false},"excerpt":{"rendered":"<p>[vc_row][vc_column][vc_column_text] Disponibilizamos, na tabela abaixo, as ementas das disciplinas da p\u00f3s-gradua\u00e7\u00e3o em Psicologia.<\/p>\n","protected":false},"author":1,"featured_media":0,"parent":0,"menu_order":0,"comment_status":"closed","ping_status":"closed","template":"","meta":{"footnotes":""},"_links":{"self":[{"href":"https:\/\/www.fafich.ufmg.br\/pospsicologia\/wp-json\/wp\/v2\/pages\/1541"}],"collection":[{"href":"https:\/\/www.fafich.ufmg.br\/pospsicologia\/wp-json\/wp\/v2\/pages"}],"about":[{"href":"https:\/\/www.fafich.ufmg.br\/pospsicologia\/wp-json\/wp\/v2\/types\/page"}],"author":[{"embeddable":true,"href":"https:\/\/www.fafich.ufmg.br\/pospsicologia\/wp-json\/wp\/v2\/users\/1"}],"replies":[{"embeddable":true,"href":"https:\/\/www.fafich.ufmg.br\/pospsicologia\/wp-json\/wp\/v2\/comments?post=1541"}],"version-history":[{"count":6,"href":"https:\/\/www.fafich.ufmg.br\/pospsicologia\/wp-json\/wp\/v2\/pages\/1541\/revisions"}],"predecessor-version":[{"id":4759,"href":"https:\/\/www.fafich.ufmg.br\/pospsicologia\/wp-json\/wp\/v2\/pages\/1541\/revisions\/4759"}],"wp:attachment":[{"href":"https:\/\/www.fafich.ufmg.br\/pospsicologia\/wp-json\/wp\/v2\/media?parent=1541"}],"curies":[{"name":"wp","href":"https:\/\/api.w.org\/{rel}","templated":true}]}}