{"id":1544,"date":"2018-01-19T11:32:52","date_gmt":"2018-01-19T13:32:52","guid":{"rendered":"http:\/\/184.107.12.153\/~pospsicologia\/?page_id=1544"},"modified":"2026-03-11T12:26:02","modified_gmt":"2026-03-11T15:26:02","slug":"oferta-de-disciplinas","status":"publish","type":"page","link":"https:\/\/www.fafich.ufmg.br\/pospsicologia\/oferta-de-disciplinas\/","title":{"rendered":"Oferta de Disciplinas do Semestre"},"content":{"rendered":"\n<h2 id=\"tablepress-3-name\" class=\"tablepress-table-name tablepress-table-name-id-3\">Oferta de disciplinas do semestre<\/h2>\n\n<table id=\"tablepress-3\" class=\"tablepress tablepress-id-3\" aria-labelledby=\"tablepress-3-name\">\n<thead>\n<tr class=\"row-1 odd\">\n\t<th class=\"column-1\"><\/th><th class=\"column-2\"><\/th><th class=\"column-3\"><\/th><th class=\"column-4\"><\/th><th class=\"column-5\"><\/th><th class=\"column-6\"><\/th><th class=\"column-7\"><\/th><th class=\"column-8\"><\/th><th class=\"column-9\"><\/th><th class=\"column-10\"><\/th><th class=\"column-11\"><\/th><th class=\"column-12\"><\/th><th class=\"column-13\"><\/th>\n<\/tr>\n<\/thead>\n<tbody class=\"row-hover\">\n<tr class=\"row-2 even\">\n\t<td class=\"column-1\"><strong><span style=\"color:#FF0000;\">C\u00f3digo<br \/>\n<\/span><\/strong><br \/>\n<\/td><td class=\"column-2\"><strong><span style=\"color:#FF0000;\">Turma<br \/>\n<\/span><\/strong><br \/>\n<\/td><td class=\"column-3\"><strong><span style=\"color:#FF0000;\">Disciplina<br \/>\n<\/span><\/strong><br \/>\n<\/td><td class=\"column-4\"><strong><span style=\"color:#FF0000;\">M\/D<br \/>\n<\/span><\/strong><br \/>\n<\/td><td class=\"column-5\"><strong><span style=\"color:#FF0000;\">Obrigat\u00f3ria\/Optativa<br \/>\n<\/span><\/strong><br \/>\n<\/td><td class=\"column-6\"><strong><span style=\"color:#FF0000;\">Cr\u00e9ditos<br \/>\n<\/span><\/strong><br \/>\n<\/td><td class=\"column-7\"><strong><span style=\"color:#FF0000;\">\u00c1rea<br \/>\n<\/span><\/strong><br \/>\n<\/td><td class=\"column-8\"><strong><span style=\"color:#FF0000;\">Docente<br \/>\n<\/span><\/strong><br \/>\n<\/td><td class=\"column-9\"><strong><span style=\"color:#FF0000;\">Dia<br \/>\n<\/span><\/strong><br \/>\n<\/td><td class=\"column-10\"><strong><span style=\"color:#FF0000;\">Hor\u00e1rio<br \/>\n<\/span><\/strong><br \/>\n<\/td><td class=\"column-11\"><strong><span style=\"color:#FF0000;\">In\u00edcio das aulas<br \/>\n<\/span><\/strong><br \/>\n<\/td><td class=\"column-12\"><strong><span style=\"color:#FF0000;\">Vagas em Isoladas<br \/>\n<\/span><\/strong><br \/>\n<\/td><td class=\"column-13\"><strong><span style=\"color:#FF0000;\">Sala<br \/>\n<br \/>\n<\/span><\/strong><br \/>\n<\/td>\n<\/tr>\n<tr class=\"row-3 odd\">\n\t<td class=\"column-1\">PSI879<\/td><td class=\"column-2\">E<\/td><td class=\"column-3\">Teoria do Inconsciente<\/td><td class=\"column-4\">M<\/td><td class=\"column-5\">Obrigat\u00f3ria de \u00e1rea<\/td><td class=\"column-6\">4<\/td><td class=\"column-7\">EP<\/td><td class=\"column-8\">Ant\u00f4nio Teixeira<\/td><td class=\"column-9\">6\u00aa feira<\/td><td class=\"column-10\">13:00 - 16:40<\/td><td class=\"column-11\"><\/td><td class=\"column-12\">0<\/td><td class=\"column-13\"><\/td>\n<\/tr>\n<tr class=\"row-4 even\">\n\t<td class=\"column-1\">PSI904<\/td><td class=\"column-2\">S<\/td><td class=\"column-3\">Hist\u00f3ria e Teoria em Psicologia Social<\/td><td class=\"column-4\">M<\/td><td class=\"column-5\">Obrigat\u00f3ria de \u00e1rea<\/td><td class=\"column-6\">4<\/td><td class=\"column-7\">Social<\/td><td class=\"column-8\">Gustavo H Carretero<\/td><td class=\"column-9\">3\u00aa feira<\/td><td class=\"column-10\">07:30 - 11:00<\/td><td class=\"column-11\">05.03.2026<\/td><td class=\"column-12\">0<\/td><td class=\"column-13\"><\/td>\n<\/tr>\n<tr class=\"row-5 odd\">\n\t<td class=\"column-1\">PSI923<\/td><td class=\"column-2\">E<\/td><td class=\"column-3\">Metodologia de Pesquisa<\/td><td class=\"column-4\">M<\/td><td class=\"column-5\">Obrigat\u00f3ria Comum<\/td><td class=\"column-6\">4<\/td><td class=\"column-7\">EP<\/td><td class=\"column-8\">Andr\u00e9a Guerra<\/td><td class=\"column-9\">3\u00aa feira<\/td><td class=\"column-10\">07:30 - 11:10<\/td><td class=\"column-11\">02.03;2026<\/td><td class=\"column-12\">0<\/td><td class=\"column-13\"><\/td>\n<\/tr>\n<tr class=\"row-6 even\">\n\t<td class=\"column-1\">PSI923<\/td><td class=\"column-2\">S<\/td><td class=\"column-3\">Metodologia de Pesquisa<\/td><td class=\"column-4\">M<\/td><td class=\"column-5\">Obrigat\u00f3ria Comum<\/td><td class=\"column-6\">4<\/td><td class=\"column-7\">Social<\/td><td class=\"column-8\">Paula Gonzaga\/Cl\u00e1udia Mayorga<\/td><td class=\"column-9\">5\u00aa feira<\/td><td class=\"column-10\">08:00 - 11:40<\/td><td class=\"column-11\"><\/td><td class=\"column-12\"><\/td><td class=\"column-13\"><\/td>\n<\/tr>\n<tr class=\"row-7 odd\">\n\t<td class=\"column-1\">PSI924<\/td><td class=\"column-2\">C<\/td><td class=\"column-3\">Semin\u00e1rio de Disserta\u00e7\u00e3o<\/td><td class=\"column-4\">M<\/td><td class=\"column-5\">Obrigat\u00f3ria Comum<\/td><td class=\"column-6\">2<\/td><td class=\"column-7\">EP\/Social<\/td><td class=\"column-8\">Paulo Evangelista<\/td><td class=\"column-9\">6\u00aa feira<\/td><td class=\"column-10\">08:00 - 11:40<\/td><td class=\"column-11\">03.04.2026<\/td><td class=\"column-12\">0<\/td><td class=\"column-13\"><\/td>\n<\/tr>\n<tr class=\"row-8 even\">\n\t<td class=\"column-1\">PSI927<\/td><td class=\"column-2\">A<\/td><td class=\"column-3\">T\u00f3picos Especiais em Psicologia A: Antirracismo e bem viver<\/td><td class=\"column-4\">M\/D<\/td><td class=\"column-5\">Optativa<\/td><td class=\"column-6\">2<\/td><td class=\"column-7\">EP\/Social<\/td><td class=\"column-8\">Andr\u00e9a Guerra<\/td><td class=\"column-9\">Remoto<\/td><td class=\"column-10\">08:00 - 11:40<\/td><td class=\"column-11\">03.04.2026<\/td><td class=\"column-12\">0<\/td><td class=\"column-13\"><\/td>\n<\/tr>\n<tr class=\"row-9 odd\">\n\t<td class=\"column-1\">PSI960<\/td><td class=\"column-2\">E<\/td><td class=\"column-3\">Semin\u00e1rio Avan\u00e7ado em Metodologia de Pesquisa C: M\u00e9todos Clinicos<\/td><td class=\"column-4\">D<\/td><td class=\"column-5\">Obrigat\u00f3ria da \u00c1rea<\/td><td class=\"column-6\">4<\/td><td class=\"column-7\">EP<\/td><td class=\"column-8\">Gilson Iannini<\/td><td class=\"column-9\">3\u00aa feira<\/td><td class=\"column-10\">07:30 - 11:10<\/td><td class=\"column-11\"><\/td><td class=\"column-12\">0<\/td><td class=\"column-13\"><\/td>\n<\/tr>\n<tr class=\"row-10 even\">\n\t<td class=\"column-1\">PSI961<\/td><td class=\"column-2\">C<\/td><td class=\"column-3\">Semin\u00e1rio de Tese A<\/td><td class=\"column-4\">D<\/td><td class=\"column-5\">Obrigat\u00f3ria Comum<\/td><td class=\"column-6\">2<\/td><td class=\"column-7\">EP\/Social<\/td><td class=\"column-8\">Gilson Iannini\/Alex Fernandes<\/td><td class=\"column-9\">4\u00aa feira<\/td><td class=\"column-10\">13:30 - 16:00<\/td><td class=\"column-11\"><\/td><td class=\"column-12\"><\/td><td class=\"column-13\"><\/td>\n<\/tr>\n<tr class=\"row-11 odd\">\n\t<td class=\"column-1\">PSI963<\/td><td class=\"column-2\">H<\/td><td class=\"column-3\">Est\u00e1gio em Doc\u00eancia A<\/td><td class=\"column-4\">M<\/td><td class=\"column-5\">Obrigat\u00f3ria Comum<\/td><td class=\"column-6\">2<\/td><td class=\"column-7\">Social\/EP<\/td><td class=\"column-8\">Orientadores\/as<\/td><td class=\"column-9\"><\/td><td class=\"column-10\"><\/td><td class=\"column-11\"><\/td><td class=\"column-12\"><\/td><td class=\"column-13\"><\/td>\n<\/tr>\n<tr class=\"row-12 even\">\n\t<td class=\"column-1\">PSI964<\/td><td class=\"column-2\">H<\/td><td class=\"column-3\">Est\u00e1gio em Doc\u00eancia B<\/td><td class=\"column-4\">D<\/td><td class=\"column-5\">Obrigat\u00f3ria Comum<\/td><td class=\"column-6\">2<\/td><td class=\"column-7\">Social\/EP<\/td><td class=\"column-8\">Orientadores\/as<\/td><td class=\"column-9\"><\/td><td class=\"column-10\"><\/td><td class=\"column-11\"><\/td><td class=\"column-12\"><\/td><td class=\"column-13\"><\/td>\n<\/tr>\n<tr class=\"row-13 odd\">\n\t<td class=\"column-1\">PSI965<\/td><td class=\"column-2\">H<\/td><td class=\"column-3\">Est\u00e1gio em Doc\u00eancia C<\/td><td class=\"column-4\">D<\/td><td class=\"column-5\">Obrigat\u00f3ria Comum<\/td><td class=\"column-6\">2<\/td><td class=\"column-7\">Social\/EP<\/td><td class=\"column-8\">Orientadores\/as<\/td><td class=\"column-9\"><\/td><td class=\"column-10\"><\/td><td class=\"column-11\"><\/td><td class=\"column-12\"><\/td><td class=\"column-13\"><\/td>\n<\/tr>\n<tr class=\"row-14 even\">\n\t<td class=\"column-1\">PSI967<\/td><td class=\"column-2\">E<\/td><td class=\"column-3\">Sexualidade e Inconsciente<\/td><td class=\"column-4\">D<\/td><td class=\"column-5\">Obrigat\u00f3ria de \u00e1rea<\/td><td class=\"column-6\">4<\/td><td class=\"column-7\">EP<\/td><td class=\"column-8\">Guilherme Massara<\/td><td class=\"column-9\">4\u00aa feira<\/td><td class=\"column-10\">08:00 - 11:40<\/td><td class=\"column-11\"><\/td><td class=\"column-12\"><\/td><td class=\"column-13\"><\/td>\n<\/tr>\n<tr class=\"row-15 odd\">\n\t<td class=\"column-1\">PSI968<\/td><td class=\"column-2\">S<\/td><td class=\"column-3\">Sujeitos e Sociedades: Teorias Contempor\u00e2neas em Psicologia Social<\/td><td class=\"column-4\">D<\/td><td class=\"column-5\">Obrigat\u00f3ria de \u00c1rea<\/td><td class=\"column-6\">4<\/td><td class=\"column-7\">Social<\/td><td class=\"column-8\">Adriano Nascimento<\/td><td class=\"column-9\">6\u00aa feria<\/td><td class=\"column-10\">08:00 - 11:40<\/td><td class=\"column-11\"><\/td><td class=\"column-12\">0<\/td><td class=\"column-13\"><\/td>\n<\/tr>\n<tr class=\"row-16 even\">\n\t<td class=\"column-1\">PSI950<\/td><td class=\"column-2\">S<\/td><td class=\"column-3\">Psicologia Pol\u00edtica<\/td><td class=\"column-4\">M\/D<\/td><td class=\"column-5\">Optativa de \u00c1rea Grupo 3<\/td><td class=\"column-6\">4<\/td><td class=\"column-7\">Social<\/td><td class=\"column-8\">Marco Aur\u00e9lio M\u00e1ximo<\/td><td class=\"column-9\">5\u00aa feira<\/td><td class=\"column-10\">13:00 - 16:30<\/td><td class=\"column-11\"><\/td><td class=\"column-12\">5<\/td><td class=\"column-13\"><\/td>\n<\/tr>\n<tr class=\"row-17 odd\">\n\t<td class=\"column-1\">PSI927<\/td><td class=\"column-2\">S<\/td><td class=\"column-3\">Dial\u00e9tica do Concreto: Totalidade Concreta<\/td><td class=\"column-4\">M\/D<\/td><td class=\"column-5\">Optativa<\/td><td class=\"column-6\">2<\/td><td class=\"column-7\">Social<\/td><td class=\"column-8\">Gustavo H Carretero<\/td><td class=\"column-9\">2\u00aa feira<\/td><td class=\"column-10\">14:30-16:10<\/td><td class=\"column-11\"><\/td><td class=\"column-12\">7<\/td><td class=\"column-13\"><\/td>\n<\/tr>\n<tr class=\"row-18 even\">\n\t<td class=\"column-1\">PSI969<\/td><td class=\"column-2\">S<\/td><td class=\"column-3\">T\u00f3picos Especiais em Psicologia C: Cr\u00edticas P\u00f3s-Coloniais e Interseccionalidades<\/td><td class=\"column-4\">M\/D<\/td><td class=\"column-5\">Optativa<\/td><td class=\"column-6\">4<\/td><td class=\"column-7\">Social<\/td><td class=\"column-8\">Juliana Sampaio<\/td><td class=\"column-9\">4\u00aa feira<\/td><td class=\"column-10\">13:00 - 16:30<\/td><td class=\"column-11\">11.03.2026<\/td><td class=\"column-12\">5<\/td><td class=\"column-13\"><\/td>\n<\/tr>\n<tr class=\"row-19 odd\">\n\t<td class=\"column-1\">PSI895<\/td><td class=\"column-2\">E<\/td><td class=\"column-3\">Psican\u00e1lise e La\u00e7o Social<\/td><td class=\"column-4\">M\/D<\/td><td class=\"column-5\">Optativa Grupo 3<\/td><td class=\"column-6\">4<\/td><td class=\"column-7\">EP<\/td><td class=\"column-8\">N\u00e1dia Laguardia<\/td><td class=\"column-9\">4\u00aa feira<\/td><td class=\"column-10\">13:00 - 16:30<\/td><td class=\"column-11\">11.03.2026<\/td><td class=\"column-12\">10<\/td><td class=\"column-13\"><\/td>\n<\/tr>\n<tr class=\"row-20 even\">\n\t<td class=\"column-1\">PSI927<\/td><td class=\"column-2\">B<\/td><td class=\"column-3\">T\u00f3picos Especiais em Psicologia: Quest\u00f5es sobre Linguagem e Mentalismo Humano<\/td><td class=\"column-4\">M\/D<\/td><td class=\"column-5\">Optativa<\/td><td class=\"column-6\">2<\/td><td class=\"column-7\">EP<\/td><td class=\"column-8\">Ricardo Augusto<\/td><td class=\"column-9\">5\u00aa feira<\/td><td class=\"column-10\">14:00-17:40<\/td><td class=\"column-11\">(quinzenal)<\/td><td class=\"column-12\">10<\/td><td class=\"column-13\"><\/td>\n<\/tr>\n<tr class=\"row-21 odd\">\n\t<td class=\"column-1\"><\/td><td class=\"column-2\"><\/td><td class=\"column-3\"><\/td><td class=\"column-4\"><\/td><td class=\"column-5\"><\/td><td class=\"column-6\"><\/td><td class=\"column-7\"><\/td><td class=\"column-8\"><\/td><td class=\"column-9\"><\/td><td class=\"column-10\"><\/td><td class=\"column-11\"><\/td><td class=\"column-12\"><\/td><td class=\"column-13\"><\/td>\n<\/tr>\n<tr class=\"row-22 even\">\n\t<td class=\"column-1\"><\/td><td class=\"column-2\"><\/td><td class=\"column-3\"><\/td><td class=\"column-4\"><\/td><td class=\"column-5\"><\/td><td class=\"column-6\"><\/td><td class=\"column-7\"><\/td><td class=\"column-8\"><\/td><td class=\"column-9\"><\/td><td class=\"column-10\"><\/td><td class=\"column-11\"><\/td><td class=\"column-12\"><\/td><td class=\"column-13\"><\/td>\n<\/tr>\n<\/tbody>\n<\/table>\n<!-- #tablepress-3 from cache -->\n","protected":false},"excerpt":{"rendered":"<p>Oferta de disciplinas do semestre C\u00f3digo Turma Disciplina M\/D Obrigat\u00f3ria\/Optativa Cr\u00e9ditos \u00c1rea Docente Dia Hor\u00e1rio In\u00edcio das aulas Vagas em Isoladas Sala PSI879ETeoria do InconscienteMObrigat\u00f3ria de \u00e1rea4EPAnt\u00f4nio Teixeira6\u00aa feira13:00 - 16:400 PSI904SHist\u00f3ria e Teoria em Psicologia SocialMObrigat\u00f3ria de \u00e1rea4SocialGustavo H Carretero3\u00aa feira07:30 - 11:0005.03.20260 PSI923EMetodologia de PesquisaMObrigat\u00f3ria Comum4EPAndr\u00e9a Guerra3\u00aa feira07:30 - 11:1002.03;20260 PSI923SMetodologia de PesquisaMObrigat\u00f3ria<\/p>\n","protected":false},"author":1,"featured_media":0,"parent":0,"menu_order":0,"comment_status":"closed","ping_status":"closed","template":"","meta":{"footnotes":""},"_links":{"self":[{"href":"https:\/\/www.fafich.ufmg.br\/pospsicologia\/wp-json\/wp\/v2\/pages\/1544"}],"collection":[{"href":"https:\/\/www.fafich.ufmg.br\/pospsicologia\/wp-json\/wp\/v2\/pages"}],"about":[{"href":"https:\/\/www.fafich.ufmg.br\/pospsicologia\/wp-json\/wp\/v2\/types\/page"}],"author":[{"embeddable":true,"href":"https:\/\/www.fafich.ufmg.br\/pospsicologia\/wp-json\/wp\/v2\/users\/1"}],"replies":[{"embeddable":true,"href":"https:\/\/www.fafich.ufmg.br\/pospsicologia\/wp-json\/wp\/v2\/comments?post=1544"}],"version-history":[{"count":27,"href":"https:\/\/www.fafich.ufmg.br\/pospsicologia\/wp-json\/wp\/v2\/pages\/1544\/revisions"}],"predecessor-version":[{"id":4700,"href":"https:\/\/www.fafich.ufmg.br\/pospsicologia\/wp-json\/wp\/v2\/pages\/1544\/revisions\/4700"}],"wp:attachment":[{"href":"https:\/\/www.fafich.ufmg.br\/pospsicologia\/wp-json\/wp\/v2\/media?parent=1544"}],"curies":[{"name":"wp","href":"https:\/\/api.w.org\/{rel}","templated":true}]}}