{"id":1593,"date":"2018-01-22T08:41:23","date_gmt":"2018-01-22T10:41:23","guid":{"rendered":"http:\/\/184.107.12.153\/~pospsicologia\/?page_id=1593"},"modified":"2023-08-22T14:09:56","modified_gmt":"2023-08-22T17:09:56","slug":"formularios","status":"publish","type":"page","link":"https:\/\/www.fafich.ufmg.br\/pospsicologia\/formularios\/","title":{"rendered":"Formul\u00e1rios"},"content":{"rendered":"<p>[vc_row][vc_column][vc_custom_heading text=&#8221;O PPG-Psicologia, para agilizar o processo de pedidos e solicita\u00e7\u00f5es, disponibiliza em sua p\u00e1gina alguns formul\u00e1rios:&#8221; font_container=&#8221;tag:h1|text_align:left&#8221; use_theme_fonts=&#8221;yes&#8221;][vc_column_text]<strong>Obs.: N\u00e3o aceitaremos formul\u00e1rios\u00a0que n\u00e3o estiverem preenchidos.<\/strong>[\/vc_column_text][cms_table_position values=&#8221;%5B%7B%22link%22%3A%22url%3Ahttp%253A%252F%252Fwww.fafich.ufmg.br%252Fpospsicologia%252Fformularios%252Fformulario-para-discentes%252F%7C%7Ctarget%3A%2520_blank%7C%22%2C%22table_content1%22%3A%22Formul%C3%A1rios%20para%20Discentes%22%7D%2C%7B%22link%22%3A%22url%3Ahttp%253A%252F%252Fwww.fafich.ufmg.br%252Fpospsicologia%252Fformularios%252Fformularios-para-docentes%252F%7C%7Ctarget%3A%2520_blank%7C%22%2C%22table_content1%22%3A%22Formul%C3%A1rios%20para%20Docentes%22%7D%5D&#8221;][vc_empty_space][vc_column_text]<a href=\"http:\/\/www.fafich.ufmg.br\/pospsicologia\/egressos\/diplomas\/\" target=\"_blank\" rel=\"noopener\">Para saber sobre os documentos necess\u00e1rios para a solicita\u00e7\u00e3o de Diplomas, clique aqui<\/a><\/p>\n<p>[\/vc_column_text][\/vc_column][\/vc_row][vc_row][vc_column][\/vc_column][\/vc_row]<\/p>\n","protected":false},"excerpt":{"rendered":"<p>[vc_row][vc_column][vc_custom_heading text=&#8221;O PPG-Psicologia, para agilizar o processo de pedidos e solicita\u00e7\u00f5es, disponibiliza em sua p\u00e1gina alguns formul\u00e1rios:&#8221; font_container=&#8221;tag:h1|text_align:left&#8221; use_theme_fonts=&#8221;yes&#8221;][vc_column_text]Obs.: N\u00e3o aceitaremos formul\u00e1rios\u00a0que n\u00e3o estiverem preenchidos.[\/vc_column_text][cms_table_position values=&#8221;%5B%7B%22link%22%3A%22url%3Ahttp%253A%252F%252Fwww.fafich.ufmg.br%252Fpospsicologia%252Fformularios%252Fformulario-para-discentes%252F%7C%7Ctarget%3A%2520_blank%7C%22%2C%22table_content1%22%3A%22Formul%C3%A1rios%20para%20Discentes%22%7D%2C%7B%22link%22%3A%22url%3Ahttp%253A%252F%252Fwww.fafich.ufmg.br%252Fpospsicologia%252Fformularios%252Fformularios-para-docentes%252F%7C%7Ctarget%3A%2520_blank%7C%22%2C%22table_content1%22%3A%22Formul%C3%A1rios%20para%20Docentes%22%7D%5D&#8221;][vc_empty_space][vc_column_text]Para saber sobre os documentos necess\u00e1rios para a solicita\u00e7\u00e3o de Diplomas, clique aqui [\/vc_column_text][\/vc_column][\/vc_row][vc_row][vc_column][\/vc_column][\/vc_row]<\/p>\n","protected":false},"author":1,"featured_media":0,"parent":0,"menu_order":0,"comment_status":"closed","ping_status":"closed","template":"","meta":{"footnotes":""},"_links":{"self":[{"href":"https:\/\/www.fafich.ufmg.br\/pospsicologia\/wp-json\/wp\/v2\/pages\/1593"}],"collection":[{"href":"https:\/\/www.fafich.ufmg.br\/pospsicologia\/wp-json\/wp\/v2\/pages"}],"about":[{"href":"https:\/\/www.fafich.ufmg.br\/pospsicologia\/wp-json\/wp\/v2\/types\/page"}],"author":[{"embeddable":true,"href":"https:\/\/www.fafich.ufmg.br\/pospsicologia\/wp-json\/wp\/v2\/users\/1"}],"replies":[{"embeddable":true,"href":"https:\/\/www.fafich.ufmg.br\/pospsicologia\/wp-json\/wp\/v2\/comments?post=1593"}],"version-history":[{"count":22,"href":"https:\/\/www.fafich.ufmg.br\/pospsicologia\/wp-json\/wp\/v2\/pages\/1593\/revisions"}],"predecessor-version":[{"id":4564,"href":"https:\/\/www.fafich.ufmg.br\/pospsicologia\/wp-json\/wp\/v2\/pages\/1593\/revisions\/4564"}],"wp:attachment":[{"href":"https:\/\/www.fafich.ufmg.br\/pospsicologia\/wp-json\/wp\/v2\/media?parent=1593"}],"curies":[{"name":"wp","href":"https:\/\/api.w.org\/{rel}","templated":true}]}}