{"id":1628,"date":"2018-01-23T11:32:22","date_gmt":"2018-01-23T13:32:22","guid":{"rendered":"http:\/\/184.107.12.153\/~pospsicologia\/?page_id=1628"},"modified":"2026-03-10T10:15:54","modified_gmt":"2026-03-10T13:15:54","slug":"disciplinas-isoladas","status":"publish","type":"page","link":"https:\/\/www.fafich.ufmg.br\/pospsicologia\/home-2\/disciplinas-isoladas\/","title":{"rendered":"Disciplinas Isoladas"},"content":{"rendered":"<p>[vc_row][vc_column][\/vc_column][vc_column][vc_row_inner][vc_column_inner][\/vc_column_inner][\/vc_row_inner][vc_column_text]<\/p>\n<h4>Disciplina isolada se trata da matr\u00edcula, permitida a qualquer pessoa n\u00e3o pertencente ao corpo discente da UFMG, em disciplinas isoladas integrantes dos curr\u00edculos dos cursos de gradua\u00e7\u00e3o e de p\u00f3s-gradua\u00e7\u00e3o, para complementa\u00e7\u00e3o ou atualiza\u00e7\u00e3o de conhecimento.<\/h4>\n<p>[\/vc_column_text][vc_column_text]<\/p>\n<h1><strong>Cronograma Disciplinas Isoladas 2026\/1<\/strong><\/h1>\n<p>Aten\u00e7\u00e3o!!<\/p>\n<p>Devido a instabilidade no sistema de inscri\u00e7\u00f5es para isoladas, aqueles que n\u00e3o conseguiram fazer as inscri\u00e7\u00f5es, poder\u00e3o fazer atrav\u00e9s do e-mail: isoladaspospsi@gmail.com<\/p>\n<h3>Para fazer o requerimento online, <strong><span style=\"color: #ff0000;\">somente na data informada abaixo<\/span><\/strong>,<a href=\"http:\/\/www.fafich.ufmg.br\/isoladaspospsi\/\" target=\"_blank\" rel=\"noopener\"><span style=\"color: #0000ff;\"> <strong>clique aqui<\/strong><\/span><\/a><\/h3>\n<h3>Para consulta das disciplinas ofertadas no semestre, <span style=\"color: #0000ff;\"><a style=\"color: #0000ff;\" href=\"http:\/\/www.fafich.ufmg.br\/pospsicologia\/oferta-de-disciplinas\/\" target=\"_blank\" rel=\"noopener\"><strong>clique aqui<\/strong><\/a><\/span><\/h3>\n<h3><strong><span style=\"color: #ff0000;\">IMPORTANTE:<\/span><\/strong> Quest\u00f5es relativas \u00e0s disciplinas isoladas devem ser enviadas para <span style=\"color: #0000ff;\">isoladaspospsi@gmail.com<\/span><\/h3>\n<h3><span style=\"color: #008080;\"><strong>As disciplinas do PPG Psicologia s\u00e3o ofertadas na modalidade presencial<\/strong><\/span><\/h3>\n\n<table id=\"tablepress-10\" class=\"tablepress tablepress-id-10\">\n<thead>\n<tr class=\"row-1 odd\">\n\t<th colspan=\"4\" class=\"column-1\">Calend\u00e1rio Disciplinas Isoladas<br \/>\n<\/th>\n<\/tr>\n<\/thead>\n<tbody class=\"row-hover\">\n<tr class=\"row-2 even\">\n\t<td class=\"column-1\"><font color=\"#cc0000\"><strong>Data do requerimento online<\/strong><\/font><\/td><td class=\"column-2\"><font color=\"#cc0000\"><strong>Divulga\u00e7\u00e3o de resultado no site<\/strong><\/font><\/td><td class=\"column-3\"><font color=\"#cc0000\"><strong>Matr\u00edcula dos(as) selecionados(as) mediante envio do comprovante de pagamento da GRU<\/strong><\/font><\/td><td class=\"column-4\"><font color=\"#cc0000\"><strong>e-mail para o envio do comprovante de pagamento da GRU (Somente para selecionados(a)<\/strong><\/font><\/td>\n<\/tr>\n<tr class=\"row-3 odd\">\n\t<td class=\"column-1\">02.03.2026<\/td><td class=\"column-2\">At\u00e9 05.03.2026<\/td><td class=\"column-3\">05 a 10.03.2026<\/td><td class=\"column-4\">O comprovante de pagamento deve ser enviado para o e-mail isoladaspospsi@gmail.com<\/td>\n<\/tr>\n<\/tbody>\n<\/table>\n<!-- #tablepress-10 from cache -->\n<h3><strong>N\u00e3o haver\u00e1 requerimento presencial. Somente ser\u00e3o aceitos requerimentos feitos pelo link informado no in\u00edcio desta p\u00e1gina.<\/strong><\/h3>\n<p>Para o requerimento online ser\u00e3o exigidos os uploads dos seguintes documentos, em pdf:<\/p>\n<p>1 &#8211; Documento de Identidade e CPF<\/p>\n<p>2 &#8211; Diploma de gradua\u00e7\u00e3o frente e verso<\/p>\n<p>3 &#8211; Curr\u00edculo Lattes<\/p>\n<p>4 &#8211; Carta de inten\u00e7\u00e3o expondo os motivos pelos quais se deseja fazer a disciplina escolhida.<\/p>\n<h4>OBS: O sistema de inscri\u00e7\u00e3o s\u00f3 aceita 1 (uma) inscri\u00e7\u00e3o por CPF. Caso sejam feitas mais de uma inscri\u00e7\u00e3o, somente a \u00faltima ser\u00e1 gravada no sistema para ser avaliada pelo(a) docente respons\u00e1vel pela disciplina. S\u00f3 \u00e9 permitida a matr\u00edcula em 1 (uma) disciplina no PPG Psicologia, o que n\u00e3o impede que outras matr\u00edculas sejam feitas em outros Programas da UFMG.<\/h4>\n<p>Os aprovados e as aprovadas dever\u00e3o enviar o comprovante de pagamento, realizado em data posterior ao resultado, da Guia de Recolhimento da Uni\u00e3o\u00a0para o email da secretaria (confira as instru\u00e7\u00f5es para emiss\u00e3o da guia no anexo dispon\u00edvel abaixo).<\/p>\n<p>Servidores e servidoras da UFMG (t\u00e9cnicos-administrativos e docentes) s\u00e3o isentos. Para efetiva\u00e7\u00e3o da matr\u00edcula, devem apresentar c\u00f3pia do \u00faltimo contracheque, e autoriza\u00e7\u00e3o da chefia imediata para cursar a disciplina. Recomendamos procurar na se\u00e7\u00e3o de pessoal da unidade em que est\u00e1 lotado(a) se h\u00e1 outros procedimentos a se tomar.<\/p>\n<p><strong>IMPORTANTE: O n\u00e3o pagamento da GRU implicar\u00e1 a n\u00e3o efetiva\u00e7\u00e3o da matr\u00edcula<\/strong><\/p>\n<p><b><span style=\"color: #ff0000;\">ATEN\u00c7\u00c3O:<\/span> Antes de efetuar o pagamento da taxa de matr\u00edcula verifique se sua matr\u00edcula foi aceita. Alunos com v\u00ednculo em cursos (Gradua\u00e7\u00e3o e P\u00f3s-gradua\u00e7\u00e3o)\u00a0da UFMG n\u00e3o poder\u00e3o solicitar matr\u00edcula em disciplina isolada.\u00a0<\/b><b>\u00a0<u>Em hip\u00f3tese alguma ser\u00e1 devolvida a taxa de matr\u00edcula<\/u>.<\/b>[\/vc_column_text][\/vc_column][\/vc_row]<\/p>\n","protected":false},"excerpt":{"rendered":"<p>[vc_row][vc_column][\/vc_column][vc_column][vc_row_inner][vc_column_inner][\/vc_column_inner][\/vc_row_inner][vc_column_text] Disciplina isolada se trata da matr\u00edcula, permitida a qualquer pessoa n\u00e3o pertencente ao corpo discente da UFMG, em disciplinas isoladas integrantes dos curr\u00edculos dos cursos de gradua\u00e7\u00e3o e de p\u00f3s-gradua\u00e7\u00e3o, para complementa\u00e7\u00e3o ou atualiza\u00e7\u00e3o de conhecimento. [\/vc_column_text][vc_column_text] Cronograma Disciplinas Isoladas 2026\/1 Aten\u00e7\u00e3o!! Devido a instabilidade no sistema de inscri\u00e7\u00f5es para isoladas, aqueles que n\u00e3o<\/p>\n","protected":false},"author":1,"featured_media":0,"parent":639,"menu_order":0,"comment_status":"closed","ping_status":"closed","template":"","meta":{"footnotes":""},"_links":{"self":[{"href":"https:\/\/www.fafich.ufmg.br\/pospsicologia\/wp-json\/wp\/v2\/pages\/1628"}],"collection":[{"href":"https:\/\/www.fafich.ufmg.br\/pospsicologia\/wp-json\/wp\/v2\/pages"}],"about":[{"href":"https:\/\/www.fafich.ufmg.br\/pospsicologia\/wp-json\/wp\/v2\/types\/page"}],"author":[{"embeddable":true,"href":"https:\/\/www.fafich.ufmg.br\/pospsicologia\/wp-json\/wp\/v2\/users\/1"}],"replies":[{"embeddable":true,"href":"https:\/\/www.fafich.ufmg.br\/pospsicologia\/wp-json\/wp\/v2\/comments?post=1628"}],"version-history":[{"count":100,"href":"https:\/\/www.fafich.ufmg.br\/pospsicologia\/wp-json\/wp\/v2\/pages\/1628\/revisions"}],"predecessor-version":[{"id":5291,"href":"https:\/\/www.fafich.ufmg.br\/pospsicologia\/wp-json\/wp\/v2\/pages\/1628\/revisions\/5291"}],"up":[{"embeddable":true,"href":"https:\/\/www.fafich.ufmg.br\/pospsicologia\/wp-json\/wp\/v2\/pages\/639"}],"wp:attachment":[{"href":"https:\/\/www.fafich.ufmg.br\/pospsicologia\/wp-json\/wp\/v2\/media?parent=1628"}],"curies":[{"name":"wp","href":"https:\/\/api.w.org\/{rel}","templated":true}]}}