{"id":1643,"date":"2018-01-24T10:05:02","date_gmt":"2018-01-24T12:05:02","guid":{"rendered":"http:\/\/184.107.12.153\/~pospsicologia\/?page_id=1643"},"modified":"2024-09-23T09:38:53","modified_gmt":"2024-09-23T12:38:53","slug":"pos-doutorado","status":"publish","type":"page","link":"https:\/\/www.fafich.ufmg.br\/pospsicologia\/pos-doutorado\/","title":{"rendered":"Informa\u00e7\u00f5es sobre o P\u00f3s-Doutorado"},"content":{"rendered":"<p>[vc_row][vc_column][vc_custom_heading text=&#8221;Resid\u00eancia P\u00f3s-Doutoral (P\u00f3s-Doutorado) no PPG-Psicologia&#8221; font_container=&#8221;tag:h4|text_align:left&#8221; use_theme_fonts=&#8221;yes&#8221;][vc_empty_space height=&#8221;20px&#8221;][vc_column_text]<\/p>\n<h4>O(A) candidato(a) \u00e0 Resid\u00eancia P\u00f3s-Doutoral deve apresentar e ter seu pedido aprovado pelo Colegiado do Programa de P\u00f3s-gradua\u00e7\u00e3o em Psicologia.<\/h4>\n<h4>Para\u00a0 que o Colegiado tome a decis\u00e3o a respeito do DEFERIMENTO ou INDEFERIMENTO do Est\u00e1gio P\u00f3s-Doutoral, \u00e9 necess\u00e1rio Parecer de um(a) Docente do PPG Psicologia, diferente daquele(a) que orientar\u00e1 o est\u00e1gio, sobre o projeto do(a) candidato(a).<\/h4>\n<h4>Uma vez deferido o pedido de est\u00e1gio, o(a) candidato(a) dever\u00e1 trazer \u00e0 secretaria os documentos abaixo, em pdf:<\/h4>\n<h4>1 &#8211;\u00a0<span style=\"color: #0000ff;\"><a style=\"color: #0000ff;\" href=\"https:\/\/www2.ufmg.br\/drca\/content\/download\/21831\/149679\/file\/MOD_DRCA-024_Registro_RPD_Pos_3.0.pdf\" target=\"_self\" rel=\"noopener\">Formul\u00e1rio de Requerimento de Registro em Resid\u00eancia P\u00f3s-Doutoral<\/a><\/span>\u00a0(clique\u00a0<span style=\"color: #0000ff;\"><a style=\"color: #0000ff;\" href=\"https:\/\/www2.ufmg.br\/drca\/content\/download\/21831\/149679\/file\/MOD_DRCA-024_Registro_RPD_Pos_3.0.pdf\" target=\"_self\" rel=\"noopener\">aqui<\/a><\/span>\u00a0para baixar o formul\u00e1rio). O formul\u00e1rio \u00e9 individual (um para cada futuro\/a residente). O campo Dados pessoais deve ser\u00a0<strong>completamente preenchido<\/strong>\u00a0 pelo(a) futuro(a) residente, \u00a0e assinado por este(a) no local\u00a0destinado a esse fim.<\/h4>\n<h4>2 &#8211; C\u00f3pia do Documento de Identidade (caso o(a) residente seja estrangeiro(a), dever\u00e1 apresentar c\u00f3pia da p\u00e1gina de identifica\u00e7\u00e3o do passaporte, p\u00e1gina do visto e, se possuir, C\u00e9dula de Identifica\u00e7\u00e3o de Estrangeiro(a) emitida pela Pol\u00edcia Federal)<\/h4>\n<h4>3 &#8211; C\u00f3pia do CPF (Cadastro de Pessoa F\u00edsica);<\/h4>\n<h4>4 &#8211; Diploma de\u00a0<strong>doutorado<\/strong>\u00a0ou documento equivalente que comprove a conclus\u00e3o do curso de doutorado (documentos que informem a necessidade de apresenta\u00e7\u00e3o de vers\u00e3o final corrigida de tese como condi\u00e7\u00e3o para fazer jus ao t\u00edtulo de Doutor(a) n\u00e3o ser\u00e3o aceitas);<\/h4>\n<h4>5 &#8211; C\u00f3pia da Certid\u00e3o de Nascimento ou de Casamento,<\/h4>\n<h4>6 &#8211; Comprovante de endere\u00e7o no Brasil.<\/h4>\n<h4>7 &#8211; Pedido ao Colegiado de aceite como Residente P\u00f3s-Doutoral no Programa de P\u00f3s-Gradua\u00e7\u00e3o em Psicologia contendo:- Indica\u00e7\u00e3o do grupo de pesquisa ao qual pretende realizar suas atividades e do(a) docente que as supervisionar\u00e1,<\/h4>\n<h4>8 &#8211; Carta de aceita\u00e7\u00e3o do(a) docente supervisor(a), credenciado ao Programa de P\u00f3s-gradua\u00e7\u00e3o, onde conste a anu\u00eancia da C\u00e2mara departamental (Psicologia) ou estrutura equivalente,<\/h4>\n<h4>9 &#8211; C\u00f3pia do diploma de doutor(a) ou documento que comprove a conclus\u00e3o do Doutorado,<\/h4>\n<h4>10 &#8211; Curr\u00edculo Lattes (do(a) candidato(a))gerado pela Plataforma LATTES\/CNPq,<\/h4>\n<h4>11 &#8211; PLANO DE TRABALHO, em que conste projeto de pesquisa resumido com , no m\u00e1ximo 20 p\u00e1ginas e quando couber a descri\u00e7\u00e3o das atividades de ensino a serem desenvolvidas( caso envolva pesquisa com seres humanos ou animais, engenharia gen\u00e9tica ou organismos tecnicamente modific\u00e1veis o(a) supervisor (a) deve, ap\u00f3s aprecia\u00e7\u00e3o do Colegiado, submeter o projeto \u00e0 aprova\u00e7\u00e3o do comit\u00ea de \u00e9tica da UFMG).<\/h4>\n<h4><span style=\"color: #ff0000;\"><span style=\"color: #000000;\">12 &#8211; <span style=\"color: #ff0000;\">Parecer para ingresso na Resid\u00eancia p\u00f3s-doutoral<\/span>, emitido por um(a) Docente do PPG Psicologia, diferente daquele(a) que orientar\u00e1 o est\u00e1gio, sobre o projeto do(a) candidato(a),<\/span> conforme modelo disponibilizado abaixo.<\/span><\/h4>\n<h4>&#8211; A resid\u00eancia ter\u00e1 dura\u00e7\u00e3o m\u00ednima de 6 meses e poder\u00e1 estender-se por at\u00e9 12 meses. \u00a0A\u00a0crit\u00e9rio do Colegiado a Resid\u00eancia p\u00f3s-doutoral pode ser renovada por per\u00edodo de at\u00e9 12 meses, devendo para isso o(a) residente apresentar\u00a0relat\u00f3rio sobre as atividades realizadas,\u00a0acompanhado de sua produ\u00e7\u00e3o intelectual no per\u00edodo. A renova\u00e7\u00e3o da resid\u00eancia fica condicionada a aprova\u00e7\u00e3o do relat\u00f3rio pelo(a) docente supervisor(a) (por meio de parecer) e pelo Colegiado do Curso de P\u00f3s-Gradua\u00e7\u00e3o.<\/h4>\n<h4>-Toda atividade de pesquisa desenvolvida durante a Resid\u00eancia que resultar em cria\u00e7\u00e3o que requeira prote\u00e7\u00e3o intelectual dever\u00e1 ser registrada na Coordenadoria de Transfer\u00eancia e Inova\u00e7\u00e3o Tecnol\u00f3gica &#8211; CT&amp;IT da Pr\u00f3-reitoria de pesquisa.<\/h4>\n<h4>&#8211; Caso o plano de trabalho inclua atividades did\u00e1ticas, sob supervis\u00e3o, em curso de gradua\u00e7\u00e3o ou p\u00f3s-gradua\u00e7\u00e3o os encargos did\u00e1ticos ser\u00e3o definidos pela C\u00e2mara do departamento envolvido, ou estrutura equivalente, ouvido o colegiado do Programa de P\u00f3s-Gradua\u00e7\u00e3o em Psicologia.<\/h4>\n<h4><span style=\"color: #ff0000;\">Ao final do per\u00edodo de resid\u00eancia aprovado pelo Colegiado, o\/a Residente dever\u00e1 apresentar ao Colegiado, em at\u00e9 15 dias ap\u00f3s o t\u00e9rmino da resid\u00eancia: <\/span><\/h4>\n<h4><span style=\"color: #000000;\">a) um relat\u00f3rio sobre as atividades realizadas,\u00a0acompanhado de sua produ\u00e7\u00e3o intelectual no per\u00edodo em que esteve vinculado; <\/span><\/h4>\n<h4><span style=\"color: #000000;\">b) <span style=\"color: #ff0000;\">Parecer de Relat\u00f3rio Final de p\u00f3s-doutorado<\/span> emitido pelo(a) docente supervisor(a), em que se avalia a participa\u00e7\u00e3o do(a) Residente p\u00f3s-doutoral no PPG Psicologia, <span style=\"color: #ff0000;\">conforme modelo abaixo<\/span>. <\/span><\/h4>\n<h4><span style=\"color: #ff0000;\">Somente ap\u00f3s aprova\u00e7\u00e3o do Colegiado \u00e9 que o(a) Residente poder\u00e1 solicitar a emiss\u00e3o do Certificado junto \u00e0 secretaria.<\/span><\/h4>\n<h4>A UFMG e o Programa de P\u00f3s-Gradua\u00e7\u00e3o poder\u00e3o definir outros crit\u00e9rios para aceite em resid\u00eancia p\u00f3s-doutoral, bem como os requisitos para aprova\u00e7\u00e3o.<\/h4>\n<h4><span style=\"color: #ff0000;\">Para emiss\u00e3o de Certificado:<\/span><\/h4>\n<h4>Os documento necess\u00e1rios para a emiss\u00e3o do certificado dever\u00e3o ser enviados em <span style=\"color: #ff0000;\">arquivo pdf \u00fanico<\/span><strong>. <\/strong>Os documentos s\u00e3o:<\/h4>\n<h4>\u2022\u00a0\u00a0C\u00f3pia da carteira de identidade (frente e verso);<\/h4>\n<h4>\u2022 C\u00f3pia da certid\u00e3o de nascimento ou da certid\u00e3o de casamento;<\/h4>\n<h4><span style=\"color: revert; font-size: revert; font-weight: revert;\">\u2022 C\u00f3pia da c\u00e9dula de identidade ou registro nacional de estrangeiro (RNE)(caso seja estrangeiro(a));<\/span><\/h4>\n<p>[\/vc_column_text][vc_empty_space height=&#8221;60px&#8221;][\/vc_column][\/vc_row]<\/p>\n","protected":false},"excerpt":{"rendered":"<p>[vc_row][vc_column][vc_custom_heading text=&#8221;Resid\u00eancia P\u00f3s-Doutoral (P\u00f3s-Doutorado) no PPG-Psicologia&#8221; font_container=&#8221;tag:h4|text_align:left&#8221; use_theme_fonts=&#8221;yes&#8221;][vc_empty_space height=&#8221;20px&#8221;][vc_column_text] O(A) candidato(a) \u00e0 Resid\u00eancia P\u00f3s-Doutoral deve apresentar e ter seu pedido aprovado pelo Colegiado do Programa de P\u00f3s-gradua\u00e7\u00e3o em Psicologia. Para\u00a0 que o Colegiado tome a decis\u00e3o a respeito do DEFERIMENTO ou INDEFERIMENTO do Est\u00e1gio P\u00f3s-Doutoral, \u00e9 necess\u00e1rio Parecer de um(a) Docente do PPG Psicologia, diferente<\/p>\n","protected":false},"author":1,"featured_media":0,"parent":0,"menu_order":0,"comment_status":"closed","ping_status":"closed","template":"","meta":{"footnotes":""},"_links":{"self":[{"href":"https:\/\/www.fafich.ufmg.br\/pospsicologia\/wp-json\/wp\/v2\/pages\/1643"}],"collection":[{"href":"https:\/\/www.fafich.ufmg.br\/pospsicologia\/wp-json\/wp\/v2\/pages"}],"about":[{"href":"https:\/\/www.fafich.ufmg.br\/pospsicologia\/wp-json\/wp\/v2\/types\/page"}],"author":[{"embeddable":true,"href":"https:\/\/www.fafich.ufmg.br\/pospsicologia\/wp-json\/wp\/v2\/users\/1"}],"replies":[{"embeddable":true,"href":"https:\/\/www.fafich.ufmg.br\/pospsicologia\/wp-json\/wp\/v2\/comments?post=1643"}],"version-history":[{"count":20,"href":"https:\/\/www.fafich.ufmg.br\/pospsicologia\/wp-json\/wp\/v2\/pages\/1643\/revisions"}],"predecessor-version":[{"id":4975,"href":"https:\/\/www.fafich.ufmg.br\/pospsicologia\/wp-json\/wp\/v2\/pages\/1643\/revisions\/4975"}],"wp:attachment":[{"href":"https:\/\/www.fafich.ufmg.br\/pospsicologia\/wp-json\/wp\/v2\/media?parent=1643"}],"curies":[{"name":"wp","href":"https:\/\/api.w.org\/{rel}","templated":true}]}}