{"id":1650,"date":"2018-01-24T10:24:16","date_gmt":"2018-01-24T12:24:16","guid":{"rendered":"http:\/\/184.107.12.153\/~pospsicologia\/?page_id=1650"},"modified":"2026-01-28T10:55:24","modified_gmt":"2026-01-28T13:55:24","slug":"programa-de-doutorado-sanduiche-no-exterior","status":"publish","type":"page","link":"https:\/\/www.fafich.ufmg.br\/pospsicologia\/programa-de-doutorado-sanduiche-no-exterior\/","title":{"rendered":"Programa de Doutorado Sandu\u00edche no Exterior"},"content":{"rendered":"<p>[vc_row][vc_column][vc_custom_heading text=&#8221;Doutorado Sandu\u00edche no Exterior &#8211; CAPES&#8221; font_container=&#8221;tag:h1|text_align:left|color:%23f40000&#8243; use_theme_fonts=&#8221;yes&#8221;][vc_empty_space height=&#8221;20px&#8221;][vc_column_text]<\/p>\n<h4>O PPG Psi tem incentivado seus alunos e suas alunas de doutorado a realizarem est\u00e1gios doutorais (doutorado sandu\u00edche) em institui\u00e7\u00f5es com quem mant\u00e9m algum tipo de parceria em pesquisa (conv\u00eanios, colabora\u00e7\u00f5es no desenvolvimento dos projetos, publica\u00e7\u00f5es, etc.). Tais est\u00e1gios doutorais s\u00e3o importantes para complementar a forma\u00e7\u00e3o acad\u00eamica e institucional dos alunos e alunas.<\/h4>\n<h4>Os procedimentos adotados para a aprova\u00e7\u00e3o das propostas destes est\u00e1gios seguem as normas previstas nos editais dos \u00f3rg\u00e3os de fomento (CAPES, FAPEMIG etc.). O aluno e aluna, portanto, devem estar atentos \u00e0s publica\u00e7\u00f5es dos editais.<\/h4>\n<h4>Para maiores informa\u00e7\u00f5es, visite o site do\u00a0<span style=\"color: #0000ff;\"><strong><a style=\"color: #0000ff;\" href=\"http:\/\/www.capes.gov.br\/bolsas\/bolsas-no-exterior\/programa-de-doutorado-sanduiche-no-exterior-pdse\" target=\"_blank\" rel=\"noopener\">Programa de Doutorado Sandu\u00edche no Exterior (PDSE) da CAPES<\/a>.<\/strong><\/span><\/h4>\n\n<table id=\"tablepress-11\" class=\"tablepress tablepress-id-11\">\n<thead>\n<tr class=\"row-1 odd\">\n\t<th class=\"column-1\">Chamadas PDSE<\/th><th class=\"column-2\"><\/th>\n<\/tr>\n<\/thead>\n<tbody class=\"row-hover\">\n<tr class=\"row-2 even\">\n\t<td class=\"column-1\"><a href=\"https:\/\/www.fafich.ufmg.br\/pospsicologia\/chamada-programa-de-doutorado-sanduiche-no-exterior-2026\/\">Chamada Programa de Doutorado Sandu\u00edche no Exterior 2026<\/a><\/td><td class=\"column-2\">Inscri\u00e7\u00f5es at\u00e9 25\/02\/2026 - segunda chamada<\/td>\n<\/tr>\n<tr class=\"row-3 odd\">\n\t<td class=\"column-1\"><a href=\"https:\/\/www.fafich.ufmg.br\/pospsicologia\/chamada-programa-de-doutorado-sanduiche-no-exterior-2026\/\">Chamada Programa de Doutorado Sandu\u00edche no Exterior 2026<\/a><\/td><td class=\"column-2\">Encerrada<\/td>\n<\/tr>\n<tr class=\"row-4 even\">\n\t<td class=\"column-1\"><a href=\"https:\/\/www.fafich.ufmg.br\/pospsicologia\/chamada-programa-de-doutorado-sanduiche-no-exterior-2025\/\">Chamada Programa de Doutorado Sandu\u00edche no Exterior 2025<\/a><\/td><td class=\"column-2\">Encerrada<\/td>\n<\/tr>\n<tr class=\"row-5 odd\">\n\t<td class=\"column-1\"><a href=\"https:\/\/www.fafich.ufmg.br\/pospsicologia\/chamada-programa-de-doutorado-sanduiche-no-exterior\/\">Chamada Programa de Doutorado Sandu\u00edche no Exterior 2024_2<\/a><\/td><td class=\"column-2\">Encerrada<\/td>\n<\/tr>\n<tr class=\"row-6 even\">\n\t<td class=\"column-1\"><a href=\"http:\/\/www.fafich.ufmg.br\/pospsicologia\/chamada-doutorado-sanduiche-no-exterior-2024\/\">Chamada Doutorado Sandu\u00edche no Exterior \u2013 2024<\/a><\/td><td class=\"column-2\">Encerrada<br \/>\n<\/td>\n<\/tr>\n<tr class=\"row-7 odd\">\n\t<td class=\"column-1\"><a href=\"http:\/\/www.fafich.ufmg.br\/pospsicologia\/chamada-doutorado-sanduiche-no-exterior-2023\/\">Chamada Doutorado Sandu\u00edche no Exterior \u2013 2023<\/a><\/td><td class=\"column-2\">Encerrada<\/td>\n<\/tr>\n<tr class=\"row-8 even\">\n\t<td class=\"column-1\"><a href=\"http:\/\/www.fafich.ufmg.br\/pospsicologia\/programa-de-doutorado-sanduiche-no-exterior-chamada-2022\/\">Programa de Doutorado Sandu\u00edche no Exterior \u2013 Chamada 2022<\/a><\/td><td class=\"column-2\">Encerrada<br \/>\n<\/td>\n<\/tr>\n<\/tbody>\n<\/table>\n<!-- #tablepress-11 from cache -->\n","protected":false},"excerpt":{"rendered":"<p>[vc_row][vc_column][vc_custom_heading text=&#8221;Doutorado Sandu\u00edche no Exterior &#8211; CAPES&#8221; font_container=&#8221;tag:h1|text_align:left|color:%23f40000&#8243; use_theme_fonts=&#8221;yes&#8221;][vc_empty_space height=&#8221;20px&#8221;][vc_column_text] O PPG Psi tem incentivado seus alunos e suas alunas de doutorado a realizarem est\u00e1gios doutorais (doutorado sandu\u00edche) em institui\u00e7\u00f5es com quem mant\u00e9m algum tipo de parceria em pesquisa (conv\u00eanios, colabora\u00e7\u00f5es no desenvolvimento dos projetos, publica\u00e7\u00f5es, etc.). Tais est\u00e1gios doutorais s\u00e3o importantes para complementar a<\/p>\n","protected":false},"author":1,"featured_media":0,"parent":0,"menu_order":0,"comment_status":"closed","ping_status":"closed","template":"","meta":{"footnotes":""},"_links":{"self":[{"href":"https:\/\/www.fafich.ufmg.br\/pospsicologia\/wp-json\/wp\/v2\/pages\/1650"}],"collection":[{"href":"https:\/\/www.fafich.ufmg.br\/pospsicologia\/wp-json\/wp\/v2\/pages"}],"about":[{"href":"https:\/\/www.fafich.ufmg.br\/pospsicologia\/wp-json\/wp\/v2\/types\/page"}],"author":[{"embeddable":true,"href":"https:\/\/www.fafich.ufmg.br\/pospsicologia\/wp-json\/wp\/v2\/users\/1"}],"replies":[{"embeddable":true,"href":"https:\/\/www.fafich.ufmg.br\/pospsicologia\/wp-json\/wp\/v2\/comments?post=1650"}],"version-history":[{"count":14,"href":"https:\/\/www.fafich.ufmg.br\/pospsicologia\/wp-json\/wp\/v2\/pages\/1650\/revisions"}],"predecessor-version":[{"id":4811,"href":"https:\/\/www.fafich.ufmg.br\/pospsicologia\/wp-json\/wp\/v2\/pages\/1650\/revisions\/4811"}],"wp:attachment":[{"href":"https:\/\/www.fafich.ufmg.br\/pospsicologia\/wp-json\/wp\/v2\/media?parent=1650"}],"curies":[{"name":"wp","href":"https:\/\/api.w.org\/{rel}","templated":true}]}}