{"id":1654,"date":"2018-01-24T10:30:30","date_gmt":"2018-01-24T12:30:30","guid":{"rendered":"http:\/\/184.107.12.153\/~pospsicologia\/?page_id=1654"},"modified":"2024-02-27T08:40:39","modified_gmt":"2024-02-27T11:40:39","slug":"legislacao","status":"publish","type":"page","link":"https:\/\/www.fafich.ufmg.br\/pospsicologia\/legislacao\/","title":{"rendered":"Legisla\u00e7\u00e3o"},"content":{"rendered":"<p>[vc_row][vc_column][vc_custom_heading text=&#8221;Regulamentos e Normas Acad\u00eamicas&#8221; font_container=&#8221;tag:h1|text_align:left&#8221; use_theme_fonts=&#8221;yes&#8221;][vc_empty_space height=&#8221;20px&#8221;][vc_column_text]<strong>Disponibilizamos nos arquivos anexos, as resolu\u00e7\u00f5es e normas acad\u00eamicas relacionadas \u00e0 P\u00f3s-Gradua\u00e7\u00e3o.<\/strong><\/p>\n<h4><strong>Com rela\u00e7\u00e3o \u00e0 escrita dos projetos de qualifica\u00e7\u00e3o, disserta\u00e7\u00f5es e teses, o texto deve seguir as normas da APA<br \/>\n<\/strong><\/h4>\n<p>[\/vc_column_text][vc_empty_space height=&#8221;60px&#8221;][\/vc_column][\/vc_row]<\/p>\n","protected":false},"excerpt":{"rendered":"<p>[vc_row][vc_column][vc_custom_heading text=&#8221;Regulamentos e Normas Acad\u00eamicas&#8221; font_container=&#8221;tag:h1|text_align:left&#8221; use_theme_fonts=&#8221;yes&#8221;][vc_empty_space height=&#8221;20px&#8221;][vc_column_text]Disponibilizamos nos arquivos anexos, as resolu\u00e7\u00f5es e normas acad\u00eamicas relacionadas \u00e0 P\u00f3s-Gradua\u00e7\u00e3o. Com rela\u00e7\u00e3o \u00e0 escrita dos projetos de qualifica\u00e7\u00e3o, disserta\u00e7\u00f5es e teses, o texto deve seguir as normas da APA [\/vc_column_text][vc_empty_space height=&#8221;60px&#8221;][\/vc_column][\/vc_row]<\/p>\n","protected":false},"author":1,"featured_media":0,"parent":0,"menu_order":0,"comment_status":"closed","ping_status":"closed","template":"","meta":{"footnotes":""},"_links":{"self":[{"href":"https:\/\/www.fafich.ufmg.br\/pospsicologia\/wp-json\/wp\/v2\/pages\/1654"}],"collection":[{"href":"https:\/\/www.fafich.ufmg.br\/pospsicologia\/wp-json\/wp\/v2\/pages"}],"about":[{"href":"https:\/\/www.fafich.ufmg.br\/pospsicologia\/wp-json\/wp\/v2\/types\/page"}],"author":[{"embeddable":true,"href":"https:\/\/www.fafich.ufmg.br\/pospsicologia\/wp-json\/wp\/v2\/users\/1"}],"replies":[{"embeddable":true,"href":"https:\/\/www.fafich.ufmg.br\/pospsicologia\/wp-json\/wp\/v2\/comments?post=1654"}],"version-history":[{"count":4,"href":"https:\/\/www.fafich.ufmg.br\/pospsicologia\/wp-json\/wp\/v2\/pages\/1654\/revisions"}],"predecessor-version":[{"id":3371,"href":"https:\/\/www.fafich.ufmg.br\/pospsicologia\/wp-json\/wp\/v2\/pages\/1654\/revisions\/3371"}],"wp:attachment":[{"href":"https:\/\/www.fafich.ufmg.br\/pospsicologia\/wp-json\/wp\/v2\/media?parent=1654"}],"curies":[{"name":"wp","href":"https:\/\/api.w.org\/{rel}","templated":true}]}}