{"id":2195,"date":"2018-02-15T12:28:49","date_gmt":"2018-02-15T14:28:49","guid":{"rendered":"http:\/\/184.107.12.153\/~pospsicologia\/?page_id=2195"},"modified":"2018-04-26T15:52:55","modified_gmt":"2018-04-26T18:52:55","slug":"espanol","status":"publish","type":"page","link":"https:\/\/www.fafich.ufmg.br\/pospsicologia\/espanol\/","title":{"rendered":"Espa\u00f1ol"},"content":{"rendered":"<p>[vc_row][vc_column][vc_single_image image=&#8221;2224&#8243; img_size=&#8221;full&#8221;][vc_empty_space][vc_column_text]<strong>Bienvenido<\/strong><\/p>\n<p>El Programa de P\u00f3s-Graduaci\u00f3n de la Universidad Federal de Minas Gerais (PPG-PSI\/UFMG) fue creado en el a\u00f1o de 1989, primeramente con la oferta de Maestr\u00eda en Psicolog\u00eda (\u00e1rea de concentraci\u00f3n en Psicolog\u00eda Social). Ocho a\u00f1os m\u00e1s tarde, en 1997, se cre\u00f3 el \u00e1rea de concentraci\u00f3n Estudios Psicoanal\u00edticos. Y en 2002 se implement\u00f3 la tercera \u00e1rea de concentraci\u00f3n llamada de Psicolog\u00eda del Desarrollo Humano. En 2007, el PPG-PSI realizo una reforma curricular del curso de Maestr\u00eda, el cual se implement\u00f3 el nuevo curr\u00edculo en 2008. Por esa \u00e9poca el PPG-PSI present\u00f3 su propuesta de Doctorado. Las primeras tesis fueron defendidas en el a\u00f1o de 2012. El PPG-PSI es considerado, de acuerdo con su historia, como uno de los programas m\u00e1s antiguos del \u00e1rea de la Psicolog\u00eda en el \u00f3rgano CAPES. Hasta el momento el PPG-PSI posee m\u00e1s de 600 disertaciones y alrededor de 60 tesis defendidas. Esa producci\u00f3n de trabajos es un fuerte indicativo de la alta relevancia social y acad\u00e9mica del Programa.<\/p>\n<p>&nbsp;<\/p>\n<p><strong>\u00bf<\/strong><strong>Qui\u00e9nes somos?<\/strong><\/p>\n<p>El Programa de P\u00f3s-Graduaci\u00f3n en Psicolog\u00eda (PPG-PSI) de la Universidad Federal de Minas Gerais actualmente ofrece cursos de Maestr\u00edas y Doctorado en Psicolog\u00eda los cuales tienen como objetivo la formaci\u00f3n de docentes-investigadores calificados para el ejercicio de actividades relacionadas a la investigaci\u00f3n y ense\u00f1anza en el \u00e1rea de Psicolog\u00eda. Espec\u00edficamente, el curso de Maestr\u00eda tiene como objetivo el profundizar el conocimiento acad\u00e9mico, as\u00ed como la preparaci\u00f3n de docentes para actividades en la esfera de la ense\u00f1anza superior y de la investigaci\u00f3n en Psicolog\u00eda. El curso de Doctorado tiene como objetivo, adem\u00e1s de los de la Maestr\u00eda, el desarrollo de competencias para la producci\u00f3n de conocimiento cient\u00edfico original e independiente en temas de Psicolog\u00eda.<\/p>\n<p>Actualmente, el PPG-PSI direcciona esfuerzos para la consolidaci\u00f3n de acciones que lo fortalezcan. Entre esas acciones se destacan aquellas que buscan favorecer la internacionalizaci\u00f3n del programa por medio del establecimiento de intercambios nacionales e internacionales, aumentar la visibilidad del programa y realizar diagn\u00f3sticos regulares sobre la inserci\u00f3n y producci\u00f3n intelectual individual y colectiva en el escenario acad\u00e9mico mundial. Por otro lado, se busca incentivar propuestas acad\u00e9micas que aproximen la graduaci\u00f3n de la p\u00f3s-graduaci\u00f3n con el intuito de despertar, fortalecer y promover el inter\u00e9s de los alumnos por la continuidad de su formaci\u00f3n en el PPG-PSI.<\/p>\n<p>&nbsp;<\/p>\n<p><strong>Objetivos<\/strong><\/p>\n<p>&nbsp;<\/p>\n<ul>\n<li>Formaci\u00f3n de investigadores y docentes altamente calificados;<\/li>\n<li>Desarrollo de modalidades de investigaci\u00f3n que permitan la comprensi\u00f3n y soluci\u00f3n de problemas psicol\u00f3gicos y sociales que superen la l\u00f3gica unidisciplinaria transitando en diferentes campos del conocimiento;<\/li>\n<li>Promoci\u00f3n de la articulaci\u00f3n entre la producci\u00f3n del conocimiento y su utilizaci\u00f3n en el atendimiento de las necesidades de la poblaci\u00f3n;<\/li>\n<li>Formaci\u00f3n de n\u00facleos de excelencia en investigaci\u00f3n\/intervenci\u00f3n, articulados a n\u00facleos de investigaci\u00f3n nacionales e internacionales.<\/li>\n<\/ul>\n<p>&nbsp;<\/p>\n<p>&nbsp;<\/p>\n<p>&nbsp;<\/p>\n<p><strong>\u00c1reas de Investigaci\u00f3n<\/strong><\/p>\n<p>El PPG-PSI\/UFMG organiza sus acciones acad\u00e9micas (desarrollo de proyectos de investigaci\u00f3n y extensi\u00f3n, actividades de ense\u00f1anza y tutor\u00edas), focaliz\u00e1ndolas en tres \u00e1reas de concentraci\u00f3n y seis l\u00edneas de investigaci\u00f3n:<\/p>\n<p>&nbsp;<\/p>\n<p><strong>1) \u00c1rea de concentraci\u00f3n en Psicolog\u00eda del Desarrollo Humano<\/strong>\u00a0(a ser sustituida por Cognici\u00f3n y Comportamiento en 2017)<\/p>\n<p>L\u00edneas de Investigaci\u00f3n<\/p>\n<p><strong>1.1) Cognici\u00f3n y Lenguaje<\/strong><\/p>\n<p>Estudio del desarrollo humano y las condiciones sobre las cuales ocurre. \u00c9nfasis especial en la cognici\u00f3n y el lenguaje durante el ciclo vital.<\/p>\n<p><strong>1.2) Desarrollo y Diferencias Individuales<\/strong><\/p>\n<p>Estudio de las diferencias individuales en el desarrollo de la inteligencia y de la personalidad. Evaluaci\u00f3n, prevenci\u00f3n e intervenci\u00f3n en los trastornos del desarrollo. Elaboraci\u00f3n y uso de instrumentos de medici\u00f3n.<\/p>\n<p><strong>2) \u00c1rea de concentraci\u00f3n en Estudios Psicoanal\u00edticos<\/strong><\/p>\n<p>L\u00edneas de Investigaci\u00f3n<\/p>\n<p><strong>2.1) Conceptos Fundamentales en Psicoan\u00e1lisis e Investigaciones en el Campo Cl\u00ednico y Cultura<\/strong><\/p>\n<p>Estudio de la g\u00e9nisis e historia de los conceptos psicoanal\u00edticos, considerando las disidencias y ramificaciones del movimiento psicoanal\u00edtico e investigaciones sobre el empleo del m\u00e9todo psicoanal\u00edtico en diversas condiciones institucionales y culturales.<\/p>\n<p><strong>3) \u00c1rea de concentraci\u00f3n en Psicolog\u00eda Social<\/strong><\/p>\n<p>L\u00edneas de Investigaci\u00f3n<\/p>\n<p><strong>3.1) Cultura, Modernidad y Procesos de Subjetivaci\u00f3n<\/strong><\/p>\n<p>Estudio sobre las formas contempor\u00e1neas de subjetivaci\u00f3n, relaciones entre sujetos e procesos culturales e institucionales, memoria social, diversidad e identidad sociocultural, procesos y pr\u00e1cticas socioculturales con \u00e9nfasis en g\u00e9nero, etnia y salud mental, redes sociales y sus efectos sobre los modos de subjetivaci\u00f3n y construcci\u00f3n de identidades.<\/p>\n<p><strong>3.2) Pol\u00edtica, Participaci\u00f3n Social y Procesos de Identificaci\u00f3n<\/strong><\/p>\n<p>Estudio de las relaciones entre sujeto y pol\u00edtica en los procesos de transformaci\u00f3n social, en los movimientos sociales, en las pol\u00edticas p\u00fablicas y en los procesos de construcci\u00f3n de identidades individuales y colectivas. Estudio de las formas y aspectos psicosociales de los fen\u00f3menos pol\u00edticos como cambios sociales, participaci\u00f3n social y comunitaria, relaciones de opresi\u00f3n, concientizaci\u00f3n social e identidad pol\u00edtica. Formas de comprensi\u00f3n de la pol\u00edtica en relaci\u00f3n a las emociones, a las identidades y a las formas de participaci\u00f3n en el mundo contempor\u00e1neo.<\/p>\n<p><strong>3.3) Trabajo, Sociabilidad y Salud<\/strong><\/p>\n<p>Estudo da rela\u00e7\u00e3o entre trabalho e cotidiano e das sociabilidades da\u00ed decorrentes. An\u00e1lise psicossocial do trabalho com \u00eanfase nas repercuss\u00f5es da atividade e das transforma\u00e7\u00f5es no mundo laboral sobre a sa\u00fade do trabalhador.<\/p>\n<p>&nbsp;<\/p>\n<p><strong>Sobre la Facultad<\/strong><\/p>\n<p>El PPG-PSI\/UFMG funciona en la Facultad de Filosof\u00eda y Ciencias Humanas (FAFICH) (<a href=\"http:\/\/www.fafich.ufmg.br\/\" target=\"_blank\" rel=\"noopener\">http:\/\/www.fafich.ufmg.br<\/a>), unidad de la Universidad Federal de Minas Gerais (UFMG), bastante consolidada acad\u00e9mica y socialmente. Actualmente cuenta con siete departamentos acad\u00e9micos (Antropolog\u00eda, Ciencia Pol\u00edtica, Comunicaci\u00f3n Social, Filosof\u00eda, Historia, Psicolog\u00eda y Sociolog\u00eda) que ofrecen juntas ocho cursos de p\u00f3s-graduaci\u00f3n stricto sensu. Esta amplitud de \u00e1reas del saber en la FAFICH crea un clima acad\u00e9mico din\u00e1mico y permite al aluno una variedad de oportunidades de cursos complementares y eventos.<\/p>\n<p>&nbsp;<\/p>\n<p><strong>UFMG<\/strong><\/p>\n<p>La Universidad Federal de Minas Gerais (www.ufmg.br) se localiza en la ciudad de Belo Horizonte, Campus Pampulha. El campus alberga la FAFICH y, por consecuencia, el PPG-PSI\/UFMG. El campus dispone de una amplia extensi\u00f3n de terreno, totalmente arborizado, en el cual se encuentras diversas facultades. Hay espacios de convivencia, servicio b\u00e1sicos para funcionarios y alumnos (ej. librer\u00edas, restaurantes, cafeter\u00edas, etc.) as\u00ed como una bella reserva ecol\u00f3gica.<\/p>\n<p>El Campus Pampulha se insiere en la regi\u00f3n tradicional de la ciudad y cuenta con buenos servicios de transporte. Alrededor del Campus se encuentran residencias universitarias subsidiadas pela UFMG, con alternativas de habitaci\u00f3n en residenciales particulares. La regi\u00f3n de la Pampulha es conocida por su potencial tur\u00edstico, especialmente por abrigar un amplio conjunto arquitect\u00f3nico considerado patrimonio hist\u00f3rico da humanidad.<\/p>\n<p>&nbsp;<\/p>\n<p><strong>Calend\u00e1rio Acad\u00e9mico<\/strong><\/p>\n<p>El PPG-PSI\/UFMG sigue el calendario adoptado por la UFMG para todas sus unidades acad\u00e9micas (<a href=\"http:\/\/www.ufmg.br\/conheca\/calendario.shtml\" target=\"_blank\" rel=\"noopener\">www.ufmg.br\/conheca\/calendario.shtml<\/a>). En resumen, las actividades acad\u00e9micas son organizadas por semestre, siendo que as clases se desarrollan regularmente a partir del mes de marzo hasta la primera quincena del mes de julio y a partir de agosto hasta la primera quincena de diciembre de cada a\u00f1o. El proceso selectivo de ingreso generalmente ocurre entre los meses de junio a noviembre. Las convocatorias con informaciones detalladas sobre c\u00f3mo y cu\u00e1ndo hacer las inscripciones son publicadas en este\u00a0<em>site<\/em>\u00a0a cada a\u00f1o.<\/p>\n<p>&nbsp;<\/p>\n<p><strong>Admisi\u00f3n<\/strong><\/p>\n<p><strong>a)\u00a0\u00a0\u00a0\u00a0\u00a0\u00a0<\/strong><strong>Selecci\u00f3n<\/strong><\/p>\n<p>La convocatoria p\u00fablica para el proceso de selecci\u00f3n de candidatos al PPG-PSI se realiza una vez por a\u00f1o, siendo una para espec\u00edfica para la Maestr\u00eda y una otra para el Doctorado. En general, el proceso selectivo se realiza en etapas: Conferencia de la documentaci\u00f3n de las inscripciones; evaluaci\u00f3n de la propuesta de investigaci\u00f3n, aprobaci\u00f3n en ex\u00e1menes de idiomas (ingl\u00e9s para la Maestr\u00eda e ingl\u00e9s y un segundo idioma que puede ser espa\u00f1ol o franc\u00e9s); entrevista y evaluaci\u00f3n curricular. Para los candidatos extranjeros se exige aprobaci\u00f3n en el examen de fluencia en el idioma Portugu\u00e9s. Todas las etapas de selecci\u00f3n ofrecen alternativas para los candidatos que no pueden dirigirse hasta la ciudad de Belo Horizonte.<\/p>\n<p><strong>b)\u00a0\u00a0\u00a0\u00a0\u00a0<\/strong><strong>Matr\u00edculas<\/strong><\/p>\n<p>El candidato aprobado en todas las etapas del proceso de selecci\u00f3n realiza su matr\u00edcula dividida en las etapas de pr\u00e9-registro y de inscripci\u00f3n en las disciplinas y\/o actividades acad\u00e9micas. Esas etapas son realizadas entre los meses de noviembre y febrero. El alumno las puede realizar a distancia<\/p>\n<p><strong>Normas<\/strong><\/p>\n<p><a href=\"https:\/\/www2.ufmg.br\/sods\/Sods\/Sobre-a-UFMG\/Regimento-Geral\" target=\"_blank\" rel=\"noopener\">Reglamento General de la UFMG<\/a><\/p>\n<p><a href=\"http:\/\/www.fafich.ufmg.br\/pospsicologia\/wp-content\/uploads\/2018\/02\/ngpg.pdf\" target=\"_blank\" rel=\"noopener\">Normas General de la P\u00f3s-Graduaci\u00f3n en la UFMG<\/a><\/p>\n<p><a href=\"http:\/\/www.cnpq.br\/web\/guest\/view\/-\/journal_content\/56_INSTANCE_0oED\/10157\/25243\" target=\"_blank\" rel=\"noopener\">Ordenanza Conjunta CAPES\/CNPq para concesi\u00f3n de becas<\/a><\/p>\n<p><a href=\"http:\/\/www.cnpq.br\/web\/guest\/view\/-\/journal_content\/56_INSTANCE_0oED\/10157\/998759\" target=\"_blank\" rel=\"noopener\">Aviso sobre ac\u00famulo de becas y v\u00ednculo laboral Ordenanza conjunta CAPES-CNPq<\/a><\/p>\n<p><a href=\"http:\/\/www.fafich.ufmg.br\/pospsicologia\/wp-content\/uploads\/2018\/02\/Resolu\u00e7\u00e3o-n\u00ba-01-de-19-de-dezembro-de-2016-4.pdf\" target=\"_blank\" rel=\"noopener\">Resoluci\u00f3n n. 01 de 19 de Diciembre de 2016 (sobre becas)<\/a><\/p>\n<p><a href=\"http:\/\/www.fafich.ufmg.br\/pospsicologia\/wp-content\/uploads\/2018\/02\/Regulamento2010finalreformuladomodif2011-2.pdf\" target=\"_blank\" rel=\"noopener\">Reglamento del Programa<\/a><\/p>\n<p><a href=\"http:\/\/www.fafich.ufmg.br\/ppgpsicologia\/attachments\/article\/87\/ResConsUn4_2009_Residencia-Pos-Doutoral.pdf\" target=\"_blank\" rel=\"noopener\">Estancia Pos-Doctorado<\/a><\/p>\n<p>&nbsp;<\/p>\n<p><strong>Estructura Administrativa<\/strong><\/p>\n<p>El PPG-PSI\/UFMG es dirigido por un colegiado formado por ocho docentes, representantes del cuerpo docente y dos representantes estudiantil (un de la Maestr\u00eda y otro del Doctorado). Dos docentes del programa ocupan respectivamente los cargos de coordinador y vice-coordinador del PPG-PSI\/UFMG.<\/p>\n<p>Para el funcionamiento, adem\u00e1s de la infraestructura acad\u00e9mica, el colegiado dispone de una secretaria de atendimiento al alumno y al docente, garantizando de esa forma la realizaci\u00f3n de las actividades administrativas.<\/p>\n<p><strong>Contactos<\/strong><\/p>\n<p>Coordinaci\u00f3n del PPG-PSI\/UFMG:\u00a0\u00a0\u00a0<a href=\"mailto:coordenacaopospsi@gmail.com\">coordenacaopospsi@gmail.com<\/a><\/p>\n<p>Secretaria:\u00a0\u00a0<a href=\"mailto:posgradpsi@gmail.com\">posgradpsi@gmail.com<\/a><\/p>\n<p>Telefone: +55 31 3409-5042[\/vc_column_text][vc_empty_space height=&#8221;60px&#8221;][\/vc_column][\/vc_row]<\/p>\n","protected":false},"excerpt":{"rendered":"<p>[vc_row][vc_column][vc_single_image image=&#8221;2224&#8243; img_size=&#8221;full&#8221;][vc_empty_space][vc_column_text]Bienvenido El Programa de P\u00f3s-Graduaci\u00f3n de la Universidad Federal de Minas Gerais (PPG-PSI\/UFMG) fue creado en el a\u00f1o de 1989, primeramente con la oferta de Maestr\u00eda en Psicolog\u00eda (\u00e1rea de concentraci\u00f3n en Psicolog\u00eda Social). Ocho a\u00f1os m\u00e1s tarde, en 1997, se cre\u00f3 el \u00e1rea de concentraci\u00f3n Estudios Psicoanal\u00edticos. Y en 2002 se implement\u00f3<\/p>\n","protected":false},"author":1,"featured_media":0,"parent":0,"menu_order":0,"comment_status":"closed","ping_status":"closed","template":"","meta":{"footnotes":""},"_links":{"self":[{"href":"https:\/\/www.fafich.ufmg.br\/pospsicologia\/wp-json\/wp\/v2\/pages\/2195"}],"collection":[{"href":"https:\/\/www.fafich.ufmg.br\/pospsicologia\/wp-json\/wp\/v2\/pages"}],"about":[{"href":"https:\/\/www.fafich.ufmg.br\/pospsicologia\/wp-json\/wp\/v2\/types\/page"}],"author":[{"embeddable":true,"href":"https:\/\/www.fafich.ufmg.br\/pospsicologia\/wp-json\/wp\/v2\/users\/1"}],"replies":[{"embeddable":true,"href":"https:\/\/www.fafich.ufmg.br\/pospsicologia\/wp-json\/wp\/v2\/comments?post=2195"}],"version-history":[{"count":5,"href":"https:\/\/www.fafich.ufmg.br\/pospsicologia\/wp-json\/wp\/v2\/pages\/2195\/revisions"}],"predecessor-version":[{"id":2389,"href":"https:\/\/www.fafich.ufmg.br\/pospsicologia\/wp-json\/wp\/v2\/pages\/2195\/revisions\/2389"}],"wp:attachment":[{"href":"https:\/\/www.fafich.ufmg.br\/pospsicologia\/wp-json\/wp\/v2\/media?parent=2195"}],"curies":[{"name":"wp","href":"https:\/\/api.w.org\/{rel}","templated":true}]}}