{"id":2234,"date":"2018-02-20T09:05:43","date_gmt":"2018-02-20T12:05:43","guid":{"rendered":"http:\/\/184.107.12.153\/~pospsicologia\/?page_id=2234"},"modified":"2024-02-29T10:00:39","modified_gmt":"2024-02-29T13:00:39","slug":"coordenacao","status":"publish","type":"page","link":"https:\/\/www.fafich.ufmg.br\/pospsicologia\/coordenacao\/","title":{"rendered":"Coordena\u00e7\u00e3o"},"content":{"rendered":"<p>[vc_row][vc_column][vc_column_text]<\/p>\n<h3>A Coordena\u00e7\u00e3o do PPG Psicologia \u00e9 composta por dois \/duas docentes, escolhidos\/as entre os\/as membros\/as do Corpo Docente Permanente do PPG Psicologia. A vig\u00eancia do mandato \u00e9 de 2 anos.<\/h3>\n\n<table id=\"tablepress-8\" class=\"tablepress tablepress-id-8\">\n<thead>\n<tr class=\"row-1 odd\">\n\t<th class=\"column-1\">Coordena\u00e7\u00e3o<\/th><th class=\"column-2\">\u00c1rea<\/th><th class=\"column-3\">Subcoordena\u00e7\u00e3o<\/th><th class=\"column-4\">\u00c1rea<\/th><th class=\"column-5\">Per\u00edodo<\/th>\n<\/tr>\n<\/thead>\n<tbody class=\"row-hover\">\n<tr class=\"row-2 even\">\n\t<td class=\"column-1\"><strong><span style=\"color:#d91466;\">Carolyne Reis Barros<br \/>\n<\/span><\/strong><\/td><td class=\"column-2\"><strong><span style=\"color:#d91466;\">Social<br \/>\n<\/span><\/strong><\/td><td class=\"column-3\"><strong><span style=\"color:#d91466;\"> Gilson de Paulo Moreira Iannini<br \/>\n<\/span><\/strong><\/td><td class=\"column-4\"><strong><span style=\"color:#d91466;\"> Psican\u00e1lise<br \/>\n<\/span><\/strong><\/td><td class=\"column-5\"><strong><span style=\"color:#d91466;\">07\/2025 a 07\/2027<br \/>\n<\/span><\/strong><\/td>\n<\/tr>\n<tr class=\"row-3 odd\">\n\t<td class=\"column-1\">Adriano Roberto Afonso do Nascimento<\/td><td class=\"column-2\">Social<\/td><td class=\"column-3\"><\/td><td class=\"column-4\"><\/td><td class=\"column-5\">04\/2024 a 05\/2025<\/td>\n<\/tr>\n<tr class=\"row-4 even\">\n\t<td class=\"column-1\">Guilherme Massara Rocha<br \/>\n<\/td><td class=\"column-2\">Psican\u00e1lise<\/td><td class=\"column-3\"><\/td><td class=\"column-4\"><\/td><td class=\"column-5\">03\/2024 a 03\/2024<\/td>\n<\/tr>\n<tr class=\"row-5 odd\">\n\t<td class=\"column-1\">Marco Aur\u00e9lio Maximo Prado<\/td><td class=\"column-2\">Social<\/td><td class=\"column-3\">Andrea Maris Campos Guerra<\/td><td class=\"column-4\">Psican\u00e1lise<\/td><td class=\"column-5\">12\/2023 a 02\/2024<\/td>\n<\/tr>\n<tr class=\"row-6 even\">\n\t<td class=\"column-1\">Guilherme Massara Rocha (Decano)<\/td><td class=\"column-2\">Psican\u00e1lise<\/td><td class=\"column-3\"><\/td><td class=\"column-4\"><\/td><td class=\"column-5\">09\/2023 a 12\/2023<\/td>\n<\/tr>\n<tr class=\"row-7 odd\">\n\t<td class=\"column-1\">Lisandra Esp\u00edndula Moreira<\/td><td class=\"column-2\">Social<\/td><td class=\"column-3\">Cl\u00e1udia Maria Filgueira Penido<\/td><td class=\"column-4\">Social<\/td><td class=\"column-5\">08\/2022 a 08\/2023<\/td>\n<\/tr>\n<tr class=\"row-8 even\">\n\t<td rowspan=\"2\" class=\"column-1\">Antonio Marcio Ribeiro Teixeira<\/td><td class=\"column-2\">Psican\u00e1lise<\/td><td class=\"column-3\">Gilson de Paulo Moreira Iannini<\/td><td class=\"column-4\">Psican\u00e1lise<\/td><td class=\"column-5\">01\/2021 a 07\/2022<\/td>\n<\/tr>\n<tr class=\"row-9 odd\">\n\t<td class=\"column-2\">Psican\u00e1lise<\/td><td class=\"column-3\">Marcia Maria Rosa Vieira<\/td><td class=\"column-4\">Psican\u00e1lise<\/td><td class=\"column-5\">07\/2020 a 12\/2020<\/td>\n<\/tr>\n<tr class=\"row-10 even\">\n\t<td class=\"column-1\">S\u00e9rgio Dias Cirino<\/td><td class=\"column-2\">Social<\/td><td class=\"column-3\">Ingrid Faria Gianordoli Nascimento<\/td><td class=\"column-4\">Social<\/td><td class=\"column-5\">07\/2018 a 06\/2020<\/td>\n<\/tr>\n<tr class=\"row-11 odd\">\n\t<td class=\"column-1\">Carmen Mendonza<\/td><td class=\"column-2\">Social<\/td><td class=\"column-3\">N\u00e1dia Lagu\u00e1rdia de Lima<\/td><td class=\"column-4\">Psican\u00e1lise<\/td><td class=\"column-5\">07\/2017 a 06\/2018<\/td>\n<\/tr>\n<tr class=\"row-12 even\">\n\t<td class=\"column-1\">Livia de Oliveira Borges<\/td><td class=\"column-2\">Social<\/td><td class=\"column-3\">Antonio M\u00e1rcio Ribeiro Teixeira<\/td><td class=\"column-4\">Psican\u00e1lise<\/td><td class=\"column-5\">08\/2016 a 06\/2017<\/td>\n<\/tr>\n<tr class=\"row-13 odd\">\n\t<td class=\"column-1\">Ingrid Faria Gianordoli Nascimento<\/td><td class=\"column-2\">Social<\/td><td class=\"column-3\">Elizabeth do Nascimento<\/td><td class=\"column-4\">Desenvolvimento<\/td><td class=\"column-5\">08\/2014 a 07\/2016<\/td>\n<\/tr>\n<tr class=\"row-14 even\">\n\t<td class=\"column-1\">Maycoln Leoni Martins Teodoro<\/td><td class=\"column-2\">Desenvolvimento<\/td><td class=\"column-3\">Miguel Mahfoud<\/td><td class=\"column-4\">Social<\/td><td class=\"column-5\">08\/2012 a 07\/2014<\/td>\n<\/tr>\n<tr class=\"row-15 odd\">\n\t<td class=\"column-1\">Adriano Roberto Afonso do Nascimento<\/td><td class=\"column-2\">Social<\/td><td class=\"column-3\">J\u00e9sus Santiago<\/td><td class=\"column-4\">Psican\u00e1lise<\/td><td class=\"column-5\">08\/2010 a 07\/2012<\/td>\n<\/tr>\n<tr class=\"row-16 even\">\n\t<td class=\"column-1\">Marco Aur\u00e9lio Maximo Prado<\/td><td class=\"column-2\">Social<\/td><td class=\"column-3\">Angela Maria Resende Vorcaro<\/td><td class=\"column-4\">Psican\u00e1lise<\/td><td class=\"column-5\">08\/2008 a 07\/2010<\/td>\n<\/tr>\n<tr class=\"row-17 odd\">\n\t<td class=\"column-1\">Cornelis Johannes van Stralen<\/td><td class=\"column-2\">Social<\/td><td class=\"column-3\"><\/td><td class=\"column-4\"><\/td><td class=\"column-5\">01\/2000 a 07\/2006<\/td>\n<\/tr>\n<\/tbody>\n<\/table>\n<!-- #tablepress-8 from cache -->\n","protected":false},"excerpt":{"rendered":"<p>[vc_row][vc_column][vc_column_text] A Coordena\u00e7\u00e3o do PPG Psicologia \u00e9 composta por dois \/duas docentes, escolhidos\/as entre os\/as membros\/as do Corpo Docente Permanente do PPG Psicologia. A vig\u00eancia do mandato \u00e9 de 2 anos.<\/p>\n","protected":false},"author":1,"featured_media":0,"parent":0,"menu_order":0,"comment_status":"closed","ping_status":"closed","template":"","meta":{"footnotes":""},"_links":{"self":[{"href":"https:\/\/www.fafich.ufmg.br\/pospsicologia\/wp-json\/wp\/v2\/pages\/2234"}],"collection":[{"href":"https:\/\/www.fafich.ufmg.br\/pospsicologia\/wp-json\/wp\/v2\/pages"}],"about":[{"href":"https:\/\/www.fafich.ufmg.br\/pospsicologia\/wp-json\/wp\/v2\/types\/page"}],"author":[{"embeddable":true,"href":"https:\/\/www.fafich.ufmg.br\/pospsicologia\/wp-json\/wp\/v2\/users\/1"}],"replies":[{"embeddable":true,"href":"https:\/\/www.fafich.ufmg.br\/pospsicologia\/wp-json\/wp\/v2\/comments?post=2234"}],"version-history":[{"count":55,"href":"https:\/\/www.fafich.ufmg.br\/pospsicologia\/wp-json\/wp\/v2\/pages\/2234\/revisions"}],"predecessor-version":[{"id":4739,"href":"https:\/\/www.fafich.ufmg.br\/pospsicologia\/wp-json\/wp\/v2\/pages\/2234\/revisions\/4739"}],"wp:attachment":[{"href":"https:\/\/www.fafich.ufmg.br\/pospsicologia\/wp-json\/wp\/v2\/media?parent=2234"}],"curies":[{"name":"wp","href":"https:\/\/api.w.org\/{rel}","templated":true}]}}