{"id":2286,"date":"2018-04-05T11:43:24","date_gmt":"2018-04-05T14:43:24","guid":{"rendered":"http:\/\/www.fafich.ufmg.br\/ppgpsi\/?page_id=2286"},"modified":"2025-12-08T08:09:09","modified_gmt":"2025-12-08T11:09:09","slug":"central-de-atendimento","status":"publish","type":"page","link":"https:\/\/www.fafich.ufmg.br\/pospsicologia\/central-de-atendimento\/","title":{"rendered":"Atendimento Externo &#8211; Central de atendimento"},"content":{"rendered":"<p>[vc_row][vc_column][vc_column_text]<\/p>\n<h3><strong><span style=\"color: #339966;\">Secretaria<\/span><\/strong><\/h3>\n<h3>Pr\u00e9dio da FAFICH &#8211; sala 4005 &#8211; Campus Universit\u00e1rio, Belo Horizonte \/ MG.<\/h3>\n<h3><strong><span style=\"color: #339966;\">Corpo T\u00e9cnico-Administrativo<\/span><\/strong><\/h3>\n<h4><span style=\"color: #000000;\">Luiz Cl\u00e1udio Mendon\u00e7a<\/span><\/h4>\n<p>[\/vc_column_text][\/vc_column][\/vc_row][vc_row][vc_column][vc_column_text]<\/p>\n<h3><\/h3>\n<h3><strong><span style=\"color: #339966;\">Central de Atendimento aos cursos de P\u00f3s-Gradua\u00e7\u00e3o &#8211;\u00a0 Mestrado e Doutorado<\/span><\/strong><\/h3>\n<h4>Em cumprimento \u00e0 Portaria n\u00ba 164, de 17 de novembro de 2017, que trata do processo de implementa\u00e7\u00e3o da jornada de trabalho de 30 (trinta) horas para os servidores T\u00e9cnico-Administrativos em Educa\u00e7\u00e3o, no \u00e2mbito da Faculdade de Filosofia e Ci\u00eancias Humanas da UFMG (FAFICH), informamos que h\u00e1 o funcionamento da <span style=\"color: #ff0000;\">Central de Atendimento aos cursos de P\u00f3s-Gradua\u00e7\u00e3o\u00a0 &#8211; Mestrado e Doutorado<\/span> (CAPG), desde o dia 19 de mar\u00e7o de 2018 (Sala 2021).<\/h4>\n<h4>A Central de atendimento funciona de segunda \u00e0 sexta-feira, das 8h \u00e0s 22h<\/h4>\n<h4>Em anexo, encontra-se a tabela contendo as atribui\u00e7\u00f5es da Central de Atendimento.<\/h4>\n<p>[\/vc_column_text][vc_empty_space height=&#8221;60px&#8221;][\/vc_column][\/vc_row]<\/p>\n","protected":false},"excerpt":{"rendered":"<p>[vc_row][vc_column][vc_column_text] Secretaria Pr\u00e9dio da FAFICH &#8211; sala 4005 &#8211; Campus Universit\u00e1rio, Belo Horizonte \/ MG. Corpo T\u00e9cnico-Administrativo Luiz Cl\u00e1udio Mendon\u00e7a [\/vc_column_text][\/vc_column][\/vc_row][vc_row][vc_column][vc_column_text] Central de Atendimento aos cursos de P\u00f3s-Gradua\u00e7\u00e3o &#8211;\u00a0 Mestrado e Doutorado Em cumprimento \u00e0 Portaria n\u00ba 164, de 17 de novembro de 2017, que trata do processo de implementa\u00e7\u00e3o da jornada de trabalho de<\/p>\n","protected":false},"author":1,"featured_media":0,"parent":0,"menu_order":0,"comment_status":"closed","ping_status":"closed","template":"","meta":{"footnotes":""},"_links":{"self":[{"href":"https:\/\/www.fafich.ufmg.br\/pospsicologia\/wp-json\/wp\/v2\/pages\/2286"}],"collection":[{"href":"https:\/\/www.fafich.ufmg.br\/pospsicologia\/wp-json\/wp\/v2\/pages"}],"about":[{"href":"https:\/\/www.fafich.ufmg.br\/pospsicologia\/wp-json\/wp\/v2\/types\/page"}],"author":[{"embeddable":true,"href":"https:\/\/www.fafich.ufmg.br\/pospsicologia\/wp-json\/wp\/v2\/users\/1"}],"replies":[{"embeddable":true,"href":"https:\/\/www.fafich.ufmg.br\/pospsicologia\/wp-json\/wp\/v2\/comments?post=2286"}],"version-history":[{"count":67,"href":"https:\/\/www.fafich.ufmg.br\/pospsicologia\/wp-json\/wp\/v2\/pages\/2286\/revisions"}],"predecessor-version":[{"id":5225,"href":"https:\/\/www.fafich.ufmg.br\/pospsicologia\/wp-json\/wp\/v2\/pages\/2286\/revisions\/5225"}],"wp:attachment":[{"href":"https:\/\/www.fafich.ufmg.br\/pospsicologia\/wp-json\/wp\/v2\/media?parent=2286"}],"curies":[{"name":"wp","href":"https:\/\/api.w.org\/{rel}","templated":true}]}}