{"id":3724,"date":"2021-08-23T12:56:22","date_gmt":"2021-08-23T15:56:22","guid":{"rendered":"http:\/\/www.fafich.ufmg.br\/pospsicologia\/?page_id=3724"},"modified":"2022-07-21T21:26:06","modified_gmt":"2022-07-22T00:26:06","slug":"processo-seletivo-mestrado-e-doutorado-2022","status":"publish","type":"page","link":"https:\/\/www.fafich.ufmg.br\/pospsicologia\/processo-seletivo-mestrado-e-doutorado-2022\/","title":{"rendered":"Processo Seletivo Mestrado e Doutorado 2022"},"content":{"rendered":"<h3 style=\"text-align: center;\"><strong><span style=\"color: #ff0000;\">INSCRI\u00c7\u00d5ES ENCERRADAS<\/span><\/strong><\/h3>\n<h3>A Coordena\u00e7\u00e3o, juntamente com o Colegiado do PPG Psicologia, informa que neste ano de 2022 haver\u00e1 dois processos seletivos para ingresso no Mestrado e Doutorado.<\/h3>\n<hr \/>\n<h3><span style=\"color: #000000;\"><strong>O primeiro, cujo edital est\u00e1 dispon\u00edvel abaixo, selecionar\u00e1 candidatos e candidatas para ingresso no segundo semestre letivo de 2022.<\/strong><\/span><\/h3>\n<h3><span style=\"color: #000000;\"><strong>Leia o Edital antes de fazer a inscri\u00e7\u00e3o.<\/strong><\/span><\/h3>\n<h3><\/h3>\n<p>&nbsp;<\/p>\n","protected":false},"excerpt":{"rendered":"<p>INSCRI\u00c7\u00d5ES ENCERRADAS A Coordena\u00e7\u00e3o, juntamente com o Colegiado do PPG Psicologia, informa que neste ano de 2022 haver\u00e1 dois processos seletivos para ingresso no Mestrado e Doutorado. O primeiro, cujo edital est\u00e1 dispon\u00edvel abaixo, selecionar\u00e1 candidatos e candidatas para ingresso no segundo semestre letivo de 2022. Leia o Edital antes de fazer a inscri\u00e7\u00e3o. &nbsp;<\/p>\n","protected":false},"author":2,"featured_media":0,"parent":0,"menu_order":0,"comment_status":"closed","ping_status":"closed","template":"","meta":{"footnotes":""},"_links":{"self":[{"href":"https:\/\/www.fafich.ufmg.br\/pospsicologia\/wp-json\/wp\/v2\/pages\/3724"}],"collection":[{"href":"https:\/\/www.fafich.ufmg.br\/pospsicologia\/wp-json\/wp\/v2\/pages"}],"about":[{"href":"https:\/\/www.fafich.ufmg.br\/pospsicologia\/wp-json\/wp\/v2\/types\/page"}],"author":[{"embeddable":true,"href":"https:\/\/www.fafich.ufmg.br\/pospsicologia\/wp-json\/wp\/v2\/users\/2"}],"replies":[{"embeddable":true,"href":"https:\/\/www.fafich.ufmg.br\/pospsicologia\/wp-json\/wp\/v2\/comments?post=3724"}],"version-history":[{"count":13,"href":"https:\/\/www.fafich.ufmg.br\/pospsicologia\/wp-json\/wp\/v2\/pages\/3724\/revisions"}],"predecessor-version":[{"id":4214,"href":"https:\/\/www.fafich.ufmg.br\/pospsicologia\/wp-json\/wp\/v2\/pages\/3724\/revisions\/4214"}],"wp:attachment":[{"href":"https:\/\/www.fafich.ufmg.br\/pospsicologia\/wp-json\/wp\/v2\/media?parent=3724"}],"curies":[{"name":"wp","href":"https:\/\/api.w.org\/{rel}","templated":true}]}}