{"id":3893,"date":"2022-03-09T07:37:00","date_gmt":"2022-03-09T10:37:00","guid":{"rendered":"http:\/\/www.fafich.ufmg.br\/pospsicologia\/?page_id=3893"},"modified":"2023-11-29T09:49:43","modified_gmt":"2023-11-29T12:49:43","slug":"comissoes-ppg-psicologia","status":"publish","type":"page","link":"https:\/\/www.fafich.ufmg.br\/pospsicologia\/comissoes-ppg-psicologia\/","title":{"rendered":"Comiss\u00f5es PPG Psicologia"},"content":{"rendered":"<p>[vc_row][vc_column width=&#8221;1\/3&#8243;][cms_table_position values=&#8221;%5B%7B%22table_content1%22%3A%22Adriano%20Roberto%20Afonso%20Nascimento%20%20(presidente)%22%7D%2C%7B%22table_content1%22%3A%22Antonio%20M%C3%A1rcio%20Ribeiro%20Teixeira%22%7D%5D&#8221; table_title1=&#8221;Comiss\u00e3o do Processo Seletivo (Vig\u00eancia at\u00e9 31\/03\/2024)&#8221;][\/vc_column][vc_column width=&#8221;1\/3&#8243;][cms_table_position values=&#8221;%5B%7B%22table_content1%22%3A%22Marco%20Aur%C3%A9lio%20M%C3%A1ximo%20Prado%20(Presidente)%22%7D%2C%7B%22table_content1%22%3A%22F%C3%A1bio%20Roberto%20Rodrigues%20Belo%22%7D%2C%7B%22table_content1%22%3A%22Adriano%20Roberto%20Afonso%20do%20Nascimento%22%7D%2C%7B%22table_content1%22%3A%22Gustavo%20Carretero%22%7D%2C%7B%22table_content1%22%3A%22Ant%C3%B4nio%20Lemos%20Rausch%20(Discente%20Volunt%C3%A1rio)%22%7D%5D&#8221; table_title1=&#8221;Comiss\u00e3o do Relat\u00f3rio Sucupira (Vig\u00eancia at\u00e9 31\/05\/2023)&#8221;][\/vc_column][vc_column width=&#8221;1\/3&#8243;][cms_table_position values=&#8221;%5B%7B%22table_content1%22%3A%22S%C3%A9rgio%20Dias%20Cirino%22%7D%2C%7B%22table_content1%22%3A%22N%C3%A1dia%20Lagu%C3%A1rdia%20de%20Lima%20(presidente)%22%7D%5D&#8221; table_title1=&#8221;Comiss\u00e3o de Credenciamento Docente (at\u00e9 31\/03\/2024)&#8221;][\/vc_column][\/vc_row][vc_row][vc_column width=&#8221;1\/2&#8243;][cms_table_position values=&#8221;%5B%7B%22table_content1%22%3A%22Guilherme%20Massara%20Rocha%20(presidente)%20%22%7D%2C%7B%22table_content1%22%3A%22Gilson%20de%20Paulo%20Moreira%20Iannini%22%7D%2C%7B%22table_content1%22%3A%22Cl%C3%A1udia%20Maria%20Filgueiras%20Penido%22%7D%2C%7B%22table_content1%22%3A%22Carolyne%20Reis%20Barros%22%7D%2C%7B%22table_content1%22%3A%22Kaio%20Batista%20Fidelis%20(discente)%22%7D%2C%7B%22table_content1%22%3A%22Maryana%20Pereira%20J%C3%A1come%20(discente)%22%7D%5D&#8221; table_title1=&#8221;Comiss\u00e3o de Reestrutura\u00e7\u00e3o (Vig\u00eancia at\u00e9 31\/12\/2023)&#8221;][\/vc_column][vc_column width=&#8221;1\/2&#8243;][cms_table_position values=&#8221;%5B%7B%22table_content1%22%3A%22Tereza%20Cristina%20Peixoto%22%7D%2C%7B%22table_content1%22%3A%22Andrea%20Maris%20Campos%20Guerra%20(presidente)%22%7D%2C%7B%22table_content1%22%3A%22Rosa%20da%20Costa%20Gato%20Neta%20(Mestrado)%22%7D%5D&#8221; table_title1=&#8221;Comiss\u00e3o de Sele\u00e7\u00e3o e Acompanhamento de Bolsistas (Vig\u00eancia at\u00e9 31\/03\/2025)&#8221;][\/vc_column][\/vc_row][vc_row table_layout=&#8221;table-default&#8221; values=&#8221;%5B%7B%22table_content1%22%3A%22ADRIANO%20ROBERTO%20AFONSO%20DO%20NASCIMENTO%22%2C%22table_content2%22%3A%2214%2F05%2F2008%22%2C%22table_content3%22%3A%22PERMANENTE%20DOUTORADO%22%2C%22table_content4%22%3A%2229%2F06%2F2026%22%7D%2C%7B%22table_content1%22%3A%22ANDREA%20MARIS%20CAMPOS%20GUERRA%22%2C%22table_content2%22%3A%2226%2F03%2F2010%22%2C%22table_content3%22%3A%22PERMANENTE%20DOUTORADO%22%2C%22table_content4%22%3A%2221%2F10%2F2023%22%7D%2C%7B%22table_content1%22%3A%22ANGELA%20MARIA%20RESENDE%20VORCARO%20(Aposentada)%22%2C%22table_content2%22%3A%2227%2F12%2F2006%22%2C%22table_content3%22%3A%22PERMANENTE%20DOUTORADO%22%2C%22table_content4%22%3A%2222%2F03%2F2024%22%7D%2C%7B%22table_content1%22%3A%22ANTONIO%20MARCIO%20RIBEIRO%20TEIXEIRA%22%2C%22table_content2%22%3A%2211%2F04%2F2000%22%2C%22table_content3%22%3A%22PERMANENTE%20DOUTORADO%22%2C%22table_content4%22%3A%2228%2F04%2F2023%22%7D%2C%7B%22table_content1%22%3A%22CAROLYNE%20REIS%20BARROS%22%2C%22table_content2%22%3A%2202%2F08%2F2021%22%2C%22table_content3%22%3A%22COLABORADORA%20MESTRADO%22%2C%22table_content4%22%3A%2201%2F08%2F2025%22%7D%2C%7B%22table_content1%22%3A%22CASSANDRA%20PEREIRA%20FRANCA%22%2C%22table_content2%22%3A%22Psican%C3%A1lise%22%2C%22table_content3%22%3A%22PERMANENTE%20DOUTORADO%22%2C%22table_content4%22%3A%2222%2F05%2F2003%22%7D%2C%7B%22table_content1%22%3A%22CLAUDIA%20ANDREA%20MAYORGA%20BORGES%22%2C%22table_content2%22%3A%2203%2F06%2F2009%22%2C%22table_content3%22%3A%22PERMANENTE%20DOUTORADO%22%2C%22table_content4%22%3A%2203%2F07%2F2022%22%7D%2C%7B%22table_content1%22%3A%22CLAUDIA%20MARIA%20FILGUEIRAS%20PENIDO%22%2C%22table_content2%22%3A%2212%2F06%2F2014%22%2C%22table_content3%22%3A%22PERMANENTE%20DOUTORADO%22%2C%22table_content4%22%3A%2231%2F10%2F2025%22%7D%2C%7B%22table_content1%22%3A%22FABIO%20ROBERTO%20RODRIGUES%20BELO%22%2C%22table_content2%22%3A%2227%2F08%2F2012%22%2C%22table_content3%22%3A%22PERMANENTE%20DOUTORADO%22%2C%22table_content4%22%3A%2207%2F10%2F2022%22%7D%2C%7B%22table_content1%22%3A%22FREDERICO%20ALVES%20COSTA%22%2C%22table_content2%22%3A%2201%2F09%2F2021%22%2C%22table_content3%22%3A%22COLABORADOR%20MESTRADO%22%2C%22table_content4%22%3A%2231%2F08%2F2025%22%7D%2C%7B%22table_content1%22%3A%22GILSON%20DE%20PAULO%20MOREIRA%20IANNINI%22%2C%22table_content2%22%3A%2212%2F03%2F2018%22%2C%22table_content3%22%3A%22PERMANENTE%20DOUTORADO%22%2C%22table_content4%22%3A%2211%2F03%2F2022%22%7D%2C%7B%22table_content1%22%3A%22GUILHERME%20MASSARA%20ROCHA%22%2C%22table_content2%22%3A%2231%2F05%2F2011%22%2C%22table_content3%22%3A%22PERMANENTE%20DOUTORADO%22%2C%22table_content4%22%3A%2225%2F02%2F2026%22%7D%2C%7B%22table_content1%22%3A%22INGRID%20FARIA%20GIANORDOLI%20NASCIMENTO%22%2C%22table_content2%22%3A%2203%2F06%2F2009%22%2C%22table_content3%22%3A%22PERMANENTE%20DOUTORADO%22%2C%22table_content4%22%3A%2216%2F02%2F2024%22%7D%2C%7B%22table_content1%22%3A%22IZABEL%20CHRISTINA%20FRICHE%20PASSOS%20(Aposentada)%22%2C%22table_content2%22%3A%2213%2F09%2F2005%22%2C%22table_content3%22%3A%22PERMANENTE%20DOUTORADO%22%2C%22table_content4%22%3A%2214%2F09%2F2020%22%7D%2C%7B%22table_content1%22%3A%22LAURA%20CRISTINA%20EIRAS%20COELHO%20SOARES%22%2C%22table_content2%22%3A%2213%2F04%2F2015%22%2C%22table_content3%22%3A%22PERMANENTE%20MESTRADO%22%2C%22table_content4%22%3A%2211%2F03%2F2022%22%7D%2C%7B%22table_content1%22%3A%22LISANDRA%20ESP%C3%8DNDULA%20MOREIRA%22%2C%22table_content2%22%3A%2213%2F06%2F2016%22%2C%22table_content3%22%3A%22PERMANENTE%20DOUTORADO%22%2C%22table_content4%22%3A%2231%2F07%2F2024%22%7D%2C%7B%22table_content1%22%3A%22LIVIA%20DE%20OLIVEIRA%20BORGES%20(Aposentada)%22%2C%22table_content2%22%3A%2218%2F11%2F2009%22%2C%22table_content3%22%3A%22PERMANENTE%20DOUTORADO%22%2C%22table_content4%22%3A%2229%2F06%2F2022%22%7D%2C%7B%22table_content1%22%3A%22MARCIA%20MARIA%20ROSA%20VIEIRA%20LUCHINA%22%2C%22table_content2%22%3A%2217%2F06%2F2010%22%2C%22table_content3%22%3A%22PERMANENTE%20DOUTORADO%22%2C%22table_content4%22%3A%2228%2F04%2F2023%22%7D%2C%7B%22table_content1%22%3A%22MARCO%20AURELIO%20MAXIMO%20PRADO%22%2C%22table_content2%22%3A%2228%2F10%2F2003%22%2C%22table_content3%22%3A%22PERMANENTE%20DOUTORADO%22%2C%22table_content4%22%3A%2222%2F03%2F2024%22%7D%2C%7B%22table_content1%22%3A%22MARIA%20LU%C3%8DSA%20MAGALH%C3%83ES%20NOGUEIRA%22%2C%22table_content2%22%3A%2212%2F06%2F2017%22%2C%22table_content3%22%3A%22COLABORADORA%20MESTRADO%22%2C%22table_content4%22%3A%2211%2F06%2F2024%22%7D%2C%7B%22table_content1%22%3A%22NADIA%20LAGUARDIA%20DE%20LIMA%22%2C%22table_content2%22%3A%2218%2F10%2F2010%22%2C%22table_content3%22%3A%22PERMANENTE%20DOUTORADO%22%2C%22table_content4%22%3A%2229%2F06%2F2022%22%7D%2C%7B%22table_content1%22%3A%22OSWALDO%20FRANCA%20NETO%22%2C%22table_content2%22%3A%2217%2F01%2F2005%22%2C%22table_content3%22%3A%22PERMANENTE%20DOUTORADO%22%2C%22table_content4%22%3A%2220%2F02%2F2024%22%7D%2C%7B%22table_content1%22%3A%22PAULA%20RITA%20BACELLAR%20GONZAGA%22%2C%22table_content2%22%3A%2202%2F08%2F2021%22%2C%22table_content3%22%3A%22COLABORADORA%20MESTRADO%22%2C%22table_content4%22%3A%2201%2F08%2F2025%22%7D%2C%7B%22table_content1%22%3A%22PAULO%20EDUARDO%20RODRIGUES%20ALVES%20EVANGELISTA%22%2C%22table_content2%22%3A%2201%2F08%2F2019%22%2C%22table_content3%22%3A%22COLABORADOR%20MESTRADO%22%2C%22table_content4%22%3A%2231%2F07%2F2023%22%7D%2C%7B%22table_content1%22%3A%22SERGIO%20DIAS%20CIRINO%22%2C%22table_content2%22%3A%2217%2F10%2F2013%22%2C%22table_content3%22%3A%22PERMANENTE%20DOUTORADO%22%2C%22table_content4%22%3A%2221%2F10%2F2023%22%7D%2C%7B%22table_content1%22%3A%22VANESSA%20ANDRADE%20DE%20BARROS%20(Aposentada)%22%2C%22table_content2%22%3A%2222%2F11%2F2001%22%2C%22table_content3%22%3A%22PERMANENTE%20DOUTORADO%22%2C%22table_content4%22%3A%2210%2F02%2F2026%22%7D%5D&#8221; table_title1=&#8221;Professor\/a&#8221; table_title2=&#8221;Data 1\u00ba Credenciamento&#8221; table_title3=&#8221;Credenciado\/a como&#8221; table_title4=&#8221;Credenciado\/a at\u00e9&#8221;][vc_column][wpdatatable id=&#8221;9&#8243;][\/vc_column][\/vc_row]<\/p>\n","protected":false},"excerpt":{"rendered":"<p>[vc_row][vc_column width=&#8221;1\/3&#8243;][cms_table_position values=&#8221;%5B%7B%22table_content1%22%3A%22Adriano%20Roberto%20Afonso%20Nascimento%20%20(presidente)%22%7D%2C%7B%22table_content1%22%3A%22Antonio%20M%C3%A1rcio%20Ribeiro%20Teixeira%22%7D%5D&#8221; table_title1=&#8221;Comiss\u00e3o do Processo Seletivo (Vig\u00eancia at\u00e9 31\/03\/2024)&#8221;][\/vc_column][vc_column width=&#8221;1\/3&#8243;][cms_table_position values=&#8221;%5B%7B%22table_content1%22%3A%22Marco%20Aur%C3%A9lio%20M%C3%A1ximo%20Prado%20(Presidente)%22%7D%2C%7B%22table_content1%22%3A%22F%C3%A1bio%20Roberto%20Rodrigues%20Belo%22%7D%2C%7B%22table_content1%22%3A%22Adriano%20Roberto%20Afonso%20do%20Nascimento%22%7D%2C%7B%22table_content1%22%3A%22Gustavo%20Carretero%22%7D%2C%7B%22table_content1%22%3A%22Ant%C3%B4nio%20Lemos%20Rausch%20(Discente%20Volunt%C3%A1rio)%22%7D%5D&#8221; table_title1=&#8221;Comiss\u00e3o do Relat\u00f3rio Sucupira (Vig\u00eancia at\u00e9 31\/05\/2023)&#8221;][\/vc_column][vc_column width=&#8221;1\/3&#8243;][cms_table_position values=&#8221;%5B%7B%22table_content1%22%3A%22S%C3%A9rgio%20Dias%20Cirino%22%7D%2C%7B%22table_content1%22%3A%22N%C3%A1dia%20Lagu%C3%A1rdia%20de%20Lima%20(presidente)%22%7D%5D&#8221; table_title1=&#8221;Comiss\u00e3o de Credenciamento Docente (at\u00e9 31\/03\/2024)&#8221;][\/vc_column][\/vc_row][vc_row][vc_column width=&#8221;1\/2&#8243;][cms_table_position values=&#8221;%5B%7B%22table_content1%22%3A%22Guilherme%20Massara%20Rocha%20(presidente)%20%22%7D%2C%7B%22table_content1%22%3A%22Gilson%20de%20Paulo%20Moreira%20Iannini%22%7D%2C%7B%22table_content1%22%3A%22Cl%C3%A1udia%20Maria%20Filgueiras%20Penido%22%7D%2C%7B%22table_content1%22%3A%22Carolyne%20Reis%20Barros%22%7D%2C%7B%22table_content1%22%3A%22Kaio%20Batista%20Fidelis%20(discente)%22%7D%2C%7B%22table_content1%22%3A%22Maryana%20Pereira%20J%C3%A1come%20(discente)%22%7D%5D&#8221; table_title1=&#8221;Comiss\u00e3o de Reestrutura\u00e7\u00e3o (Vig\u00eancia at\u00e9 31\/12\/2023)&#8221;][\/vc_column][vc_column width=&#8221;1\/2&#8243;][cms_table_position values=&#8221;%5B%7B%22table_content1%22%3A%22Tereza%20Cristina%20Peixoto%22%7D%2C%7B%22table_content1%22%3A%22Andrea%20Maris%20Campos%20Guerra%20(presidente)%22%7D%2C%7B%22table_content1%22%3A%22Rosa%20da%20Costa%20Gato%20Neta%20(Mestrado)%22%7D%5D&#8221; table_title1=&#8221;Comiss\u00e3o de Sele\u00e7\u00e3o e Acompanhamento de Bolsistas (Vig\u00eancia at\u00e9 31\/03\/2025)&#8221;][\/vc_column][\/vc_row][vc_row table_layout=&#8221;table-default&#8221; values=&#8221;%5B%7B%22table_content1%22%3A%22ADRIANO%20ROBERTO%20AFONSO%20DO%20NASCIMENTO%22%2C%22table_content2%22%3A%2214%2F05%2F2008%22%2C%22table_content3%22%3A%22PERMANENTE%20DOUTORADO%22%2C%22table_content4%22%3A%2229%2F06%2F2026%22%7D%2C%7B%22table_content1%22%3A%22ANDREA%20MARIS%20CAMPOS%20GUERRA%22%2C%22table_content2%22%3A%2226%2F03%2F2010%22%2C%22table_content3%22%3A%22PERMANENTE%20DOUTORADO%22%2C%22table_content4%22%3A%2221%2F10%2F2023%22%7D%2C%7B%22table_content1%22%3A%22ANGELA%20MARIA%20RESENDE%20VORCARO%20(Aposentada)%22%2C%22table_content2%22%3A%2227%2F12%2F2006%22%2C%22table_content3%22%3A%22PERMANENTE%20DOUTORADO%22%2C%22table_content4%22%3A%2222%2F03%2F2024%22%7D%2C%7B%22table_content1%22%3A%22ANTONIO%20MARCIO%20RIBEIRO%20TEIXEIRA%22%2C%22table_content2%22%3A%2211%2F04%2F2000%22%2C%22table_content3%22%3A%22PERMANENTE%20DOUTORADO%22%2C%22table_content4%22%3A%2228%2F04%2F2023%22%7D%2C%7B%22table_content1%22%3A%22CAROLYNE%20REIS%20BARROS%22%2C%22table_content2%22%3A%2202%2F08%2F2021%22%2C%22table_content3%22%3A%22COLABORADORA%20MESTRADO%22%2C%22table_content4%22%3A%2201%2F08%2F2025%22%7D%2C%7B%22table_content1%22%3A%22CASSANDRA%20PEREIRA%20FRANCA%22%2C%22table_content2%22%3A%22Psican%C3%A1lise%22%2C%22table_content3%22%3A%22PERMANENTE%20DOUTORADO%22%2C%22table_content4%22%3A%2222%2F05%2F2003%22%7D%2C%7B%22table_content1%22%3A%22CLAUDIA%20ANDREA%20MAYORGA%20BORGES%22%2C%22table_content2%22%3A%2203%2F06%2F2009%22%2C%22table_content3%22%3A%22PERMANENTE%20DOUTORADO%22%2C%22table_content4%22%3A%2203%2F07%2F2022%22%7D%2C%7B%22table_content1%22%3A%22CLAUDIA%20MARIA%20FILGUEIRAS%20PENIDO%22%2C%22table_content2%22%3A%2212%2F06%2F2014%22%2C%22table_content3%22%3A%22PERMANENTE%20DOUTORADO%22%2C%22table_content4%22%3A%2231%2F10%2F2025%22%7D%2C%7B%22table_content1%22%3A%22FABIO%20ROBERTO%20RODRIGUES%20BELO%22%2C%22table_content2%22%3A%2227%2F08%2F2012%22%2C%22table_content3%22%3A%22PERMANENTE%20DOUTORADO%22%2C%22table_content4%22%3A%2207%2F10%2F2022%22%7D%2C%7B%22table_content1%22%3A%22FREDERICO%20ALVES%20COSTA%22%2C%22table_content2%22%3A%2201%2F09%2F2021%22%2C%22table_content3%22%3A%22COLABORADOR%20MESTRADO%22%2C%22table_content4%22%3A%2231%2F08%2F2025%22%7D%2C%7B%22table_content1%22%3A%22GILSON%20DE%20PAULO%20MOREIRA%20IANNINI%22%2C%22table_content2%22%3A%2212%2F03%2F2018%22%2C%22table_content3%22%3A%22PERMANENTE%20DOUTORADO%22%2C%22table_content4%22%3A%2211%2F03%2F2022%22%7D%2C%7B%22table_content1%22%3A%22GUILHERME%20MASSARA%20ROCHA%22%2C%22table_content2%22%3A%2231%2F05%2F2011%22%2C%22table_content3%22%3A%22PERMANENTE%20DOUTORADO%22%2C%22table_content4%22%3A%2225%2F02%2F2026%22%7D%2C%7B%22table_content1%22%3A%22INGRID%20FARIA%20GIANORDOLI%20NASCIMENTO%22%2C%22table_content2%22%3A%2203%2F06%2F2009%22%2C%22table_content3%22%3A%22PERMANENTE%20DOUTORADO%22%2C%22table_content4%22%3A%2216%2F02%2F2024%22%7D%2C%7B%22table_content1%22%3A%22IZABEL%20CHRISTINA%20FRICHE%20PASSOS%20(Aposentada)%22%2C%22table_content2%22%3A%2213%2F09%2F2005%22%2C%22table_content3%22%3A%22PERMANENTE%20DOUTORADO%22%2C%22table_content4%22%3A%2214%2F09%2F2020%22%7D%2C%7B%22table_content1%22%3A%22LAURA%20CRISTINA%20EIRAS%20COELHO%20SOARES%22%2C%22table_content2%22%3A%2213%2F04%2F2015%22%2C%22table_content3%22%3A%22PERMANENTE%20MESTRADO%22%2C%22table_content4%22%3A%2211%2F03%2F2022%22%7D%2C%7B%22table_content1%22%3A%22LISANDRA%20ESP%C3%8DNDULA%20MOREIRA%22%2C%22table_content2%22%3A%2213%2F06%2F2016%22%2C%22table_content3%22%3A%22PERMANENTE%20DOUTORADO%22%2C%22table_content4%22%3A%2231%2F07%2F2024%22%7D%2C%7B%22table_content1%22%3A%22LIVIA%20DE%20OLIVEIRA%20BORGES%20(Aposentada)%22%2C%22table_content2%22%3A%2218%2F11%2F2009%22%2C%22table_content3%22%3A%22PERMANENTE%20DOUTORADO%22%2C%22table_content4%22%3A%2229%2F06%2F2022%22%7D%2C%7B%22table_content1%22%3A%22MARCIA%20MARIA%20ROSA%20VIEIRA%20LUCHINA%22%2C%22table_content2%22%3A%2217%2F06%2F2010%22%2C%22table_content3%22%3A%22PERMANENTE%20DOUTORADO%22%2C%22table_content4%22%3A%2228%2F04%2F2023%22%7D%2C%7B%22table_content1%22%3A%22MARCO%20AURELIO%20MAXIMO%20PRADO%22%2C%22table_content2%22%3A%2228%2F10%2F2003%22%2C%22table_content3%22%3A%22PERMANENTE%20DOUTORADO%22%2C%22table_content4%22%3A%2222%2F03%2F2024%22%7D%2C%7B%22table_content1%22%3A%22MARIA%20LU%C3%8DSA%20MAGALH%C3%83ES%20NOGUEIRA%22%2C%22table_content2%22%3A%2212%2F06%2F2017%22%2C%22table_content3%22%3A%22COLABORADORA%20MESTRADO%22%2C%22table_content4%22%3A%2211%2F06%2F2024%22%7D%2C%7B%22table_content1%22%3A%22NADIA%20LAGUARDIA%20DE%20LIMA%22%2C%22table_content2%22%3A%2218%2F10%2F2010%22%2C%22table_content3%22%3A%22PERMANENTE%20DOUTORADO%22%2C%22table_content4%22%3A%2229%2F06%2F2022%22%7D%2C%7B%22table_content1%22%3A%22OSWALDO%20FRANCA%20NETO%22%2C%22table_content2%22%3A%2217%2F01%2F2005%22%2C%22table_content3%22%3A%22PERMANENTE%20DOUTORADO%22%2C%22table_content4%22%3A%2220%2F02%2F2024%22%7D%2C%7B%22table_content1%22%3A%22PAULA%20RITA%20BACELLAR%20GONZAGA%22%2C%22table_content2%22%3A%2202%2F08%2F2021%22%2C%22table_content3%22%3A%22COLABORADORA%20MESTRADO%22%2C%22table_content4%22%3A%2201%2F08%2F2025%22%7D%2C%7B%22table_content1%22%3A%22PAULO%20EDUARDO%20RODRIGUES%20ALVES%20EVANGELISTA%22%2C%22table_content2%22%3A%2201%2F08%2F2019%22%2C%22table_content3%22%3A%22COLABORADOR%20MESTRADO%22%2C%22table_content4%22%3A%2231%2F07%2F2023%22%7D%2C%7B%22table_content1%22%3A%22SERGIO%20DIAS%20CIRINO%22%2C%22table_content2%22%3A%2217%2F10%2F2013%22%2C%22table_content3%22%3A%22PERMANENTE%20DOUTORADO%22%2C%22table_content4%22%3A%2221%2F10%2F2023%22%7D%2C%7B%22table_content1%22%3A%22VANESSA%20ANDRADE%20DE%20BARROS%20(Aposentada)%22%2C%22table_content2%22%3A%2222%2F11%2F2001%22%2C%22table_content3%22%3A%22PERMANENTE%20DOUTORADO%22%2C%22table_content4%22%3A%2210%2F02%2F2026%22%7D%5D&#8221; table_title1=&#8221;Professor\/a&#8221; table_title2=&#8221;Data 1\u00ba Credenciamento&#8221; table_title3=&#8221;Credenciado\/a como&#8221;<\/p>\n","protected":false},"author":2,"featured_media":0,"parent":0,"menu_order":0,"comment_status":"closed","ping_status":"closed","template":"","meta":{"footnotes":""},"_links":{"self":[{"href":"https:\/\/www.fafich.ufmg.br\/pospsicologia\/wp-json\/wp\/v2\/pages\/3893"}],"collection":[{"href":"https:\/\/www.fafich.ufmg.br\/pospsicologia\/wp-json\/wp\/v2\/pages"}],"about":[{"href":"https:\/\/www.fafich.ufmg.br\/pospsicologia\/wp-json\/wp\/v2\/types\/page"}],"author":[{"embeddable":true,"href":"https:\/\/www.fafich.ufmg.br\/pospsicologia\/wp-json\/wp\/v2\/users\/2"}],"replies":[{"embeddable":true,"href":"https:\/\/www.fafich.ufmg.br\/pospsicologia\/wp-json\/wp\/v2\/comments?post=3893"}],"version-history":[{"count":30,"href":"https:\/\/www.fafich.ufmg.br\/pospsicologia\/wp-json\/wp\/v2\/pages\/3893\/revisions"}],"predecessor-version":[{"id":4650,"href":"https:\/\/www.fafich.ufmg.br\/pospsicologia\/wp-json\/wp\/v2\/pages\/3893\/revisions\/4650"}],"wp:attachment":[{"href":"https:\/\/www.fafich.ufmg.br\/pospsicologia\/wp-json\/wp\/v2\/media?parent=3893"}],"curies":[{"name":"wp","href":"https:\/\/api.w.org\/{rel}","templated":true}]}}