{"id":4171,"date":"2022-06-21T18:13:31","date_gmt":"2022-06-21T21:13:31","guid":{"rendered":"http:\/\/www.fafich.ufmg.br\/pospsicologia\/?page_id=4171"},"modified":"2022-12-30T13:01:25","modified_gmt":"2022-12-30T16:01:25","slug":"processo-seletivo-2023-mestrado-e-doutorado","status":"publish","type":"page","link":"https:\/\/www.fafich.ufmg.br\/pospsicologia\/processo-seletivo-2023-mestrado-e-doutorado\/","title":{"rendered":"Processo Seletivo 2023 &#8211; Mestrado e Doutorado"},"content":{"rendered":"<h2 style=\"text-align: center;\"><span style=\"color: #ff0000;\">ENCERRADO<\/span><\/h2>\n<h4><span style=\"color: #000000;\">Disponibilizamos, abaixo, o Edital e demais documentos relativos ao Processo Seletivo 2023 do PPG Psicologia.<\/span><\/h4>\n<h4><strong><span style=\"color: #000000;\"><span style=\"color: #ff0000;\">Leia o Edital<\/span> antes de fazer a inscri\u00e7\u00e3o.<\/span><\/strong><\/h4>\n<h4>\u00a0<strong>Para fazer a inscri\u00e7\u00e3o, <span style=\"color: #0000ff;\"><a style=\"color: #0000ff;\" href=\"https:\/\/www.fafich.ufmg.br\/selecaopospsi\/\" target=\"_blank\" rel=\"noopener\">clique aqui<\/a><\/span><\/strong><\/h4>\n<h4>\u00a0Em caso de aprova\u00e7\u00e3o no processo seletivo, as instru\u00e7\u00f5es para o Registro Acad\u00eamico podem ser consultadas<strong><span style=\"color: #0000ff;\"> <a style=\"color: #0000ff;\" href=\"http:\/\/www.fafich.ufmg.br\/pospsicologia\/informacoes-sobre-o-registro-academico\/\" target=\"_blank\" rel=\"noopener\">aqui<\/a><\/span><\/strong><\/h4>\n<h4><\/h4>\n","protected":false},"excerpt":{"rendered":"<p>ENCERRADO Disponibilizamos, abaixo, o Edital e demais documentos relativos ao Processo Seletivo 2023 do PPG Psicologia. Leia o Edital antes de fazer a inscri\u00e7\u00e3o. \u00a0Para fazer a inscri\u00e7\u00e3o, clique aqui \u00a0Em caso de aprova\u00e7\u00e3o no processo seletivo, as instru\u00e7\u00f5es para o Registro Acad\u00eamico podem ser consultadas aqui<\/p>\n","protected":false},"author":2,"featured_media":0,"parent":0,"menu_order":0,"comment_status":"closed","ping_status":"closed","template":"","meta":{"footnotes":""},"_links":{"self":[{"href":"https:\/\/www.fafich.ufmg.br\/pospsicologia\/wp-json\/wp\/v2\/pages\/4171"}],"collection":[{"href":"https:\/\/www.fafich.ufmg.br\/pospsicologia\/wp-json\/wp\/v2\/pages"}],"about":[{"href":"https:\/\/www.fafich.ufmg.br\/pospsicologia\/wp-json\/wp\/v2\/types\/page"}],"author":[{"embeddable":true,"href":"https:\/\/www.fafich.ufmg.br\/pospsicologia\/wp-json\/wp\/v2\/users\/2"}],"replies":[{"embeddable":true,"href":"https:\/\/www.fafich.ufmg.br\/pospsicologia\/wp-json\/wp\/v2\/comments?post=4171"}],"version-history":[{"count":17,"href":"https:\/\/www.fafich.ufmg.br\/pospsicologia\/wp-json\/wp\/v2\/pages\/4171\/revisions"}],"predecessor-version":[{"id":4346,"href":"https:\/\/www.fafich.ufmg.br\/pospsicologia\/wp-json\/wp\/v2\/pages\/4171\/revisions\/4346"}],"wp:attachment":[{"href":"https:\/\/www.fafich.ufmg.br\/pospsicologia\/wp-json\/wp\/v2\/media?parent=4171"}],"curies":[{"name":"wp","href":"https:\/\/api.w.org\/{rel}","templated":true}]}}