{"id":4334,"date":"2022-12-23T09:28:02","date_gmt":"2022-12-23T12:28:02","guid":{"rendered":"http:\/\/www.fafich.ufmg.br\/pospsicologia\/?page_id=4334"},"modified":"2023-03-01T09:50:44","modified_gmt":"2023-03-01T12:50:44","slug":"bolsas-2023","status":"publish","type":"page","link":"https:\/\/www.fafich.ufmg.br\/pospsicologia\/bolsas-2023\/","title":{"rendered":"Bolsas 2023"},"content":{"rendered":"<h3><strong>Abaixo, informa\u00e7\u00f5es sobre a sele\u00e7\u00e3o de bolsas para Mestrado 2023.<\/strong><\/h3>\n<h3><span style=\"color: #ff0000;\"><strong>Leia com aten\u00e7\u00e3o\u00a0todos os documentos.<\/strong><\/span><\/h3>\n<h3><strong>A documenta\u00e7\u00e3o deve ser enviada para\u00a0<span style=\"color: #0000ff;\">bolsasppgpsicologiaufmg@gmail.com<\/span><\/strong><\/h3>\n<h4><strong>Para quem n\u00e3o \u00e9 bolsista<\/strong>: Barema devidamente preenchido e comprovantes, conforme consta na Chamada e nas Orienta\u00e7\u00f5es sobre comprovantes (anexos)<\/h4>\n<h4>IMPORTANTE: A pedido da FUMP, no intuito de agilizar as avalia\u00e7\u00f5es da parte dela, solicitamos que aqueles e aquelas que\u00a0j\u00e1 possuem n\u00famero de matr\u00edcula na UFMG\u00a0e pretendem solicitar a avalia\u00e7\u00e3o socioecon\u00f4mica da FUMP, que nos informem para que possamos repassar tal informa\u00e7\u00e3o \u00e0 ela.<\/h4>\n<h2 style=\"text-align: center;\"><span style=\"color: #ff0000;\"><strong>Errata<\/strong><\/span><\/h2>\n<h4>Em fun\u00e7\u00e3o de problemas administrativos, alguns discentes n\u00e3o tiveram seus documentos analisados pela Comiss\u00e3o de Bolsas, mesmo os tendo enviado no prazo estipulado. Por esse motivo, concederemos 10 dias de prazo para esses candidatos apresentarem recurso.<\/h4>\n<h4>Prazo para recurso &#8211; 16\/02\/23 ao dia 26\/02\/23 &#8211; enviar os recursos para o e-mail:<\/h4>\n<h4><span style=\"color: #0000ff;\">bolsasppgpsicologiaufmg@gmail.com<\/span><\/h4>\n<h4>An\u00e1lise dos recursos &#8211; 27\/02\/23 ao dia 28\/02\/23<\/h4>\n<h4>Resultado final\u00a0&#8211; 01\/03\/23.<\/h4>\n<p>&nbsp;<\/p>\n","protected":false},"excerpt":{"rendered":"<p>Abaixo, informa\u00e7\u00f5es sobre a sele\u00e7\u00e3o de bolsas para Mestrado 2023. Leia com aten\u00e7\u00e3o\u00a0todos os documentos. A documenta\u00e7\u00e3o deve ser enviada para\u00a0bolsasppgpsicologiaufmg@gmail.com Para quem n\u00e3o \u00e9 bolsista: Barema devidamente preenchido e comprovantes, conforme consta na Chamada e nas Orienta\u00e7\u00f5es sobre comprovantes (anexos) IMPORTANTE: A pedido da FUMP, no intuito de agilizar as avalia\u00e7\u00f5es da parte dela,<\/p>\n","protected":false},"author":2,"featured_media":0,"parent":0,"menu_order":0,"comment_status":"closed","ping_status":"closed","template":"","meta":{"footnotes":""},"_links":{"self":[{"href":"https:\/\/www.fafich.ufmg.br\/pospsicologia\/wp-json\/wp\/v2\/pages\/4334"}],"collection":[{"href":"https:\/\/www.fafich.ufmg.br\/pospsicologia\/wp-json\/wp\/v2\/pages"}],"about":[{"href":"https:\/\/www.fafich.ufmg.br\/pospsicologia\/wp-json\/wp\/v2\/types\/page"}],"author":[{"embeddable":true,"href":"https:\/\/www.fafich.ufmg.br\/pospsicologia\/wp-json\/wp\/v2\/users\/2"}],"replies":[{"embeddable":true,"href":"https:\/\/www.fafich.ufmg.br\/pospsicologia\/wp-json\/wp\/v2\/comments?post=4334"}],"version-history":[{"count":8,"href":"https:\/\/www.fafich.ufmg.br\/pospsicologia\/wp-json\/wp\/v2\/pages\/4334\/revisions"}],"predecessor-version":[{"id":4402,"href":"https:\/\/www.fafich.ufmg.br\/pospsicologia\/wp-json\/wp\/v2\/pages\/4334\/revisions\/4402"}],"wp:attachment":[{"href":"https:\/\/www.fafich.ufmg.br\/pospsicologia\/wp-json\/wp\/v2\/media?parent=4334"}],"curies":[{"name":"wp","href":"https:\/\/api.w.org\/{rel}","templated":true}]}}