{"id":4348,"date":"2022-12-30T13:04:56","date_gmt":"2022-12-30T16:04:56","guid":{"rendered":"http:\/\/www.fafich.ufmg.br\/pospsicologia\/?page_id=4348"},"modified":"2023-12-06T11:58:17","modified_gmt":"2023-12-06T14:58:17","slug":"processo-seletivo-2024-mestrado-e-doutorado","status":"publish","type":"page","link":"https:\/\/www.fafich.ufmg.br\/pospsicologia\/processo-seletivo-2024-mestrado-e-doutorado\/","title":{"rendered":"Processo Seletivo 2024 &#8211; Mestrado e Doutorado"},"content":{"rendered":"<h2 style=\"text-align: center;\"><strong><span style=\"color: #ff0000;\">INSCRI\u00c7\u00d5ES ENCERRADAS<\/span><\/strong><\/h2>\n<h4>\u00a0Disponibilizamos, abaixo, o Edital e demais documentos relativos ao Processo Seletivo 2024 do PPG Psicologia.<\/h4>\n<h4><span style=\"color: #ff0000;\"><strong>Leia o Edital antes de fazer a inscri\u00e7\u00e3o.<\/strong><\/span><\/h4>\n<h4>\u00a0<strong>Para fazer a inscri\u00e7\u00e3o, conforme datas informadas no Edital, <a href=\"https:\/\/www.fafich.ufmg.br\/selecaopospsi\/\" target=\"_blank\" rel=\"noopener\"><span style=\"color: #0000ff;\">clique aqui<\/span><\/a><\/strong><\/h4>\n<h4>\u00a0Em caso de aprova\u00e7\u00e3o no processo seletivo, as instru\u00e7\u00f5es para o Registro Acad\u00eamico podem ser consultadas<span style=\"color: #0000ff;\"><strong> <a style=\"color: #0000ff;\" href=\"http:\/\/www.fafich.ufmg.br\/pospsicologia\/informacoes-sobre-o-registro-academico\/\" target=\"_blank\" rel=\"noopener\">aqui<\/a><\/strong><\/span><\/h4>\n","protected":false},"excerpt":{"rendered":"<p>INSCRI\u00c7\u00d5ES ENCERRADAS \u00a0Disponibilizamos, abaixo, o Edital e demais documentos relativos ao Processo Seletivo 2024 do PPG Psicologia. Leia o Edital antes de fazer a inscri\u00e7\u00e3o. \u00a0Para fazer a inscri\u00e7\u00e3o, conforme datas informadas no Edital, clique aqui \u00a0Em caso de aprova\u00e7\u00e3o no processo seletivo, as instru\u00e7\u00f5es para o Registro Acad\u00eamico podem ser consultadas aqui<\/p>\n","protected":false},"author":2,"featured_media":0,"parent":0,"menu_order":0,"comment_status":"closed","ping_status":"closed","template":"","meta":{"footnotes":""},"_links":{"self":[{"href":"https:\/\/www.fafich.ufmg.br\/pospsicologia\/wp-json\/wp\/v2\/pages\/4348"}],"collection":[{"href":"https:\/\/www.fafich.ufmg.br\/pospsicologia\/wp-json\/wp\/v2\/pages"}],"about":[{"href":"https:\/\/www.fafich.ufmg.br\/pospsicologia\/wp-json\/wp\/v2\/types\/page"}],"author":[{"embeddable":true,"href":"https:\/\/www.fafich.ufmg.br\/pospsicologia\/wp-json\/wp\/v2\/users\/2"}],"replies":[{"embeddable":true,"href":"https:\/\/www.fafich.ufmg.br\/pospsicologia\/wp-json\/wp\/v2\/comments?post=4348"}],"version-history":[{"count":14,"href":"https:\/\/www.fafich.ufmg.br\/pospsicologia\/wp-json\/wp\/v2\/pages\/4348\/revisions"}],"predecessor-version":[{"id":4662,"href":"https:\/\/www.fafich.ufmg.br\/pospsicologia\/wp-json\/wp\/v2\/pages\/4348\/revisions\/4662"}],"wp:attachment":[{"href":"https:\/\/www.fafich.ufmg.br\/pospsicologia\/wp-json\/wp\/v2\/media?parent=4348"}],"curies":[{"name":"wp","href":"https:\/\/api.w.org\/{rel}","templated":true}]}}