{"id":4383,"date":"2023-02-27T09:17:12","date_gmt":"2023-02-27T12:17:12","guid":{"rendered":"http:\/\/www.fafich.ufmg.br\/pospsicologia\/?page_id=4383"},"modified":"2023-03-03T08:47:31","modified_gmt":"2023-03-03T11:47:31","slug":"coorientacao","status":"publish","type":"page","link":"https:\/\/www.fafich.ufmg.br\/pospsicologia\/coorientacao\/","title":{"rendered":"Coorienta\u00e7\u00e3o"},"content":{"rendered":"<h2><span style=\"color: #ff0000;\"><strong>Solicita\u00e7\u00e3o de coorienta\u00e7\u00e3o<\/strong><\/span><\/h2>\n<p>&nbsp;<\/p>\n<h4>Discentes do PPG Psicologia, juntamente com seu\/sua orientador\/a, podem solicitar a coorienta\u00e7\u00e3o de docentes que considerem importantes para o bom desenvolvimento da pesquisa.<\/h4>\n<h4>A solicita\u00e7\u00e3o de coorienta\u00e7\u00e3o deve ser feita ao Colegiado, mediante solicita\u00e7\u00e3o formal do\/a orientador\/a. Para tal, devem ser enviados para o email da secretaria os seguintes documentos:<\/h4>\n<p>&nbsp;<\/p>\n<h4>1 &#8211; Formul\u00e1rio de Solicita\u00e7\u00e3o do\/a orientador\/a <span style=\"color: #ff0000;\">(em anexo)<\/span><\/h4>\n<h4>2 &#8211; Carta de anu\u00eancia do\/a docente coorientador\/a<\/h4>\n<h4>3 &#8211; Curr\u00edculo Lattes do\/a coorientador\/a<\/h4>\n<h4>4 &#8211; Em caso do\/a coorientador\/a ser docente em universidade p\u00fablica, \u00e9 necess\u00e1rio Carta de anu\u00eancia do Departamento no qual ele\/a est\u00e1 vinculado\/a.<\/h4>\n<p>&nbsp;<\/p>\n<h4>Caso a solicita\u00e7\u00e3o seja aprovada pelo Colegiado, o\/a docente coorientador\/a ser\u00e1 cadastrado\/a pela CPPD\/PRORH\/UFMG no INA e, posteriormente, a coorienta\u00e7\u00e3o ser\u00e1 lan\u00e7ada no Sistema Acad\u00eamico pela Secretaria.<\/h4>\n","protected":false},"excerpt":{"rendered":"<p>Solicita\u00e7\u00e3o de coorienta\u00e7\u00e3o &nbsp; Discentes do PPG Psicologia, juntamente com seu\/sua orientador\/a, podem solicitar a coorienta\u00e7\u00e3o de docentes que considerem importantes para o bom desenvolvimento da pesquisa. A solicita\u00e7\u00e3o de coorienta\u00e7\u00e3o deve ser feita ao Colegiado, mediante solicita\u00e7\u00e3o formal do\/a orientador\/a. Para tal, devem ser enviados para o email da secretaria os seguintes documentos: &nbsp;<\/p>\n","protected":false},"author":2,"featured_media":0,"parent":0,"menu_order":0,"comment_status":"closed","ping_status":"closed","template":"","meta":{"footnotes":""},"_links":{"self":[{"href":"https:\/\/www.fafich.ufmg.br\/pospsicologia\/wp-json\/wp\/v2\/pages\/4383"}],"collection":[{"href":"https:\/\/www.fafich.ufmg.br\/pospsicologia\/wp-json\/wp\/v2\/pages"}],"about":[{"href":"https:\/\/www.fafich.ufmg.br\/pospsicologia\/wp-json\/wp\/v2\/types\/page"}],"author":[{"embeddable":true,"href":"https:\/\/www.fafich.ufmg.br\/pospsicologia\/wp-json\/wp\/v2\/users\/2"}],"replies":[{"embeddable":true,"href":"https:\/\/www.fafich.ufmg.br\/pospsicologia\/wp-json\/wp\/v2\/comments?post=4383"}],"version-history":[{"count":11,"href":"https:\/\/www.fafich.ufmg.br\/pospsicologia\/wp-json\/wp\/v2\/pages\/4383\/revisions"}],"predecessor-version":[{"id":4411,"href":"https:\/\/www.fafich.ufmg.br\/pospsicologia\/wp-json\/wp\/v2\/pages\/4383\/revisions\/4411"}],"wp:attachment":[{"href":"https:\/\/www.fafich.ufmg.br\/pospsicologia\/wp-json\/wp\/v2\/media?parent=4383"}],"curies":[{"name":"wp","href":"https:\/\/api.w.org\/{rel}","templated":true}]}}