{"id":4431,"date":"2023-03-22T16:28:48","date_gmt":"2023-03-22T19:28:48","guid":{"rendered":"http:\/\/www.fafich.ufmg.br\/pospsicologia\/?page_id=4431"},"modified":"2023-05-05T09:45:18","modified_gmt":"2023-05-05T12:45:18","slug":"bolsas-2023-doutorado","status":"publish","type":"page","link":"https:\/\/www.fafich.ufmg.br\/pospsicologia\/bolsas-2023-doutorado\/","title":{"rendered":"Bolsas 2023 &#8211; Doutorado"},"content":{"rendered":"<h3><strong>Abaixo, informa\u00e7\u00f5es sobre a sele\u00e7\u00e3o de bolsas para Doutorado 2023.<\/strong><\/h3>\n<h3><span style=\"color: #ff0000;\"><strong>Leia com aten\u00e7\u00e3o\u00a0todos os documentos.<\/strong><\/span><\/h3>\n<h3><strong>A documenta\u00e7\u00e3o deve ser enviada para\u00a0<span style=\"color: #0000ff;\">bolsasppgpsicologiaufmg@gmail.com<\/span><\/strong><\/h3>\n<h4><strong>Para quem n\u00e3o \u00e9 bolsista<\/strong>: Barema devidamente preenchido e comprovantes, conforme consta na Chamada e nas Orienta\u00e7\u00f5es sobre comprovantes (anexos)<\/h4>\n<h4>IMPORTANTE: A pedido da FUMP, no intuito de agilizar as avalia\u00e7\u00f5es da parte dela, solicitamos que aqueles e aquelas que\u00a0j\u00e1 possuem n\u00famero de matr\u00edcula na UFMG\u00a0e pretendem solicitar a avalia\u00e7\u00e3o socioecon\u00f4mica da FUMP, que nos informem para que possamos repassar tal informa\u00e7\u00e3o \u00e0 ela.<\/h4>\n<p>&nbsp;<\/p>\n<h4><strong><span style=\"color: #ff0000;\">Errata &#8211; Cronograma de Sele\u00e7\u00e3o de bolsista de Doutorado:<\/span><\/strong><\/h4>\n<h4>Onde se l\u00ea: &#8220;<b>At\u00e9 22\/03\/2023<\/b>: preenchimento do question\u00e1rio FUMP. Instru\u00e7\u00f5es constam no anexo ORIENTA\u00c7\u00d5ES FUMP BOLSAS 2023. Recomenda\u00e7\u00e3o: preencha o quanto antes!&#8221;<\/h4>\n<h4>Leia-se:\u00a0<b>At\u00e9 25\/03\/2023:<\/b>\u00a0preenchimento do question\u00e1rio FUMP. Instru\u00e7\u00f5es constam no anexo ORIENTA\u00c7\u00d5ES FUMP BOLSAS 2023. Recomenda\u00e7\u00e3o: preencha o quanto antes!<\/h4>\n<h4>Onde se l\u00ea: &#8220;<b>At\u00e9 27\/03\/2023:<\/b>\u00a0prazo limite para envio de documenta\u00e7\u00e3o complementar, caso solicitado pela FUMP.&#8221;<\/h4>\n<h4>Leia-se:\u00a0<b>At\u00e9 29\/03\/2023:\u00a0<\/b>prazo limite para envio de documenta\u00e7\u00e3o complementar, caso solicitado pela FUMP.<\/h4>\n<h4><span style=\"color: #ff0000;\">ERRATA:<\/span><br \/>\nNo item D4 do Barema para a sele\u00e7\u00e3o de bolsistas do doutorado, onde se l\u00ea \u201cLivro cient\u00edfico (com conselho editorial) \u20261 ponto\u201d, leia-se Livro cient\u00edfico (com conselho editorial)\u00a0\u2026\u00a010\u00a0pontos.<\/h4>\n","protected":false},"excerpt":{"rendered":"<p>Abaixo, informa\u00e7\u00f5es sobre a sele\u00e7\u00e3o de bolsas para Doutorado 2023. Leia com aten\u00e7\u00e3o\u00a0todos os documentos. A documenta\u00e7\u00e3o deve ser enviada para\u00a0bolsasppgpsicologiaufmg@gmail.com Para quem n\u00e3o \u00e9 bolsista: Barema devidamente preenchido e comprovantes, conforme consta na Chamada e nas Orienta\u00e7\u00f5es sobre comprovantes (anexos) IMPORTANTE: A pedido da FUMP, no intuito de agilizar as avalia\u00e7\u00f5es da parte dela,<\/p>\n","protected":false},"author":2,"featured_media":0,"parent":0,"menu_order":0,"comment_status":"closed","ping_status":"closed","template":"","meta":{"footnotes":""},"_links":{"self":[{"href":"https:\/\/www.fafich.ufmg.br\/pospsicologia\/wp-json\/wp\/v2\/pages\/4431"}],"collection":[{"href":"https:\/\/www.fafich.ufmg.br\/pospsicologia\/wp-json\/wp\/v2\/pages"}],"about":[{"href":"https:\/\/www.fafich.ufmg.br\/pospsicologia\/wp-json\/wp\/v2\/types\/page"}],"author":[{"embeddable":true,"href":"https:\/\/www.fafich.ufmg.br\/pospsicologia\/wp-json\/wp\/v2\/users\/2"}],"replies":[{"embeddable":true,"href":"https:\/\/www.fafich.ufmg.br\/pospsicologia\/wp-json\/wp\/v2\/comments?post=4431"}],"version-history":[{"count":7,"href":"https:\/\/www.fafich.ufmg.br\/pospsicologia\/wp-json\/wp\/v2\/pages\/4431\/revisions"}],"predecessor-version":[{"id":4449,"href":"https:\/\/www.fafich.ufmg.br\/pospsicologia\/wp-json\/wp\/v2\/pages\/4431\/revisions\/4449"}],"wp:attachment":[{"href":"https:\/\/www.fafich.ufmg.br\/pospsicologia\/wp-json\/wp\/v2\/media?parent=4431"}],"curies":[{"name":"wp","href":"https:\/\/api.w.org\/{rel}","templated":true}]}}