{"id":4462,"date":"2023-05-10T06:37:04","date_gmt":"2023-05-10T09:37:04","guid":{"rendered":"http:\/\/www.fafich.ufmg.br\/pospsicologia\/?page_id=4462"},"modified":"2023-06-12T12:28:56","modified_gmt":"2023-06-12T15:28:56","slug":"bolsa-tac-carrefour","status":"publish","type":"page","link":"https:\/\/www.fafich.ufmg.br\/pospsicologia\/bolsa-tac-carrefour\/","title":{"rendered":"Bolsa TAC Carrefour para Mestrado"},"content":{"rendered":"<h3><strong>Abaixo, informa\u00e7\u00f5es sobre a sele\u00e7\u00e3o de bolsas para Mestrado 2023.<\/strong><\/h3>\n<h3><span style=\"color: #ff0000;\"><strong>Leia com aten\u00e7\u00e3o o documento em anexo.<\/strong><\/span><\/h3>\n<h3><strong>A documenta\u00e7\u00e3o deve ser enviada para\u00a0<span style=\"color: #0000ff;\">bolsasppgpsicologiaufmg@gmail.com<\/span><\/strong><\/h3>\n<h4><span style=\"color: #ff0000;\"><strong>Inscri\u00e7\u00f5es de 11\/05\/2023 a 14\/05\/2023<\/strong><\/span><\/h4>\n","protected":false},"excerpt":{"rendered":"<p>Abaixo, informa\u00e7\u00f5es sobre a sele\u00e7\u00e3o de bolsas para Mestrado 2023. Leia com aten\u00e7\u00e3o o documento em anexo. A documenta\u00e7\u00e3o deve ser enviada para\u00a0bolsasppgpsicologiaufmg@gmail.com Inscri\u00e7\u00f5es de 11\/05\/2023 a 14\/05\/2023<\/p>\n","protected":false},"author":2,"featured_media":0,"parent":0,"menu_order":0,"comment_status":"closed","ping_status":"closed","template":"","meta":{"footnotes":""},"_links":{"self":[{"href":"https:\/\/www.fafich.ufmg.br\/pospsicologia\/wp-json\/wp\/v2\/pages\/4462"}],"collection":[{"href":"https:\/\/www.fafich.ufmg.br\/pospsicologia\/wp-json\/wp\/v2\/pages"}],"about":[{"href":"https:\/\/www.fafich.ufmg.br\/pospsicologia\/wp-json\/wp\/v2\/types\/page"}],"author":[{"embeddable":true,"href":"https:\/\/www.fafich.ufmg.br\/pospsicologia\/wp-json\/wp\/v2\/users\/2"}],"replies":[{"embeddable":true,"href":"https:\/\/www.fafich.ufmg.br\/pospsicologia\/wp-json\/wp\/v2\/comments?post=4462"}],"version-history":[{"count":11,"href":"https:\/\/www.fafich.ufmg.br\/pospsicologia\/wp-json\/wp\/v2\/pages\/4462\/revisions"}],"predecessor-version":[{"id":4488,"href":"https:\/\/www.fafich.ufmg.br\/pospsicologia\/wp-json\/wp\/v2\/pages\/4462\/revisions\/4488"}],"wp:attachment":[{"href":"https:\/\/www.fafich.ufmg.br\/pospsicologia\/wp-json\/wp\/v2\/media?parent=4462"}],"curies":[{"name":"wp","href":"https:\/\/api.w.org\/{rel}","templated":true}]}}