{"id":4652,"date":"2023-12-05T07:51:51","date_gmt":"2023-12-05T10:51:51","guid":{"rendered":"http:\/\/www.fafich.ufmg.br\/pospsicologia\/?page_id=4652"},"modified":"2024-02-28T11:05:57","modified_gmt":"2024-02-28T14:05:57","slug":"residentes-de-pos-doutorado","status":"publish","type":"page","link":"https:\/\/www.fafich.ufmg.br\/pospsicologia\/residentes-de-pos-doutorado\/","title":{"rendered":"Residentes de p\u00f3s-doutorado"},"content":{"rendered":"\n<table id=\"tablepress-6\" class=\"tablepress tablepress-id-6\">\n<thead>\n<tr class=\"row-1 odd\">\n\t<th class=\"column-1\">N\u00famero de Registro<\/th><th class=\"column-2\">Residente<\/th><th class=\"column-3\">In\u00edcio<\/th><th class=\"column-4\">T\u00e9rmino<\/th><th class=\"column-5\">Supervisor(a)<\/th>\n<\/tr>\n<\/thead>\n<tbody class=\"row-hover\">\n<tr class=\"row-2 even\">\n\t<td class=\"column-1\">2023699287<\/td><td class=\"column-2\">CAROLINA ANGLADA DE REZENDE<\/td><td class=\"column-3\">14\/08\/2023<\/td><td class=\"column-4\">13\/08\/2024<\/td><td class=\"column-5\">Gilson de Paulo Moreira Iannini<\/td>\n<\/tr>\n<tr class=\"row-3 odd\">\n\t<td class=\"column-1\">2023700366<\/td><td class=\"column-2\">IGOR RAMON LOPES MONTEIRO<\/td><td class=\"column-3\">09\/07\/2023<\/td><td class=\"column-4\">09\/07\/2024<\/td><td class=\"column-5\">Marco Aurelio Maximo Prado<\/td>\n<\/tr>\n<tr class=\"row-4 even\">\n\t<td class=\"column-1\">2023729380<\/td><td class=\"column-2\">LUCIANA CAVALCANTE TORQUATO<\/td><td class=\"column-3\">01\/08\/2023<\/td><td class=\"column-4\">31\/07\/2024<\/td><td class=\"column-5\">Guilherme Massara Rocha<\/td>\n<\/tr>\n<tr class=\"row-5 odd\">\n\t<td class=\"column-1\">2022711445<\/td><td class=\"column-2\">RAQUEL DE MELO MARINHO<\/td><td class=\"column-3\">01\/10\/2022<\/td><td class=\"column-4\">30\/09\/2024<\/td><td class=\"column-5\">Nadia Laguardia de Lima<\/td>\n<\/tr>\n<tr class=\"row-6 even\">\n\t<td class=\"column-1\">2023727116<\/td><td class=\"column-2\">VIRGINIA LUCIA SOUTO MAIOR SANABIO<\/td><td class=\"column-3\">22\/08\/2023<\/td><td class=\"column-4\">21\/08\/2024<\/td><td class=\"column-5\">Gilson de Paulo Moreira Iannini<\/td>\n<\/tr>\n<\/tbody>\n<\/table>\n\n","protected":false},"excerpt":{"rendered":"<p>N\u00famero de RegistroResidenteIn\u00edcioT\u00e9rminoSupervisor(a) 2023699287CAROLINA ANGLADA DE REZENDE14\/08\/202313\/08\/2024Gilson de Paulo Moreira Iannini 2023700366IGOR RAMON LOPES MONTEIRO09\/07\/202309\/07\/2024Marco Aurelio Maximo Prado 2023729380LUCIANA CAVALCANTE TORQUATO01\/08\/202331\/07\/2024Guilherme Massara Rocha 2022711445RAQUEL DE MELO MARINHO01\/10\/202230\/09\/2024Nadia Laguardia de Lima 2023727116VIRGINIA LUCIA SOUTO MAIOR SANABIO22\/08\/202321\/08\/2024Gilson de Paulo Moreira Iannini<\/p>\n","protected":false},"author":2,"featured_media":0,"parent":0,"menu_order":0,"comment_status":"closed","ping_status":"closed","template":"","meta":{"footnotes":""},"_links":{"self":[{"href":"https:\/\/www.fafich.ufmg.br\/pospsicologia\/wp-json\/wp\/v2\/pages\/4652"}],"collection":[{"href":"https:\/\/www.fafich.ufmg.br\/pospsicologia\/wp-json\/wp\/v2\/pages"}],"about":[{"href":"https:\/\/www.fafich.ufmg.br\/pospsicologia\/wp-json\/wp\/v2\/types\/page"}],"author":[{"embeddable":true,"href":"https:\/\/www.fafich.ufmg.br\/pospsicologia\/wp-json\/wp\/v2\/users\/2"}],"replies":[{"embeddable":true,"href":"https:\/\/www.fafich.ufmg.br\/pospsicologia\/wp-json\/wp\/v2\/comments?post=4652"}],"version-history":[{"count":2,"href":"https:\/\/www.fafich.ufmg.br\/pospsicologia\/wp-json\/wp\/v2\/pages\/4652\/revisions"}],"predecessor-version":[{"id":4719,"href":"https:\/\/www.fafich.ufmg.br\/pospsicologia\/wp-json\/wp\/v2\/pages\/4652\/revisions\/4719"}],"wp:attachment":[{"href":"https:\/\/www.fafich.ufmg.br\/pospsicologia\/wp-json\/wp\/v2\/media?parent=4652"}],"curies":[{"name":"wp","href":"https:\/\/api.w.org\/{rel}","templated":true}]}}