{"id":4746,"date":"2024-03-01T06:54:03","date_gmt":"2024-03-01T09:54:03","guid":{"rendered":"https:\/\/www.fafich.ufmg.br\/pospsicologia\/?page_id=4746"},"modified":"2024-04-26T06:32:43","modified_gmt":"2024-04-26T09:32:43","slug":"bolsas-2024","status":"publish","type":"page","link":"https:\/\/www.fafich.ufmg.br\/pospsicologia\/bolsas-2024\/","title":{"rendered":"Bolsas 2024"},"content":{"rendered":"\n<h3 class=\"wp-block-heading\"><strong>Abaixo, informa\u00e7\u00f5es sobre a sele\u00e7\u00e3o de bolsas 2024<\/strong><\/h3>\n\n\n\n<h3 class=\"wp-block-heading\"><strong><mark style=\"background-color:rgba(0, 0, 0, 0)\" class=\"has-inline-color has-vivid-red-color\">Leia com aten\u00e7\u00e3o&nbsp;todos os documentos<\/mark>.<\/strong><\/h3>\n\n\n\n<h3 class=\"wp-block-heading\"><strong>A documenta\u00e7\u00e3o deve ser enviada para&nbsp;<mark style=\"background-color:rgba(0, 0, 0, 0)\" class=\"has-inline-color has-vivid-cyan-blue-color\">bolsasppgpsicologiaufmg@gmail.com<\/mark><\/strong><\/h3>\n\n\n\n<h4 class=\"wp-block-heading\"><strong>Para quem n\u00e3o \u00e9 bolsista<\/strong>: Barema devidamente preenchido e comprovantes, conforme consta na Chamada e nas Orienta\u00e7\u00f5es sobre comprovantes (anexos)<\/h4>\n\n\n\n<h4 class=\"wp-block-heading\">IMPORTANTE: A pedido da FUMP, no intuito de agilizar as avalia\u00e7\u00f5es da parte dela, solicitamos que aqueles e aquelas que\u00a0j\u00e1 possuem n\u00famero de matr\u00edcula na UFMG\u00a0e pretendem solicitar a avalia\u00e7\u00e3o socioecon\u00f4mica da FUMP, que nos informem para que possamos repassar tal informa\u00e7\u00e3o \u00e0 ela.<\/h4>\n\n\n\n<h4 class=\"wp-block-heading\"><strong><mark style=\"background-color:rgba(0, 0, 0, 0)\" class=\"has-inline-color has-vivid-red-color\">IMPORTANTE: A Comiss\u00e3o de Bolsas do PPG Psicologia informa que o resultado da sele\u00e7\u00e3o de bolsas fica prorrogado para 12\/04\/2024<\/mark><\/strong><\/h4>\n","protected":false},"excerpt":{"rendered":"<p>Abaixo, informa\u00e7\u00f5es sobre a sele\u00e7\u00e3o de bolsas 2024 Leia com aten\u00e7\u00e3o&nbsp;todos os documentos. A documenta\u00e7\u00e3o deve ser enviada para&nbsp;bolsasppgpsicologiaufmg@gmail.com Para quem n\u00e3o \u00e9 bolsista: Barema devidamente preenchido e comprovantes, conforme consta na Chamada e nas Orienta\u00e7\u00f5es sobre comprovantes (anexos) IMPORTANTE: A pedido da FUMP, no intuito de agilizar as avalia\u00e7\u00f5es da parte dela, solicitamos que<\/p>\n","protected":false},"author":2,"featured_media":0,"parent":0,"menu_order":0,"comment_status":"closed","ping_status":"closed","template":"","meta":{"footnotes":""},"_links":{"self":[{"href":"https:\/\/www.fafich.ufmg.br\/pospsicologia\/wp-json\/wp\/v2\/pages\/4746"}],"collection":[{"href":"https:\/\/www.fafich.ufmg.br\/pospsicologia\/wp-json\/wp\/v2\/pages"}],"about":[{"href":"https:\/\/www.fafich.ufmg.br\/pospsicologia\/wp-json\/wp\/v2\/types\/page"}],"author":[{"embeddable":true,"href":"https:\/\/www.fafich.ufmg.br\/pospsicologia\/wp-json\/wp\/v2\/users\/2"}],"replies":[{"embeddable":true,"href":"https:\/\/www.fafich.ufmg.br\/pospsicologia\/wp-json\/wp\/v2\/comments?post=4746"}],"version-history":[{"count":3,"href":"https:\/\/www.fafich.ufmg.br\/pospsicologia\/wp-json\/wp\/v2\/pages\/4746\/revisions"}],"predecessor-version":[{"id":4777,"href":"https:\/\/www.fafich.ufmg.br\/pospsicologia\/wp-json\/wp\/v2\/pages\/4746\/revisions\/4777"}],"wp:attachment":[{"href":"https:\/\/www.fafich.ufmg.br\/pospsicologia\/wp-json\/wp\/v2\/media?parent=4746"}],"curies":[{"name":"wp","href":"https:\/\/api.w.org\/{rel}","templated":true}]}}