{"id":4832,"date":"2024-04-26T13:49:38","date_gmt":"2024-04-26T16:49:38","guid":{"rendered":"https:\/\/www.fafich.ufmg.br\/pospsicologia\/?page_id=4832"},"modified":"2024-04-26T14:18:51","modified_gmt":"2024-04-26T17:18:51","slug":"selecao-pame-e-pado","status":"publish","type":"page","link":"https:\/\/www.fafich.ufmg.br\/pospsicologia\/selecao-pame-e-pado\/","title":{"rendered":"Sele\u00e7\u00e3o PAME e PADO"},"content":{"rendered":"\n<h4 class=\"wp-block-heading\">O PADO (Programa de Apoio a Doutorandas(os)) e o PAME (Programa de Apoio a Mestrandas(os)) s\u00e3o programas da UFMG que t\u00eam como objetivo apoiar financeiramente a participa\u00e7\u00e3o de doutorandas(os) e mestrandas(os) matriculadas(os) nos Programas de P\u00f3s-Gradua\u00e7\u00e3o com notas 4 e 5 para visitas t\u00e9cnicas e apresenta\u00e7\u00e3o de trabalho em eventos cient\u00edficos no pa\u00eds e no exterior, conforme termos especificados nas chamadas abertas pela PRPG (Pr\u00f3-Reitoria de P\u00f3s-Gradu\u00e7\u00e3o).<\/h4>\n\n\n\n<h5 class=\"wp-block-heading\"><mark style=\"background-color:rgba(0, 0, 0, 0)\" class=\"has-inline-color has-vivid-red-color\"><strong>Na tabela abaixo, h\u00e1 mais informa\u00e7\u00f5es quanto ao calend\u00e1rio e documenta\u00e7\u00f5es necess\u00e1rias para inscri\u00e7\u00e3o.<\/strong><\/mark><\/h5>\n\n\n\n<p><\/p>\n\n\n\n<table id=\"tablepress-15\" class=\"tablepress tablepress-id-15\">\n<thead>\n<tr class=\"row-1 odd\">\n\t<th class=\"column-1\">Sele\u00e7\u00f5es<\/th><th class=\"column-2\">Inscri\u00e7\u00f5es<\/th>\n<\/tr>\n<\/thead>\n<tbody class=\"row-hover\">\n<tr class=\"row-2 even\">\n\t<td class=\"column-1\"><a href=\"https:\/\/www.fafich.ufmg.br\/pospsicologia\/selecao-pame-e-pado-2024\/\">Sele\u00e7\u00e3o PAME e PADO 2024<\/a><\/td><td class=\"column-2\">1\u00ba semestre (at\u00e9 26\/04\/2024)<br \/>\n2\u00ba semestre (at\u00e9 20\/09\/2024)<\/td>\n<\/tr>\n<\/tbody>\n<\/table>\n<!-- #tablepress-15 from cache -->","protected":false},"excerpt":{"rendered":"<p>O PADO (Programa de Apoio a Doutorandas(os)) e o PAME (Programa de Apoio a Mestrandas(os)) s\u00e3o programas da UFMG que t\u00eam como objetivo apoiar financeiramente a participa\u00e7\u00e3o de doutorandas(os) e mestrandas(os) matriculadas(os) nos Programas de P\u00f3s-Gradua\u00e7\u00e3o com notas 4 e 5 para visitas t\u00e9cnicas e apresenta\u00e7\u00e3o de trabalho em eventos cient\u00edficos no pa\u00eds e no<\/p>\n","protected":false},"author":2,"featured_media":0,"parent":0,"menu_order":0,"comment_status":"closed","ping_status":"closed","template":"","meta":{"footnotes":""},"_links":{"self":[{"href":"https:\/\/www.fafich.ufmg.br\/pospsicologia\/wp-json\/wp\/v2\/pages\/4832"}],"collection":[{"href":"https:\/\/www.fafich.ufmg.br\/pospsicologia\/wp-json\/wp\/v2\/pages"}],"about":[{"href":"https:\/\/www.fafich.ufmg.br\/pospsicologia\/wp-json\/wp\/v2\/types\/page"}],"author":[{"embeddable":true,"href":"https:\/\/www.fafich.ufmg.br\/pospsicologia\/wp-json\/wp\/v2\/users\/2"}],"replies":[{"embeddable":true,"href":"https:\/\/www.fafich.ufmg.br\/pospsicologia\/wp-json\/wp\/v2\/comments?post=4832"}],"version-history":[{"count":11,"href":"https:\/\/www.fafich.ufmg.br\/pospsicologia\/wp-json\/wp\/v2\/pages\/4832\/revisions"}],"predecessor-version":[{"id":4859,"href":"https:\/\/www.fafich.ufmg.br\/pospsicologia\/wp-json\/wp\/v2\/pages\/4832\/revisions\/4859"}],"wp:attachment":[{"href":"https:\/\/www.fafich.ufmg.br\/pospsicologia\/wp-json\/wp\/v2\/media?parent=4832"}],"curies":[{"name":"wp","href":"https:\/\/api.w.org\/{rel}","templated":true}]}}