{"id":4872,"date":"2024-05-13T08:13:09","date_gmt":"2024-05-13T11:13:09","guid":{"rendered":"https:\/\/www.fafich.ufmg.br\/pospsicologia\/?page_id=4872"},"modified":"2025-10-21T13:34:25","modified_gmt":"2025-10-21T16:34:25","slug":"processo-seletivo-mestrado-e-doutorado-2025","status":"publish","type":"page","link":"https:\/\/www.fafich.ufmg.br\/pospsicologia\/processo-seletivo-mestrado-e-doutorado-2025\/","title":{"rendered":"Processo Seletivo Mestrado e Doutorado &#8211; 2025"},"content":{"rendered":"\n<h2 class=\"wp-block-heading has-text-align-center\"><\/h2>\n\n\n\n<h2 class=\"wp-block-heading has-text-align-center\"><strong><mark style=\"background-color:rgba(0, 0, 0, 0)\" class=\"has-inline-color has-vivid-red-color\">Inscri\u00e7\u00f5es Encerradas<\/mark><\/strong><\/h2>\n\n\n\n<h2 class=\"wp-block-heading\">Disponibilizamos, abaixo, o Edital e demais documentos relativos ao Processo Seletivo 2025 do PPG Psicologia.<\/h2>\n\n\n\n<h2 class=\"wp-block-heading\"><br><strong><mark style=\"background-color:rgba(0, 0, 0, 0)\" class=\"has-inline-color has-vivid-red-color\">Leia o Edital antes de fazer a inscri\u00e7\u00e3o.<\/mark><\/strong><\/h2>\n\n\n\n<h2 class=\"wp-block-heading\"><br>&nbsp;<strong>Para fazer a inscri\u00e7\u00e3o, conforme datas informadas no Edital,&nbsp;<a href=\"https:\/\/www.fafich.ufmg.br\/selecaopospsi\/\" target=\"_blank\" rel=\"noreferrer noopener\"><mark style=\"background-color:rgba(0, 0, 0, 0)\" class=\"has-inline-color has-vivid-cyan-blue-color\">clique aqui<\/mark><\/a><\/strong><\/h2>\n\n\n\n<h2 class=\"wp-block-heading\"><br>Em caso de aprova\u00e7\u00e3o no processo seletivo, as instru\u00e7\u00f5es para o Registro Acad\u00eamico podem ser consultadas<strong><mark style=\"background-color:rgba(0, 0, 0, 0)\" class=\"has-inline-color has-vivid-cyan-blue-color\">\u00a0<a href=\"http:\/\/www.fafich.ufmg.br\/pospsicologia\/informacoes-sobre-o-registro-academico\/\" target=\"_blank\" rel=\"noreferrer noopener\">aqui<\/a><\/mark><\/strong><\/h2>\n","protected":false},"excerpt":{"rendered":"<p>Inscri\u00e7\u00f5es Encerradas Disponibilizamos, abaixo, o Edital e demais documentos relativos ao Processo Seletivo 2025 do PPG Psicologia. Leia o Edital antes de fazer a inscri\u00e7\u00e3o. &nbsp;Para fazer a inscri\u00e7\u00e3o, conforme datas informadas no Edital,&nbsp;clique aqui Em caso de aprova\u00e7\u00e3o no processo seletivo, as instru\u00e7\u00f5es para o Registro Acad\u00eamico podem ser consultadas\u00a0aqui<\/p>\n","protected":false},"author":2,"featured_media":0,"parent":0,"menu_order":0,"comment_status":"closed","ping_status":"closed","template":"","meta":{"footnotes":""},"_links":{"self":[{"href":"https:\/\/www.fafich.ufmg.br\/pospsicologia\/wp-json\/wp\/v2\/pages\/4872"}],"collection":[{"href":"https:\/\/www.fafich.ufmg.br\/pospsicologia\/wp-json\/wp\/v2\/pages"}],"about":[{"href":"https:\/\/www.fafich.ufmg.br\/pospsicologia\/wp-json\/wp\/v2\/types\/page"}],"author":[{"embeddable":true,"href":"https:\/\/www.fafich.ufmg.br\/pospsicologia\/wp-json\/wp\/v2\/users\/2"}],"replies":[{"embeddable":true,"href":"https:\/\/www.fafich.ufmg.br\/pospsicologia\/wp-json\/wp\/v2\/comments?post=4872"}],"version-history":[{"count":6,"href":"https:\/\/www.fafich.ufmg.br\/pospsicologia\/wp-json\/wp\/v2\/pages\/4872\/revisions"}],"predecessor-version":[{"id":4971,"href":"https:\/\/www.fafich.ufmg.br\/pospsicologia\/wp-json\/wp\/v2\/pages\/4872\/revisions\/4971"}],"wp:attachment":[{"href":"https:\/\/www.fafich.ufmg.br\/pospsicologia\/wp-json\/wp\/v2\/media?parent=4872"}],"curies":[{"name":"wp","href":"https:\/\/api.w.org\/{rel}","templated":true}]}}