{"id":4930,"date":"2024-07-26T07:24:14","date_gmt":"2024-07-26T10:24:14","guid":{"rendered":"https:\/\/www.fafich.ufmg.br\/pospsicologia\/?page_id=4930"},"modified":"2024-11-29T09:35:45","modified_gmt":"2024-11-29T12:35:45","slug":"atas-2024","status":"publish","type":"page","link":"https:\/\/www.fafich.ufmg.br\/pospsicologia\/atas-2024\/","title":{"rendered":"Atas 2024"},"content":{"rendered":"\n<h4 class=\"wp-block-heading\">Disponibilizamos, abaixo, as atas das reuni\u00f5es do Colegiado ocorridas em 2024.<\/h4>\n\n\n\n<h4 class=\"wp-block-heading\"><mark style=\"background-color:rgba(0, 0, 0, 0)\" class=\"has-inline-color has-vivid-red-color\">As reuni\u00f5es ordin\u00e1rias do Colegiado ocorrem na segunda segunda-feira de cada m\u00eas, dentro do semestre letivo<\/mark><\/h4>\n","protected":false},"excerpt":{"rendered":"<p>Disponibilizamos, abaixo, as atas das reuni\u00f5es do Colegiado ocorridas em 2024. As reuni\u00f5es ordin\u00e1rias do Colegiado ocorrem na segunda segunda-feira de cada m\u00eas, dentro do semestre letivo<\/p>\n","protected":false},"author":2,"featured_media":0,"parent":0,"menu_order":0,"comment_status":"closed","ping_status":"closed","template":"","meta":{"footnotes":""},"_links":{"self":[{"href":"https:\/\/www.fafich.ufmg.br\/pospsicologia\/wp-json\/wp\/v2\/pages\/4930"}],"collection":[{"href":"https:\/\/www.fafich.ufmg.br\/pospsicologia\/wp-json\/wp\/v2\/pages"}],"about":[{"href":"https:\/\/www.fafich.ufmg.br\/pospsicologia\/wp-json\/wp\/v2\/types\/page"}],"author":[{"embeddable":true,"href":"https:\/\/www.fafich.ufmg.br\/pospsicologia\/wp-json\/wp\/v2\/users\/2"}],"replies":[{"embeddable":true,"href":"https:\/\/www.fafich.ufmg.br\/pospsicologia\/wp-json\/wp\/v2\/comments?post=4930"}],"version-history":[{"count":2,"href":"https:\/\/www.fafich.ufmg.br\/pospsicologia\/wp-json\/wp\/v2\/pages\/4930\/revisions"}],"predecessor-version":[{"id":4934,"href":"https:\/\/www.fafich.ufmg.br\/pospsicologia\/wp-json\/wp\/v2\/pages\/4930\/revisions\/4934"}],"wp:attachment":[{"href":"https:\/\/www.fafich.ufmg.br\/pospsicologia\/wp-json\/wp\/v2\/media?parent=4930"}],"curies":[{"name":"wp","href":"https:\/\/api.w.org\/{rel}","templated":true}]}}