{"id":5000,"date":"2024-11-01T11:48:22","date_gmt":"2024-11-01T14:48:22","guid":{"rendered":"https:\/\/www.fafich.ufmg.br\/pospsicologia\/?page_id=5000"},"modified":"2025-01-28T14:41:47","modified_gmt":"2025-01-28T17:41:47","slug":"chamada-programa-de-doutorado-sanduiche-no-exterior-2025","status":"publish","type":"page","link":"https:\/\/www.fafich.ufmg.br\/pospsicologia\/chamada-programa-de-doutorado-sanduiche-no-exterior-2025\/","title":{"rendered":"Chamada Programa de Doutorado Sandu\u00edche no Exterior 2025"},"content":{"rendered":"\n<h4 class=\"wp-block-heading\">A Coordena\u00e7\u00e3o do Programa de P\u00f3s-gradua\u00e7\u00e3o em Psicologia, no uso de suas atribui\u00e7\u00f5es e em conson\u00e2ncia com o Edital no 26\/2024 PDSE da CAPES, de 04\/10\/2024, torna p\u00fablico o processo de sele\u00e7\u00e3o interna de candidatos \u00e0 bolsa de doutorado sandu\u00edche da CAPES (PDSE).<\/h4>\n\n\n\n<h2 class=\"wp-block-heading\"><mark style=\"background-color:rgba(0, 0, 0, 0)\" class=\"has-inline-color has-vivid-red-color\">IMPORTANTE: O PPG Psicologia informa que o resultado da Chamada ser\u00e1 postado no dia 20\/01\/2025<\/mark><\/h2>\n\n\n\n<p><\/p>\n","protected":false},"excerpt":{"rendered":"<p>A Coordena\u00e7\u00e3o do Programa de P\u00f3s-gradua\u00e7\u00e3o em Psicologia, no uso de suas atribui\u00e7\u00f5es e em conson\u00e2ncia com o Edital no 26\/2024 PDSE da CAPES, de 04\/10\/2024, torna p\u00fablico o processo de sele\u00e7\u00e3o interna de candidatos \u00e0 bolsa de doutorado sandu\u00edche da CAPES (PDSE). IMPORTANTE: O PPG Psicologia informa que o resultado da Chamada ser\u00e1 postado<\/p>\n","protected":false},"author":2,"featured_media":0,"parent":0,"menu_order":0,"comment_status":"closed","ping_status":"closed","template":"","meta":{"footnotes":""},"_links":{"self":[{"href":"https:\/\/www.fafich.ufmg.br\/pospsicologia\/wp-json\/wp\/v2\/pages\/5000"}],"collection":[{"href":"https:\/\/www.fafich.ufmg.br\/pospsicologia\/wp-json\/wp\/v2\/pages"}],"about":[{"href":"https:\/\/www.fafich.ufmg.br\/pospsicologia\/wp-json\/wp\/v2\/types\/page"}],"author":[{"embeddable":true,"href":"https:\/\/www.fafich.ufmg.br\/pospsicologia\/wp-json\/wp\/v2\/users\/2"}],"replies":[{"embeddable":true,"href":"https:\/\/www.fafich.ufmg.br\/pospsicologia\/wp-json\/wp\/v2\/comments?post=5000"}],"version-history":[{"count":3,"href":"https:\/\/www.fafich.ufmg.br\/pospsicologia\/wp-json\/wp\/v2\/pages\/5000\/revisions"}],"predecessor-version":[{"id":5049,"href":"https:\/\/www.fafich.ufmg.br\/pospsicologia\/wp-json\/wp\/v2\/pages\/5000\/revisions\/5049"}],"wp:attachment":[{"href":"https:\/\/www.fafich.ufmg.br\/pospsicologia\/wp-json\/wp\/v2\/media?parent=5000"}],"curies":[{"name":"wp","href":"https:\/\/api.w.org\/{rel}","templated":true}]}}