{"id":5096,"date":"2025-03-31T07:06:40","date_gmt":"2025-03-31T10:06:40","guid":{"rendered":"https:\/\/www.fafich.ufmg.br\/pospsicologia\/?page_id=5096"},"modified":"2025-11-04T12:10:52","modified_gmt":"2025-11-04T15:10:52","slug":"atas-2025","status":"publish","type":"page","link":"https:\/\/www.fafich.ufmg.br\/pospsicologia\/atas-2025\/","title":{"rendered":"Atas 2025"},"content":{"rendered":"\n<h4 class=\"wp-block-heading\">Disponibilizamos, abaixo, as atas das reuni\u00f5es do Colegiado ocorridas em 2025.<\/h4>\n\n\n\n<h4 class=\"wp-block-heading\"><mark style=\"background-color:rgba(0, 0, 0, 0)\" class=\"has-inline-color has-vivid-red-color\">As reuni\u00f5es ordin\u00e1rias do Colegiado ocorrem na segunda segunda-feira de cada m\u00eas, dentro do semestre letivo<\/mark><\/h4>\n","protected":false},"excerpt":{"rendered":"<p>Disponibilizamos, abaixo, as atas das reuni\u00f5es do Colegiado ocorridas em 2025. As reuni\u00f5es ordin\u00e1rias do Colegiado ocorrem na segunda segunda-feira de cada m\u00eas, dentro do semestre letivo<\/p>\n","protected":false},"author":2,"featured_media":0,"parent":0,"menu_order":0,"comment_status":"closed","ping_status":"closed","template":"","meta":{"footnotes":""},"_links":{"self":[{"href":"https:\/\/www.fafich.ufmg.br\/pospsicologia\/wp-json\/wp\/v2\/pages\/5096"}],"collection":[{"href":"https:\/\/www.fafich.ufmg.br\/pospsicologia\/wp-json\/wp\/v2\/pages"}],"about":[{"href":"https:\/\/www.fafich.ufmg.br\/pospsicologia\/wp-json\/wp\/v2\/types\/page"}],"author":[{"embeddable":true,"href":"https:\/\/www.fafich.ufmg.br\/pospsicologia\/wp-json\/wp\/v2\/users\/2"}],"replies":[{"embeddable":true,"href":"https:\/\/www.fafich.ufmg.br\/pospsicologia\/wp-json\/wp\/v2\/comments?post=5096"}],"version-history":[{"count":5,"href":"https:\/\/www.fafich.ufmg.br\/pospsicologia\/wp-json\/wp\/v2\/pages\/5096\/revisions"}],"predecessor-version":[{"id":5104,"href":"https:\/\/www.fafich.ufmg.br\/pospsicologia\/wp-json\/wp\/v2\/pages\/5096\/revisions\/5104"}],"wp:attachment":[{"href":"https:\/\/www.fafich.ufmg.br\/pospsicologia\/wp-json\/wp\/v2\/media?parent=5096"}],"curies":[{"name":"wp","href":"https:\/\/api.w.org\/{rel}","templated":true}]}}