{"id":5146,"date":"2025-08-20T07:54:00","date_gmt":"2025-08-20T10:54:00","guid":{"rendered":"https:\/\/www.fafich.ufmg.br\/pospsicologia\/?page_id=5146"},"modified":"2026-01-30T10:57:52","modified_gmt":"2026-01-30T13:57:52","slug":"processo-seletivo-mestrado-e-doutorado-2026","status":"publish","type":"page","link":"https:\/\/www.fafich.ufmg.br\/pospsicologia\/processo-seletivo-mestrado-e-doutorado-2026\/","title":{"rendered":"Processo Seletivo &#8211; Mestrado e Doutorado &#8211; 2026"},"content":{"rendered":"\n<h2 class=\"wp-block-heading\">Disponibilizamos, abaixo, os Editais e demais documentos relativos ao Processo Seletivo 2026 do PPG Psicologia.<\/h2>\n\n\n\n<h2 class=\"wp-block-heading\"><br><strong><mark style=\"background-color:#ffffff\" class=\"has-inline-color has-vivid-red-color\">Leia o Edital antes de fazer a inscri\u00e7\u00e3o.<\/mark><\/strong><\/h2>\n\n\n\n<h2 class=\"wp-block-heading\"><br>&nbsp;<strong>Para fazer a inscri\u00e7\u00e3o, conforme datas informadas no Edital,&nbsp;<a href=\"https:\/\/www.fafich.ufmg.br\/selecaopospsi\/\" target=\"_blank\" rel=\"noreferrer noopener\"><mark style=\"background-color:#ffffff\" class=\"has-inline-color has-vivid-cyan-blue-color\">clique aqui<\/mark><\/a><\/strong><\/h2>\n\n\n\n<h2 class=\"wp-block-heading\"><br>Em caso de aprova\u00e7\u00e3o no processo seletivo, as instru\u00e7\u00f5es para o Registro Acad\u00eamico podem ser consultadas<strong><mark style=\"background-color:#ffffff\" class=\"has-inline-color has-vivid-cyan-blue-color\">&nbsp;<a href=\"http:\/\/www.fafich.ufmg.br\/pospsicologia\/informacoes-sobre-o-registro-academico\/\" target=\"_blank\" rel=\"noreferrer noopener\">aqui<\/a><\/mark><\/strong><\/h2>\n","protected":false},"excerpt":{"rendered":"<p>Disponibilizamos, abaixo, os Editais e demais documentos relativos ao Processo Seletivo 2026 do PPG Psicologia. Leia o Edital antes de fazer a inscri\u00e7\u00e3o. &nbsp;Para fazer a inscri\u00e7\u00e3o, conforme datas informadas no Edital,&nbsp;clique aqui Em caso de aprova\u00e7\u00e3o no processo seletivo, as instru\u00e7\u00f5es para o Registro Acad\u00eamico podem ser consultadas&nbsp;aqui<\/p>\n","protected":false},"author":2,"featured_media":0,"parent":0,"menu_order":0,"comment_status":"closed","ping_status":"closed","template":"","meta":{"footnotes":""},"_links":{"self":[{"href":"https:\/\/www.fafich.ufmg.br\/pospsicologia\/wp-json\/wp\/v2\/pages\/5146"}],"collection":[{"href":"https:\/\/www.fafich.ufmg.br\/pospsicologia\/wp-json\/wp\/v2\/pages"}],"about":[{"href":"https:\/\/www.fafich.ufmg.br\/pospsicologia\/wp-json\/wp\/v2\/types\/page"}],"author":[{"embeddable":true,"href":"https:\/\/www.fafich.ufmg.br\/pospsicologia\/wp-json\/wp\/v2\/users\/2"}],"replies":[{"embeddable":true,"href":"https:\/\/www.fafich.ufmg.br\/pospsicologia\/wp-json\/wp\/v2\/comments?post=5146"}],"version-history":[{"count":5,"href":"https:\/\/www.fafich.ufmg.br\/pospsicologia\/wp-json\/wp\/v2\/pages\/5146\/revisions"}],"predecessor-version":[{"id":5167,"href":"https:\/\/www.fafich.ufmg.br\/pospsicologia\/wp-json\/wp\/v2\/pages\/5146\/revisions\/5167"}],"wp:attachment":[{"href":"https:\/\/www.fafich.ufmg.br\/pospsicologia\/wp-json\/wp\/v2\/media?parent=5146"}],"curies":[{"name":"wp","href":"https:\/\/api.w.org\/{rel}","templated":true}]}}