{"id":10174,"date":"2025-09-03T13:05:41","date_gmt":"2025-09-03T16:05:41","guid":{"rendered":"https:\/\/www.fafich.ufmg.br\/psicogcom\/wordpress\/?page_id=10174"},"modified":"2025-09-19T10:27:12","modified_gmt":"2025-09-19T13:27:12","slug":"processo-seletivo-2025","status":"publish","type":"page","link":"https:\/\/www.fafich.ufmg.br\/psicogcom\/processo-seletivo\/processo-seletivo-2025\/","title":{"rendered":"Processo seletivo 2025"},"content":{"rendered":"\n<h2 class=\"wp-block-heading has-medium-font-size\">Sele\u00e7\u00e3o regular: mestrado e doutorado<\/h2>\n\n\n\n<p>A sele\u00e7\u00e3o regular de mestrado e doutorado contempla duas modalidades: <strong>ampla concorr\u00eancia<\/strong> e <strong>reserva de vagas para negros<\/strong>.<\/p>\n\n\n\n<div class=\"wp-block-buttons has-custom-font-size has-small-font-size is-layout-flex wp-block-buttons-is-layout-flex\">\n<div class=\"wp-block-button\"><a class=\"wp-block-button__link wp-element-button\" href=\"https:\/\/www.fafich.ufmg.br\/psicogcom\/wp-content\/uploads\/2025\/06\/a1.Edital-regular_PsiCogCom_MD_2025.pdf\">Edital regular<\/a><\/div>\n\n\n\n<div class=\"wp-block-button\"><a class=\"wp-block-button__link wp-element-button\" href=\"https:\/\/www.fafich.ufmg.br\/psicogcom\/wp-content\/uploads\/2025\/06\/a2.Retificacao-Ed.-Regular_PsiCogCom_MD_2025.pdf\">Retifica\u00e7\u00e3o<\/a><\/div>\n\n\n\n<div class=\"wp-block-button\"><a class=\"wp-block-button__link wp-element-button\" href=\"https:\/\/www.fafich.ufmg.br\/psicogcom\/wp-content\/uploads\/2025\/06\/a3.Extrato-Ed.-Regular_Psicogcom_MD_2025.pdf\">Extrato<\/a><\/div>\n\n\n\n<div class=\"wp-block-button\"><a class=\"wp-block-button__link wp-element-button\" href=\"https:\/\/www.fafich.ufmg.br\/psicogcom\/wp-content\/uploads\/2025\/06\/f.Autodeclaracao-Etnico-Racial-Candidatos-optantes-Negros-1_copia.pdf\">Autodeclara\u00e7\u00e3o \u00e9tnico-racial<\/a><\/div>\n\n\n\n<div class=\"wp-block-button\"><a class=\"wp-block-button__link wp-element-button\" href=\"https:\/\/www.fafich.ufmg.br\/selecaoppgcogcom\/\">Inscri\u00e7\u00e3o<\/a><\/div>\n\n\n\n<div class=\"wp-block-button\"><a class=\"wp-block-button__link wp-element-button\" href=\"https:\/\/sistemas.ufmg.br\/sisarc\/emissaogru\/gerir\/geriremissaogru.seam?codigo=2swdszDHF\">Emiss\u00e3o da GRU<\/a><\/div>\n<\/div>\n\n\n\n<div style=\"height:50px\" aria-hidden=\"true\" class=\"wp-block-spacer\"><\/div>\n\n\n\n<h2 class=\"wp-block-heading has-medium-font-size\">Sele\u00e7\u00e3o suplementar: mestrado e doutorado<\/h2>\n\n\n\n<p>A sele\u00e7\u00e3o suplementar contempla vagas espec\u00edficas de mestrado e doutorado para <strong>ind\u00edgenas e pessoas com defici\u00eancia<\/strong>.<\/p>\n\n\n\n<div class=\"wp-block-buttons has-custom-font-size has-small-font-size is-layout-flex wp-block-buttons-is-layout-flex\">\n<div class=\"wp-block-button\"><a class=\"wp-block-button__link wp-element-button\" href=\"https:\/\/www.fafich.ufmg.br\/psicogcom\/wp-content\/uploads\/2025\/06\/b1.Edital-Supl.PsiCogCom_MD_2025.pdf\">Edital suplementar<\/a><\/div>\n\n\n\n<div class=\"wp-block-button\"><a class=\"wp-block-button__link wp-element-button\" href=\"https:\/\/www.fafich.ufmg.br\/psicogcom\/wp-content\/uploads\/2025\/06\/b2.Retificacao-Ed.-Supl.-PsiCogCom_MD_2025.pdf\">Retifica\u00e7\u00e3o<\/a><\/div>\n\n\n\n<div class=\"wp-block-button\"><a class=\"wp-block-button__link wp-element-button\" href=\"https:\/\/www.fafich.ufmg.br\/psicogcom\/wp-content\/uploads\/2025\/06\/b3.Extrato-Ed.-Suplementar_PsiCogCom_MD_2025.pdf\">Extrato<\/a><\/div>\n\n\n\n<div class=\"wp-block-button\"><a class=\"wp-block-button__link wp-element-button\" href=\"https:\/\/www.fafich.ufmg.br\/selecaoppgcogcom\/\">Inscri\u00e7\u00e3o<\/a><\/div>\n\n\n\n<div class=\"wp-block-button\"><a class=\"wp-block-button__link wp-element-button\" href=\"https:\/\/sistemas.ufmg.br\/sisarc\/emissaogru\/gerir\/geriremissaogru.seam?codigo=2swdszDHF\">Emiss\u00e3o da GRU<\/a><\/div>\n<\/div>\n\n\n\n<div style=\"height:50px\" aria-hidden=\"true\" class=\"wp-block-spacer\"><\/div>\n\n\n\n<h2 class=\"wp-block-heading has-medium-font-size\" id=\"bolsas\">Sele\u00e7\u00e3o de bolsas<\/h2>\n\n\n\n<p>A concess\u00e3o de bolsas a estudantes de mestrado e doutorado decorre do processo seletivo apresentado nos documentos abaixo.<\/p>\n\n\n\n<div class=\"wp-block-buttons has-custom-font-size has-small-font-size is-layout-flex wp-block-buttons-is-layout-flex\">\n<div class=\"wp-block-button\"><a class=\"wp-block-button__link wp-element-button\" href=\"https:\/\/www.fafich.ufmg.br\/psicogcom\/wp-content\/uploads\/2025\/06\/z.Edital-regular_PsiCogCom_MD_2025.pdf\">Edital para sele\u00e7\u00e3o de bolsistas<\/a><\/div>\n<\/div>\n\n\n\n<div style=\"height:50px\" aria-hidden=\"true\" class=\"wp-block-spacer\"><\/div>\n\n\n\n<h2 class=\"wp-block-heading has-medium-font-size\">Mestrado: informa\u00e7\u00f5es e resultados<\/h2>\n\n\n\n<div style=\"height:20px\" aria-hidden=\"true\" class=\"wp-block-spacer\"><\/div>\n\n\n\n<ul class=\"wp-block-list\">\n<li>Inscri\u00e7\u00f5es: <a href=\"https:\/\/www.fafich.ufmg.br\/psicogcom\/wp-content\/uploads\/2025\/06\/c1.Com-logo-Inscricoes-homologadas-MESTRADO.pdf\" data-type=\"attachment\" data-id=\"10370\">homologadas<\/a> \u2022 <a href=\"https:\/\/www.fafich.ufmg.br\/psicogcom\/wp-content\/uploads\/2025\/06\/c3.Inscricoes-homologadas-mestrado-Apos-recursos.pdf\" data-type=\"attachment\" data-id=\"10369\">homologadas ap\u00f3s recurso<\/a><\/li>\n\n\n\n<li>Banca examinadora: <a href=\"https:\/\/www.fafich.ufmg.br\/psicogcom\/wp-content\/uploads\/2025\/06\/d01.Composicao-da-banca-examinadora.pdf\" data-type=\"attachment\" data-id=\"10394\">composi\u00e7\u00e3o<\/a> \u2022 <a href=\"https:\/\/www.fafich.ufmg.br\/psicogcom\/wp-content\/uploads\/2025\/06\/d03.DECLARACAO-DE-INEXISTENCIA-DE-IMPEDIMENTO-OU-SUSPEICAO.pdf\" data-type=\"attachment\" data-id=\"10396\">inexist\u00eancia de impedimento ou suspei\u00e7\u00e3o<\/a><\/li>\n\n\n\n<li>Prova escrita: <a href=\"https:\/\/www.fafich.ufmg.br\/psicogcom\/wp-content\/uploads\/2025\/06\/d02.Local-realizacao-da-prova-escrita-mestrado.pdf\" data-type=\"attachment\" data-id=\"10397\">local de realiza\u00e7\u00e3o<\/a> \u2022 <a href=\"https:\/\/www.fafich.ufmg.br\/psicogcom\/wp-content\/uploads\/2025\/06\/d04.Oficio-Resultado-prova-escrita-mestrado-2025.pdf\" data-type=\"attachment\" data-id=\"10376\">resultado preliminar<\/a> \u2022 <a href=\"https:\/\/www.fafich.ufmg.br\/psicogcom\/wp-content\/uploads\/2025\/06\/d05.SEI_3721101_Oficio_16.pdf\" data-type=\"attachment\" data-id=\"10388\">resultado ap\u00f3s recursos<\/a><\/li>\n\n\n\n<li>Informativo sobre Bancas de Argui\u00e7\u00e3o: <a href=\"https:\/\/www.fafich.ufmg.br\/psicogcom\/wp-content\/uploads\/2025\/06\/d09.INFORMATIVO-ARGUICAO-MESTRADO-\u2013-BANCA-1.pdf\" data-type=\"attachment\" data-id=\"10377\">banca 1<\/a> \u2022 <a href=\"https:\/\/www.fafich.ufmg.br\/psicogcom\/wp-content\/uploads\/2025\/06\/d10.SEI_3737850_Oficio_22.pdf\" data-type=\"attachment\" data-id=\"10392\">banca 1 (errata)<\/a> \u2022 <a href=\"https:\/\/www.fafich.ufmg.br\/psicogcom\/wp-content\/uploads\/2025\/06\/d11.INFORMATIVO-ARGUICAO-MESTRADO-\u2013-BANCA-2.pdf\" data-type=\"attachment\" data-id=\"10378\">banca 2<\/a><\/li>\n\n\n\n<li>Segunda etapa: <a href=\"https:\/\/www.fafich.ufmg.br\/psicogcom\/wp-content\/uploads\/2025\/06\/d12.SEI_3761109_Oficio_23-1.pdf\" data-type=\"attachment\" data-id=\"10391\">resultado<\/a><\/li>\n\n\n\n<li>Resultado final: <a href=\"https:\/\/www.fafich.ufmg.br\/psicogcom\/wp-content\/uploads\/2025\/06\/d14.Oficio-25-resultado-Mestrado.pdf\" data-type=\"attachment\" data-id=\"10379\">resultado<\/a> \u2022 <a href=\"https:\/\/www.fafich.ufmg.br\/psicogcom\/wp-content\/uploads\/2025\/06\/d15.SEI_3777416_Oficio_25-ERRATA.pdf\" data-type=\"attachment\" data-id=\"10390\">errata<\/a> \u2022 <a href=\"https:\/\/www.fafich.ufmg.br\/psicogcom\/wp-content\/uploads\/2025\/06\/d16.Mestrado-apos-Recurso.pdf\" data-type=\"attachment\" data-id=\"10387\">resultado ap\u00f3s recursos<\/a><\/li>\n<\/ul>\n\n\n\n<div style=\"height:50px\" aria-hidden=\"true\" class=\"wp-block-spacer\"><\/div>\n\n\n\n<h2 class=\"wp-block-heading has-medium-font-size\">Doutorado: informa\u00e7\u00f5es e resultados<\/h2>\n\n\n\n<div style=\"height:20px\" aria-hidden=\"true\" class=\"wp-block-spacer\"><\/div>\n\n\n\n<ul class=\"wp-block-list\">\n<li>Inscri\u00e7\u00f5es: <a href=\"https:\/\/www.fafich.ufmg.br\/psicogcom\/wp-content\/uploads\/2025\/06\/c2.com-logo-Inscricoes-homologadas-DOUTORADO.pdf\" data-type=\"attachment\" data-id=\"10372\">homologadas<\/a> \u2022 <a href=\"https:\/\/www.fafich.ufmg.br\/psicogcom\/wp-content\/uploads\/2025\/06\/c4.Inscricoes-homologadas-doutorado-Apos-recursos.pdf\" data-type=\"attachment\" data-id=\"10371\">homologadas ap\u00f3s recurso<\/a><\/li>\n\n\n\n<li>Banca examinadora: <a href=\"https:\/\/www.fafich.ufmg.br\/psicogcom\/wp-content\/uploads\/2025\/06\/d01.Composicao-da-banca-examinadora.pdf\" data-type=\"attachment\" data-id=\"10394\">composi\u00e7\u00e3o<\/a> \u2022 <a href=\"https:\/\/www.fafich.ufmg.br\/psicogcom\/wp-content\/uploads\/2025\/06\/d03.DECLARACAO-DE-INEXISTENCIA-DE-IMPEDIMENTO-OU-SUSPEICAO.pdf\" data-type=\"attachment\" data-id=\"10396\">inexist\u00eancia de impedimento ou suspei\u00e7\u00e3o<\/a><\/li>\n\n\n\n<li>Avalia\u00e7\u00e3o de projetos: <a href=\"https:\/\/www.fafich.ufmg.br\/psicogcom\/wp-content\/uploads\/2025\/06\/d06.RESULTADO-AVALIACAO-PROJETOS-DOUTORADO-2025.pdf\" data-type=\"attachment\" data-id=\"10382\">resultado preliminar<\/a> \u2022 <a href=\"https:\/\/www.fafich.ufmg.br\/psicogcom\/wp-content\/uploads\/2025\/06\/d07.pos-recurso-RESULTADO-AVALIACAO-PROJETOS-DOUTORADO-2025.pdf\" data-type=\"attachment\" data-id=\"10383\">resultado ap\u00f3s recursos<\/a><\/li>\n\n\n\n<li><a href=\"https:\/\/www.fafich.ufmg.br\/psicogcom\/wp-content\/uploads\/2025\/06\/d08.SEI_3724974_Oficio_17.pdf\" data-type=\"attachment\" data-id=\"10393\">Informativo sobre Bancas de Argui\u00e7\u00e3o<\/a><\/li>\n\n\n\n<li>Segunda etapa: <a href=\"https:\/\/www.fafich.ufmg.br\/psicogcom\/wp-content\/uploads\/2025\/06\/d13.SEI_3761603_Oficio_24.pdf\" data-type=\"attachment\" data-id=\"10395\">resultado<\/a><\/li>\n\n\n\n<li>Resultado final: <a href=\"https:\/\/www.fafich.ufmg.br\/psicogcom\/wp-content\/uploads\/2025\/06\/d17.Doutorado-apos-Recurso.pdf\" data-type=\"attachment\" data-id=\"10380\">resultado ap\u00f3s recursos<\/a><\/li>\n<\/ul>\n\n\n\n<div style=\"height:50px\" aria-hidden=\"true\" class=\"wp-block-spacer\"><\/div>\n\n\n\n<h2 class=\"wp-block-heading has-medium-font-size\">Informa\u00e7\u00f5es sobre recursos<\/h2>\n\n\n\n<div style=\"height:20px\" aria-hidden=\"true\" class=\"wp-block-spacer\"><\/div>\n\n\n\n<ul class=\"wp-block-list\">\n<li>Resposta a recurso: <a href=\"https:\/\/www.fafich.ufmg.br\/psicogcom\/wp-content\/uploads\/2025\/06\/e1.Resposta_recurso_Victor_Mendes_assinado.pdf\" data-type=\"attachment\" data-id=\"10385\">Victor Mendes<\/a><\/li>\n\n\n\n<li>Resposta a recurso: <a href=\"https:\/\/www.fafich.ufmg.br\/psicogcom\/wp-content\/uploads\/2025\/06\/e2.Resposta_recurso_Paulo_Henrique_assinado.pdf\" data-type=\"attachment\" data-id=\"10384\">Paulo Henrique<\/a><\/li>\n\n\n\n<li>Resposta a recurso: <a href=\"https:\/\/www.fafich.ufmg.br\/psicogcom\/wp-content\/uploads\/2025\/06\/e3.Resposta_recurso_Jorge_Rodrigues_assinado.pdf\" data-type=\"attachment\" data-id=\"10386\">Jorge Rodrigues<\/a><\/li>\n<\/ul>\n\n\n\n<p><\/p>\n","protected":false},"excerpt":{"rendered":"<p>Sele\u00e7\u00e3o regular: mestrado e doutorado A sele\u00e7\u00e3o regular de mestrado e doutorado contempla duas modalidades: ampla concorr\u00eancia e reserva de vagas para negros. Sele\u00e7\u00e3o suplementar: mestrado e doutorado A sele\u00e7\u00e3o suplementar contempla vagas espec\u00edficas de mestrado e doutorado para ind\u00edgenas e pessoas com defici\u00eancia. Sele\u00e7\u00e3o de bolsas A concess\u00e3o de bolsas a estudantes de mestrado [&hellip;]<\/p>\n","protected":false},"author":4,"featured_media":0,"parent":10601,"menu_order":0,"comment_status":"closed","ping_status":"closed","template":"","meta":{"_acf_changed":false,"footnotes":""},"class_list":["post-10174","page","type-page","status-publish","hentry"],"acf":[],"meta_box":[],"_links":{"self":[{"href":"https:\/\/www.fafich.ufmg.br\/psicogcom\/wp-json\/wp\/v2\/pages\/10174","targetHints":{"allow":["GET"]}}],"collection":[{"href":"https:\/\/www.fafich.ufmg.br\/psicogcom\/wp-json\/wp\/v2\/pages"}],"about":[{"href":"https:\/\/www.fafich.ufmg.br\/psicogcom\/wp-json\/wp\/v2\/types\/page"}],"author":[{"embeddable":true,"href":"https:\/\/www.fafich.ufmg.br\/psicogcom\/wp-json\/wp\/v2\/users\/4"}],"replies":[{"embeddable":true,"href":"https:\/\/www.fafich.ufmg.br\/psicogcom\/wp-json\/wp\/v2\/comments?post=10174"}],"version-history":[{"count":30,"href":"https:\/\/www.fafich.ufmg.br\/psicogcom\/wp-json\/wp\/v2\/pages\/10174\/revisions"}],"predecessor-version":[{"id":10749,"href":"https:\/\/www.fafich.ufmg.br\/psicogcom\/wp-json\/wp\/v2\/pages\/10174\/revisions\/10749"}],"up":[{"embeddable":true,"href":"https:\/\/www.fafich.ufmg.br\/psicogcom\/wp-json\/wp\/v2\/pages\/10601"}],"wp:attachment":[{"href":"https:\/\/www.fafich.ufmg.br\/psicogcom\/wp-json\/wp\/v2\/media?parent=10174"}],"curies":[{"name":"wp","href":"https:\/\/api.w.org\/{rel}","templated":true}]}}