{"id":10236,"date":"2025-06-02T15:15:19","date_gmt":"2025-06-02T18:15:19","guid":{"rendered":"https:\/\/www.fafich.ufmg.br\/psicogcom\/wordpress\/?page_id=10236"},"modified":"2025-10-08T16:27:18","modified_gmt":"2025-10-08T19:27:18","slug":"informacoes-para-os-estudantes","status":"publish","type":"page","link":"https:\/\/www.fafich.ufmg.br\/psicogcom\/informacoes-para-os-estudantes\/","title":{"rendered":"Informa\u00e7\u00f5es para estudantes"},"content":{"rendered":"\n<h3 class=\"wp-block-heading has-pale-cyan-blue-background-color has-background\">Matr\u00edcula de alunos<\/h3>\n\n\n\n<p>A matr\u00edcula \u00e9 realizada pelo sistema Minha UFMG em per\u00edodo que antecede o in\u00edcio do semestre letivo, conforme e-mail enviado pela secretaria do PPG CogCom.<\/p>\n\n\n\n<p>Os discentes que estiverem ingressando no programa dever\u00e3o entregar os documentos requeridos no edital para obterem um n\u00famero de matr\u00edcula. Esse n\u00famero ser\u00e1 necess\u00e1rio para o acesso ao portal Minha UFMG e realiza\u00e7\u00e3o da matr\u00edcula online.<\/p>\n\n\n\n<p><strong>A n\u00e3o renova\u00e7\u00e3o da matr\u00edcula no per\u00edodo indicado levar\u00e1 \u00e0 exclus\u00e3o do curso.<\/strong><\/p>\n\n\n\n<p class=\"has-pale-cyan-blue-background-color has-background\">Por meio do portal Minha UFMG, o discente dever\u00e1 elaborar uma proposta de matr\u00edcula que ser\u00e1 enviada para seu o orientador, que, por sua vez, poder\u00e1 aprovar ou sugerir mudan\u00e7as na proposta. Dever\u00e1 estar atento \u00e0 grade curricular e aos prazos para o cumprimento da carga hor\u00e1ria obrigat\u00f3ria do curso.  Obs: <strong>Durante a fase de elabora\u00e7\u00e3o de disserta\u00e7\u00e3o ou tese, o discente dever\u00e1 se matricular em \u201cElabora\u00e7\u00e3o de Trabalho Final\u201d.<\/strong><\/p>\n","protected":false},"excerpt":{"rendered":"<p>Matr\u00edcula de alunos A matr\u00edcula \u00e9 realizada pelo sistema Minha UFMG em per\u00edodo que antecede o in\u00edcio do semestre letivo, conforme e-mail enviado pela secretaria do PPG CogCom. Os discentes que estiverem ingressando no programa dever\u00e3o entregar os documentos requeridos no edital para obterem um n\u00famero de matr\u00edcula. Esse n\u00famero ser\u00e1 necess\u00e1rio para o acesso [&hellip;]<\/p>\n","protected":false},"author":2,"featured_media":0,"parent":0,"menu_order":0,"comment_status":"closed","ping_status":"closed","template":"","meta":{"_acf_changed":false,"footnotes":""},"class_list":["post-10236","page","type-page","status-publish","hentry"],"acf":[],"meta_box":[],"_links":{"self":[{"href":"https:\/\/www.fafich.ufmg.br\/psicogcom\/wp-json\/wp\/v2\/pages\/10236","targetHints":{"allow":["GET"]}}],"collection":[{"href":"https:\/\/www.fafich.ufmg.br\/psicogcom\/wp-json\/wp\/v2\/pages"}],"about":[{"href":"https:\/\/www.fafich.ufmg.br\/psicogcom\/wp-json\/wp\/v2\/types\/page"}],"author":[{"embeddable":true,"href":"https:\/\/www.fafich.ufmg.br\/psicogcom\/wp-json\/wp\/v2\/users\/2"}],"replies":[{"embeddable":true,"href":"https:\/\/www.fafich.ufmg.br\/psicogcom\/wp-json\/wp\/v2\/comments?post=10236"}],"version-history":[{"count":16,"href":"https:\/\/www.fafich.ufmg.br\/psicogcom\/wp-json\/wp\/v2\/pages\/10236\/revisions"}],"predecessor-version":[{"id":10797,"href":"https:\/\/www.fafich.ufmg.br\/psicogcom\/wp-json\/wp\/v2\/pages\/10236\/revisions\/10797"}],"wp:attachment":[{"href":"https:\/\/www.fafich.ufmg.br\/psicogcom\/wp-json\/wp\/v2\/media?parent=10236"}],"curies":[{"name":"wp","href":"https:\/\/api.w.org\/{rel}","templated":true}]}}