{"id":10245,"date":"2025-06-03T15:05:06","date_gmt":"2025-06-03T18:05:06","guid":{"rendered":"https:\/\/www.fafich.ufmg.br\/psicogcom\/wordpress\/?page_id=10245"},"modified":"2025-12-10T16:09:22","modified_gmt":"2025-12-10T19:09:22","slug":"normas-formularios-e-links","status":"publish","type":"page","link":"https:\/\/www.fafich.ufmg.br\/psicogcom\/normas-formularios-e-links\/","title":{"rendered":"Normas e formul\u00e1rios"},"content":{"rendered":"\n<h2 class=\"wp-block-heading has-pale-cyan-blue-background-color has-background has-medium-font-size\">Normas<\/h2>\n\n\n\n<div style=\"height:10px\" aria-hidden=\"true\" class=\"wp-block-spacer\"><\/div>\n\n\n\n<p><a href=\"https:\/\/www2.ufmg.br\/sods\/Sods\/Sobre-a-UFMG\/Regimento-Geral\">Regimento da UFMG<\/a><br><a href=\"https:\/\/www.fafich.ufmg.br\/psicogcom\/wp-content\/uploads\/2025\/06\/6.5Regimento_PPG_CogCom_atualizada-em-2024.pdf\" data-type=\"attachment\" data-id=\"10314\">Regimento do PPG Psi: CogCom<\/a><br><a href=\"https:\/\/www.fafich.ufmg.br\/psicogcom\/wp-content\/uploads\/2025\/06\/12.Microsoft-Word-02rescompcepe2017-normas-gerais-de-pos-graduacao.doc.pdf\" data-type=\"attachment\" data-id=\"10308\">Resolu\u00e7\u00e3o complementar N\u00ba 02\/2017<\/a>: Normas gerais da p\u00f3s-gradua\u00e7\u00e3o da UFMG<br><a href=\"https:\/\/www.fafich.ufmg.br\/psicogcom\/diretrizes-para-marcacao-de-bancas\/\" data-type=\"page\" data-id=\"10789\">Diretrizes para marca\u00e7\u00e3o de Bancas de Qualifica\u00e7\u00e3o e Defesa<\/a><\/p>\n\n\n\n<p><a href=\"https:\/\/www.fafich.ufmg.br\/psicogcom\/wp-content\/uploads\/2025\/06\/9.Resolucao-03_2022-Criterios-de-composicao-de-bancas-de-defesa-de-dissertacao-ou-tese_final-1.pdf\" data-type=\"attachment\" data-id=\"10311\">Resolu\u00e7\u00e3o N\u00ba 03\/2022<\/a>: Crit\u00e9rios para composi\u00e7\u00e3o de bancas examinadoras<br><a href=\"https:\/\/www.fafich.ufmg.br\/psicogcom\/wp-content\/uploads\/2025\/06\/8.Resolucao-02_2022-Criterios-co-orientadores_final-1.pdf\" data-type=\"attachment\" data-id=\"10312\">Resolu\u00e7\u00e3o N\u00ba 02\/2022<\/a>: Crit\u00e9rios para aprovar a indica\u00e7\u00e3o de coorientadores<br><a href=\"https:\/\/www.fafich.ufmg.br\/psicogcom\/wp-content\/uploads\/2025\/06\/10.Resolucao-01_2018_numero-de-orientandos-1.doc\" data-type=\"attachment\" data-id=\"10310\">Resolu\u00e7\u00e3o N\u00ba 01\/2018<\/a>: N\u00famero m\u00e1ximo de orientandos por orientador<br><a href=\"https:\/\/www.fafich.ufmg.br\/psicogcom\/wp-content\/uploads\/2025\/06\/11.Resolucao-01_2017_criterios-realizacao-do-estagio-docente-de-pos-graduacao-1-1.pdf\" data-type=\"attachment\" data-id=\"10309\">Resolu\u00e7\u00e3o N\u00ba 01\/2017<\/a>: Crit\u00e9rios para realiza\u00e7\u00e3o do est\u00e1gio em doc\u00eancia<\/p>\n\n\n\n<p><a href=\"https:\/\/www.fafich.ufmg.br\/psicogcom\/wp-content\/uploads\/2025\/06\/7.RESOLUCAO-SOBRE-CREDENCIAMENTO-DE-PROFESSORES-COGCOM.pdf\" data-type=\"attachment\" data-id=\"10313\">Resolu\u00e7\u00e3o N\u00ba 01\/2019<\/a>: Credenciamento de professores<\/p>\n\n\n\n<div style=\"height:50px\" aria-hidden=\"true\" class=\"wp-block-spacer\"><\/div>\n\n\n\n<h2 class=\"wp-block-heading has-vivid-cyan-blue-background-color has-background has-medium-font-size\">Formul\u00e1rios e links<\/h2>\n\n\n\n<div style=\"height:10px\" aria-hidden=\"true\" class=\"wp-block-spacer\"><\/div>\n\n\n\n<p><a href=\"https:\/\/www.fafich.ufmg.br\/psicogcom\/wp-content\/uploads\/2025\/06\/3.form-23_Req-MATRICULA-POS_DL.pdf\" data-type=\"attachment\" data-id=\"10333\">Formul\u00e1rio<\/a>: requerimento de matr\u00edcula<br><a href=\"https:\/\/www.fafich.ufmg.br\/psicogcom\/wp-content\/uploads\/2025\/06\/7.form-12A_Disc-ELETIVA-SPG.pdf\" data-type=\"attachment\" data-id=\"10337\">Formul\u00e1rio<\/a>: requerimento de matr\u00edcula em atividade acad\u00eamica eletiva (p\u00f3s-gradua\u00e7\u00e3o)<br><a href=\"https:\/\/www.fafich.ufmg.br\/psicogcom\/wp-content\/uploads\/2025\/06\/9.form-14_ISOLADA.pdf\" data-type=\"attachment\" data-id=\"10323\">Formul\u00e1rio<\/a>: requerimento de matr\u00edcula em disciplina isolada<br><a href=\"https:\/\/www.fafich.ufmg.br\/psicogcom\/wp-content\/uploads\/2025\/06\/4.form-1_Tranc-PARCIAL.pdf\" data-type=\"attachment\" data-id=\"10334\">Formul\u00e1rio<\/a>: trancamento parcial de matr\u00edcula<br><a href=\"https:\/\/www.fafich.ufmg.br\/psicogcom\/wp-content\/uploads\/2025\/06\/5.form-2_Tranc-TOTAL_-pos-versao-2023.pdf\" data-type=\"attachment\" data-id=\"10335\">Formul\u00e1rio<\/a>: trancamento total de matr\u00edcula<\/p>\n\n\n\n<p><a href=\"https:\/\/www.fafich.ufmg.br\/psicogcom\/wp-content\/uploads\/2025\/06\/12.Aproveitamento-de-creditos.pdf\" data-type=\"attachment\" data-id=\"10326\">Solicita\u00e7\u00e3o<\/a>: aproveitamento de cr\u00e9ditos<br><a href=\"https:\/\/www.fafich.ufmg.br\/psicogcom\/wp-content\/uploads\/2025\/06\/11.Solicitacao-de-aproveitamento-de-creditos-Topicos-em-Formacao-Complementar-1.pdf\" data-type=\"attachment\" data-id=\"10325\">Solicita\u00e7\u00e3o<\/a>: aproveitamento de cr\u00e9ditos \u2014 t\u00f3picos em forma\u00e7\u00e3o complementar<br><a href=\"https:\/\/www.fafich.ufmg.br\/psicogcom\/wp-content\/uploads\/2025\/06\/10.Solicitacao-de-prorrogagacao-1.pdf\" data-type=\"attachment\" data-id=\"10324\">Solicita\u00e7\u00e3o<\/a>: prorroga\u00e7\u00e3o do prazo de defesa<br><a href=\"https:\/\/sei.ufmg.br\/sei\/controlador_externo.php?acao=md_ufmg_formulario_externo_listar&amp;id_orgao_acesso_externo=0\">Formul\u00e1rio<\/a>: termo de autoriza\u00e7\u00e3o de dep\u00f3sito de disserta\u00e7\u00f5es e teses<\/p>\n\n\n\n<p><a href=\"https:\/\/www.fafich.ufmg.br\/psicogcom\/wp-content\/uploads\/2025\/06\/1.Modelo_PlanoEstagioDocente-3.docx\" data-type=\"attachment\" data-id=\"10331\">Modelo<\/a>: Plano de Est\u00e1gio Docente<\/p>\n\n\n\n<p><a href=\"https:\/\/www.fafich.ufmg.br\/psicogcom\/wp-content\/uploads\/2025\/06\/13.Solicitacao-de-auxilio-financeiro-1.doc\" data-type=\"attachment\" data-id=\"10327\">Solicita\u00e7\u00e3o<\/a>: aux\u00edlio financeiro<br><a href=\"https:\/\/www.fafich.ufmg.br\/psicogcom\/wp-content\/uploads\/2025\/06\/16.form-nome-social.pdf\" data-type=\"attachment\" data-id=\"10330\">Requerimento<\/a>: inclus\u00e3o de nome social<br><a href=\"https:\/\/www.fafich.ufmg.br\/psicogcom\/wp-content\/uploads\/2025\/06\/14.form-avaliacao-medica.pdf\" data-type=\"attachment\" data-id=\"10328\">Requerimento<\/a>: avalia\u00e7\u00e3o m\u00e9dica<br><a href=\"https:\/\/www.fafich.ufmg.br\/psicogcom\/wp-content\/uploads\/2025\/06\/15.form-regime-especial.pdf\" data-type=\"attachment\" data-id=\"10329\">Requerimento<\/a>: Regime Especial<\/p>\n\n\n\n<p><a href=\"https:\/\/www.fafich.ufmg.br\/psicogcom\/wp-content\/uploads\/2025\/06\/6.form-024_Res-PosDoutoral.pdf\" data-type=\"attachment\" data-id=\"10336\">Requerimento<\/a>: registro de resid\u00eancia p\u00f3s-doutoral<br><a href=\"https:\/\/www.fafich.ufmg.br\/psicogcom\/wp-content\/uploads\/2025\/06\/2.Criacao-de-Grupo-de-Estudos.doc\" data-type=\"attachment\" data-id=\"10332\">Formul\u00e1rio: <\/a>cria\u00e7\u00e3o de Grupo de Estudos<\/p>\n\n\n\n<p><a href=\"https:\/\/sei.ufmg.br\/sei\/controlador_externo.php?acao=usuario_externo_logar&amp;id_orgao_acesso_externo=0\">Link<\/a>: solicita\u00e7\u00e3o de cadastro como usu\u00e1rio externo SEI<\/p>\n","protected":false},"excerpt":{"rendered":"<p>Normas Regimento da UFMGRegimento do PPG Psi: CogComResolu\u00e7\u00e3o complementar N\u00ba 02\/2017: Normas gerais da p\u00f3s-gradua\u00e7\u00e3o da UFMGDiretrizes para marca\u00e7\u00e3o de Bancas de Qualifica\u00e7\u00e3o e Defesa Resolu\u00e7\u00e3o N\u00ba 03\/2022: Crit\u00e9rios para composi\u00e7\u00e3o de bancas examinadorasResolu\u00e7\u00e3o N\u00ba 02\/2022: Crit\u00e9rios para aprovar a indica\u00e7\u00e3o de coorientadoresResolu\u00e7\u00e3o N\u00ba 01\/2018: N\u00famero m\u00e1ximo de orientandos por orientadorResolu\u00e7\u00e3o N\u00ba 01\/2017: Crit\u00e9rios para [&hellip;]<\/p>\n","protected":false},"author":2,"featured_media":0,"parent":0,"menu_order":0,"comment_status":"closed","ping_status":"closed","template":"","meta":{"_acf_changed":false,"footnotes":""},"class_list":["post-10245","page","type-page","status-publish","hentry"],"acf":[],"meta_box":[],"_links":{"self":[{"href":"https:\/\/www.fafich.ufmg.br\/psicogcom\/wp-json\/wp\/v2\/pages\/10245","targetHints":{"allow":["GET"]}}],"collection":[{"href":"https:\/\/www.fafich.ufmg.br\/psicogcom\/wp-json\/wp\/v2\/pages"}],"about":[{"href":"https:\/\/www.fafich.ufmg.br\/psicogcom\/wp-json\/wp\/v2\/types\/page"}],"author":[{"embeddable":true,"href":"https:\/\/www.fafich.ufmg.br\/psicogcom\/wp-json\/wp\/v2\/users\/2"}],"replies":[{"embeddable":true,"href":"https:\/\/www.fafich.ufmg.br\/psicogcom\/wp-json\/wp\/v2\/comments?post=10245"}],"version-history":[{"count":16,"href":"https:\/\/www.fafich.ufmg.br\/psicogcom\/wp-json\/wp\/v2\/pages\/10245\/revisions"}],"predecessor-version":[{"id":10935,"href":"https:\/\/www.fafich.ufmg.br\/psicogcom\/wp-json\/wp\/v2\/pages\/10245\/revisions\/10935"}],"wp:attachment":[{"href":"https:\/\/www.fafich.ufmg.br\/psicogcom\/wp-json\/wp\/v2\/media?parent=10245"}],"curies":[{"name":"wp","href":"https:\/\/api.w.org\/{rel}","templated":true}]}}