{"id":10254,"date":"2025-06-03T15:38:31","date_gmt":"2025-06-03T18:38:31","guid":{"rendered":"https:\/\/www.fafich.ufmg.br\/psicogcom\/wordpress\/?page_id=10254"},"modified":"2025-10-15T07:22:06","modified_gmt":"2025-10-15T10:22:06","slug":"linhas","status":"publish","type":"page","link":"https:\/\/www.fafich.ufmg.br\/psicogcom\/linhas\/","title":{"rendered":"\u00c1rea de concentra\u00e7\u00e3o: cogni\u00e7\u00e3o e comportamento"},"content":{"rendered":"\n<h2 class=\"wp-block-heading has-medium-font-size\">Linha de pesquisa: Mensura\u00e7\u00e3o e interven\u00e7\u00e3o em psicologia<\/h2>\n\n\n\n<p class=\"has-pale-cyan-blue-background-color has-background\">Fomenta o desenvolvimento e adapta\u00e7\u00e3o de medidas de dimens\u00f5es b\u00e1sicas e superiores do comportamento humano (ex. tempo de rea\u00e7\u00e3o, tempo de inspe\u00e7\u00e3o, percep\u00e7\u00e3o, motricidade, mem\u00f3ria, impulsividade, intelig\u00eancia, personalidade) para uso em diferentes n\u00edveis de an\u00e1lise (ex. neuropsicol\u00f3gica, gen\u00e9tica comportamental, cognitiva, social), em diferentes designs metodol\u00f3gicos (levantamento, associa\u00e7\u00e3o e experimental) e com diferentes sujeitos (pessoas ou animais). Promove, tamb\u00e9m, estudos sobre programas de interven\u00e7\u00e3o que objetivem a recupera\u00e7\u00e3o do funcionamento adaptativo ou acompanhamento das mudan\u00e7as comportamentais ou neurobiol\u00f3gicas das pessoas. O objetivo final das interven\u00e7\u00f5es seria o de validar modelos e\/ou teorias relativas ao comportamento humano.<\/p>\n\n\n\n<div class=\"wp-block-buttons is-layout-flex wp-block-buttons-is-layout-flex\">\n<div class=\"wp-block-button\"><a class=\"wp-block-button__link wp-element-button\" href=\"https:\/\/www.fafich.ufmg.br\/psicogcom\/pessoas\/#mensuracao-intervencao\">Docentes<\/a><\/div>\n<\/div>\n\n\n\n<div style=\"height:50px\" aria-hidden=\"true\" class=\"wp-block-spacer\"><\/div>\n\n\n\n<h2 class=\"wp-block-heading has-medium-font-size\" id=\"neuropsicologia-comportamento\">Linha de pesquisa: neuropsicologia e comportamento<\/h2>\n\n\n\n<p class=\"has-light-green-cyan-background-color has-background\">Esta linha contemplar\u00e1 pesquisas em an\u00e1lise do comportamento, psicologia cognitiva e neuropsicologia, utilizando diversas abordagens para a investiga\u00e7\u00e3o de processos cognitivos e comportamentais. As pesquisas podem incluir estudos sobre: processos comportamentais b\u00e1sicos e de aprendizagem relacional e simb\u00f3lica; modelos cognitivos por meio de medidas neurais e comportamentais; processos cognitivos ao longo do ciclo vital e de casos cl\u00ednicos neuropsicol\u00f3gicos. As pesquisas poder\u00e3o envolver aplica\u00e7\u00f5es voltadas para a promo\u00e7\u00e3o da sa\u00fade e para a elabora\u00e7\u00e3o e aprimoramento de processos de ensino e aprendizagem, tanto para popula\u00e7\u00f5es com desenvolvimento t\u00edpico quanto at\u00edpico.<\/p>\n\n\n\n<div class=\"wp-block-buttons is-layout-flex wp-block-buttons-is-layout-flex\">\n<div class=\"wp-block-button\"><a class=\"wp-block-button__link wp-element-button\" href=\"https:\/\/www.fafich.ufmg.br\/psicogcom\/pessoas\/#neuropsicologia-comportamento\">Docentes<\/a><\/div>\n<\/div>\n\n\n\n<p><\/p>\n","protected":false},"excerpt":{"rendered":"<p>Linha de pesquisa: Mensura\u00e7\u00e3o e interven\u00e7\u00e3o em psicologia Fomenta o desenvolvimento e adapta\u00e7\u00e3o de medidas de dimens\u00f5es b\u00e1sicas e superiores do comportamento humano (ex. tempo de rea\u00e7\u00e3o, tempo de inspe\u00e7\u00e3o, percep\u00e7\u00e3o, motricidade, mem\u00f3ria, impulsividade, intelig\u00eancia, personalidade) para uso em diferentes n\u00edveis de an\u00e1lise (ex. neuropsicol\u00f3gica, gen\u00e9tica comportamental, cognitiva, social), em diferentes designs metodol\u00f3gicos (levantamento, associa\u00e7\u00e3o [&hellip;]<\/p>\n","protected":false},"author":2,"featured_media":0,"parent":0,"menu_order":0,"comment_status":"closed","ping_status":"closed","template":"","meta":{"_acf_changed":false,"footnotes":""},"class_list":["post-10254","page","type-page","status-publish","hentry"],"acf":[],"meta_box":[],"_links":{"self":[{"href":"https:\/\/www.fafich.ufmg.br\/psicogcom\/wp-json\/wp\/v2\/pages\/10254","targetHints":{"allow":["GET"]}}],"collection":[{"href":"https:\/\/www.fafich.ufmg.br\/psicogcom\/wp-json\/wp\/v2\/pages"}],"about":[{"href":"https:\/\/www.fafich.ufmg.br\/psicogcom\/wp-json\/wp\/v2\/types\/page"}],"author":[{"embeddable":true,"href":"https:\/\/www.fafich.ufmg.br\/psicogcom\/wp-json\/wp\/v2\/users\/2"}],"replies":[{"embeddable":true,"href":"https:\/\/www.fafich.ufmg.br\/psicogcom\/wp-json\/wp\/v2\/comments?post=10254"}],"version-history":[{"count":13,"href":"https:\/\/www.fafich.ufmg.br\/psicogcom\/wp-json\/wp\/v2\/pages\/10254\/revisions"}],"predecessor-version":[{"id":10817,"href":"https:\/\/www.fafich.ufmg.br\/psicogcom\/wp-json\/wp\/v2\/pages\/10254\/revisions\/10817"}],"wp:attachment":[{"href":"https:\/\/www.fafich.ufmg.br\/psicogcom\/wp-json\/wp\/v2\/media?parent=10254"}],"curies":[{"name":"wp","href":"https:\/\/api.w.org\/{rel}","templated":true}]}}