{"id":10260,"date":"2025-06-03T15:50:26","date_gmt":"2025-06-03T18:50:26","guid":{"rendered":"https:\/\/www.fafich.ufmg.br\/psicogcom\/wordpress\/?page_id=10260"},"modified":"2025-12-11T12:39:00","modified_gmt":"2025-12-11T15:39:00","slug":"pessoas","status":"publish","type":"page","link":"https:\/\/www.fafich.ufmg.br\/psicogcom\/pessoas\/","title":{"rendered":"Pessoas"},"content":{"rendered":"\n<div class=\"wp-block-group is-layout-constrained wp-container-core-group-is-layout-346627ba wp-block-group-is-layout-constrained\">\n<h2 class=\"wp-block-heading has-medium-font-size\" id=\"mensuracao-intervencao\">Linha de pesquisa: <a href=\"https:\/\/www.fafich.ufmg.br\/psicogcom\/linhas\/#mensuracao-intervencao\">Mensura\u00e7\u00e3o e Interven\u00e7\u00e3o Psicol\u00f3gica<\/a><\/h2>\n\n\n\n<details class=\"wp-block-details is-layout-flow wp-block-details-is-layout-flow\"><summary><strong>Andr\u00e9 Pereira Gon\u00e7alves<\/strong> \u2022 mestrado<\/summary>\n<p>Possui gradua\u00e7\u00e3o em Psicologia pela Universidade Jos\u00e9 do Ros\u00e1rio Vellano (2015). Especialista em Avalia\u00e7\u00e3o Psicol\u00f3gica pela PUC campus Po\u00e7os de Caldas-MG (2017). Mestre (2018) e Doutor (2022) em Psicologia com \u00e1rea de concentra\u00e7\u00e3o em Avalia\u00e7\u00e3o Psicol\u00f3gica pela Universidade de S\u00e3o Francisco com bolsa CAPES. Membro do Grupo de Trabalho &#8220;Avalia\u00e7\u00e3o Psicol\u00f3gica e Psicopatologia&#8221; da Associa\u00e7\u00e3o Nacional de Pesquisa e P\u00f3s-gradua\u00e7\u00e3o em Psicologia (ANPEPP). Professor adjunto no Instituto Multidisciplinar em Sa\u00fade (IMS) na Universidade Federal da Bahia (UFBA). Docente no programa de p\u00f3s gradua\u00e7\u00e3o em psicologia da sa\u00fade (UFBA).<\/p>\n\n\n\n<p><a href=\"https:\/\/scholar.google.com\/citations?user=5Z0HOE8AAAAJ&amp;hl=pt-BR&amp;oi=ao\">Scholar<\/a> \u2022  <a href=\"http:\/\/lattes.cnpq.br\/5748137516617885\">Lattes<\/a><\/p>\n\n\n\n<p><strong>Contato:<\/strong>\u00a0<a href=\"mailto:karina_oliv@yahoo.com.br\" target=\"_blank\" rel=\"noreferrer noopener\"><a href=\"mailto:andregoncalvespsi@gmail.com\" target=\"_blank\" rel=\"noreferrer noopener\">andregoncalvespsi@gmail.com<\/a><\/a><\/p>\n<\/details>\n\n\n\n<details class=\"wp-block-details is-layout-flow wp-block-details-is-layout-flow\"><summary>Bruno Luiz Avelino Cardoso \u2022 mestrado e doutorado<\/summary>\n<p>Sou psic\u00f3logo, mestre e doutor em Psicologia.&nbsp;Tenho interesse em pesquisas&nbsp;e interven\u00e7\u00f5es, individuais e\/ou em grupo, relacionadas \u00e0s Terapias Cognitivo-Comportamentais, Terapia do Esquema; Terapia Cognitivo-Comportamental para Casais; Treinamento de Habilidades Sociais; e Minorias sexuais e de g\u00eanero.<\/p>\n\n\n\n<p><strong>Contato:<\/strong> <a href=\"mailto:brunolacardoso@gmail.com\">brunolacardoso@gmail.com<\/a><\/p>\n<\/details>\n\n\n\n<details class=\"wp-block-details is-layout-flow wp-block-details-is-layout-flow\"><summary>Cristiano Mauro Assis Gomes \u2022 mestrado e doutorado<\/summary>\n<p>Psicometrista e psic\u00f3logo educacional, com forma\u00e7\u00e3o em estat\u00edsticas estado-da-arte e algoritmos de machine learning.<\/p>\n\n\n\n<p>Temas de Pesquisa Atuais: teoria das abordagens de aprendizagem, metacogni\u00e7\u00e3o, intelig\u00eancia, a medida do indiv\u00edduo, predi\u00e7\u00e3o do desempenho no Exame Nacional do Ensino M\u00e9dio.<\/p>\n\n\n\n<p><a href=\"https:\/\/scholar.google.com.br\/citations?user=rJq4G18AAAAJ&amp;hl=pt-BR\">Scholar<\/a> \u2022 <a href=\"https:\/\/scholar.google.com.br\/citations?user=rJq4G18AAAAJ&amp;hl=pt-BR\">ResearchGate<\/a> \u2022 <a href=\"http:\/\/lattes.cnpq.br\/2458326202205195\">Lattes<\/a><\/p>\n\n\n\n<p><strong>Contato:<\/strong>&nbsp;<a href=\"mailto:cristianomaurogomes@gmail.com\">cristianomaurogomes@gmail.com<\/a><\/p>\n<\/details>\n\n\n\n<details class=\"wp-block-details is-layout-flow wp-block-details-is-layout-flow\"><summary>Elizabeth do Nascimento \u2022 mestrado e doutorado<\/summary>\n<p>Sou psic\u00f3loga, mestre (UFMG) e doutora (UNB) em psicologia. A minha principal \u00e1rea de atua\u00e7\u00e3o \u00e9 a avalia\u00e7\u00e3o psicol\u00f3gica em diferentes contextos, com \u00eanfase na constru\u00e7\u00e3o e adapta\u00e7\u00e3o de instrumentos psicol\u00f3gicos para adultos. Como temas atuais de pesquisa destaco: mensura\u00e7\u00e3o da personalidade, da intelig\u00eancia e de construtos espec\u00edficos que auxiliem na avalia\u00e7\u00e3o da sa\u00fade, como por exemplo, coping.&nbsp;<\/p>\n\n\n\n<p><a href=\"https:\/\/scholar.google.com.br\/citations?user=bUlJn04AAAAJ&amp;hl=pt-BR\">Scholar<\/a> \u2022 <a href=\"https:\/\/www.researchgate.net\/profile\/Elizabeth_Nascimento5\">ResearchGate<\/a> \u2022 <a href=\"http:\/\/buscatextual.cnpq.br\/buscatextual\/visualizacv.do?id=K4700448Z0\">Lattes<\/a><\/p>\n\n\n\n<p><strong>Contato:<\/strong>&nbsp;<a href=\"mailto:bethdonascimento@gmail.com\">bethdonascimento@gmail.com<\/a><\/p>\n<\/details>\n\n\n\n<details class=\"wp-block-details is-layout-flow wp-block-details-is-layout-flow\"><summary>Maycoln Le\u00f4ni Martins Teodoro \u2022 mestrado e doutorado<\/summary>\n<p>Sou psic\u00f3logo, mestre em Psicologia Social e Doutor em Psicologia Cl\u00ednica. Tenho interesse em investiga\u00e7\u00f5es que envolvam interven\u00e7\u00f5es psicol\u00f3gicas e preven\u00e7\u00e3o em diferentes contextos. Meus principais temas est\u00e3o relacionados \u00e0s Terapias Cognitivas, ligados \u00e0 sa\u00fade mental, comportamento suicida, abuso sexual contra crian\u00e7as e adolescentes e constru\u00e7\u00e3o e adapta\u00e7\u00e3o de instrumentos psicol\u00f3gicos<\/p>\n\n\n\n<p><a href=\"https:\/\/scholar.google.com.br\/citations?user=GGcwnPsAAAAJ&amp;hl=pt-BR\">Scholar<\/a> \u2022 <a href=\"https:\/\/www.researchgate.net\/profile\/Maycoln_Teodoro3\">ResearchGate<\/a> \u2022 <a href=\"http:\/\/lattes.cnpq.br\/2192951085538374\">Lattes<\/a><\/p>\n\n\n\n<p><strong>Contato:<\/strong>&nbsp;<a href=\"mailto:mlmteodoro@hotmail.com\">mlmteodoro@hotmail.com<\/a><\/p>\n<\/details>\n\n\n\n<details class=\"wp-block-details is-layout-flow wp-block-details-is-layout-flow\"><summary>Marcela Mansur Alves \u2022 mestrado e doutorado<\/summary>\n<p>Professora Associada do Departamento de Psicologia da UFMG. \u00c9 psic\u00f3loga, mestre em Psicologia do Desenvolvimento Humano (UFMG) e doutora em Neuroci\u00eancias (UFMG), com p\u00f3s-doutorado pela Universidade de Lisboa e Universidade S\u00e3o Francisco. Coordena o Laborat\u00f3rio de Avalia\u00e7\u00e3o e Interven\u00e7\u00e3o na Sa\u00fade (LAVIS\/UFMG) e possui ampla experi\u00eancia em Avalia\u00e7\u00e3o Psicol\u00f3gica e Psicologia das Diferen\u00e7as Individuais, com foco em personalidade, intelig\u00eancia, psicopatologia e constru\u00e7\u00e3o\/adapta\u00e7\u00e3o de instrumentos. Atuou em fun\u00e7\u00f5es de gest\u00e3o no DPsi e no PPG CogCom, integra a diretoria do IBAP (gest\u00e3o 2025-2027) e o GT de Avalia\u00e7\u00e3o Psicol\u00f3gica e Psicopatologia da ANPEPP.<\/p>\n\n\n\n<p><a href=\"https:\/\/scholar.google.com.br\/citations?user=E-2-6b8AAAAJ&amp;hl=pt-BR\">Scholar<\/a> \u2022 <a href=\"https:\/\/www.researchgate.net\/profile\/Marcela_Mansur-Alves\">ResearchGate<\/a> \u2022 <a href=\"http:\/\/lattes.cnpq.br\/6802808535904211\">Lattes<\/a><\/p>\n\n\n\n<p>Contato: <a href=\"mailto:marmansura@gmail.com\">marmansura@gmail.com<\/a><\/p>\n<\/details>\n\n\n\n<details class=\"wp-block-details is-layout-flow wp-block-details-is-layout-flow\"><summary>Pricila Cristina Correa Ribeiro \u2022 mestrado e doutorado<\/summary>\n<p>Sou psic\u00f3loga, mestre em gerontologia e doutora em sa\u00fade coletiva. Atuo na \u00e1rea da psicogerontologia e na sa\u00fade coletiva com enfoque epidemiol\u00f3gico. Meus temas de pesquisa s\u00e3o: envelhecimento; desenvolvimento ao longo da vida; doen\u00e7as cr\u00f4nicas e transtornos neurocognitivos em adultos e pessoas idosas; promo\u00e7\u00e3o da sa\u00fade e do envelhecimento saud\u00e1vel e aspectos positivos da velhice.<\/p>\n\n\n\n<p><a href=\"https:\/\/scholar.google.com.br\/citations?hl=pt-BR&amp;user=Z_opMJsAAAAJ\">Scholar<\/a> \u2022 <a href=\"https:\/\/www.researchgate.net\/profile\/Pricila_Ribeiro\">ResearchGate<\/a> \u2022 <a href=\"http:\/\/lattes.cnpq.br\/7438450022515859\">Lattes<\/a><\/p>\n\n\n\n<p><strong>Contato: <\/strong><a href=\"mailto:pricilaribeiro@ufmg.br\">pricilaribeiro@ufmg.br<\/a><\/p>\n<\/details>\n\n\n\n<details class=\"wp-block-details is-layout-flow wp-block-details-is-layout-flow\"><summary>Silvia Miranda Amorim \u2022 mestrado e doutorado<\/summary>\n<p>Sou psic\u00f3loga, mestre e doutora em Psicologia com \u00eanfase em Cogni\u00e7\u00e3o Social, Organiza\u00e7\u00f5es e Trabalho. Atuo na \u00e1rea de Psicologia do Trabalho e das Organiza\u00e7\u00f5es, tendo interesse em investigar diferentes fen\u00f4menos voltados para o bem-estar no ambiente de trabalho, por meio de estudos quantitativos ou qualitativos. Destaco os seguintes temas de pesquisa: habilidades e compet\u00eancias de trabalho, clima organizacional, diversidade no trabalho, envelhecimento no trabalho e aposentadoria, interven\u00e7\u00f5es organizacionais para sa\u00fade e bem-estar, comportamento organizacional positivo e avalia\u00e7\u00e3o psicol\u00f3gica no contexto organizacional e do trabalho.<\/p>\n\n\n\n<p><a href=\"https:\/\/scholar.google.com.br\/citations?user=L7HemicAAAAJ&amp;hl=pt-BR\">Scholar<\/a> \u2022 <a href=\"https:\/\/www.researchgate.net\/profile\/Silvia-Amorim-2\">ResearchGate<\/a> \u2022 <a href=\"http:\/\/lattes.cnpq.br\/2332689722457028\">Lattes<\/a><\/p>\n\n\n\n<p><strong>Contato:<\/strong><a href=\"mailto:silvia-amorim@ufmg.br\" target=\"_blank\" rel=\"noreferrer noopener\">silvia-amorim@ufmg.br<\/a><\/p>\n<\/details>\n<\/div>\n\n\n\n<div style=\"height:50px\" aria-hidden=\"true\" class=\"wp-block-spacer\"><\/div>\n\n\n\n<div class=\"wp-block-group is-layout-constrained wp-container-core-group-is-layout-346627ba wp-block-group-is-layout-constrained\">\n<h2 class=\"wp-block-heading has-medium-font-size\" id=\"neuropsicologia-comportamento\">Linha de pesquisa: <a href=\"https:\/\/www.fafich.ufmg.br\/psicogcom\/linhas\/#neuropsicologia-comportamento\">Neuropsicologia e Comportamento<\/a><\/h2>\n\n\n\n<details class=\"wp-block-details is-layout-flow wp-block-details-is-layout-flow\"><summary>\u00c2ngela Maria Vieira Pinheiro \u2022 mestrado e doutorado<\/summary>\n<p>Psic\u00f3loga (doutorado em Psicologia Cognitiva pela University of Dundee na Esc\u00f3cia).&nbsp; Tenho interesse no desenvolvimento da leitura e dislexia, com foco na elabora\u00e7\u00e3o de medidas para a avalia\u00e7\u00e3o do reconhecimento de palavras e compreens\u00e3o de senten\u00e7as, assim como na avalia\u00e7\u00e3o do conhecimento de pais e professores sobre a dislexia. Sou a fundadora e coordenadora do site <a href=\"http:\/\/www.dislexiabrasil.com.br\">www.dislexiabrasil.com.br<\/a> e do curso EaD Dislexia: Causas e consequ\u00eancias, para a forma\u00e7\u00e3o de professores do ensino fundamental e de alunos de gradua\u00e7\u00e3o e p\u00f3s-gradua\u00e7\u00e3o em psicologia e \u00e1reas afins.<\/p>\n\n\n\n<p><a href=\"https:\/\/scholar.google.com.br\/citations?user=TXr0csAAAAAJ&amp;hl=pt-BR\">Scholar<\/a> \u2022 <a href=\"https:\/\/www.researchgate.net\/profile\/Angela_Pinheiro4\">ResearchGate<\/a> \u2022 <a href=\"http:\/\/buscatextual.cnpq.br\/buscatextual\/visualizacv.do?id=K4797866Z0\">Lattes<\/a><\/p>\n\n\n\n<p>Contato: <a href=\"mailto:pinheiroamva@gmail.com\">pinheiroamva@gmail.com<\/a><\/p>\n<\/details>\n\n\n\n<details class=\"wp-block-details is-layout-flow wp-block-details-is-layout-flow\"><summary>Ant\u00f4nio Jaeger \u2022 mestrado e doutorado<\/summary>\n<p>Psic\u00f3logo, (doutorado em psicologia, UFRGS), com interesse em aprendizagem e mem\u00f3ria sob uma perspectiva da psicologia cognitiva e da neuroci\u00eancia humana. Atualmente desenvolve e orienta trabalhos sobre intera\u00e7\u00f5es entre mem\u00f3ria e emo\u00e7\u00e3o, mem\u00f3ria e envelhecimento, e mem\u00f3ria e psicologia do testemunho. Desenvolve tamb\u00e9m&nbsp; projetos que aspiram a explorar intersec\u00e7\u00f5es entre psicologia cognitiva e educa\u00e7\u00e3o, com foco na aplica\u00e7\u00e3o da psicologia cognitiva a processos de ensino e aprendizagem.&nbsp;<\/p>\n\n\n\n<p><a href=\"http:\/\/lattes.cnpq.br\/3412064229607053\">Scholar<\/a> \u2022 <a href=\"https:\/\/www.researchgate.net\/profile\/Antonio_Jaeger\">ResearchGate<\/a> \u2022 <a href=\"https:\/\/scholar.google.com.br\/citations?user=23jXVvAAAAAJ&amp;hl=pt-BR\">Lattes<\/a><\/p>\n\n\n\n<p><strong>Contato:<\/strong><a href=\"mailto:antonio.jaeger@gmail.com\">antonio.jaeger@gmail.com<\/a><\/p>\n<\/details>\n\n\n\n<details class=\"wp-block-details is-layout-flow wp-block-details-is-layout-flow\"><summary>Cl\u00e1udia Cardoso-Martins \u2022 mestrado e doutorado<\/summary>\n<p>Professora titular do departamento de Psicologia da Universidade Federal de Minas Gerais, onde coordena o Laborat\u00f3rio de Estudos e Extens\u00e3o em Autismo e Desenvolvimento (LEAD). Lecionou no programa de p\u00f3s-gradua\u00e7\u00e3o do departamento de Psicologia da University of Texas-Austin (EUA) em 2014, como parte de uma premia\u00e7\u00e3o concedida pelo Centro de Estudos Brasileiros daquela universidade. Atualmente \u00e9 professora residente do Instituto de Estudos Avan\u00e7ados Transdisciplinares (IEAT) da UFMG e membro do corpo editorial da revista Psicologia Reflex\u00e3o &amp; Cr\u00edtica e da Applied Psycholinguists. Seus interesses de pesquisa s\u00e3o desenvolvimento s\u00f3ciocognitivo; desenvolvimento da linguagem oral e escrita e transtornos da aprendizagem.<\/p>\n\n\n\n<p><a href=\"https:\/\/www.researchgate.net\/profile\/Claudia_Cardoso-Martins\">ResearchGate<\/a> \u2022 <a href=\"http:\/\/lattes.cnpq.br\/9555963022676364\">Lattes<\/a><\/p>\n\n\n\n<p><strong>contato:<\/strong><a href=\"mailto:cardosomartins.c@gmail.com\">cardosomartins.c@gmail.com<\/a><\/p>\n<\/details>\n\n\n\n<details class=\"wp-block-details is-layout-flow wp-block-details-is-layout-flow\"><summary>Edson Massayuki Huziwara \u2022 mestrado e doutorado<\/summary>\n<p>Psic\u00f3logo, mestre em Educa\u00e7\u00e3o Especial (UFSCar) e doutor em Psicologia Experimental (USP). Ao longo dos anos, tenho desenvolvido trabalhos experimentais sobre a an\u00e1lise comportamental do funcionamento simb\u00f3lico, com base no Paradigma de Equival\u00eancia de Est\u00edmulos. Meus interesses atuais de pesquisa est\u00e3o relacionados a: (i) an\u00e1lise e descri\u00e7\u00e3o de condi\u00e7\u00f5es de ensino em diferentes contextos (p. ex., ensino de matem\u00e1tica, de consumo verde, de intraempreendedorismo, de manejo comportamental em sala de aula); (ii) ensino de habilidades musicais rudimentares com base em procedimentos anal\u00edticos comportamentais; e (iii) relatos eletrofisiol\u00f3gicos de comportamento simb\u00f3lico (i.e., componente N400) em tarefas experimentais envolvendo o Paradigma de Equival\u00eancia de Est\u00edmulos e a Teoria dos Quadros Relacionais (RFT).<\/p>\n\n\n\n<p><a href=\"https:\/\/scholar.google.com.br\/citations?user=0o4pdJ0AAAAJ&amp;hl=en\">Scholar<\/a> \u2022 <a href=\"https:\/\/www.researchgate.net\/profile\/Edson_Huziwara\">ResearchGate<\/a> \u2022 <a href=\"http:\/\/lattes.cnpq.br\/4671775690334406\">Lattes<\/a><\/p>\n\n\n\n<p><strong>Contato:<\/strong>&nbsp;<a href=\"mailto:huziwara.edson@gmail.com\">huziwara.edson@gmail.com<\/a><\/p>\n<\/details>\n\n\n\n<details class=\"wp-block-details is-layout-flow wp-block-details-is-layout-flow\"><summary>J\u00falia Beatriz Lopes-Silva \u2022 mestrado e doutorado<\/summary>\n<p>Sou psic\u00f3loga, mestre e doutora em Sa\u00fade da Crian\u00e7a e do Adolescente pela Faculdade de Medicina da UFMG. Coordeno o Laborat\u00f3rio de Neuropsicologia do Desenvolvimento (LND). Tenho interesse na interface entre neuropsicologia e aprendizagem, especialmente em tem\u00e1ticas referentes ao desenvolvimento da linguagem escrita e aspectos simb\u00f3licos da cogni\u00e7\u00e3o num\u00e9rica. Al\u00e9m disso, estudo transtornos de aprendizagem, com \u00eanfase na heterogeneidade dos preju\u00edzos cognitivos subjacentes e comportamentais associados \u00e0 eles, assim como suas comorbidades.<\/p>\n\n\n\n<p><a href=\"https:\/\/scholar.google.com\/citations?user=ikcF3i0AAAAJ&amp;hl=pt-BR\">Scholar<\/a> \u2022 <a href=\"https:\/\/www.researchgate.net\/profile\/Julia-Lopes-Silva\">ResearchGate<\/a> \u2022 <a href=\"http:\/\/lattes.cnpq.br\/2230882428520970\">Lattes<\/a><\/p>\n\n\n\n<p><strong>Contato:<\/strong><a href=\"mailto:silvajbls@gmail.com\" target=\"_blank\" rel=\"noreferrer noopener\">silvajbls@gmail.com<\/a><\/p>\n<\/details>\n\n\n\n<details class=\"wp-block-details is-layout-flow wp-block-details-is-layout-flow\"><summary>Maicon Rodriques Albuquerque \u2022 mestrado e doutorado<\/summary>\n<p>Profissional de Educa\u00e7\u00e3o F\u00edsica (Licenciatura e Bacharelado), Mestre em Ci\u00eancias do Esporte \u2013 Universidade Federal de Minas Gerais (UFMG) e Doutor em Medicina Molecular \u2013 UFMG. Coordenador de Esportes Ol\u00edmpicos do Centro de Treinamento Esportivo da UFMG. Interesses de pesquisa nas \u00e1reas de Neuropsicologia\/Psicologia do Esporte; Esportes de Combate e Gen\u00e9tica. Bolsista de Produtividade em Pesquisa \u2013 CNPq no Comit\u00ea de Assessoramento de Biof\u00edsica, Bioqu\u00edmica, Farmacologia, Fisiologia e Neuroci\u00eancias.<\/p>\n\n\n\n<p><a href=\"https:\/\/scholar.google.com.br\/citations?user=JRq7A1EAAAAJ&amp;hl=pt-BR\">Scholar<\/a> \u2022 <a href=\"https:\/\/www.researchgate.net\/profile\/Maicon_Albuquerque\">ResearchGate<\/a> \u2022 <a href=\"http:\/\/lattes.cnpq.br\/6882672148403531\">Lattes<\/a><\/p>\n\n\n\n<p><strong>Contato:<\/strong><a href=\"mailto:lin.maicon@gmail.com\">lin.maicon@gmail.com<\/a><\/p>\n<\/details>\n\n\n\n<details class=\"wp-block-details is-layout-flow wp-block-details-is-layout-flow\"><summary>Renato Bortoloti \u2022 mestrado e doutorado<\/summary>\n<p>Possuo forma\u00e7\u00e3o e experi\u00eancia em An\u00e1lise Experimental do Comportamento, com \u00eanfase em an\u00e1lise comportamental de processos cognitivos. Trabalho com modelos comportamentais que simulam o estabelecimento de rela\u00e7\u00f5es simb\u00f3licas em variadas condi\u00e7\u00f5es experimentais. Meus interesses de investiga\u00e7\u00e3o miram, principalmente, processos psicol\u00f3gicos envolvidos na produ\u00e7\u00e3o da linguagem e de outros comportamentos simb\u00f3licos. Tenho disponibilidade para orientar alunos de p\u00f3s-gradua\u00e7\u00e3o com interesses similares.<\/p>\n\n\n\n<p><a href=\"https:\/\/scholar.google.com.br\/citations?user=eXgIPIcAAAAJ&amp;hl=en\">Scholar<\/a> \u2022 <a href=\"https:\/\/www.researchgate.net\/profile\/Renato_Bortoloti\">ResearchGate<\/a> \u2022 <a href=\"http:\/\/lattes.cnpq.br\/4872607031009070\">Lattes<\/a><\/p>\n\n\n\n<p><strong>Contato:<\/strong><a href=\"mailto:renatobortoloti@gmail.com\">renatobortoloti@gmail.com<\/a><\/p>\n<\/details>\n\n\n\n<details class=\"wp-block-details is-layout-flow wp-block-details-is-layout-flow\"><summary>Thais Porlan de Oliveira \u2022 mestrado e doutorado<\/summary>\n<p>Psic\u00f3loga, mestre e doutora em educa\u00e7\u00e3o especial (UFSCar) e especialista em Terapia Comportamental, tenho est\u00e1gio p\u00f3s-doutoral em An\u00e1lise do Comportamento na interface com Psicologia do desenvolvimento. Meus interesses principais envolvem investiga\u00e7\u00f5es sobre o desenvolvimento das fun\u00e7\u00f5es simb\u00f3licas em crian\u00e7as com desenvolvimento t\u00edpico e transtornos do desenvolvimento, especialmente Transtorno do espectro do autismo (TEA). Como temas atuais de pesquisa, destaco: pr\u00e9-requisitos na aprendizagem de repert\u00f3rios comunicativos, desenvolvimento da aprendizagem relacional segundo a Teoria das molduras relacionais (RFT) e aplica\u00e7\u00e3o de tecnologia comportamental para TEA, como treino parental. Atualmente sou Diretora da Faculdade de Filosofia e Ci\u00eancias Humanas (FAFICH\/UFMG, mandato 2023-2027).<\/p>\n\n\n\n<p><a href=\"https:\/\/scholar.google.com.br\/citations?user=gM8HjuMAAAAJ&amp;hl=en\">Scholar<\/a> \u2022 <a href=\"http:\/\/lattes.cnpq.br\/4681384589017435\">Lattes<\/a><\/p>\n\n\n\n<p><strong>Contato:<\/strong><a href=\"mailto:thais.porlan@gmail.com\">thais.porlan@gmail.com<\/a><\/p>\n<\/details>\n\n\n\n<details class=\"wp-block-details is-layout-flow wp-block-details-is-layout-flow\"><summary>Vitor Geraldi Haase \u2022 mestrado e doutorado<\/summary>\n<p>Trabalho com neuropsicologia do desenvolvimento. Minha \u00e1rea de atua\u00e7\u00e3o \u00e9 a cogni\u00e7\u00e3o num\u00e9rica, principalmente as dificuldades de aprendizagem da matem\u00e1tica (p. ex., discalculia do desenvolvimento, ansiedade matem\u00e1tica). Estudo: a) mecanismos gen\u00e9ticos e cognitivos implicados na aprendizagem da aritm\u00e9tica e suas dificuldades; b) fatores de risco e impacto psicossocial das dificuldades de aprendizagem de matem\u00e1tica sobre os alunos, fam\u00edlia e professores; c) instrumentos de diagn\u00f3stico e procedimentos de interven\u00e7\u00e3o para as dificuldades de aprendizagem de matem\u00e1tica. Atuo tanto na pesquisa b\u00e1sica (teste de hip\u00f3teses e modelos cognitivos) quanto translacional (fundamenta\u00e7\u00e3o da neuropsicologia em evid\u00eancias). Aceito alunos de mestrado e doutorado com experi\u00eancia pr\u00e9via em pesquisa (p. ex., inicia\u00e7\u00e3o cient\u00edfica na gradua\u00e7\u00e3o, leitura avan\u00e7ada em ingl\u00eas, interesse por estat\u00edstica etc.) e disponibilidade para se envolver com pesquisa em tempo integral. Tenho um blog sobre Neuropsicologia e desenvolvimento humano (<a href=\"http:\/\/npsi-dev.blogspot.com.br\/\" target=\"_blank\" rel=\"noreferrer noopener\">http:\/\/npsi-dev.blogspot.com.br<\/a>).<\/p>\n\n\n\n<p><a href=\"https:\/\/scholar.google.com.br\/citations?user=Ml5UvW0AAAAJ&amp;hl=pt-BR\">Scholar<\/a> \u2022 <a href=\"https:\/\/www.researchgate.net\/profile\/Vitor_Geraldi_Haase\">ResearchGate<\/a> \u2022 <a href=\"http:\/\/lattes.cnpq.br\/2208591466035438\">Lattes<\/a><\/p>\n\n\n\n<p><strong>Contato:<\/strong><a href=\"mailto:vghaase@gmail.com\" target=\"_blank\" rel=\"noreferrer noopener\">vghaase@gmail.com<\/a><\/p>\n<\/details>\n\n\n\n<details class=\"wp-block-details is-layout-flow wp-block-details-is-layout-flow\"><summary>Caroline Greiner Richter \u2022 professora colaboradora \u2022 mestrado<\/summary>\n<p>Assistant Professor na University of Alabama at Birmingham (2022 &#8211; atual). Postdoctoral Research na University of Connecticut (2022). Doutorado em Psicologia Experimental, com foco em Psicologia do Desenvolvimento pela University of Louisville, KY, USA(2021). Mestre em Psicologia Experimental pela University of Louisville, USA (2019). Mestre em Psicologia do Desenvolvimento pela UFMG (2017). Bolsista de mestrado pela CAPES. Possui especializa\u00e7\u00e3o em Terapia Cognitivo-Comportamental pelo Instituto WP (2015) e gradua\u00e7\u00e3o em Psicologia pela UFMG (2014).<\/p>\n\n\n\n<p><a href=\"http:\/\/lattes.cnpq.br\/9563463895598644\">Lattes<\/a><\/p>\n\n\n\n<p><strong>Contato:<\/strong><a href=\"mailto:viviane.verdu@gmail.com\">carolinerichter@uab.edu<\/a><\/p>\n<\/details>\n\n\n\n<details class=\"wp-block-details is-layout-flow wp-block-details-is-layout-flow\"><summary>Mariuche Gomides \u2022 professora colaboradora \u2022 mestrado<\/summary>\n<p>Psic\u00f3loga (UFMG), Mestre em Neuroci\u00eancias (UFMG) e Doutora em Psicologia, Cogni\u00e7\u00e3o e Comportamento (UFMG). Coordeno o Laborat\u00f3rio de Neuropsicologia do Desenvolvimento (LND). Minha pesquisa se concentra nos mecanismos cognitivos e afetivos envolvidos na aprendizagem da matem\u00e1tica, com \u00eanfase no papel de modelos sociais \u2014 como pais e professores \u2014 nesse processo e na influ\u00eancia da ansiedade matem\u00e1tica sobre trajet\u00f3rias educacionais e escolha de carreira. Tamb\u00e9m tenho interesse em pesquisas translacionais voltadas a promover a aprendizagem da matem\u00e1tica, incluindo o desenvolvimento de instrumentos de avalia\u00e7\u00e3o e de interven\u00e7\u00f5es educacionais aplicadas aos contextos escolar e familiar.<\/p>\n\n\n\n<p><strong><a href=\"https:\/\/scholar.google.com\/citations?user=AUGnOLIAAAAJ&amp;hl=en&amp;oi=ao\" data-type=\"link\" data-id=\"https:\/\/scholar.google.com\/citations?user=AUGnOLIAAAAJ&amp;hl=en&amp;oi=ao\">Scholar<\/a><\/strong><a href=\"https:\/\/scholar.google.com\/citations?user=AUGnOLIAAAAJ&amp;hl=en&amp;oi=ao\" target=\"_blank\" rel=\"noreferrer noopener\"> <\/a>\u2022 <strong><a href=\"https:\/\/www.researchgate.net\/profile\/Mariuche-Gomides\" data-type=\"link\" data-id=\"https:\/\/www.researchgate.net\/profile\/Mariuche-Gomides\">Research gate<\/a><\/strong> \u2022 <a href=\"http:\/\/lattes.cnpq.br\/8394273451622059\" data-type=\"link\" data-id=\"http:\/\/lattes.cnpq.br\/8394273451622059\">Lattes<\/a><\/p>\n\n\n\n<p><strong>Contato: <\/strong><a href=\"mailto:viviane.verdu@gmail.com\">mariuche.gomides@gmail.com<\/a><\/p>\n<\/details>\n<\/div>\n\n\n\n<p><\/p>\n","protected":false},"excerpt":{"rendered":"<p>Linha de pesquisa: Mensura\u00e7\u00e3o e Interven\u00e7\u00e3o Psicol\u00f3gica Linha de pesquisa: Neuropsicologia e Comportamento<\/p>\n","protected":false},"author":2,"featured_media":0,"parent":0,"menu_order":0,"comment_status":"closed","ping_status":"closed","template":"","meta":{"_acf_changed":false,"footnotes":""},"class_list":["post-10260","page","type-page","status-publish","hentry"],"acf":[],"meta_box":[],"_links":{"self":[{"href":"https:\/\/www.fafich.ufmg.br\/psicogcom\/wp-json\/wp\/v2\/pages\/10260","targetHints":{"allow":["GET"]}}],"collection":[{"href":"https:\/\/www.fafich.ufmg.br\/psicogcom\/wp-json\/wp\/v2\/pages"}],"about":[{"href":"https:\/\/www.fafich.ufmg.br\/psicogcom\/wp-json\/wp\/v2\/types\/page"}],"author":[{"embeddable":true,"href":"https:\/\/www.fafich.ufmg.br\/psicogcom\/wp-json\/wp\/v2\/users\/2"}],"replies":[{"embeddable":true,"href":"https:\/\/www.fafich.ufmg.br\/psicogcom\/wp-json\/wp\/v2\/comments?post=10260"}],"version-history":[{"count":27,"href":"https:\/\/www.fafich.ufmg.br\/psicogcom\/wp-json\/wp\/v2\/pages\/10260\/revisions"}],"predecessor-version":[{"id":10938,"href":"https:\/\/www.fafich.ufmg.br\/psicogcom\/wp-json\/wp\/v2\/pages\/10260\/revisions\/10938"}],"wp:attachment":[{"href":"https:\/\/www.fafich.ufmg.br\/psicogcom\/wp-json\/wp\/v2\/media?parent=10260"}],"curies":[{"name":"wp","href":"https:\/\/api.w.org\/{rel}","templated":true}]}}