{"id":10280,"date":"2025-06-04T11:24:36","date_gmt":"2025-06-04T14:24:36","guid":{"rendered":"https:\/\/www.fafich.ufmg.br\/psicogcom\/wordpress\/?page_id=10280"},"modified":"2025-10-16T10:52:19","modified_gmt":"2025-10-16T13:52:19","slug":"diplomas","status":"publish","type":"page","link":"https:\/\/www.fafich.ufmg.br\/psicogcom\/diplomas\/","title":{"rendered":"Obten\u00e7\u00e3o do Diploma &#8211; Orienta\u00e7\u00f5es"},"content":{"rendered":"\n<div class=\"wp-block-group is-layout-constrained wp-block-group-is-layout-constrained\">\n<div class=\"wp-block-columns is-layout-flex wp-container-core-columns-is-layout-28f84493 wp-block-columns-is-layout-flex\">\n<div class=\"wp-block-column is-layout-flow wp-block-column-is-layout-flow\" style=\"flex-basis:100%\">\n<ul class=\"wp-block-list\">\n<li>N\u00e3o \u00e9 necess\u00e1ria mais a entrega de Teses e Disserta\u00e7\u00f5es na vers\u00e3o impressa, apenas a vers\u00e3o em PDF \u00e0 Secretaria do curso e ao Reposit\u00f3rio. Sendo assim, o primeiro passo fundamental para obter o diploma \u00e9 enviar sua disserta\u00e7\u00e3o ou tese \u00e0 secretaria do curso (caso ainda n\u00e3o tenha feito). Em seguida, \u00e9 necess\u00e1rio conseguir junto a Biblioteca da FAFICH, a ficha catalogr\u00e1fica e a solicita\u00e7\u00e3o de nada-consta:<\/li>\n<\/ul>\n<\/div>\n<\/div>\n\n\n<p class=\"wp-block-site-tagline\">Programa de P\u00f3s-Gradua\u00e7\u00e3o da FAFICH\/UFMG, com \u00eanfase no campo de psicologia, cogni\u00e7\u00e3o e comportamento<\/p><\/div>\n\n\n\n<div class=\"wp-block-group is-layout-constrained wp-block-group-is-layout-constrained\">\n<p class=\"has-pale-cyan-blue-background-color has-background\"><strong><br>1) Ficha catalogr\u00e1fica<\/strong><br>A emiss\u00e3o de ficha catalogr\u00e1fica, item obrigat\u00f3rio em livros, disserta\u00e7\u00f5es e teses, deve ser solicitada junto \u00e0 biblioteca da unidade \u00e0 qual o usu\u00e1rio est\u00e1 vinculado.<br>Para membros da FAFICH, a solicita\u00e7\u00e3o deve ser feita por meio de preenchimento do formul\u00e1rio dispon\u00edvel em:<a href=\" https:\/\/bib44.fafich.ufmg.br\/biblioteca\/ficha_catalografica.php\"> https:\/\/bib44.fafich.ufmg.br\/biblioteca\/ficha_catalografica.php<\/a><br>Ap\u00f3s a solicita\u00e7\u00e3o, o envio da ficha \u00e9 feito em at\u00e9 2 dias \u00fateis, por e-mail.<\/p>\n<\/div>\n\n\n\n<div style=\"height:28px\" aria-hidden=\"true\" class=\"wp-block-spacer\"><\/div>\n\n\n\n<div class=\"wp-block-group is-layout-constrained wp-block-group-is-layout-constrained\">\n<p class=\"has-light-green-cyan-background-color has-background\"><br><strong>2) Solicita\u00e7\u00e3o de nada-consta<\/strong><br>O nada-consta para a comunidade FAFICH dever\u00e1 ser solicitado atrav\u00e9s do e-mail: <a href=\"mailto:chefiabiblioteca@fafich.ufmg.br\"><strong>chefiabiblioteca@fafich.ufmg.br<\/strong><\/a><br><\/p>\n<\/div>\n\n\n\n<div style=\"height:24px\" aria-hidden=\"true\" class=\"wp-block-spacer\"><\/div>\n\n\n\n<div class=\"wp-block-group is-layout-constrained wp-block-group-is-layout-constrained\">\n<p class=\"has-vivid-cyan-blue-background-color has-background\" style=\"padding-top:var(--wp--preset--spacing--40);padding-bottom:var(--wp--preset--spacing--40)\"><strong>3)Dep\u00f3sito da tese no Reposit\u00f3rio da UFMG:<\/strong>                                                                                                                                                       Para entregar a <strong>vers\u00e3o digital<\/strong> em formato PDF, \u00e9 preciso primeiro obter a <strong>autoriza\u00e7\u00e3o de dep\u00f3sito<\/strong> no Reposit\u00f3rio Institucional da UFMG. Seguindo as etapas:<\/p>\n<\/div>\n\n\n\n<div style=\"height:24px\" aria-hidden=\"true\" class=\"wp-block-spacer\"><\/div>\n\n\n\n<div class=\"wp-block-group is-layout-flow wp-block-group-is-layout-flow\">\n<div class=\"wp-block-group is-layout-constrained wp-block-group-is-layout-constrained\">\n<div class=\"wp-block-group is-layout-constrained wp-block-group-is-layout-constrained\">\n<ul style=\"padding-top:var(--wp--preset--spacing--30);padding-right:var(--wp--preset--spacing--60);padding-bottom:var(--wp--preset--spacing--30);padding-left:var(--wp--preset--spacing--60)\" class=\"wp-block-list\">\n<li>Abrir processo no SEI, conforme instru\u00e7\u00f5es no <a href=\"https:\/\/repositorio.ufmg.br\">site do Reposit\u00f3rio da UFMG  <\/a> <i class=\"fas fa-arrow-right\"><\/i> Indicar no SEI a Secretaria do Programa de P\u00f3s-gradua\u00e7\u00e3o em Psicologia: Cogni\u00e7\u00e3o e Comportamento. A sigla \u00e9 &#8220;FAFICH-SECPPP&#8221;, e o endere\u00e7o de vincula\u00e7\u00e3o &#8220;FAFICH \u2013 PROGRAMA DE P\u00d3S-GRADUA\u00c7\u00c3O EM PSICOLOGIA COGNI\u00c7\u00c3O E COMPORTAMENTO -SECRETARIA&#8221;<\/li>\n<\/ul>\n<\/div>\n<\/div>\n<\/div>\n\n\n\n<ul class=\"wp-block-list\">\n<li style=\"padding-right:var(--wp--preset--spacing--20);padding-left:var(--wp--preset--spacing--20)\"><strong> <\/strong>Se o pedido for priorit\u00e1rio, deve-se anexar ao processo no SEI o <a href=\"https:\/\/repositorio.ufmg.br\/static\/politica\/formulario-requerimento-de-registro-de-diploma-em-carater-prioritario-DRCA.pdf\">Formul\u00e1rio de requerimento de diploma em car\u00e1ter priorit\u00e1rio do DRCA<\/a>.<\/li>\n\n\n\n<li style=\"padding-top:var(--wp--preset--spacing--30);padding-right:var(--wp--preset--spacing--30);padding-bottom:var(--wp--preset--spacing--30);padding-left:var(--wp--preset--spacing--30)\">Ap\u00f3s este processo, acesse o Reposit\u00f3rio Institucional da UFMG e fa\u00e7a o login.&nbsp;<\/li>\n\n\n\n<li>Realize o dep\u00f3sito da vers\u00e3o final da sua tese, seguindo as instru\u00e7\u00f5es para dep\u00f3sito, que podem ser encontradas no site do reposit\u00f3rio.&nbsp;<\/li>\n\n\n\n<li>Ap\u00f3s a verifica\u00e7\u00e3o de que o arquivo est\u00e1 dentro das normas, voc\u00ea receber\u00e1 o <strong>Atestado de Entrega do Trabalho Final <\/strong>por e-mail.&nbsp;<\/li>\n<\/ul>\n\n\n\n<p><\/p>\n\n\n\n<div style=\"height:20px\" aria-hidden=\"true\" class=\"wp-block-spacer\"><\/div>\n\n\n\n<div class=\"wp-block-group is-layout-constrained wp-block-group-is-layout-constrained\">\n<p class=\"has-text-align-left has-background\" style=\"background-color:#f7b18d\"><strong>4) Secretaria do curso<\/strong>                                                                                                                            Ap\u00f3s realizados os processos acima, deve-se enviar e-mail para <a href=\"mailto:diplomas.cogcom@gmail.com\" target=\"_blank\" rel=\"noreferrer noopener\">diplomas.cogcom@gmail.com<\/a> com o assunto &#8220;<strong>Solicita\u00e7\u00e3o de Diploma<\/strong> <strong>(nome do discente\/n\u00famero de matr\u00edcula\/Curso\/N\u00edvel)<\/strong>&#8221; Obs: Dever\u00e1 ser referente a diploma de um \u00fanico curso. O e-mail deve conter um <strong>arquivo pdf \u00fanico<\/strong>, com os seguintes documentos e nesta ordem:<\/p>\n<\/div>\n\n\n\n<div style=\"height:27px\" aria-hidden=\"true\" class=\"wp-block-spacer\"><\/div>\n\n\n\n<p><strong>a. <\/strong>Diploma de Gradua\u00e7\u00e3o (frente e verso);<\/p>\n\n\n\n<p><strong>b. <\/strong><a href=\"https:\/\/sistemas.ufmg.br\/iaWeb\">Hist\u00f3rico Escolar do curso<\/a> conclu\u00eddo no PPGCogCom, integralizado e com os nomes do aluno e dos pais id\u00eanticos aos constantes na certid\u00e3o do item <strong>d<\/strong> (letras, sinais e acentos);<\/p>\n\n\n\n<p>\u2757Se identificar diferen\u00e7as entre os nomes no hist\u00f3rico e na certid\u00e3o, envie e-mail pr\u00e9vio solicitando a altera\u00e7\u00e3o\/acerto com c\u00f3pias dos dois documentos antes de prosseguir.<\/p>\n\n\n\n<p><strong>c.<\/strong> C\u00f3pia da carteira de identidade (frente e verso). No caso de alunos estrangeiros, anexar tamb\u00e9m c\u00f3pia do passaporte;<\/p>\n\n\n\n<p><strong>d.<\/strong> C\u00f3pia da certid\u00e3o de nascimento, certid\u00e3o de casamento ou uni\u00e3o est\u00e1vel;<\/p>\n\n\n\n<p><strong>e.<\/strong> C\u00f3pia do atestado de entrega do trabalho final em PDF, emitido pelo Reposit\u00f3rio;<\/p>\n\n\n\n<p><strong>f.<\/strong> \u201cNada consta\u201d (empr\u00e9stimos livros) da Biblioteca FAFICH;<\/p>\n\n\n\n<p><strong>g.<\/strong> \u201cNada consta\u201d (empr\u00e9stimos livros) da Biblioteca FAFICH;<\/p>\n\n\n\n<p><strong>h.<\/strong> Caso o pedido tenha urg\u00eancia, inclua o <a href=\"https:\/\/www2.ufmg.br\/drca\/content\/download\/24426\/165786\/file\/Formul%C3%A1rio prioridade UFMG e outras institui%C3%A7%C3%B5es.pdf\">REQUERIMENTO DE REGISTRO DE DIPLOMA EM CAR\u00c1TER PRIORIT\u00c1RIO<\/a> e documentos comprobat\u00f3rios.<\/p>\n\n\n\n<p>Ap\u00f3s recebimento do e-mail com a documenta\u00e7\u00e3o do aluno a Secretaria remete para o setor de expedi\u00e7\u00e3o de diplomas, cria um processo com a documenta\u00e7\u00e3o e envia o n\u00famero do processo para aluno acompanhar os tr\u00e2mites da solicita\u00e7\u00e3o atrav\u00e9s da p\u00e1gina&nbsp;<a href=\"https:\/\/www.ufmg.br\/prpg\/consulta-diplomas\/\" target=\"_blank\" rel=\"noreferrer noopener\">https:\/\/www.ufmg.br\/prpg\/consulta-diplomas\/<\/a> <\/p>\n\n\n\n<div style=\"height:27px\" aria-hidden=\"true\" class=\"wp-block-spacer\"><\/div>\n\n\n\n<p><strong>Obs.: Para os casos de 2\u00aa via, \u00e9 necess\u00e1rio o envio da taxa de Registro no valor informado no site do DRCA e n\u00e3o ser\u00e1 necess\u00e1rio enviar os documentos da Biblioteca.<\/strong><\/p>\n\n\n\n<p><\/p>\n\n\n\n<p><\/p>\n","protected":false},"excerpt":{"rendered":"<p>1) Ficha catalogr\u00e1ficaA emiss\u00e3o de ficha catalogr\u00e1fica, item obrigat\u00f3rio em livros, disserta\u00e7\u00f5es e teses, deve ser solicitada junto \u00e0 biblioteca da unidade \u00e0 qual o usu\u00e1rio est\u00e1 vinculado.Para membros da FAFICH, a solicita\u00e7\u00e3o deve ser feita por meio de preenchimento do formul\u00e1rio dispon\u00edvel em: https:\/\/bib44.fafich.ufmg.br\/biblioteca\/ficha_catalografica.phpAp\u00f3s a solicita\u00e7\u00e3o, o envio da ficha \u00e9 feito em at\u00e9 [&hellip;]<\/p>\n","protected":false},"author":2,"featured_media":0,"parent":0,"menu_order":0,"comment_status":"closed","ping_status":"closed","template":"","meta":{"_acf_changed":false,"footnotes":""},"class_list":["post-10280","page","type-page","status-publish","hentry"],"acf":[],"meta_box":[],"_links":{"self":[{"href":"https:\/\/www.fafich.ufmg.br\/psicogcom\/wp-json\/wp\/v2\/pages\/10280","targetHints":{"allow":["GET"]}}],"collection":[{"href":"https:\/\/www.fafich.ufmg.br\/psicogcom\/wp-json\/wp\/v2\/pages"}],"about":[{"href":"https:\/\/www.fafich.ufmg.br\/psicogcom\/wp-json\/wp\/v2\/types\/page"}],"author":[{"embeddable":true,"href":"https:\/\/www.fafich.ufmg.br\/psicogcom\/wp-json\/wp\/v2\/users\/2"}],"replies":[{"embeddable":true,"href":"https:\/\/www.fafich.ufmg.br\/psicogcom\/wp-json\/wp\/v2\/comments?post=10280"}],"version-history":[{"count":33,"href":"https:\/\/www.fafich.ufmg.br\/psicogcom\/wp-json\/wp\/v2\/pages\/10280\/revisions"}],"predecessor-version":[{"id":10865,"href":"https:\/\/www.fafich.ufmg.br\/psicogcom\/wp-json\/wp\/v2\/pages\/10280\/revisions\/10865"}],"wp:attachment":[{"href":"https:\/\/www.fafich.ufmg.br\/psicogcom\/wp-json\/wp\/v2\/media?parent=10280"}],"curies":[{"name":"wp","href":"https:\/\/api.w.org\/{rel}","templated":true}]}}