{"id":10286,"date":"2025-06-04T11:28:40","date_gmt":"2025-06-04T14:28:40","guid":{"rendered":"https:\/\/www.fafich.ufmg.br\/psicogcom\/wordpress\/?page_id=10286"},"modified":"2025-09-19T10:33:20","modified_gmt":"2025-09-19T13:33:20","slug":"solicitacao-de-residencia-pos-doutoral","status":"publish","type":"page","link":"https:\/\/www.fafich.ufmg.br\/psicogcom\/solicitacao-de-residencia-pos-doutoral\/","title":{"rendered":"Solicita\u00e7\u00e3o de resid\u00eancia p\u00f3s-doutoral"},"content":{"rendered":"\n<p>Para se candidatar \u00e0 Resid\u00eancia P\u00f3s-Doutoral, o interessado dever\u00e1 submeter, ao Colegiado de Curso de P\u00f3s-Gradua\u00e7\u00e3o, a seguinte documenta\u00e7\u00e3o:<\/p>\n\n\n\n<p><strong>I\u00a0<\/strong>\u2013 Requerimento de inscri\u00e7\u00e3o, <a href=\"https:\/\/www.fafich.ufmg.br\/psicogcom\/wp-content\/uploads\/2025\/06\/PROCESSO-TRABALHOS-FINAIS-E-DIPLOMAS_flavia.docx\">no modelo disponibilizado<\/a> pelo Programa de P\u00f3s-Gradua\u00e7\u00e3o;<br><strong>II<\/strong>\u00a0\u2013 C\u00f3pia do diploma de Doutor ou documento que comprove a conclus\u00e3o do Doutorado;<br><strong>III<\/strong>\u00a0\u2013 PDF com plano de trabalho com descri\u00e7\u00e3o de todas as atividades propostas, com anu\u00eancia (assinatura digital) do supervisor indicado, que deve ser docente credenciado junto ao Curso de P\u00f3s-Gradua\u00e7\u00e3o;<br><strong>IV\u00a0<\/strong>\u2013 Curr\u00edculo da Plataforma Lattes do CNPq, ou, no caso de candidato estrangeiro, curr\u00edculo em PDF.<br><strong>V<\/strong>\u2013 C\u00f3pia do CPF e RG; no caso de estrangeiro verificar com o Departamento de Registro e Controle Acad\u00eamico (DRCA) como proceder.<\/p>\n\n\n\n<p>A Resid\u00eancia P\u00f3s-Doutoral ter\u00e1 a dura\u00e7\u00e3o m\u00ednima de 3 (tr\u00eas) meses e m\u00e1xima de 12 (doze) meses.<\/p>\n\n\n\n<p>A crit\u00e9rio do Colegiado do Curso de P\u00f3s-Gradua\u00e7\u00e3o a que est\u00e1 vinculado o residente, a Resid\u00eancia P\u00f3s-Doutoral poder\u00e1 ser renovada por per\u00edodo de at\u00e9 12 (doze) meses. A renova\u00e7\u00e3o da matr\u00edcula na Resid\u00eancia P\u00f3s-Doutoral est\u00e1 condicionada \u00e0 aprova\u00e7\u00e3o, pelo professor supervisor e pelo Colegiado do Curso de P\u00f3s-Gradua\u00e7\u00e3o, do relat\u00f3rio parcial de atividades, bem como do Plano de Trabalho para o novo per\u00edodo solicitado. Caso o relat\u00f3rio final n\u00e3o seja apresentado \u2013 NO SISTEMA- em at\u00e9 60 (sessenta) dias, contados do t\u00e9rmino do per\u00edodo da Resid\u00eancia, o residente P\u00f3s-Doutoral ser\u00e1 exclu\u00eddo do sistema acad\u00eamico, n\u00e3o cabendo a emiss\u00e3o do certificado. Datar relat\u00f3rio e assinar.<\/p>\n\n\n\n<p>Sugest\u00e3o: Coincidir o in\u00edcio das atividades do residente com o do semestre letivo.<\/p>\n\n\n\n<p><a href=\"https:\/\/www2.ufmg.br\/drca\/drca\/Home\/Pos-Graduacao\/Registro-de-Residencia-Pos-Doutoral-RPD\">Resi\u00eancia p\u00f3s-doutoral: Resolu\u00e7\u00e3o n\u00ba. 2\/2017\/PRPG\/UFMG<\/a><\/p>\n\n\n\n<div style=\"height:100px\" aria-hidden=\"true\" class=\"wp-block-spacer\"><\/div>\n\n\n\n<h2 class=\"wp-block-heading has-medium-font-size\">Certificados de <strong>P\u00f3s-Doutoral<\/strong><\/h2>\n\n\n\n<p>30 dias ap\u00f3s o final do Est\u00e1gio P\u00f3s-Doutoral, o residente deve enviar Relat\u00f3rio sucinto e fundamentado sobre as atividades realizadas, acompanhado de sua produ\u00e7\u00e3o intelectual no per\u00edodo; aprovado pelo Orientador\/supervisor.<\/p>\n\n\n\n<p>Ap\u00f3s aprovado o relat\u00f3rio, enviar documenta\u00e7\u00e3o para processo de certificado que dever\u00e1 estar em formato PDF e em ARQUIVO \u00daNICO com os seguintes documentos e nesta ordem:<\/p>\n\n\n\n<p><strong>1)<\/strong>&nbsp;Caso o pedido tenha urg\u00eancia, favor inserir solicita\u00e7\u00e3o com a informa\u00e7\u00e3o URGENTE (anexar justificativa).<br><strong>2)<\/strong>&nbsp;Relat\u00f3rio sucinto e fundamentado sobre as atividades realizadas, acompanhado de sua produ\u00e7\u00e3o intelectual no per\u00edodo; aprovado pelo Orientador\/supervisor e pelo Colegiado.<br><strong>3)<\/strong>&nbsp;C\u00f3pia da carteira de identidade (frente e verso);<br><strong>4)<\/strong>&nbsp;C\u00f3pia da certid\u00e3o de nascimento ou da certid\u00e3o de casamento.<\/p>\n\n\n\n<p>A secretaria ir\u00e1 anexar of\u00edcio modelo de aprova\u00e7\u00e3o da coordena\u00e7\u00e3o do curso solicitando a expedi\u00e7\u00e3o do certificado e confirmar a exclus\u00e3o do aluno no Sistema Acad\u00eamico e lan\u00e7ando o per\u00edodo do est\u00e1gio conforme data de dura\u00e7\u00e3o da Resid\u00eancia aprovada pelo Colegiado (respeitando os limites m\u00ednimos e m\u00e1ximos de dura\u00e7\u00e3o da Resid\u00eancia).<\/p>\n","protected":false},"excerpt":{"rendered":"<p>Para se candidatar \u00e0 Resid\u00eancia P\u00f3s-Doutoral, o interessado dever\u00e1 submeter, ao Colegiado de Curso de P\u00f3s-Gradua\u00e7\u00e3o, a seguinte documenta\u00e7\u00e3o: I\u00a0\u2013 Requerimento de inscri\u00e7\u00e3o, no modelo disponibilizado pelo Programa de P\u00f3s-Gradua\u00e7\u00e3o;II\u00a0\u2013 C\u00f3pia do diploma de Doutor ou documento que comprove a conclus\u00e3o do Doutorado;III\u00a0\u2013 PDF com plano de trabalho com descri\u00e7\u00e3o de todas as atividades propostas, [&hellip;]<\/p>\n","protected":false},"author":2,"featured_media":0,"parent":0,"menu_order":0,"comment_status":"closed","ping_status":"closed","template":"","meta":{"_acf_changed":false,"footnotes":""},"class_list":["post-10286","page","type-page","status-publish","hentry"],"acf":[],"meta_box":[],"_links":{"self":[{"href":"https:\/\/www.fafich.ufmg.br\/psicogcom\/wp-json\/wp\/v2\/pages\/10286","targetHints":{"allow":["GET"]}}],"collection":[{"href":"https:\/\/www.fafich.ufmg.br\/psicogcom\/wp-json\/wp\/v2\/pages"}],"about":[{"href":"https:\/\/www.fafich.ufmg.br\/psicogcom\/wp-json\/wp\/v2\/types\/page"}],"author":[{"embeddable":true,"href":"https:\/\/www.fafich.ufmg.br\/psicogcom\/wp-json\/wp\/v2\/users\/2"}],"replies":[{"embeddable":true,"href":"https:\/\/www.fafich.ufmg.br\/psicogcom\/wp-json\/wp\/v2\/comments?post=10286"}],"version-history":[{"count":4,"href":"https:\/\/www.fafich.ufmg.br\/psicogcom\/wp-json\/wp\/v2\/pages\/10286\/revisions"}],"predecessor-version":[{"id":10762,"href":"https:\/\/www.fafich.ufmg.br\/psicogcom\/wp-json\/wp\/v2\/pages\/10286\/revisions\/10762"}],"wp:attachment":[{"href":"https:\/\/www.fafich.ufmg.br\/psicogcom\/wp-json\/wp\/v2\/media?parent=10286"}],"curies":[{"name":"wp","href":"https:\/\/api.w.org\/{rel}","templated":true}]}}